{"id":20829,"date":"2022-05-24T17:31:46","date_gmt":"2022-05-24T15:31:46","guid":{"rendered":"https:\/\/evupre.com\/?post_type=product&#038;p=20829"},"modified":"2022-11-03T20:11:17","modified_gmt":"2022-11-03T19:11:17","slug":"oerv-fan-merino-shortsleeve-herren","status":"publish","type":"product","link":"https:\/\/evupre.com\/us\/produkt\/oerv-fan-merino-shortsleeve-herren\/","title":{"rendered":"Pro Merino Shortsleeve \u00d6RV Fan Men"},"content":{"rendered":"<div class=\"product-single__description rte\">\n<div class=\"page\" title=\"Page 6\">\n<div class=\"section\">\n<div class=\"layoutArea\">\n<div class=\"column\">\n<h1>Pro Merino Shortsleeve \u00d6RV Fan Men<\/h1>\n<p>Merino-Faser trifft Tech-Stoff: Das Hybrid Kurzarm-Shirt passt f\u00fcr alle Situationen rund um das Rudergeschehen. Die Freizeituniform f\u00fcr den sportlich-stylischen Ruderer. Angenehm zu tragen, und der Anblick ist einfach cool!<\/p>\n<h2>Eigenschaften und Details<\/h2>\n<p>W\u00e4rmt bei K\u00e4lte, k\u00fchlt bei Hitze: Merino Wolle ist die perfekte Outdoor-Faser. Eine Kombination von 41 % Scotland Merino, 51 % Polyester und 8 % Elasthan macht das Shirt zum Allesk\u00f6nner.<\/p>\n<p>K\u00fchlend: Die Feuchtigkeit wird vom K\u00f6rper weggeleitet, von der Wolle aufgenommen und dort eingelagert. So entsteht die gew\u00fcnschte Verdunstungsk\u00e4lte, denn die warme Umgebungsluft sorgt f\u00fcr eine schnelle Trocknung der Wolle. Da Wolle auch hier ihre isolierende Eigenschaft hat, kommt uns dies zus\u00e4tzlich zugute.<\/p>\n<p>W\u00e4rmend: Im Training bringt dein K\u00f6rper die Luft auf Temperaturen, die Luft bleibt in den W\u00e4rmekammern und geht nicht nach au\u00dfen verloren.<\/p>\n<p>Auch beim Pro Merino Shortsleeve \u00d6RV Fan Men ist das R\u00fcckenteil um drei Zentimeter l\u00e4nger geschnitten, um den unteren R\u00fccken auch in gestreckter Auslageposition zu sch\u00fctzen. Sch\u00f6ne Raglan\u00e4rmel runden die flotte Optik ab.<\/p>\n<h2>Design<\/h2>\n<p>Vermutlich das sch\u00f6nste Rot, das jemals bei einer \u00d6sterreichischen Nationalteam Kollektion getragen wurde: Washed-Out Red, ein spezielles Weinrot \u2013 oder rauchiges Pink, melangiert \u2013 denn die Wollfasern sorgen f\u00fcr einen nat\u00fcrlichen Retro-Look. Schwer zu beschreiben, man muss es einfach sehen und tragen, und ist sofort verliebt.<\/p>\n<p>Die Pro Kollektion \u00d6RV Fan haben wir gemeinsam mit den Kaderathlet:innen Magdalena Lobnig und Rudolf Querfeld entwickelt: Das Design der Nationalteams f\u00fcr die Olympischen Spiele bei Paris 2024 findet sich in der \u00d6RV Fan Kollektion wieder. Berge und Wellen verweisen auf ein modernes, farbenfrohes \u00d6sterreich. Und das zackige Bergmuster spiegelt in der Fankollektion in Form von Graphic Shapes unsere wunderbaren Alpenwelten. Insofern ist jeder Fan ein Teil des Olympia-Projekts des \u00d6sterreichischen Ruderverbands!<\/p>\n<h2>Passform<\/h2>\n<p>True Regular Fit, das Shirt sitzt locker, f\u00e4llt im Vergleich zum Pro Shortsleeve und Pro Longsleeve eine Spur gr\u00f6\u00dfer aus. Model Alexander misst 180 cm und tr\u00e4gt Gr\u00f6\u00dfe M.<\/p>\n<p>Bist du stark im Zweifel, welche Gr\u00f6\u00dfe f\u00fcr dich passt? Schick uns ein E-Mail an <a href=\"mailto:shop@evupre.com\">shop@evupre.com<\/a>, wir geben dir gerne eine pers\u00f6nliche Beratung. Unsere Erfahrung hat gezeigt, dass wir gemeinsam die perfekte Gr\u00f6\u00dfe f\u00fcr dich finden. Au\u00dferdem erf\u00e4hrst du so noch viel mehr \u00fcber die EVUPRE Produkte.<\/p>\n<h2>Das passende Outfit<\/h2>\n<p>In allen m\u00f6glichen Kombinationen ist das Pro Merino Shortsleeve das ideale Regatta-Outfit, um Flagge zu zeigen. Vergiss die <a href=\"https:\/\/evupre.com\/produkt\/speed-socks\/\">Speed Socks<\/a> nicht<\/p>\n<h2>Weitere Links<\/h2>\n<p>F\u00fcr ausf\u00fchrlichere Fotos und Berichte zu unserem Pro Merino Shortsleeve \u00d6RV Fan Men sowie f\u00fcr weitere Sch\u00e4tze aus unserer EVUPRE Ruderkollektion empfehlen wir unsere <a href=\"https:\/\/www.instagram.com\/evupre_performance_rowing\/\">Instagram<\/a> oder <a href=\"https:\/\/www.facebook.com\/evupre\">Facebook<\/a> Seiten. In der Schweiz und Deutschland sind wir bei <a href=\"https:\/\/www.4row.com\/de\/ch\/\">4row<\/a>, in den Niederlanden bei <a href=\"https:\/\/www.eurow.eu\/de\/ruder-bekleidung\/ruder-handschuhe.html\">EUROW<\/a>, in Skandinavien durch <a href=\"https:\/\/all4rowing.com\">All4Rowing<\/a> und\u00a0<a href=\"https:\/\/www.rowgeneration.se\/\">ROW Generation <\/a>und in Gro\u00dfbritannien bei\u00a0<a href=\"https:\/\/www.fwd2row.co.uk\/\">FWD2Row<\/a>\u00a0vertreten.<\/p>\n<\/div>\n<\/div>\n<\/div>\n<\/div>\n<\/div>\n","protected":false},"excerpt":{"rendered":"<ul>\n<li>Merino-Tech Kombination (130g\/m2) aus 51 % Polyester, 41 % Scotland Merino und 8 % Elasthan<\/li>\n<li>Thermoregulation<\/li>\n<li>Geruchsneutral<\/li>\n<li>Raglan-\u00c4rmel<\/li>\n<li>Flachna\u0308hte<\/li>\n<li>True Regular Fit<\/li>\n<\/ul>\n","protected":false},"featured_media":21829,"comment_status":"open","ping_status":"closed","template":"","meta":{"_acf_changed":false},"product_brand":[],"product_cat":[1342],"product_tag":[1507,1508],"class_list":{"0":"post-20829","1":"product","2":"type-product","3":"status-publish","4":"has-post-thumbnail","6":"product_cat-damen","7":"product_tag-men-us","8":"product_tag-oerv-fan-us","9":"tm-no-options","11":"first","12":"outofstock","13":"taxable","14":"shipping-taxable","15":"purchasable","16":"product-type-variable","17":"wpzoom-wc-spi-has-enabled"},"supplier_id":null,"supplier_sku":"","barcode":null,"atum_controlled":true,"out_stock_date":null,"out_stock_threshold":null,"inheritable":true,"inbound_stock":null,"stock_on_hold":0,"sold_today":0,"sales_last_days":0,"reserved_stock":null,"customer_returns":null,"warehouse_damage":null,"lost_in_post":null,"other_logs":null,"out_stock_days":0,"lost_sales":0,"has_location":false,"update_date":"2026-02-28T09:20:32","atum_locations":[],"atum_stock_status":"outofstock","restock_status":false,"low_stock_amount":"","sales_update_date":"2026-02-28T09:20:32","calc_backorders":null,"mi_inventories":[],"multi_inventory":"no","inventory_sorting_mode":"global","inventory_iteration":"global","expirable_inventories":"global","price_per_inventory":"global","show_write_off_inventories":"global","selectable_inventories":"global","selectable_inventories_mode":"global","acf":[],"yoast_head":"<!-- This site is optimized with the Yoast SEO Premium plugin v23.0 (Yoast SEO v26.6) - https:\/\/yoast.com\/wordpress\/plugins\/seo\/ -->\n<title>Pro Merino Shortsleeve \u00d6RV Fan Men - EVUPRE<\/title>\n<meta name=\"description\" content=\"Merino Shortsleeve f\u00fcr Ruderer \u25ba Merino-Faser f\u00fcr optimale Thermoregulation, leuchtendes Design und Bewegungsfreiheit durch Raglan\u00e4rmel\" \/>\n<meta name=\"robots\" content=\"index, follow, max-snippet:-1, max-image-preview:large, max-video-preview:-1\" \/>\n<link rel=\"canonical\" href=\"https:\/\/evupre.com\/us\/produkt\/oerv-fan-merino-shortsleeve-herren\/\" \/>\n<meta property=\"og:locale\" content=\"en_US\" \/>\n<meta property=\"og:type\" content=\"article\" \/>\n<meta property=\"og:title\" content=\"Pro Merino Shortsleeve \u00d6RV Fan Men\" \/>\n<meta property=\"og:description\" content=\"Merino Shortsleeve f\u00fcr Ruderer \u25ba Merino-Faser f\u00fcr optimale Thermoregulation, leuchtendes Design und Bewegungsfreiheit durch Raglan\u00e4rmel\" \/>\n<meta property=\"og:url\" content=\"https:\/\/evupre.com\/us\/produkt\/oerv-fan-merino-shortsleeve-herren\/\" \/>\n<meta property=\"og:site_name\" content=\"EVUPRE\" \/>\n<meta property=\"article:publisher\" content=\"https:\/\/www.facebook.com\/evupre\/\" \/>\n<meta property=\"article:modified_time\" content=\"2022-11-03T19:11:17+00:00\" \/>\n<meta property=\"og:image\" content=\"https:\/\/evupre.com\/wp-content\/uploads\/2022\/05\/OeRV50-scaled.jpg\" \/>\n\t<meta property=\"og:image:width\" content=\"2560\" \/>\n\t<meta property=\"og:image:height\" content=\"2560\" \/>\n\t<meta property=\"og:image:type\" content=\"image\/jpeg\" \/>\n<meta name=\"twitter:card\" content=\"summary_large_image\" \/>\n<meta name=\"twitter:label1\" content=\"Availability\" \/>\n\t<meta name=\"twitter:data1\" content=\"Out of stock\" \/>\n<script type=\"application\/ld+json\" class=\"yoast-schema-graph\">{\"@context\":\"https:\/\/schema.org\",\"@graph\":[{\"@type\":\"WebPage\",\"@id\":\"https:\/\/evupre.com\/us\/produkt\/oerv-fan-merino-shortsleeve-herren\/\",\"url\":\"https:\/\/evupre.com\/us\/produkt\/oerv-fan-merino-shortsleeve-herren\/\",\"name\":\"Pro Merino Shortsleeve \u00d6RV Fan Men - EVUPRE\",\"isPartOf\":{\"@id\":\"https:\/\/evupre.com\/us\/#website\"},\"primaryImageOfPage\":{\"@id\":\"https:\/\/evupre.com\/us\/produkt\/oerv-fan-merino-shortsleeve-herren\/#primaryimage\"},\"image\":{\"@id\":\"https:\/\/evupre.com\/us\/produkt\/oerv-fan-merino-shortsleeve-herren\/#primaryimage\"},\"thumbnailUrl\":\"https:\/\/evupre.com\/wp-content\/uploads\/2022\/05\/OeRV50-scaled.jpg\",\"datePublished\":\"2022-05-24T15:31:46+00:00\",\"dateModified\":\"2022-11-03T19:11:17+00:00\",\"description\":\"Merino Shortsleeve f\u00fcr Ruderer \u25ba Merino-Faser f\u00fcr optimale Thermoregulation, leuchtendes Design und Bewegungsfreiheit durch Raglan\u00e4rmel\",\"breadcrumb\":{\"@id\":\"https:\/\/evupre.com\/us\/produkt\/oerv-fan-merino-shortsleeve-herren\/#breadcrumb\"},\"inLanguage\":\"en-US\",\"potentialAction\":[{\"@type\":\"ReadAction\",\"target\":[\"https:\/\/evupre.com\/us\/produkt\/oerv-fan-merino-shortsleeve-herren\/\"]}]},{\"@type\":\"ImageObject\",\"inLanguage\":\"en-US\",\"@id\":\"https:\/\/evupre.com\/us\/produkt\/oerv-fan-merino-shortsleeve-herren\/#primaryimage\",\"url\":\"https:\/\/evupre.com\/wp-content\/uploads\/2022\/05\/OeRV50-scaled.jpg\",\"contentUrl\":\"https:\/\/evupre.com\/wp-content\/uploads\/2022\/05\/OeRV50-scaled.jpg\",\"width\":2560,\"height\":2560},{\"@type\":\"BreadcrumbList\",\"@id\":\"https:\/\/evupre.com\/us\/produkt\/oerv-fan-merino-shortsleeve-herren\/#breadcrumb\",\"itemListElement\":[{\"@type\":\"ListItem\",\"position\":1,\"name\":\"Home\",\"item\":\"https:\/\/evupre.com\/us\/home-3\/\"},{\"@type\":\"ListItem\",\"position\":2,\"name\":\"Pro Merino Shortsleeve \u00d6RV Fan Men\"}]},{\"@type\":\"WebSite\",\"@id\":\"https:\/\/evupre.com\/us\/#website\",\"url\":\"https:\/\/evupre.com\/us\/\",\"name\":\"EVUPRE\",\"description\":\"\",\"publisher\":{\"@id\":\"https:\/\/evupre.com\/us\/#organization\"},\"potentialAction\":[{\"@type\":\"SearchAction\",\"target\":{\"@type\":\"EntryPoint\",\"urlTemplate\":\"https:\/\/evupre.com\/us\/?s={search_term_string}\"},\"query-input\":{\"@type\":\"PropertyValueSpecification\",\"valueRequired\":true,\"valueName\":\"search_term_string\"}}],\"inLanguage\":\"en-US\"},{\"@type\":\"Organization\",\"@id\":\"https:\/\/evupre.com\/us\/#organization\",\"name\":\"EVUPRE\",\"url\":\"https:\/\/evupre.com\/us\/\",\"logo\":{\"@type\":\"ImageObject\",\"inLanguage\":\"en-US\",\"@id\":\"https:\/\/evupre.com\/us\/#\/schema\/logo\/image\/\",\"url\":\"https:\/\/evupre.com\/wp-content\/uploads\/2020\/04\/Evupre-1.png\",\"contentUrl\":\"https:\/\/evupre.com\/wp-content\/uploads\/2020\/04\/Evupre-1.png\",\"width\":300,\"height\":39,\"caption\":\"EVUPRE\"},\"image\":{\"@id\":\"https:\/\/evupre.com\/us\/#\/schema\/logo\/image\/\"},\"sameAs\":[\"https:\/\/www.facebook.com\/evupre\/\",\"https:\/\/www.instagram.com\/evupre_performance_rowing\/\"]}]}<\/script>\n<meta property=\"og:availability\" content=\"out of stock\" \/>\n<meta property=\"product:availability\" content=\"out of stock\" \/>\n<meta property=\"product:condition\" content=\"new\" \/>\n<!-- \/ Yoast SEO Premium plugin. -->","yoast_head_json":{"title":"Pro Merino Shortsleeve \u00d6RV Fan Men - EVUPRE","description":"Merino Shortsleeve f\u00fcr Ruderer \u25ba Merino-Faser f\u00fcr optimale Thermoregulation, leuchtendes Design und Bewegungsfreiheit durch Raglan\u00e4rmel","robots":{"index":"index","follow":"follow","max-snippet":"max-snippet:-1","max-image-preview":"max-image-preview:large","max-video-preview":"max-video-preview:-1"},"canonical":"https:\/\/evupre.com\/us\/produkt\/oerv-fan-merino-shortsleeve-herren\/","og_locale":"en_US","og_type":"article","og_title":"Pro Merino Shortsleeve \u00d6RV Fan Men","og_description":"Merino Shortsleeve f\u00fcr Ruderer \u25ba Merino-Faser f\u00fcr optimale Thermoregulation, leuchtendes Design und Bewegungsfreiheit durch Raglan\u00e4rmel","og_url":"https:\/\/evupre.com\/us\/produkt\/oerv-fan-merino-shortsleeve-herren\/","og_site_name":"EVUPRE","article_publisher":"https:\/\/www.facebook.com\/evupre\/","article_modified_time":"2022-11-03T19:11:17+00:00","og_image":[{"width":2560,"height":2560,"url":"https:\/\/evupre.com\/wp-content\/uploads\/2022\/05\/OeRV50-scaled.jpg","type":"image\/jpeg"}],"twitter_card":"summary_large_image","twitter_misc":{"Availability":"Out of stock"},"schema":{"@context":"https:\/\/schema.org","@graph":[{"@type":"WebPage","@id":"https:\/\/evupre.com\/us\/produkt\/oerv-fan-merino-shortsleeve-herren\/","url":"https:\/\/evupre.com\/us\/produkt\/oerv-fan-merino-shortsleeve-herren\/","name":"Pro Merino Shortsleeve \u00d6RV Fan Men - EVUPRE","isPartOf":{"@id":"https:\/\/evupre.com\/us\/#website"},"primaryImageOfPage":{"@id":"https:\/\/evupre.com\/us\/produkt\/oerv-fan-merino-shortsleeve-herren\/#primaryimage"},"image":{"@id":"https:\/\/evupre.com\/us\/produkt\/oerv-fan-merino-shortsleeve-herren\/#primaryimage"},"thumbnailUrl":"https:\/\/evupre.com\/wp-content\/uploads\/2022\/05\/OeRV50-scaled.jpg","datePublished":"2022-05-24T15:31:46+00:00","dateModified":"2022-11-03T19:11:17+00:00","description":"Merino Shortsleeve f\u00fcr Ruderer \u25ba Merino-Faser f\u00fcr optimale Thermoregulation, leuchtendes Design und Bewegungsfreiheit durch Raglan\u00e4rmel","breadcrumb":{"@id":"https:\/\/evupre.com\/us\/produkt\/oerv-fan-merino-shortsleeve-herren\/#breadcrumb"},"inLanguage":"en-US","potentialAction":[{"@type":"ReadAction","target":["https:\/\/evupre.com\/us\/produkt\/oerv-fan-merino-shortsleeve-herren\/"]}]},{"@type":"ImageObject","inLanguage":"en-US","@id":"https:\/\/evupre.com\/us\/produkt\/oerv-fan-merino-shortsleeve-herren\/#primaryimage","url":"https:\/\/evupre.com\/wp-content\/uploads\/2022\/05\/OeRV50-scaled.jpg","contentUrl":"https:\/\/evupre.com\/wp-content\/uploads\/2022\/05\/OeRV50-scaled.jpg","width":2560,"height":2560},{"@type":"BreadcrumbList","@id":"https:\/\/evupre.com\/us\/produkt\/oerv-fan-merino-shortsleeve-herren\/#breadcrumb","itemListElement":[{"@type":"ListItem","position":1,"name":"Home","item":"https:\/\/evupre.com\/us\/home-3\/"},{"@type":"ListItem","position":2,"name":"Pro Merino Shortsleeve \u00d6RV Fan Men"}]},{"@type":"WebSite","@id":"https:\/\/evupre.com\/us\/#website","url":"https:\/\/evupre.com\/us\/","name":"EVUPRE","description":"","publisher":{"@id":"https:\/\/evupre.com\/us\/#organization"},"potentialAction":[{"@type":"SearchAction","target":{"@type":"EntryPoint","urlTemplate":"https:\/\/evupre.com\/us\/?s={search_term_string}"},"query-input":{"@type":"PropertyValueSpecification","valueRequired":true,"valueName":"search_term_string"}}],"inLanguage":"en-US"},{"@type":"Organization","@id":"https:\/\/evupre.com\/us\/#organization","name":"EVUPRE","url":"https:\/\/evupre.com\/us\/","logo":{"@type":"ImageObject","inLanguage":"en-US","@id":"https:\/\/evupre.com\/us\/#\/schema\/logo\/image\/","url":"https:\/\/evupre.com\/wp-content\/uploads\/2020\/04\/Evupre-1.png","contentUrl":"https:\/\/evupre.com\/wp-content\/uploads\/2020\/04\/Evupre-1.png","width":300,"height":39,"caption":"EVUPRE"},"image":{"@id":"https:\/\/evupre.com\/us\/#\/schema\/logo\/image\/"},"sameAs":["https:\/\/www.facebook.com\/evupre\/","https:\/\/www.instagram.com\/evupre_performance_rowing\/"]}]},"og_availability":"out of stock","product_availability":"out of stock","product_condition":"new"},"_links":{"self":[{"href":"https:\/\/evupre.com\/us\/wp-json\/wp\/v2\/product\/20829","targetHints":{"allow":["GET"]}}],"collection":[{"href":"https:\/\/evupre.com\/us\/wp-json\/wp\/v2\/product"}],"about":[{"href":"https:\/\/evupre.com\/us\/wp-json\/wp\/v2\/types\/product"}],"replies":[{"embeddable":true,"href":"https:\/\/evupre.com\/us\/wp-json\/wp\/v2\/comments?post=20829"}],"wp:featuredmedia":[{"embeddable":true,"href":"https:\/\/evupre.com\/us\/wp-json\/wp\/v2\/media\/21829"}],"wp:attachment":[{"href":"https:\/\/evupre.com\/us\/wp-json\/wp\/v2\/media?parent=20829"}],"wp:term":[{"taxonomy":"product_brand","embeddable":true,"href":"https:\/\/evupre.com\/us\/wp-json\/wp\/v2\/product_brand?post=20829"},{"taxonomy":"product_cat","embeddable":true,"href":"https:\/\/evupre.com\/us\/wp-json\/wp\/v2\/product_cat?post=20829"},{"taxonomy":"product_tag","embeddable":true,"href":"https:\/\/evupre.com\/us\/wp-json\/wp\/v2\/product_tag?post=20829"}],"curies":[{"name":"wp","href":"https:\/\/api.w.org\/{rel}","templated":true}]}}