{"id":179031,"date":"2026-04-09T10:52:16","date_gmt":"2026-04-09T08:52:16","guid":{"rendered":"https:\/\/evupre.com\/?post_type=product&#038;p=179031"},"modified":"2026-04-09T12:32:11","modified_gmt":"2026-04-09T10:32:11","slug":"erg-endurance-series-longsleeve-weiss","status":"publish","type":"product","link":"https:\/\/evupre.com\/us\/produkt\/erg-endurance-series-longsleeve-weiss\/","title":{"rendered":"Erg Endurance Series Longsleeve Wei\u00df"},"content":{"rendered":"<div class=\"wpb-content-wrapper\">[vc_row][vc_column][vc_column_text text_lead=&#8221;small&#8221; uncode_shortcode_id=&#8221;156067&#8243;]Mit dem Erg Endurance Series Longsleeve aus 100 % Baumwolle kannst du deine Begeisterung f\u00fcr schwei\u00dftreibende Einheiten am Ruderergometer mit in den Alltag nehmen. Die Set-In \u00c4rmel mit B\u00fcndchen und der oversized Schnitt sorgen f\u00fcr einen l\u00e4ssigen Look. Entstanden ist dieser Artikel in Zusammenarbeit mit der virtuellen Rennserie <a href=\"https:\/\/www.ergseries.com\/\" target=\"_blank\" rel=\"noopener\">Erg Series.<\/a>[\/vc_column_text][\/vc_column][\/vc_row]\n<\/div>","protected":false},"excerpt":{"rendered":"<ul>\n<li>100 % Baumwolle<\/li>\n<li>Set-in \u00c4rmel mit B\u00fcndchen<\/li>\n<li>Regular Fit<\/li>\n<li>Unisex Schnitt, Damen empfehlen wir eine Gr\u00f6\u00dfe kleiner zu bestellen<\/li>\n<\/ul>\n<p>Dieser Artikel wird erst nach Bestellung produziert, die Lieferzeit betr\u00e4gt daher ca. 4 Wochen.<\/p>\n","protected":false},"featured_media":179041,"comment_status":"open","ping_status":"closed","template":"","meta":{"_acf_changed":false},"product_brand":[],"product_cat":[288,1868,1872,1342,1880,1939],"product_tag":[2078],"class_list":{"0":"post-179031","1":"product","2":"type-product","3":"status-publish","4":"has-post-thumbnail","6":"product_cat-herren","7":"product_cat-oberteile-herren","8":"product_cat-kollektionen-herren","9":"product_cat-damen","10":"product_cat-kollektionen-damen","11":"product_cat-oberteile-damen","12":"product_tag-erg-series","13":"pa_style-men","14":"pa_style-unisex","15":"pa_style-women","16":"tm-has-options","18":"first","19":"instock","20":"featured","21":"taxable","22":"shipping-taxable","23":"purchasable","24":"product-type-simple","25":"wpzoom-wc-spi-has-enabled"},"supplier_id":null,"supplier_sku":"","barcode":null,"atum_controlled":true,"out_stock_date":null,"out_stock_threshold":null,"inheritable":false,"inbound_stock":0,"stock_on_hold":0,"sold_today":0,"sales_last_days":0,"reserved_stock":0,"customer_returns":0,"warehouse_damage":0,"lost_in_post":0,"other_logs":0,"out_stock_days":0,"lost_sales":0,"has_location":false,"update_date":"2026-04-09T11:00:17","atum_locations":[],"atum_stock_status":"instock","restock_status":false,"low_stock_amount":"","sales_update_date":"2026-04-09T09:48:13","calc_backorders":null,"mi_inventories":[],"multi_inventory":"no","inventory_sorting_mode":"global","inventory_iteration":"global","expirable_inventories":"global","price_per_inventory":"global","show_write_off_inventories":"global","selectable_inventories":"global","selectable_inventories_mode":"global","acf":[],"yoast_head":"<!-- This site is optimized with the Yoast SEO Premium plugin v23.0 (Yoast SEO v26.6) - https:\/\/yoast.com\/wordpress\/plugins\/seo\/ -->\n<title>Erg Endurance Series Longsleeve Wei\u00df - EVUPRE<\/title>\n<meta name=\"description\" content=\"Erg Endurance Series Longsleeve \u25ba Langarm Shirt aus Baumwolle. L\u00e4ssige Passform mit B\u00fcndchen.\" \/>\n<meta name=\"robots\" content=\"index, follow, max-snippet:-1, max-image-preview:large, max-video-preview:-1\" \/>\n<link rel=\"canonical\" href=\"https:\/\/evupre.com\/us\/produkt\/erg-endurance-series-longsleeve-weiss\/\" \/>\n<meta property=\"og:locale\" content=\"en_US\" \/>\n<meta property=\"og:type\" content=\"article\" \/>\n<meta property=\"og:title\" content=\"Erg Endurance Series Longsleeve Wei\u00df\" \/>\n<meta property=\"og:description\" content=\"Erg Endurance Series Longsleeve \u25ba Langarm Shirt aus Baumwolle. L\u00e4ssige Passform mit B\u00fcndchen.\" \/>\n<meta property=\"og:url\" content=\"https:\/\/evupre.com\/us\/produkt\/erg-endurance-series-longsleeve-weiss\/\" \/>\n<meta property=\"og:site_name\" content=\"EVUPRE\" \/>\n<meta property=\"article:publisher\" content=\"https:\/\/www.facebook.com\/evupre\/\" \/>\n<meta property=\"article:modified_time\" content=\"2026-04-09T10:32:11+00:00\" \/>\n<meta property=\"og:image\" content=\"https:\/\/evupre.com\/wp-content\/uploads\/2026\/04\/EVUPRE-ERG_Endurance-Sweater-20260311-front-white.png\" \/>\n\t<meta property=\"og:image:width\" content=\"1080\" \/>\n\t<meta property=\"og:image:height\" content=\"1080\" \/>\n\t<meta property=\"og:image:type\" content=\"image\/png\" \/>\n<meta name=\"twitter:card\" content=\"summary_large_image\" \/>\n<meta name=\"twitter:label1\" content=\"Price\" \/>\n\t<meta name=\"twitter:data1\" content=\"&#036;58.80\" \/>\n\t<meta name=\"twitter:label2\" content=\"Availability\" \/>\n\t<meta name=\"twitter:data2\" content=\"In stock\" \/>\n<script type=\"application\/ld+json\" class=\"yoast-schema-graph\">{\"@context\":\"https:\/\/schema.org\",\"@graph\":[{\"@type\":\"WebPage\",\"@id\":\"https:\/\/evupre.com\/us\/produkt\/erg-endurance-series-longsleeve-weiss\/\",\"url\":\"https:\/\/evupre.com\/us\/produkt\/erg-endurance-series-longsleeve-weiss\/\",\"name\":\"Erg Endurance Series Longsleeve Wei\u00df - EVUPRE\",\"isPartOf\":{\"@id\":\"https:\/\/evupre.com\/us\/#website\"},\"primaryImageOfPage\":{\"@id\":\"https:\/\/evupre.com\/us\/produkt\/erg-endurance-series-longsleeve-weiss\/#primaryimage\"},\"image\":{\"@id\":\"https:\/\/evupre.com\/us\/produkt\/erg-endurance-series-longsleeve-weiss\/#primaryimage\"},\"thumbnailUrl\":\"https:\/\/evupre.com\/wp-content\/uploads\/2026\/04\/EVUPRE-ERG_Endurance-Sweater-20260311-front-white.png\",\"datePublished\":\"2026-04-09T08:52:16+00:00\",\"dateModified\":\"2026-04-09T10:32:11+00:00\",\"description\":\"Erg Endurance Series Longsleeve \u25ba Langarm Shirt aus Baumwolle. L\u00e4ssige Passform mit B\u00fcndchen.\",\"breadcrumb\":{\"@id\":\"https:\/\/evupre.com\/us\/produkt\/erg-endurance-series-longsleeve-weiss\/#breadcrumb\"},\"inLanguage\":\"en-US\",\"potentialAction\":[{\"@type\":\"ReadAction\",\"target\":[\"https:\/\/evupre.com\/us\/produkt\/erg-endurance-series-longsleeve-weiss\/\"]}]},{\"@type\":\"ImageObject\",\"inLanguage\":\"en-US\",\"@id\":\"https:\/\/evupre.com\/us\/produkt\/erg-endurance-series-longsleeve-weiss\/#primaryimage\",\"url\":\"https:\/\/evupre.com\/wp-content\/uploads\/2026\/04\/EVUPRE-ERG_Endurance-Sweater-20260311-front-white.png\",\"contentUrl\":\"https:\/\/evupre.com\/wp-content\/uploads\/2026\/04\/EVUPRE-ERG_Endurance-Sweater-20260311-front-white.png\",\"width\":1080,\"height\":1080},{\"@type\":\"BreadcrumbList\",\"@id\":\"https:\/\/evupre.com\/us\/produkt\/erg-endurance-series-longsleeve-weiss\/#breadcrumb\",\"itemListElement\":[{\"@type\":\"ListItem\",\"position\":1,\"name\":\"Home\",\"item\":\"https:\/\/evupre.com\/us\/home-3\/\"},{\"@type\":\"ListItem\",\"position\":2,\"name\":\"Erg Endurance Series Longsleeve Wei\u00df\"}]},{\"@type\":\"WebSite\",\"@id\":\"https:\/\/evupre.com\/us\/#website\",\"url\":\"https:\/\/evupre.com\/us\/\",\"name\":\"EVUPRE\",\"description\":\"\",\"publisher\":{\"@id\":\"https:\/\/evupre.com\/us\/#organization\"},\"potentialAction\":[{\"@type\":\"SearchAction\",\"target\":{\"@type\":\"EntryPoint\",\"urlTemplate\":\"https:\/\/evupre.com\/us\/?s={search_term_string}\"},\"query-input\":{\"@type\":\"PropertyValueSpecification\",\"valueRequired\":true,\"valueName\":\"search_term_string\"}}],\"inLanguage\":\"en-US\"},{\"@type\":\"Organization\",\"@id\":\"https:\/\/evupre.com\/us\/#organization\",\"name\":\"EVUPRE\",\"url\":\"https:\/\/evupre.com\/us\/\",\"logo\":{\"@type\":\"ImageObject\",\"inLanguage\":\"en-US\",\"@id\":\"https:\/\/evupre.com\/us\/#\/schema\/logo\/image\/\",\"url\":\"https:\/\/evupre.com\/wp-content\/uploads\/2020\/04\/Evupre-1.png\",\"contentUrl\":\"https:\/\/evupre.com\/wp-content\/uploads\/2020\/04\/Evupre-1.png\",\"width\":300,\"height\":39,\"caption\":\"EVUPRE\"},\"image\":{\"@id\":\"https:\/\/evupre.com\/us\/#\/schema\/logo\/image\/\"},\"sameAs\":[\"https:\/\/www.facebook.com\/evupre\/\",\"https:\/\/www.instagram.com\/evupre_performance_rowing\/\"]}]}<\/script>\n<meta property=\"product:price:amount\" content=\"58.80\" \/>\n<meta property=\"product:price:currency\" content=\"USD\" \/>\n<meta property=\"og:availability\" content=\"instock\" \/>\n<meta property=\"product:availability\" content=\"instock\" \/>\n<meta property=\"product:condition\" content=\"new\" \/>\n<!-- \/ Yoast SEO Premium plugin. -->","yoast_head_json":{"title":"Erg Endurance Series Longsleeve Wei\u00df - EVUPRE","description":"Erg Endurance Series Longsleeve \u25ba Langarm Shirt aus Baumwolle. L\u00e4ssige Passform mit B\u00fcndchen.","robots":{"index":"index","follow":"follow","max-snippet":"max-snippet:-1","max-image-preview":"max-image-preview:large","max-video-preview":"max-video-preview:-1"},"canonical":"https:\/\/evupre.com\/us\/produkt\/erg-endurance-series-longsleeve-weiss\/","og_locale":"en_US","og_type":"article","og_title":"Erg Endurance Series Longsleeve Wei\u00df","og_description":"Erg Endurance Series Longsleeve \u25ba Langarm Shirt aus Baumwolle. L\u00e4ssige Passform mit B\u00fcndchen.","og_url":"https:\/\/evupre.com\/us\/produkt\/erg-endurance-series-longsleeve-weiss\/","og_site_name":"EVUPRE","article_publisher":"https:\/\/www.facebook.com\/evupre\/","article_modified_time":"2026-04-09T10:32:11+00:00","og_image":[{"width":1080,"height":1080,"url":"https:\/\/evupre.com\/wp-content\/uploads\/2026\/04\/EVUPRE-ERG_Endurance-Sweater-20260311-front-white.png","type":"image\/png"}],"twitter_card":"summary_large_image","twitter_misc":{"Price":"&#36;58.80","Availability":"In stock"},"schema":{"@context":"https:\/\/schema.org","@graph":[{"@type":"WebPage","@id":"https:\/\/evupre.com\/us\/produkt\/erg-endurance-series-longsleeve-weiss\/","url":"https:\/\/evupre.com\/us\/produkt\/erg-endurance-series-longsleeve-weiss\/","name":"Erg Endurance Series Longsleeve Wei\u00df - EVUPRE","isPartOf":{"@id":"https:\/\/evupre.com\/us\/#website"},"primaryImageOfPage":{"@id":"https:\/\/evupre.com\/us\/produkt\/erg-endurance-series-longsleeve-weiss\/#primaryimage"},"image":{"@id":"https:\/\/evupre.com\/us\/produkt\/erg-endurance-series-longsleeve-weiss\/#primaryimage"},"thumbnailUrl":"https:\/\/evupre.com\/wp-content\/uploads\/2026\/04\/EVUPRE-ERG_Endurance-Sweater-20260311-front-white.png","datePublished":"2026-04-09T08:52:16+00:00","dateModified":"2026-04-09T10:32:11+00:00","description":"Erg Endurance Series Longsleeve \u25ba Langarm Shirt aus Baumwolle. L\u00e4ssige Passform mit B\u00fcndchen.","breadcrumb":{"@id":"https:\/\/evupre.com\/us\/produkt\/erg-endurance-series-longsleeve-weiss\/#breadcrumb"},"inLanguage":"en-US","potentialAction":[{"@type":"ReadAction","target":["https:\/\/evupre.com\/us\/produkt\/erg-endurance-series-longsleeve-weiss\/"]}]},{"@type":"ImageObject","inLanguage":"en-US","@id":"https:\/\/evupre.com\/us\/produkt\/erg-endurance-series-longsleeve-weiss\/#primaryimage","url":"https:\/\/evupre.com\/wp-content\/uploads\/2026\/04\/EVUPRE-ERG_Endurance-Sweater-20260311-front-white.png","contentUrl":"https:\/\/evupre.com\/wp-content\/uploads\/2026\/04\/EVUPRE-ERG_Endurance-Sweater-20260311-front-white.png","width":1080,"height":1080},{"@type":"BreadcrumbList","@id":"https:\/\/evupre.com\/us\/produkt\/erg-endurance-series-longsleeve-weiss\/#breadcrumb","itemListElement":[{"@type":"ListItem","position":1,"name":"Home","item":"https:\/\/evupre.com\/us\/home-3\/"},{"@type":"ListItem","position":2,"name":"Erg Endurance Series Longsleeve Wei\u00df"}]},{"@type":"WebSite","@id":"https:\/\/evupre.com\/us\/#website","url":"https:\/\/evupre.com\/us\/","name":"EVUPRE","description":"","publisher":{"@id":"https:\/\/evupre.com\/us\/#organization"},"potentialAction":[{"@type":"SearchAction","target":{"@type":"EntryPoint","urlTemplate":"https:\/\/evupre.com\/us\/?s={search_term_string}"},"query-input":{"@type":"PropertyValueSpecification","valueRequired":true,"valueName":"search_term_string"}}],"inLanguage":"en-US"},{"@type":"Organization","@id":"https:\/\/evupre.com\/us\/#organization","name":"EVUPRE","url":"https:\/\/evupre.com\/us\/","logo":{"@type":"ImageObject","inLanguage":"en-US","@id":"https:\/\/evupre.com\/us\/#\/schema\/logo\/image\/","url":"https:\/\/evupre.com\/wp-content\/uploads\/2020\/04\/Evupre-1.png","contentUrl":"https:\/\/evupre.com\/wp-content\/uploads\/2020\/04\/Evupre-1.png","width":300,"height":39,"caption":"EVUPRE"},"image":{"@id":"https:\/\/evupre.com\/us\/#\/schema\/logo\/image\/"},"sameAs":["https:\/\/www.facebook.com\/evupre\/","https:\/\/www.instagram.com\/evupre_performance_rowing\/"]}]},"product_price_amount":"58.80","product_price_currency":"USD","og_availability":"instock","product_availability":"instock","product_condition":"new"},"_links":{"self":[{"href":"https:\/\/evupre.com\/us\/wp-json\/wp\/v2\/product\/179031","targetHints":{"allow":["GET"]}}],"collection":[{"href":"https:\/\/evupre.com\/us\/wp-json\/wp\/v2\/product"}],"about":[{"href":"https:\/\/evupre.com\/us\/wp-json\/wp\/v2\/types\/product"}],"replies":[{"embeddable":true,"href":"https:\/\/evupre.com\/us\/wp-json\/wp\/v2\/comments?post=179031"}],"wp:featuredmedia":[{"embeddable":true,"href":"https:\/\/evupre.com\/us\/wp-json\/wp\/v2\/media\/179041"}],"wp:attachment":[{"href":"https:\/\/evupre.com\/us\/wp-json\/wp\/v2\/media?parent=179031"}],"wp:term":[{"taxonomy":"product_brand","embeddable":true,"href":"https:\/\/evupre.com\/us\/wp-json\/wp\/v2\/product_brand?post=179031"},{"taxonomy":"product_cat","embeddable":true,"href":"https:\/\/evupre.com\/us\/wp-json\/wp\/v2\/product_cat?post=179031"},{"taxonomy":"product_tag","embeddable":true,"href":"https:\/\/evupre.com\/us\/wp-json\/wp\/v2\/product_tag?post=179031"}],"curies":[{"name":"wp","href":"https:\/\/api.w.org\/{rel}","templated":true}]}}