{"id":172088,"date":"2025-12-09T14:38:12","date_gmt":"2025-12-09T13:38:12","guid":{"rendered":"https:\/\/evupre.com\/?post_type=product&#038;p=172088"},"modified":"2026-02-04T14:31:57","modified_gmt":"2026-02-04T13:31:57","slug":"top-racing-shortsleeve-white-herren","status":"publish","type":"product","link":"https:\/\/evupre.com\/us\/produkt\/top-racing-shortsleeve-white-herren\/","title":{"rendered":"Top Racing Shortsleeve White Herren"},"content":{"rendered":"<div class=\"wpb-content-wrapper\">[vc_row][vc_column][vc_column_text text_lead=&#8221;small&#8221; uncode_shortcode_id=&#8221;108830&#8243;]Das <strong>Top Racing Shortsleeve<\/strong> ist ein leichtes Performance-Oberteil f\u00fcr warme Trainings- und Regattatage. Der schnelltrocknende, leichte <strong>Mesh-Stoff <\/strong>sorgt f\u00fcr optimale Bel\u00fcftung und Bewegungsfreiheit bei jedem Tempo. Der k\u00f6rpernahe <strong>Slim-Fit-Schnitt<\/strong> macht das Top sowohl zum idealen Unterzieher unter dem Einteiler als auch zu einem eigenst\u00e4ndigen Trainingsoberteil. Die Logos sind so platziert, dass sie unter dem Einteiler nicht hervorsehen.[\/vc_column_text][\/vc_column][\/vc_row]\n<\/div>","protected":false},"excerpt":{"rendered":"<ul>\n<li class=\"whitespace-normal break-words\">Schnelltrocknender, luftiger Mesh-Stoff<\/li>\n<li class=\"whitespace-normal break-words\">Maximale Bel\u00fcftung und atmungsaktiv<\/li>\n<li class=\"whitespace-normal break-words\">Slim fit<\/li>\n<li class=\"whitespace-normal break-words\">Perfekt als Baselayer unter dem Einteiler<\/li>\n<\/ul>\n","protected":false},"featured_media":172155,"comment_status":"closed","ping_status":"closed","template":"","meta":{"_acf_changed":false},"product_brand":[],"product_cat":[288,1868],"product_tag":[1005],"class_list":{"0":"post-172088","1":"product","2":"type-product","3":"status-publish","4":"has-post-thumbnail","6":"product_cat-herren","7":"product_cat-oberteile-herren","8":"product_tag-men","9":"tm-no-options","11":"first","12":"instock","13":"featured","14":"taxable","15":"shipping-taxable","16":"purchasable","17":"product-type-variable","18":"wpzoom-wc-spi-has-enabled"},"supplier_id":null,"supplier_sku":"","barcode":null,"atum_controlled":true,"out_stock_date":null,"out_stock_threshold":null,"inheritable":true,"inbound_stock":0,"stock_on_hold":0,"sold_today":0,"sales_last_days":0,"reserved_stock":0,"customer_returns":0,"warehouse_damage":0,"lost_in_post":0,"other_logs":0,"out_stock_days":0,"lost_sales":0,"has_location":false,"update_date":"2026-04-08T07:28:46","atum_locations":[],"atum_stock_status":"instock","restock_status":false,"low_stock_amount":"","sales_update_date":"2026-04-08T07:28:46","calc_backorders":null,"mi_inventories":[],"multi_inventory":"no","inventory_sorting_mode":"global","inventory_iteration":"global","expirable_inventories":"global","price_per_inventory":"global","show_write_off_inventories":"global","selectable_inventories":"global","selectable_inventories_mode":"global","acf":[],"yoast_head":"<!-- This site is optimized with the Yoast SEO Premium plugin v23.0 (Yoast SEO v26.6) - https:\/\/yoast.com\/wordpress\/plugins\/seo\/ -->\n<title>Top Racing Shortsleeve White Herren - EVUPRE<\/title>\n<meta name=\"description\" content=\"Top Racing Shortsleeve \u25ba Luftiges Performance-Shirt aus Mesh-Stoff. Slim fit, schnelltrocknend. Perfekter Baselayer. Made in Europe.\" \/>\n<meta name=\"robots\" content=\"index, follow, max-snippet:-1, max-image-preview:large, max-video-preview:-1\" \/>\n<link rel=\"canonical\" href=\"https:\/\/evupre.com\/us\/produkt\/top-racing-shortsleeve-white-herren\/\" \/>\n<meta property=\"og:locale\" content=\"en_US\" \/>\n<meta property=\"og:type\" content=\"article\" \/>\n<meta property=\"og:title\" content=\"Top Racing Shortsleeve White Herren\" \/>\n<meta property=\"og:description\" content=\"Top Racing Shortsleeve \u25ba Luftiges Performance-Shirt aus Mesh-Stoff. Slim fit, schnelltrocknend. Perfekter Baselayer. Made in Europe.\" \/>\n<meta property=\"og:url\" content=\"https:\/\/evupre.com\/us\/produkt\/top-racing-shortsleeve-white-herren\/\" \/>\n<meta property=\"og:site_name\" content=\"EVUPRE\" \/>\n<meta property=\"article:publisher\" content=\"https:\/\/www.facebook.com\/evupre\/\" \/>\n<meta property=\"article:modified_time\" content=\"2026-02-04T13:31:57+00:00\" \/>\n<meta property=\"og:image\" content=\"https:\/\/evupre.com\/wp-content\/uploads\/2025\/12\/top_racing_short_sleeve-m-front-03.jpg\" \/>\n\t<meta property=\"og:image:width\" content=\"1080\" \/>\n\t<meta property=\"og:image:height\" content=\"1620\" \/>\n\t<meta property=\"og:image:type\" content=\"image\/jpeg\" \/>\n<meta name=\"twitter:card\" content=\"summary_large_image\" \/>\n<meta name=\"twitter:label1\" content=\"Availability\" \/>\n\t<meta name=\"twitter:data1\" content=\"In stock\" \/>\n<script type=\"application\/ld+json\" class=\"yoast-schema-graph\">{\"@context\":\"https:\/\/schema.org\",\"@graph\":[{\"@type\":\"WebPage\",\"@id\":\"https:\/\/evupre.com\/us\/produkt\/top-racing-shortsleeve-white-herren\/\",\"url\":\"https:\/\/evupre.com\/us\/produkt\/top-racing-shortsleeve-white-herren\/\",\"name\":\"Top Racing Shortsleeve White Herren - EVUPRE\",\"isPartOf\":{\"@id\":\"https:\/\/evupre.com\/us\/#website\"},\"primaryImageOfPage\":{\"@id\":\"https:\/\/evupre.com\/us\/produkt\/top-racing-shortsleeve-white-herren\/#primaryimage\"},\"image\":{\"@id\":\"https:\/\/evupre.com\/us\/produkt\/top-racing-shortsleeve-white-herren\/#primaryimage\"},\"thumbnailUrl\":\"https:\/\/evupre.com\/wp-content\/uploads\/2025\/12\/top_racing_short_sleeve-m-front-03.jpg\",\"datePublished\":\"2025-12-09T13:38:12+00:00\",\"dateModified\":\"2026-02-04T13:31:57+00:00\",\"description\":\"Top Racing Shortsleeve \u25ba Luftiges Performance-Shirt aus Mesh-Stoff. Slim fit, schnelltrocknend. Perfekter Baselayer. Made in Europe.\",\"breadcrumb\":{\"@id\":\"https:\/\/evupre.com\/us\/produkt\/top-racing-shortsleeve-white-herren\/#breadcrumb\"},\"inLanguage\":\"en-US\",\"potentialAction\":[{\"@type\":\"ReadAction\",\"target\":[\"https:\/\/evupre.com\/us\/produkt\/top-racing-shortsleeve-white-herren\/\"]}]},{\"@type\":\"ImageObject\",\"inLanguage\":\"en-US\",\"@id\":\"https:\/\/evupre.com\/us\/produkt\/top-racing-shortsleeve-white-herren\/#primaryimage\",\"url\":\"https:\/\/evupre.com\/wp-content\/uploads\/2025\/12\/top_racing_short_sleeve-m-front-03.jpg\",\"contentUrl\":\"https:\/\/evupre.com\/wp-content\/uploads\/2025\/12\/top_racing_short_sleeve-m-front-03.jpg\",\"width\":1080,\"height\":1620},{\"@type\":\"BreadcrumbList\",\"@id\":\"https:\/\/evupre.com\/us\/produkt\/top-racing-shortsleeve-white-herren\/#breadcrumb\",\"itemListElement\":[{\"@type\":\"ListItem\",\"position\":1,\"name\":\"Home\",\"item\":\"https:\/\/evupre.com\/us\/home-3\/\"},{\"@type\":\"ListItem\",\"position\":2,\"name\":\"Top Racing Shortsleeve White Herren\"}]},{\"@type\":\"WebSite\",\"@id\":\"https:\/\/evupre.com\/us\/#website\",\"url\":\"https:\/\/evupre.com\/us\/\",\"name\":\"EVUPRE\",\"description\":\"\",\"publisher\":{\"@id\":\"https:\/\/evupre.com\/us\/#organization\"},\"potentialAction\":[{\"@type\":\"SearchAction\",\"target\":{\"@type\":\"EntryPoint\",\"urlTemplate\":\"https:\/\/evupre.com\/us\/?s={search_term_string}\"},\"query-input\":{\"@type\":\"PropertyValueSpecification\",\"valueRequired\":true,\"valueName\":\"search_term_string\"}}],\"inLanguage\":\"en-US\"},{\"@type\":\"Organization\",\"@id\":\"https:\/\/evupre.com\/us\/#organization\",\"name\":\"EVUPRE\",\"url\":\"https:\/\/evupre.com\/us\/\",\"logo\":{\"@type\":\"ImageObject\",\"inLanguage\":\"en-US\",\"@id\":\"https:\/\/evupre.com\/us\/#\/schema\/logo\/image\/\",\"url\":\"https:\/\/evupre.com\/wp-content\/uploads\/2020\/04\/Evupre-1.png\",\"contentUrl\":\"https:\/\/evupre.com\/wp-content\/uploads\/2020\/04\/Evupre-1.png\",\"width\":300,\"height\":39,\"caption\":\"EVUPRE\"},\"image\":{\"@id\":\"https:\/\/evupre.com\/us\/#\/schema\/logo\/image\/\"},\"sameAs\":[\"https:\/\/www.facebook.com\/evupre\/\",\"https:\/\/www.instagram.com\/evupre_performance_rowing\/\"]}]}<\/script>\n<meta property=\"og:availability\" content=\"instock\" \/>\n<meta property=\"product:availability\" content=\"instock\" \/>\n<meta property=\"product:condition\" content=\"new\" \/>\n<!-- \/ Yoast SEO Premium plugin. -->","yoast_head_json":{"title":"Top Racing Shortsleeve White Herren - EVUPRE","description":"Top Racing Shortsleeve \u25ba Luftiges Performance-Shirt aus Mesh-Stoff. Slim fit, schnelltrocknend. Perfekter Baselayer. Made in Europe.","robots":{"index":"index","follow":"follow","max-snippet":"max-snippet:-1","max-image-preview":"max-image-preview:large","max-video-preview":"max-video-preview:-1"},"canonical":"https:\/\/evupre.com\/us\/produkt\/top-racing-shortsleeve-white-herren\/","og_locale":"en_US","og_type":"article","og_title":"Top Racing Shortsleeve White Herren","og_description":"Top Racing Shortsleeve \u25ba Luftiges Performance-Shirt aus Mesh-Stoff. Slim fit, schnelltrocknend. Perfekter Baselayer. Made in Europe.","og_url":"https:\/\/evupre.com\/us\/produkt\/top-racing-shortsleeve-white-herren\/","og_site_name":"EVUPRE","article_publisher":"https:\/\/www.facebook.com\/evupre\/","article_modified_time":"2026-02-04T13:31:57+00:00","og_image":[{"width":1080,"height":1620,"url":"https:\/\/evupre.com\/wp-content\/uploads\/2025\/12\/top_racing_short_sleeve-m-front-03.jpg","type":"image\/jpeg"}],"twitter_card":"summary_large_image","twitter_misc":{"Availability":"In stock"},"schema":{"@context":"https:\/\/schema.org","@graph":[{"@type":"WebPage","@id":"https:\/\/evupre.com\/us\/produkt\/top-racing-shortsleeve-white-herren\/","url":"https:\/\/evupre.com\/us\/produkt\/top-racing-shortsleeve-white-herren\/","name":"Top Racing Shortsleeve White Herren - EVUPRE","isPartOf":{"@id":"https:\/\/evupre.com\/us\/#website"},"primaryImageOfPage":{"@id":"https:\/\/evupre.com\/us\/produkt\/top-racing-shortsleeve-white-herren\/#primaryimage"},"image":{"@id":"https:\/\/evupre.com\/us\/produkt\/top-racing-shortsleeve-white-herren\/#primaryimage"},"thumbnailUrl":"https:\/\/evupre.com\/wp-content\/uploads\/2025\/12\/top_racing_short_sleeve-m-front-03.jpg","datePublished":"2025-12-09T13:38:12+00:00","dateModified":"2026-02-04T13:31:57+00:00","description":"Top Racing Shortsleeve \u25ba Luftiges Performance-Shirt aus Mesh-Stoff. Slim fit, schnelltrocknend. Perfekter Baselayer. Made in Europe.","breadcrumb":{"@id":"https:\/\/evupre.com\/us\/produkt\/top-racing-shortsleeve-white-herren\/#breadcrumb"},"inLanguage":"en-US","potentialAction":[{"@type":"ReadAction","target":["https:\/\/evupre.com\/us\/produkt\/top-racing-shortsleeve-white-herren\/"]}]},{"@type":"ImageObject","inLanguage":"en-US","@id":"https:\/\/evupre.com\/us\/produkt\/top-racing-shortsleeve-white-herren\/#primaryimage","url":"https:\/\/evupre.com\/wp-content\/uploads\/2025\/12\/top_racing_short_sleeve-m-front-03.jpg","contentUrl":"https:\/\/evupre.com\/wp-content\/uploads\/2025\/12\/top_racing_short_sleeve-m-front-03.jpg","width":1080,"height":1620},{"@type":"BreadcrumbList","@id":"https:\/\/evupre.com\/us\/produkt\/top-racing-shortsleeve-white-herren\/#breadcrumb","itemListElement":[{"@type":"ListItem","position":1,"name":"Home","item":"https:\/\/evupre.com\/us\/home-3\/"},{"@type":"ListItem","position":2,"name":"Top Racing Shortsleeve White Herren"}]},{"@type":"WebSite","@id":"https:\/\/evupre.com\/us\/#website","url":"https:\/\/evupre.com\/us\/","name":"EVUPRE","description":"","publisher":{"@id":"https:\/\/evupre.com\/us\/#organization"},"potentialAction":[{"@type":"SearchAction","target":{"@type":"EntryPoint","urlTemplate":"https:\/\/evupre.com\/us\/?s={search_term_string}"},"query-input":{"@type":"PropertyValueSpecification","valueRequired":true,"valueName":"search_term_string"}}],"inLanguage":"en-US"},{"@type":"Organization","@id":"https:\/\/evupre.com\/us\/#organization","name":"EVUPRE","url":"https:\/\/evupre.com\/us\/","logo":{"@type":"ImageObject","inLanguage":"en-US","@id":"https:\/\/evupre.com\/us\/#\/schema\/logo\/image\/","url":"https:\/\/evupre.com\/wp-content\/uploads\/2020\/04\/Evupre-1.png","contentUrl":"https:\/\/evupre.com\/wp-content\/uploads\/2020\/04\/Evupre-1.png","width":300,"height":39,"caption":"EVUPRE"},"image":{"@id":"https:\/\/evupre.com\/us\/#\/schema\/logo\/image\/"},"sameAs":["https:\/\/www.facebook.com\/evupre\/","https:\/\/www.instagram.com\/evupre_performance_rowing\/"]}]},"og_availability":"instock","product_availability":"instock","product_condition":"new"},"_links":{"self":[{"href":"https:\/\/evupre.com\/us\/wp-json\/wp\/v2\/product\/172088","targetHints":{"allow":["GET"]}}],"collection":[{"href":"https:\/\/evupre.com\/us\/wp-json\/wp\/v2\/product"}],"about":[{"href":"https:\/\/evupre.com\/us\/wp-json\/wp\/v2\/types\/product"}],"replies":[{"embeddable":true,"href":"https:\/\/evupre.com\/us\/wp-json\/wp\/v2\/comments?post=172088"}],"wp:featuredmedia":[{"embeddable":true,"href":"https:\/\/evupre.com\/us\/wp-json\/wp\/v2\/media\/172155"}],"wp:attachment":[{"href":"https:\/\/evupre.com\/us\/wp-json\/wp\/v2\/media?parent=172088"}],"wp:term":[{"taxonomy":"product_brand","embeddable":true,"href":"https:\/\/evupre.com\/us\/wp-json\/wp\/v2\/product_brand?post=172088"},{"taxonomy":"product_cat","embeddable":true,"href":"https:\/\/evupre.com\/us\/wp-json\/wp\/v2\/product_cat?post=172088"},{"taxonomy":"product_tag","embeddable":true,"href":"https:\/\/evupre.com\/us\/wp-json\/wp\/v2\/product_tag?post=172088"}],"curies":[{"name":"wp","href":"https:\/\/api.w.org\/{rel}","templated":true}]}}