{"id":171942,"date":"2025-12-09T14:36:54","date_gmt":"2025-12-09T13:36:54","guid":{"rendered":"https:\/\/evupre.com\/?post_type=product&#038;p=171942"},"modified":"2026-04-09T10:47:30","modified_gmt":"2026-04-09T08:47:30","slug":"classic-einteiler-henley-herren","status":"publish","type":"product","link":"https:\/\/evupre.com\/us\/produkt\/classic-einteiler-henley-herren\/","title":{"rendered":"Classic Einteiler Henley Herren"},"content":{"rendered":"<div class=\"wpb-content-wrapper\">[vc_row][vc_column][vc_column_text text_lead=&#8221;small&#8221; uncode_shortcode_id=&#8221;606074&#8243;]Der <strong>Classic Einteiler Henley<\/strong>\u00a0ist eine Hommage an die legend\u00e4re Henley Royal Regatta, bei der Eleganz auf Performance trifft. Marineblaues Oberteil und naturwei\u00dfe Hose bilden eine klassische Farbkombination mit traditionellem Charakter \u2013 zeitlos und stilvoll zugleich.<\/p>\n<p>Unsere<strong> Classic Einteiler<\/strong> setzt auf bew\u00e4hrte Performance-Materialien: Hochelastische Lycra- und Polyester-Stoffe sind schnelltrocknend und leicht, f\u00fcr uneingeschr\u00e4nkte Beweglichkeit in jeder Situation. Im Sitzbereich sorgt eine nahtfreie Verarbeitung mit doppelter Stofflage f\u00fcr angenehmen Tragekomfort. Der verst\u00e4rkte Stoff an R\u00fccken und Vorderseite des Unterteils ist eingef\u00e4rbt und besonders abriebfest \u2013 so bleibt der Einteiler lange formsch\u00f6n. Die sauber abgen\u00e4hten Beinabschl\u00fcsse runden das zeitlose Design ab.[\/vc_column_text][\/vc_column][\/vc_row]\n<\/div>","protected":false},"excerpt":{"rendered":"<ul>\n<li class=\"whitespace-normal break-words\">Zeitloser Rudereinteiler f\u00fcr Rennen und Wanderfahrten<\/li>\n<li class=\"whitespace-normal break-words\">Schnelltrocknende Lycra- und Polyester-Stoffe<\/li>\n<li class=\"whitespace-normal break-words\">Nahtfreier Sitzbereich mit doppelter Stofflage<\/li>\n<li class=\"whitespace-normal break-words\">Verst\u00e4rkter, abriebfester Stoff an R\u00fccken und Vorderseite<\/li>\n<\/ul>\n","protected":false},"featured_media":172047,"comment_status":"closed","ping_status":"closed","template":"","meta":{"_acf_changed":false},"product_brand":[],"product_cat":[288,1866],"product_tag":[1005],"class_list":{"0":"post-171942","1":"product","2":"type-product","3":"status-publish","4":"has-post-thumbnail","6":"product_cat-herren","7":"product_cat-einteiler-herren","8":"product_tag-men","9":"pa_style-men","10":"pa_style-unisex","11":"pa_style-women","12":"tm-no-options","14":"first","15":"instock","16":"featured","17":"taxable","18":"shipping-taxable","19":"purchasable","20":"product-type-variable","21":"wpzoom-wc-spi-has-enabled"},"supplier_id":null,"supplier_sku":"","barcode":null,"atum_controlled":true,"out_stock_date":null,"out_stock_threshold":null,"inheritable":true,"inbound_stock":0,"stock_on_hold":0,"sold_today":0,"sales_last_days":0,"reserved_stock":0,"customer_returns":0,"warehouse_damage":0,"lost_in_post":0,"other_logs":0,"out_stock_days":0,"lost_sales":0,"has_location":false,"update_date":"2026-04-20T09:06:35","atum_locations":[],"atum_stock_status":"instock","restock_status":false,"low_stock_amount":"","sales_update_date":"2026-04-20T09:06:35","calc_backorders":null,"mi_inventories":[],"multi_inventory":"no","inventory_sorting_mode":"global","inventory_iteration":"global","expirable_inventories":"global","price_per_inventory":"global","show_write_off_inventories":"global","selectable_inventories":"global","selectable_inventories_mode":"global","acf":[],"yoast_head":"<!-- This site is optimized with the Yoast SEO Premium plugin v23.0 (Yoast SEO v26.6) - https:\/\/yoast.com\/wordpress\/plugins\/seo\/ -->\n<title>Classic Einteiler Henley Herren - EVUPRE Rudereinteiler<\/title>\n<meta name=\"description\" content=\"Classic Einteiler Henley \u25ba Zeitloser Rudereinteiler. Schnelltrocknend, nahtfrei im Sitzbereich. F\u00fcr Regatten und Wanderfahrten. Aus Europa.\" \/>\n<meta name=\"robots\" content=\"index, follow, max-snippet:-1, max-image-preview:large, max-video-preview:-1\" \/>\n<link rel=\"canonical\" href=\"https:\/\/evupre.com\/us\/produkt\/classic-einteiler-henley-herren\/\" \/>\n<meta property=\"og:locale\" content=\"en_US\" \/>\n<meta property=\"og:type\" content=\"article\" \/>\n<meta property=\"og:title\" content=\"Classic Einteiler Henley Herren\" \/>\n<meta property=\"og:description\" content=\"Classic Einteiler Henley \u25ba Zeitloser Rudereinteiler. Schnelltrocknend, nahtfrei im Sitzbereich. F\u00fcr Regatten und Wanderfahrten. Aus Europa.\" \/>\n<meta property=\"og:url\" content=\"https:\/\/evupre.com\/us\/produkt\/classic-einteiler-henley-herren\/\" \/>\n<meta property=\"og:site_name\" content=\"EVUPRE\" \/>\n<meta property=\"article:publisher\" content=\"https:\/\/www.facebook.com\/evupre\/\" \/>\n<meta property=\"article:modified_time\" content=\"2026-04-09T08:47:30+00:00\" \/>\n<meta property=\"og:image\" content=\"https:\/\/evupre.com\/wp-content\/uploads\/2025\/12\/classic_unisuit-henley-m-front-01.jpg\" \/>\n\t<meta property=\"og:image:width\" content=\"1080\" \/>\n\t<meta property=\"og:image:height\" content=\"1620\" \/>\n\t<meta property=\"og:image:type\" content=\"image\/jpeg\" \/>\n<meta name=\"twitter:card\" content=\"summary_large_image\" \/>\n<meta name=\"twitter:label1\" content=\"Availability\" \/>\n\t<meta name=\"twitter:data1\" content=\"In stock\" \/>\n<script type=\"application\/ld+json\" class=\"yoast-schema-graph\">{\"@context\":\"https:\/\/schema.org\",\"@graph\":[{\"@type\":\"WebPage\",\"@id\":\"https:\/\/evupre.com\/us\/produkt\/classic-einteiler-henley-herren\/\",\"url\":\"https:\/\/evupre.com\/us\/produkt\/classic-einteiler-henley-herren\/\",\"name\":\"Classic Einteiler Henley Herren - EVUPRE Rudereinteiler\",\"isPartOf\":{\"@id\":\"https:\/\/evupre.com\/us\/#website\"},\"primaryImageOfPage\":{\"@id\":\"https:\/\/evupre.com\/us\/produkt\/classic-einteiler-henley-herren\/#primaryimage\"},\"image\":{\"@id\":\"https:\/\/evupre.com\/us\/produkt\/classic-einteiler-henley-herren\/#primaryimage\"},\"thumbnailUrl\":\"https:\/\/evupre.com\/wp-content\/uploads\/2025\/12\/classic_unisuit-henley-m-front-01.jpg\",\"datePublished\":\"2025-12-09T13:36:54+00:00\",\"dateModified\":\"2026-04-09T08:47:30+00:00\",\"description\":\"Classic Einteiler Henley \u25ba Zeitloser Rudereinteiler. Schnelltrocknend, nahtfrei im Sitzbereich. F\u00fcr Regatten und Wanderfahrten. Aus Europa.\",\"breadcrumb\":{\"@id\":\"https:\/\/evupre.com\/us\/produkt\/classic-einteiler-henley-herren\/#breadcrumb\"},\"inLanguage\":\"en-US\",\"potentialAction\":[{\"@type\":\"ReadAction\",\"target\":[\"https:\/\/evupre.com\/us\/produkt\/classic-einteiler-henley-herren\/\"]}]},{\"@type\":\"ImageObject\",\"inLanguage\":\"en-US\",\"@id\":\"https:\/\/evupre.com\/us\/produkt\/classic-einteiler-henley-herren\/#primaryimage\",\"url\":\"https:\/\/evupre.com\/wp-content\/uploads\/2025\/12\/classic_unisuit-henley-m-front-01.jpg\",\"contentUrl\":\"https:\/\/evupre.com\/wp-content\/uploads\/2025\/12\/classic_unisuit-henley-m-front-01.jpg\",\"width\":1080,\"height\":1620},{\"@type\":\"BreadcrumbList\",\"@id\":\"https:\/\/evupre.com\/us\/produkt\/classic-einteiler-henley-herren\/#breadcrumb\",\"itemListElement\":[{\"@type\":\"ListItem\",\"position\":1,\"name\":\"Home\",\"item\":\"https:\/\/evupre.com\/us\/home-3\/\"},{\"@type\":\"ListItem\",\"position\":2,\"name\":\"Classic Einteiler Henley Herren\"}]},{\"@type\":\"WebSite\",\"@id\":\"https:\/\/evupre.com\/us\/#website\",\"url\":\"https:\/\/evupre.com\/us\/\",\"name\":\"EVUPRE\",\"description\":\"\",\"publisher\":{\"@id\":\"https:\/\/evupre.com\/us\/#organization\"},\"potentialAction\":[{\"@type\":\"SearchAction\",\"target\":{\"@type\":\"EntryPoint\",\"urlTemplate\":\"https:\/\/evupre.com\/us\/?s={search_term_string}\"},\"query-input\":{\"@type\":\"PropertyValueSpecification\",\"valueRequired\":true,\"valueName\":\"search_term_string\"}}],\"inLanguage\":\"en-US\"},{\"@type\":\"Organization\",\"@id\":\"https:\/\/evupre.com\/us\/#organization\",\"name\":\"EVUPRE\",\"url\":\"https:\/\/evupre.com\/us\/\",\"logo\":{\"@type\":\"ImageObject\",\"inLanguage\":\"en-US\",\"@id\":\"https:\/\/evupre.com\/us\/#\/schema\/logo\/image\/\",\"url\":\"https:\/\/evupre.com\/wp-content\/uploads\/2020\/04\/Evupre-1.png\",\"contentUrl\":\"https:\/\/evupre.com\/wp-content\/uploads\/2020\/04\/Evupre-1.png\",\"width\":300,\"height\":39,\"caption\":\"EVUPRE\"},\"image\":{\"@id\":\"https:\/\/evupre.com\/us\/#\/schema\/logo\/image\/\"},\"sameAs\":[\"https:\/\/www.facebook.com\/evupre\/\",\"https:\/\/www.instagram.com\/evupre_performance_rowing\/\"]}]}<\/script>\n<meta property=\"og:availability\" content=\"instock\" \/>\n<meta property=\"product:availability\" content=\"instock\" \/>\n<meta property=\"product:condition\" content=\"new\" \/>\n<!-- \/ Yoast SEO Premium plugin. -->","yoast_head_json":{"title":"Classic Einteiler Henley Herren - EVUPRE Rudereinteiler","description":"Classic Einteiler Henley \u25ba Zeitloser Rudereinteiler. Schnelltrocknend, nahtfrei im Sitzbereich. F\u00fcr Regatten und Wanderfahrten. Aus Europa.","robots":{"index":"index","follow":"follow","max-snippet":"max-snippet:-1","max-image-preview":"max-image-preview:large","max-video-preview":"max-video-preview:-1"},"canonical":"https:\/\/evupre.com\/us\/produkt\/classic-einteiler-henley-herren\/","og_locale":"en_US","og_type":"article","og_title":"Classic Einteiler Henley Herren","og_description":"Classic Einteiler Henley \u25ba Zeitloser Rudereinteiler. Schnelltrocknend, nahtfrei im Sitzbereich. F\u00fcr Regatten und Wanderfahrten. Aus Europa.","og_url":"https:\/\/evupre.com\/us\/produkt\/classic-einteiler-henley-herren\/","og_site_name":"EVUPRE","article_publisher":"https:\/\/www.facebook.com\/evupre\/","article_modified_time":"2026-04-09T08:47:30+00:00","og_image":[{"width":1080,"height":1620,"url":"https:\/\/evupre.com\/wp-content\/uploads\/2025\/12\/classic_unisuit-henley-m-front-01.jpg","type":"image\/jpeg"}],"twitter_card":"summary_large_image","twitter_misc":{"Availability":"In stock"},"schema":{"@context":"https:\/\/schema.org","@graph":[{"@type":"WebPage","@id":"https:\/\/evupre.com\/us\/produkt\/classic-einteiler-henley-herren\/","url":"https:\/\/evupre.com\/us\/produkt\/classic-einteiler-henley-herren\/","name":"Classic Einteiler Henley Herren - EVUPRE Rudereinteiler","isPartOf":{"@id":"https:\/\/evupre.com\/us\/#website"},"primaryImageOfPage":{"@id":"https:\/\/evupre.com\/us\/produkt\/classic-einteiler-henley-herren\/#primaryimage"},"image":{"@id":"https:\/\/evupre.com\/us\/produkt\/classic-einteiler-henley-herren\/#primaryimage"},"thumbnailUrl":"https:\/\/evupre.com\/wp-content\/uploads\/2025\/12\/classic_unisuit-henley-m-front-01.jpg","datePublished":"2025-12-09T13:36:54+00:00","dateModified":"2026-04-09T08:47:30+00:00","description":"Classic Einteiler Henley \u25ba Zeitloser Rudereinteiler. Schnelltrocknend, nahtfrei im Sitzbereich. F\u00fcr Regatten und Wanderfahrten. Aus Europa.","breadcrumb":{"@id":"https:\/\/evupre.com\/us\/produkt\/classic-einteiler-henley-herren\/#breadcrumb"},"inLanguage":"en-US","potentialAction":[{"@type":"ReadAction","target":["https:\/\/evupre.com\/us\/produkt\/classic-einteiler-henley-herren\/"]}]},{"@type":"ImageObject","inLanguage":"en-US","@id":"https:\/\/evupre.com\/us\/produkt\/classic-einteiler-henley-herren\/#primaryimage","url":"https:\/\/evupre.com\/wp-content\/uploads\/2025\/12\/classic_unisuit-henley-m-front-01.jpg","contentUrl":"https:\/\/evupre.com\/wp-content\/uploads\/2025\/12\/classic_unisuit-henley-m-front-01.jpg","width":1080,"height":1620},{"@type":"BreadcrumbList","@id":"https:\/\/evupre.com\/us\/produkt\/classic-einteiler-henley-herren\/#breadcrumb","itemListElement":[{"@type":"ListItem","position":1,"name":"Home","item":"https:\/\/evupre.com\/us\/home-3\/"},{"@type":"ListItem","position":2,"name":"Classic Einteiler Henley Herren"}]},{"@type":"WebSite","@id":"https:\/\/evupre.com\/us\/#website","url":"https:\/\/evupre.com\/us\/","name":"EVUPRE","description":"","publisher":{"@id":"https:\/\/evupre.com\/us\/#organization"},"potentialAction":[{"@type":"SearchAction","target":{"@type":"EntryPoint","urlTemplate":"https:\/\/evupre.com\/us\/?s={search_term_string}"},"query-input":{"@type":"PropertyValueSpecification","valueRequired":true,"valueName":"search_term_string"}}],"inLanguage":"en-US"},{"@type":"Organization","@id":"https:\/\/evupre.com\/us\/#organization","name":"EVUPRE","url":"https:\/\/evupre.com\/us\/","logo":{"@type":"ImageObject","inLanguage":"en-US","@id":"https:\/\/evupre.com\/us\/#\/schema\/logo\/image\/","url":"https:\/\/evupre.com\/wp-content\/uploads\/2020\/04\/Evupre-1.png","contentUrl":"https:\/\/evupre.com\/wp-content\/uploads\/2020\/04\/Evupre-1.png","width":300,"height":39,"caption":"EVUPRE"},"image":{"@id":"https:\/\/evupre.com\/us\/#\/schema\/logo\/image\/"},"sameAs":["https:\/\/www.facebook.com\/evupre\/","https:\/\/www.instagram.com\/evupre_performance_rowing\/"]}]},"og_availability":"instock","product_availability":"instock","product_condition":"new"},"_links":{"self":[{"href":"https:\/\/evupre.com\/us\/wp-json\/wp\/v2\/product\/171942","targetHints":{"allow":["GET"]}}],"collection":[{"href":"https:\/\/evupre.com\/us\/wp-json\/wp\/v2\/product"}],"about":[{"href":"https:\/\/evupre.com\/us\/wp-json\/wp\/v2\/types\/product"}],"replies":[{"embeddable":true,"href":"https:\/\/evupre.com\/us\/wp-json\/wp\/v2\/comments?post=171942"}],"wp:featuredmedia":[{"embeddable":true,"href":"https:\/\/evupre.com\/us\/wp-json\/wp\/v2\/media\/172047"}],"wp:attachment":[{"href":"https:\/\/evupre.com\/us\/wp-json\/wp\/v2\/media?parent=171942"}],"wp:term":[{"taxonomy":"product_brand","embeddable":true,"href":"https:\/\/evupre.com\/us\/wp-json\/wp\/v2\/product_brand?post=171942"},{"taxonomy":"product_cat","embeddable":true,"href":"https:\/\/evupre.com\/us\/wp-json\/wp\/v2\/product_cat?post=171942"},{"taxonomy":"product_tag","embeddable":true,"href":"https:\/\/evupre.com\/us\/wp-json\/wp\/v2\/product_tag?post=171942"}],"curies":[{"name":"wp","href":"https:\/\/api.w.org\/{rel}","templated":true}]}}