{"id":171546,"date":"2025-12-09T14:34:01","date_gmt":"2025-12-09T13:34:01","guid":{"rendered":"https:\/\/evupre.com\/?post_type=product&#038;p=171546"},"modified":"2026-03-29T12:17:02","modified_gmt":"2026-03-29T10:17:02","slug":"pro-einteiler-mechelen-damen","status":"publish","type":"product","link":"https:\/\/evupre.com\/us\/produkt\/pro-einteiler-mechelen-damen\/","title":{"rendered":"Pro Einteiler Mechelen Damen"},"content":{"rendered":"<div class=\"wpb-content-wrapper\">[vc_row][vc_column][vc_column_text text_lead=&#8221;small&#8221; uncode_shortcode_id=&#8221;123419&#8243;]Der <strong>Pro Einteiler Mechelen<\/strong> \u00fcberzeugt durch seine elegante Farbgebung: Ein naturwei\u00dfes Oberteil mit Indigo-blauen Details trifft auf die charakteristischen Mesh-Seitenpaneele. Diese zieren schmale Streifen in Indigo-Blau mit den franz\u00f6sischen Starterkommandos \u201e\u00cates-vous pr\u00eats?&#8221; auf der einen und \u201ePartez!&#8221; auf der anderen Seite \u2013 eine Hommage an die internationale Ruderszene. Die Tr\u00e4ger sind in Indigo-blaue R\u00e4nder eingefasst und unterstreichen den raffinierten Look. Die Hose ist in Mitternacht-Blau gehalten.<\/p>\n<p>Unsere<strong> Pro Einteiler<\/strong> bestehen aus schnelltrocknenden, leichten und hochelastischen Stoffen aus Lycra und Polyester, die optimale Beweglichkeit bei jedem Tempo garantieren. Im Sitzbereich sorgt eine nahtfreie Verarbeitung mit doppelter Stofflage f\u00fcr angenehmen Tragekomfort. Der verst\u00e4rkte Stoff an R\u00fccken und Vorderseite des Unterteils ist eingef\u00e4rbt und besonders abriebfest \u2013 so bleibt der Einteiler lange formsch\u00f6n. Die Mesh-Seitenpaneele an beiden Seiten des Oberteils sorgen f\u00fcr effiziente Bel\u00fcftung und schnelle K\u00fchlung. Elastische Beinabschl\u00fcsse mit Silikon-Gripper an der Innenseite gew\u00e4hrleisten einen sicheren, rutschfesten Sitz.<\/p>\n<p>Das <strong>Damenmodell<\/strong> zeichnet sich durch eine V-f\u00f6rmige Naht zwischen Ober- und Unterteil aus, die eine sch\u00f6ne Taillenform betont. Der sportliche R\u00fcckenausschnitt l\u00e4sst die Schulterbl\u00e4tter frei. Im Brustbereich werden zwei Stoffschichten verarbeitet, um Blickdichtheit zu garantieren.[\/vc_column_text][\/vc_column][\/vc_row]\n<\/div>","protected":false},"excerpt":{"rendered":"<ul>\n<li class=\"whitespace-normal break-words\">Performance-Einteiler mit Mesh-Seitenpaneelen f\u00fcr optimale Bel\u00fcftung<\/li>\n<li class=\"whitespace-normal break-words\">Schnelltrocknende Lycra- und Polyester-Stoffe<\/li>\n<li class=\"whitespace-normal break-words\">Nahtfreier Sitzbereich mit doppelter Lycra-Schicht<\/li>\n<li class=\"whitespace-normal break-words\">Beinabschl\u00fcsse mit Silikon-Gripper f\u00fcr rutschfesten Sitz<\/li>\n<li class=\"whitespace-normal break-words\">Naturwei\u00dfes Oberteil mit Indigo-blauen Details, Hose in Mitternacht-Blau<\/li>\n<\/ul>\n","protected":false},"featured_media":171596,"comment_status":"open","ping_status":"closed","template":"","meta":{"_acf_changed":false},"product_brand":[],"product_cat":[1342,1940],"product_tag":[1004],"class_list":{"0":"post-171546","1":"product","2":"type-product","3":"status-publish","4":"has-post-thumbnail","6":"product_cat-damen","7":"product_cat-einteiler-damen","8":"product_tag-women","9":"pa_style-women","10":"tm-no-options","12":"first","13":"instock","14":"featured","15":"taxable","16":"shipping-taxable","17":"purchasable","18":"product-type-variable","19":"wpzoom-wc-spi-has-enabled"},"supplier_id":null,"supplier_sku":"","barcode":null,"atum_controlled":true,"out_stock_date":null,"out_stock_threshold":null,"inheritable":true,"inbound_stock":0,"stock_on_hold":0,"sold_today":0,"sales_last_days":1,"reserved_stock":0,"customer_returns":0,"warehouse_damage":0,"lost_in_post":0,"other_logs":0,"out_stock_days":0,"lost_sales":0,"has_location":false,"update_date":"2026-04-13T14:11:19","atum_locations":[],"atum_stock_status":"instock","restock_status":false,"low_stock_amount":"","sales_update_date":"2026-04-13T14:11:19","calc_backorders":null,"mi_inventories":[],"multi_inventory":"no","inventory_sorting_mode":"global","inventory_iteration":"global","expirable_inventories":"global","price_per_inventory":"global","show_write_off_inventories":"global","selectable_inventories":"global","selectable_inventories_mode":"global","acf":[],"yoast_head":"<!-- This site is optimized with the Yoast SEO Premium plugin v23.0 (Yoast SEO v26.6) - https:\/\/yoast.com\/wordpress\/plugins\/seo\/ -->\n<title>Pro Einteiler Mechelen Damen - EVUPRE Rudereinteiler<\/title>\n<meta name=\"description\" content=\"Pro Einteiler Mechelen \u25ba Zeitloser Rudereinteiler. Schnelltrocknend, nahtfrei im Sitzbereich. F\u00fcr Trainings und Regatten. Aus Europa.\" \/>\n<meta name=\"robots\" content=\"index, follow, max-snippet:-1, max-image-preview:large, max-video-preview:-1\" \/>\n<link rel=\"canonical\" href=\"https:\/\/evupre.com\/us\/produkt\/pro-einteiler-mechelen-damen\/\" \/>\n<meta property=\"og:locale\" content=\"en_US\" \/>\n<meta property=\"og:type\" content=\"article\" \/>\n<meta property=\"og:title\" content=\"Pro Einteiler Mechelen Damen\" \/>\n<meta property=\"og:description\" content=\"Pro Einteiler Mechelen \u25ba Zeitloser Rudereinteiler. Schnelltrocknend, nahtfrei im Sitzbereich. F\u00fcr Trainings und Regatten. Aus Europa.\" \/>\n<meta property=\"og:url\" content=\"https:\/\/evupre.com\/us\/produkt\/pro-einteiler-mechelen-damen\/\" \/>\n<meta property=\"og:site_name\" content=\"EVUPRE\" \/>\n<meta property=\"article:publisher\" content=\"https:\/\/www.facebook.com\/evupre\/\" \/>\n<meta property=\"article:modified_time\" content=\"2026-03-29T10:17:02+00:00\" \/>\n<meta property=\"og:image\" content=\"https:\/\/evupre.com\/wp-content\/uploads\/2025\/12\/classic_unisuit_mechelen-w-front-04.jpg\" \/>\n\t<meta property=\"og:image:width\" content=\"1080\" \/>\n\t<meta property=\"og:image:height\" content=\"1620\" \/>\n\t<meta property=\"og:image:type\" content=\"image\/jpeg\" \/>\n<meta name=\"twitter:card\" content=\"summary_large_image\" \/>\n<meta name=\"twitter:label1\" content=\"Availability\" \/>\n\t<meta name=\"twitter:data1\" content=\"In stock\" \/>\n<script type=\"application\/ld+json\" class=\"yoast-schema-graph\">{\"@context\":\"https:\/\/schema.org\",\"@graph\":[{\"@type\":\"WebPage\",\"@id\":\"https:\/\/evupre.com\/us\/produkt\/pro-einteiler-mechelen-damen\/\",\"url\":\"https:\/\/evupre.com\/us\/produkt\/pro-einteiler-mechelen-damen\/\",\"name\":\"Pro Einteiler Mechelen Damen - EVUPRE Rudereinteiler\",\"isPartOf\":{\"@id\":\"https:\/\/evupre.com\/us\/#website\"},\"primaryImageOfPage\":{\"@id\":\"https:\/\/evupre.com\/us\/produkt\/pro-einteiler-mechelen-damen\/#primaryimage\"},\"image\":{\"@id\":\"https:\/\/evupre.com\/us\/produkt\/pro-einteiler-mechelen-damen\/#primaryimage\"},\"thumbnailUrl\":\"https:\/\/evupre.com\/wp-content\/uploads\/2025\/12\/classic_unisuit_mechelen-w-front-04.jpg\",\"datePublished\":\"2025-12-09T13:34:01+00:00\",\"dateModified\":\"2026-03-29T10:17:02+00:00\",\"description\":\"Pro Einteiler Mechelen \u25ba Zeitloser Rudereinteiler. Schnelltrocknend, nahtfrei im Sitzbereich. F\u00fcr Trainings und Regatten. Aus Europa.\",\"breadcrumb\":{\"@id\":\"https:\/\/evupre.com\/us\/produkt\/pro-einteiler-mechelen-damen\/#breadcrumb\"},\"inLanguage\":\"en-US\",\"potentialAction\":[{\"@type\":\"ReadAction\",\"target\":[\"https:\/\/evupre.com\/us\/produkt\/pro-einteiler-mechelen-damen\/\"]}]},{\"@type\":\"ImageObject\",\"inLanguage\":\"en-US\",\"@id\":\"https:\/\/evupre.com\/us\/produkt\/pro-einteiler-mechelen-damen\/#primaryimage\",\"url\":\"https:\/\/evupre.com\/wp-content\/uploads\/2025\/12\/classic_unisuit_mechelen-w-front-04.jpg\",\"contentUrl\":\"https:\/\/evupre.com\/wp-content\/uploads\/2025\/12\/classic_unisuit_mechelen-w-front-04.jpg\",\"width\":1080,\"height\":1620},{\"@type\":\"BreadcrumbList\",\"@id\":\"https:\/\/evupre.com\/us\/produkt\/pro-einteiler-mechelen-damen\/#breadcrumb\",\"itemListElement\":[{\"@type\":\"ListItem\",\"position\":1,\"name\":\"Home\",\"item\":\"https:\/\/evupre.com\/us\/home-3\/\"},{\"@type\":\"ListItem\",\"position\":2,\"name\":\"Pro Einteiler Mechelen Damen\"}]},{\"@type\":\"WebSite\",\"@id\":\"https:\/\/evupre.com\/us\/#website\",\"url\":\"https:\/\/evupre.com\/us\/\",\"name\":\"EVUPRE\",\"description\":\"\",\"publisher\":{\"@id\":\"https:\/\/evupre.com\/us\/#organization\"},\"potentialAction\":[{\"@type\":\"SearchAction\",\"target\":{\"@type\":\"EntryPoint\",\"urlTemplate\":\"https:\/\/evupre.com\/us\/?s={search_term_string}\"},\"query-input\":{\"@type\":\"PropertyValueSpecification\",\"valueRequired\":true,\"valueName\":\"search_term_string\"}}],\"inLanguage\":\"en-US\"},{\"@type\":\"Organization\",\"@id\":\"https:\/\/evupre.com\/us\/#organization\",\"name\":\"EVUPRE\",\"url\":\"https:\/\/evupre.com\/us\/\",\"logo\":{\"@type\":\"ImageObject\",\"inLanguage\":\"en-US\",\"@id\":\"https:\/\/evupre.com\/us\/#\/schema\/logo\/image\/\",\"url\":\"https:\/\/evupre.com\/wp-content\/uploads\/2020\/04\/Evupre-1.png\",\"contentUrl\":\"https:\/\/evupre.com\/wp-content\/uploads\/2020\/04\/Evupre-1.png\",\"width\":300,\"height\":39,\"caption\":\"EVUPRE\"},\"image\":{\"@id\":\"https:\/\/evupre.com\/us\/#\/schema\/logo\/image\/\"},\"sameAs\":[\"https:\/\/www.facebook.com\/evupre\/\",\"https:\/\/www.instagram.com\/evupre_performance_rowing\/\"]}]}<\/script>\n<meta property=\"og:availability\" content=\"instock\" \/>\n<meta property=\"product:availability\" content=\"instock\" \/>\n<meta property=\"product:condition\" content=\"new\" \/>\n<!-- \/ Yoast SEO Premium plugin. -->","yoast_head_json":{"title":"Pro Einteiler Mechelen Damen - EVUPRE Rudereinteiler","description":"Pro Einteiler Mechelen \u25ba Zeitloser Rudereinteiler. Schnelltrocknend, nahtfrei im Sitzbereich. F\u00fcr Trainings und Regatten. Aus Europa.","robots":{"index":"index","follow":"follow","max-snippet":"max-snippet:-1","max-image-preview":"max-image-preview:large","max-video-preview":"max-video-preview:-1"},"canonical":"https:\/\/evupre.com\/us\/produkt\/pro-einteiler-mechelen-damen\/","og_locale":"en_US","og_type":"article","og_title":"Pro Einteiler Mechelen Damen","og_description":"Pro Einteiler Mechelen \u25ba Zeitloser Rudereinteiler. Schnelltrocknend, nahtfrei im Sitzbereich. F\u00fcr Trainings und Regatten. Aus Europa.","og_url":"https:\/\/evupre.com\/us\/produkt\/pro-einteiler-mechelen-damen\/","og_site_name":"EVUPRE","article_publisher":"https:\/\/www.facebook.com\/evupre\/","article_modified_time":"2026-03-29T10:17:02+00:00","og_image":[{"width":1080,"height":1620,"url":"https:\/\/evupre.com\/wp-content\/uploads\/2025\/12\/classic_unisuit_mechelen-w-front-04.jpg","type":"image\/jpeg"}],"twitter_card":"summary_large_image","twitter_misc":{"Availability":"In stock"},"schema":{"@context":"https:\/\/schema.org","@graph":[{"@type":"WebPage","@id":"https:\/\/evupre.com\/us\/produkt\/pro-einteiler-mechelen-damen\/","url":"https:\/\/evupre.com\/us\/produkt\/pro-einteiler-mechelen-damen\/","name":"Pro Einteiler Mechelen Damen - EVUPRE Rudereinteiler","isPartOf":{"@id":"https:\/\/evupre.com\/us\/#website"},"primaryImageOfPage":{"@id":"https:\/\/evupre.com\/us\/produkt\/pro-einteiler-mechelen-damen\/#primaryimage"},"image":{"@id":"https:\/\/evupre.com\/us\/produkt\/pro-einteiler-mechelen-damen\/#primaryimage"},"thumbnailUrl":"https:\/\/evupre.com\/wp-content\/uploads\/2025\/12\/classic_unisuit_mechelen-w-front-04.jpg","datePublished":"2025-12-09T13:34:01+00:00","dateModified":"2026-03-29T10:17:02+00:00","description":"Pro Einteiler Mechelen \u25ba Zeitloser Rudereinteiler. Schnelltrocknend, nahtfrei im Sitzbereich. F\u00fcr Trainings und Regatten. Aus Europa.","breadcrumb":{"@id":"https:\/\/evupre.com\/us\/produkt\/pro-einteiler-mechelen-damen\/#breadcrumb"},"inLanguage":"en-US","potentialAction":[{"@type":"ReadAction","target":["https:\/\/evupre.com\/us\/produkt\/pro-einteiler-mechelen-damen\/"]}]},{"@type":"ImageObject","inLanguage":"en-US","@id":"https:\/\/evupre.com\/us\/produkt\/pro-einteiler-mechelen-damen\/#primaryimage","url":"https:\/\/evupre.com\/wp-content\/uploads\/2025\/12\/classic_unisuit_mechelen-w-front-04.jpg","contentUrl":"https:\/\/evupre.com\/wp-content\/uploads\/2025\/12\/classic_unisuit_mechelen-w-front-04.jpg","width":1080,"height":1620},{"@type":"BreadcrumbList","@id":"https:\/\/evupre.com\/us\/produkt\/pro-einteiler-mechelen-damen\/#breadcrumb","itemListElement":[{"@type":"ListItem","position":1,"name":"Home","item":"https:\/\/evupre.com\/us\/home-3\/"},{"@type":"ListItem","position":2,"name":"Pro Einteiler Mechelen Damen"}]},{"@type":"WebSite","@id":"https:\/\/evupre.com\/us\/#website","url":"https:\/\/evupre.com\/us\/","name":"EVUPRE","description":"","publisher":{"@id":"https:\/\/evupre.com\/us\/#organization"},"potentialAction":[{"@type":"SearchAction","target":{"@type":"EntryPoint","urlTemplate":"https:\/\/evupre.com\/us\/?s={search_term_string}"},"query-input":{"@type":"PropertyValueSpecification","valueRequired":true,"valueName":"search_term_string"}}],"inLanguage":"en-US"},{"@type":"Organization","@id":"https:\/\/evupre.com\/us\/#organization","name":"EVUPRE","url":"https:\/\/evupre.com\/us\/","logo":{"@type":"ImageObject","inLanguage":"en-US","@id":"https:\/\/evupre.com\/us\/#\/schema\/logo\/image\/","url":"https:\/\/evupre.com\/wp-content\/uploads\/2020\/04\/Evupre-1.png","contentUrl":"https:\/\/evupre.com\/wp-content\/uploads\/2020\/04\/Evupre-1.png","width":300,"height":39,"caption":"EVUPRE"},"image":{"@id":"https:\/\/evupre.com\/us\/#\/schema\/logo\/image\/"},"sameAs":["https:\/\/www.facebook.com\/evupre\/","https:\/\/www.instagram.com\/evupre_performance_rowing\/"]}]},"og_availability":"instock","product_availability":"instock","product_condition":"new"},"_links":{"self":[{"href":"https:\/\/evupre.com\/us\/wp-json\/wp\/v2\/product\/171546","targetHints":{"allow":["GET"]}}],"collection":[{"href":"https:\/\/evupre.com\/us\/wp-json\/wp\/v2\/product"}],"about":[{"href":"https:\/\/evupre.com\/us\/wp-json\/wp\/v2\/types\/product"}],"replies":[{"embeddable":true,"href":"https:\/\/evupre.com\/us\/wp-json\/wp\/v2\/comments?post=171546"}],"wp:featuredmedia":[{"embeddable":true,"href":"https:\/\/evupre.com\/us\/wp-json\/wp\/v2\/media\/171596"}],"wp:attachment":[{"href":"https:\/\/evupre.com\/us\/wp-json\/wp\/v2\/media?parent=171546"}],"wp:term":[{"taxonomy":"product_brand","embeddable":true,"href":"https:\/\/evupre.com\/us\/wp-json\/wp\/v2\/product_brand?post=171546"},{"taxonomy":"product_cat","embeddable":true,"href":"https:\/\/evupre.com\/us\/wp-json\/wp\/v2\/product_cat?post=171546"},{"taxonomy":"product_tag","embeddable":true,"href":"https:\/\/evupre.com\/us\/wp-json\/wp\/v2\/product_tag?post=171546"}],"curies":[{"name":"wp","href":"https:\/\/api.w.org\/{rel}","templated":true}]}}