{"id":171410,"date":"2025-12-09T14:32:00","date_gmt":"2025-12-09T13:32:00","guid":{"rendered":"https:\/\/evupre.com\/?post_type=product&#038;p=171410"},"modified":"2026-02-04T16:45:01","modified_gmt":"2026-02-04T15:45:01","slug":"lucerne-regatta-2025-sweatshirt-unisex","status":"publish","type":"product","link":"https:\/\/evupre.com\/us\/produkt\/lucerne-regatta-2025-sweatshirt-unisex\/","title":{"rendered":"Lucerne Regatta 2025 Sweatshirt Unisex"},"content":{"rendered":"<div class=\"wpb-content-wrapper\">[vc_row][vc_column][vc_column_text text_lead=&#8221;small&#8221; uncode_shortcode_id=&#8221;490736&#8243;]Mit dem <strong>Lucerne Regatta Sweatshirt<\/strong> bringst du deine Leidenschaft f\u00fcr den Rudersport auch an k\u00fchlen Tagen in den Alltag. Ob als Fan oder Athletin bzw. Athlet vor Ort an der Regattastrecke oder gem\u00fctlich zu Hause vor dem Live-Stream \u2013 dieses kuschelige Sweatshirt ist der perfekte Begleiter f\u00fcr alle Ruder-Aficionados.<\/p>\n<p>Das Sweatshirt verf\u00fcgt \u00fcber einen l\u00e4ssigen <strong>Oversize-Schnitt<\/strong>, elastische B\u00fcndchen an \u00c4rmeln und Saum schmiegen sich sanft an den K\u00f6rper. Das weiche Innenfutter sorgt f\u00fcr angenehmen Tragekomfort, w\u00e4hrend das aufgestickte Logo auf der Brust, der Siebdruck-Schriftzug vorne und die Grafik auf dem R\u00fccken dem Shirt einen hochwertigen, sportlichen Look verleihen.<\/p>\n<p>Das Design greift das Thema <strong>\u201eMythos Rotsee\u201c<\/strong> auf. Ruderinnen und Ruderer aus aller Welt geben alles, um auf dem legend\u00e4ren <strong>G\u00f6ttersee<\/strong> am Start stehen zu d\u00fcrfen \u2013 eine der schnellsten Regattastrecken, eingebettet in eine der malerischsten Landschaften des Rudersports. Hier werden Rennen gefahren, Erinnerungen geschaffen und Legenden geboren.[\/vc_column_text][\/vc_column][\/vc_row]\n<\/div>","protected":false},"excerpt":{"rendered":"<ul>\n<li><span style=\"vertical-align: inherit;\"><span style=\"vertical-align: inherit;\"><span style=\"vertical-align: inherit;\"><span style=\"vertical-align: inherit;\"><span style=\"vertical-align: inherit;\"><span style=\"vertical-align: inherit;\"><span style=\"vertical-align: inherit;\"><span style=\"vertical-align: inherit;\">Farbe: Royal Blau<\/span><\/span><\/span><\/span><\/span><\/span><\/span><\/span><\/li>\n<li><span style=\"vertical-align: inherit;\"><span style=\"vertical-align: inherit;\"><span style=\"vertical-align: inherit;\"><span style=\"vertical-align: inherit;\"><span style=\"vertical-align: inherit;\"><span style=\"vertical-align: inherit;\"><span style=\"vertical-align: inherit;\"><span style=\"vertical-align: inherit;\">Unisex Gr\u00f6\u00dfen mit Oversize Passform\u00a0<\/span><\/span><\/span><\/span><\/span><\/span><\/span><\/span><\/li>\n<li><span style=\"vertical-align: inherit;\"><span style=\"vertical-align: inherit;\"><span style=\"vertical-align: inherit;\"><span style=\"vertical-align: inherit;\"><span style=\"vertical-align: inherit;\"><span style=\"vertical-align: inherit;\"><span style=\"vertical-align: inherit;\"><span style=\"vertical-align: inherit;\">Drop-Shoulder \u00c4rmel<\/span><\/span><\/span><\/span><\/span><\/span><\/span><\/span><\/li>\n<li><span style=\"vertical-align: inherit;\"><span style=\"vertical-align: inherit;\"><span style=\"vertical-align: inherit;\"><span style=\"vertical-align: inherit;\"><span style=\"vertical-align: inherit;\"><span style=\"vertical-align: inherit;\"><span style=\"vertical-align: inherit;\"><span style=\"vertical-align: inherit;\">Vorne: Stick und Siebdruck, h<\/span><\/span><\/span><\/span><\/span><\/span><\/span><\/span>inten: Siebdruck<\/li>\n<\/ul>\n","protected":false},"featured_media":166958,"comment_status":"closed","ping_status":"closed","template":"","meta":{"_acf_changed":false},"product_brand":[],"product_cat":[288,1868,1872,1873,1342,1880,1881,1939],"product_tag":[1682,1005,1004],"class_list":{"0":"post-171410","1":"product","2":"type-product","3":"status-publish","4":"has-post-thumbnail","6":"product_cat-herren","7":"product_cat-oberteile-herren","8":"product_cat-kollektionen-herren","9":"product_cat-sale-herren","10":"product_cat-damen","11":"product_cat-kollektionen-damen","12":"product_cat-sale-damen","13":"product_cat-oberteile-damen","14":"product_tag-lucerne","15":"product_tag-men","16":"product_tag-women","17":"pa_style-men","18":"pa_style-unisex","19":"pa_style-women","20":"tm-no-options","22":"first","23":"instock","24":"featured","25":"taxable","26":"shipping-taxable","27":"purchasable","28":"product-type-variable","29":"wpzoom-wc-spi-has-enabled"},"supplier_id":null,"supplier_sku":"","barcode":null,"atum_controlled":true,"out_stock_date":null,"out_stock_threshold":null,"inheritable":true,"inbound_stock":0,"stock_on_hold":0,"sold_today":0,"sales_last_days":0,"reserved_stock":0,"customer_returns":0,"warehouse_damage":0,"lost_in_post":0,"other_logs":0,"out_stock_days":0,"lost_sales":0,"has_location":false,"update_date":"2026-04-13T10:14:16","atum_locations":[],"atum_stock_status":"instock","restock_status":false,"low_stock_amount":"","sales_update_date":"2026-04-13T10:14:16","calc_backorders":null,"mi_inventories":[],"multi_inventory":"no","inventory_sorting_mode":"global","inventory_iteration":"global","expirable_inventories":"global","price_per_inventory":"global","show_write_off_inventories":"global","selectable_inventories":"global","selectable_inventories_mode":"global","acf":[],"yoast_head":"<!-- This site is optimized with the Yoast SEO Premium plugin v23.0 (Yoast SEO v26.6) - https:\/\/yoast.com\/wordpress\/plugins\/seo\/ -->\n<title>Lucerne Regatta 2025 Sweatshirt Unisex - EVUPRE<\/title>\n<meta name=\"description\" content=\"Lucerne Regatta Sweatshirt mit Oversize-Passform \u25ba kuscheliges Sweatshirt mit Stick und Siebdruck f\u00fcr Ruderfans am Rotsee und Zuhause.\" \/>\n<meta name=\"robots\" content=\"index, follow, max-snippet:-1, max-image-preview:large, max-video-preview:-1\" \/>\n<link rel=\"canonical\" href=\"https:\/\/evupre.com\/us\/produkt\/lucerne-regatta-2025-sweatshirt-unisex\/\" \/>\n<meta property=\"og:locale\" content=\"en_US\" \/>\n<meta property=\"og:type\" content=\"article\" \/>\n<meta property=\"og:title\" content=\"Lucerne Regatta 2025 Sweatshirt Unisex\" \/>\n<meta property=\"og:description\" content=\"Lucerne Regatta Sweatshirt mit Oversize-Passform \u25ba kuscheliges Sweatshirt mit Stick und Siebdruck f\u00fcr Ruderfans am Rotsee und Zuhause.\" \/>\n<meta property=\"og:url\" content=\"https:\/\/evupre.com\/us\/produkt\/lucerne-regatta-2025-sweatshirt-unisex\/\" \/>\n<meta property=\"og:site_name\" content=\"EVUPRE\" \/>\n<meta property=\"article:publisher\" content=\"https:\/\/www.facebook.com\/evupre\/\" \/>\n<meta property=\"article:modified_time\" content=\"2026-02-04T15:45:01+00:00\" \/>\n<meta property=\"og:image\" content=\"https:\/\/evupre.com\/wp-content\/uploads\/2025\/12\/Sweatshirt-front-1.jpg\" \/>\n\t<meta property=\"og:image:width\" content=\"2000\" \/>\n\t<meta property=\"og:image:height\" content=\"2000\" \/>\n\t<meta property=\"og:image:type\" content=\"image\/jpeg\" \/>\n<meta name=\"twitter:card\" content=\"summary_large_image\" \/>\n<meta name=\"twitter:label1\" content=\"Availability\" \/>\n\t<meta name=\"twitter:data1\" content=\"In stock\" \/>\n<script type=\"application\/ld+json\" class=\"yoast-schema-graph\">{\"@context\":\"https:\/\/schema.org\",\"@graph\":[{\"@type\":\"WebPage\",\"@id\":\"https:\/\/evupre.com\/us\/produkt\/lucerne-regatta-2025-sweatshirt-unisex\/\",\"url\":\"https:\/\/evupre.com\/us\/produkt\/lucerne-regatta-2025-sweatshirt-unisex\/\",\"name\":\"Lucerne Regatta 2025 Sweatshirt Unisex - EVUPRE\",\"isPartOf\":{\"@id\":\"https:\/\/evupre.com\/us\/#website\"},\"primaryImageOfPage\":{\"@id\":\"https:\/\/evupre.com\/us\/produkt\/lucerne-regatta-2025-sweatshirt-unisex\/#primaryimage\"},\"image\":{\"@id\":\"https:\/\/evupre.com\/us\/produkt\/lucerne-regatta-2025-sweatshirt-unisex\/#primaryimage\"},\"thumbnailUrl\":\"https:\/\/evupre.com\/wp-content\/uploads\/2025\/12\/Sweatshirt-front-1.jpg\",\"datePublished\":\"2025-12-09T13:32:00+00:00\",\"dateModified\":\"2026-02-04T15:45:01+00:00\",\"description\":\"Lucerne Regatta Sweatshirt mit Oversize-Passform \u25ba kuscheliges Sweatshirt mit Stick und Siebdruck f\u00fcr Ruderfans am Rotsee und Zuhause.\",\"breadcrumb\":{\"@id\":\"https:\/\/evupre.com\/us\/produkt\/lucerne-regatta-2025-sweatshirt-unisex\/#breadcrumb\"},\"inLanguage\":\"en-US\",\"potentialAction\":[{\"@type\":\"ReadAction\",\"target\":[\"https:\/\/evupre.com\/us\/produkt\/lucerne-regatta-2025-sweatshirt-unisex\/\"]}]},{\"@type\":\"ImageObject\",\"inLanguage\":\"en-US\",\"@id\":\"https:\/\/evupre.com\/us\/produkt\/lucerne-regatta-2025-sweatshirt-unisex\/#primaryimage\",\"url\":\"https:\/\/evupre.com\/wp-content\/uploads\/2025\/12\/Sweatshirt-front-1.jpg\",\"contentUrl\":\"https:\/\/evupre.com\/wp-content\/uploads\/2025\/12\/Sweatshirt-front-1.jpg\",\"width\":2000,\"height\":2000},{\"@type\":\"BreadcrumbList\",\"@id\":\"https:\/\/evupre.com\/us\/produkt\/lucerne-regatta-2025-sweatshirt-unisex\/#breadcrumb\",\"itemListElement\":[{\"@type\":\"ListItem\",\"position\":1,\"name\":\"Home\",\"item\":\"https:\/\/evupre.com\/us\/home-3\/\"},{\"@type\":\"ListItem\",\"position\":2,\"name\":\"Lucerne Regatta 2025 Sweatshirt Unisex\"}]},{\"@type\":\"WebSite\",\"@id\":\"https:\/\/evupre.com\/us\/#website\",\"url\":\"https:\/\/evupre.com\/us\/\",\"name\":\"EVUPRE\",\"description\":\"\",\"publisher\":{\"@id\":\"https:\/\/evupre.com\/us\/#organization\"},\"potentialAction\":[{\"@type\":\"SearchAction\",\"target\":{\"@type\":\"EntryPoint\",\"urlTemplate\":\"https:\/\/evupre.com\/us\/?s={search_term_string}\"},\"query-input\":{\"@type\":\"PropertyValueSpecification\",\"valueRequired\":true,\"valueName\":\"search_term_string\"}}],\"inLanguage\":\"en-US\"},{\"@type\":\"Organization\",\"@id\":\"https:\/\/evupre.com\/us\/#organization\",\"name\":\"EVUPRE\",\"url\":\"https:\/\/evupre.com\/us\/\",\"logo\":{\"@type\":\"ImageObject\",\"inLanguage\":\"en-US\",\"@id\":\"https:\/\/evupre.com\/us\/#\/schema\/logo\/image\/\",\"url\":\"https:\/\/evupre.com\/wp-content\/uploads\/2020\/04\/Evupre-1.png\",\"contentUrl\":\"https:\/\/evupre.com\/wp-content\/uploads\/2020\/04\/Evupre-1.png\",\"width\":300,\"height\":39,\"caption\":\"EVUPRE\"},\"image\":{\"@id\":\"https:\/\/evupre.com\/us\/#\/schema\/logo\/image\/\"},\"sameAs\":[\"https:\/\/www.facebook.com\/evupre\/\",\"https:\/\/www.instagram.com\/evupre_performance_rowing\/\"]}]}<\/script>\n<meta property=\"og:availability\" content=\"instock\" \/>\n<meta property=\"product:availability\" content=\"instock\" \/>\n<meta property=\"product:condition\" content=\"new\" \/>\n<!-- \/ Yoast SEO Premium plugin. -->","yoast_head_json":{"title":"Lucerne Regatta 2025 Sweatshirt Unisex - EVUPRE","description":"Lucerne Regatta Sweatshirt mit Oversize-Passform \u25ba kuscheliges Sweatshirt mit Stick und Siebdruck f\u00fcr Ruderfans am Rotsee und Zuhause.","robots":{"index":"index","follow":"follow","max-snippet":"max-snippet:-1","max-image-preview":"max-image-preview:large","max-video-preview":"max-video-preview:-1"},"canonical":"https:\/\/evupre.com\/us\/produkt\/lucerne-regatta-2025-sweatshirt-unisex\/","og_locale":"en_US","og_type":"article","og_title":"Lucerne Regatta 2025 Sweatshirt Unisex","og_description":"Lucerne Regatta Sweatshirt mit Oversize-Passform \u25ba kuscheliges Sweatshirt mit Stick und Siebdruck f\u00fcr Ruderfans am Rotsee und Zuhause.","og_url":"https:\/\/evupre.com\/us\/produkt\/lucerne-regatta-2025-sweatshirt-unisex\/","og_site_name":"EVUPRE","article_publisher":"https:\/\/www.facebook.com\/evupre\/","article_modified_time":"2026-02-04T15:45:01+00:00","og_image":[{"width":2000,"height":2000,"url":"https:\/\/evupre.com\/wp-content\/uploads\/2025\/12\/Sweatshirt-front-1.jpg","type":"image\/jpeg"}],"twitter_card":"summary_large_image","twitter_misc":{"Availability":"In stock"},"schema":{"@context":"https:\/\/schema.org","@graph":[{"@type":"WebPage","@id":"https:\/\/evupre.com\/us\/produkt\/lucerne-regatta-2025-sweatshirt-unisex\/","url":"https:\/\/evupre.com\/us\/produkt\/lucerne-regatta-2025-sweatshirt-unisex\/","name":"Lucerne Regatta 2025 Sweatshirt Unisex - EVUPRE","isPartOf":{"@id":"https:\/\/evupre.com\/us\/#website"},"primaryImageOfPage":{"@id":"https:\/\/evupre.com\/us\/produkt\/lucerne-regatta-2025-sweatshirt-unisex\/#primaryimage"},"image":{"@id":"https:\/\/evupre.com\/us\/produkt\/lucerne-regatta-2025-sweatshirt-unisex\/#primaryimage"},"thumbnailUrl":"https:\/\/evupre.com\/wp-content\/uploads\/2025\/12\/Sweatshirt-front-1.jpg","datePublished":"2025-12-09T13:32:00+00:00","dateModified":"2026-02-04T15:45:01+00:00","description":"Lucerne Regatta Sweatshirt mit Oversize-Passform \u25ba kuscheliges Sweatshirt mit Stick und Siebdruck f\u00fcr Ruderfans am Rotsee und Zuhause.","breadcrumb":{"@id":"https:\/\/evupre.com\/us\/produkt\/lucerne-regatta-2025-sweatshirt-unisex\/#breadcrumb"},"inLanguage":"en-US","potentialAction":[{"@type":"ReadAction","target":["https:\/\/evupre.com\/us\/produkt\/lucerne-regatta-2025-sweatshirt-unisex\/"]}]},{"@type":"ImageObject","inLanguage":"en-US","@id":"https:\/\/evupre.com\/us\/produkt\/lucerne-regatta-2025-sweatshirt-unisex\/#primaryimage","url":"https:\/\/evupre.com\/wp-content\/uploads\/2025\/12\/Sweatshirt-front-1.jpg","contentUrl":"https:\/\/evupre.com\/wp-content\/uploads\/2025\/12\/Sweatshirt-front-1.jpg","width":2000,"height":2000},{"@type":"BreadcrumbList","@id":"https:\/\/evupre.com\/us\/produkt\/lucerne-regatta-2025-sweatshirt-unisex\/#breadcrumb","itemListElement":[{"@type":"ListItem","position":1,"name":"Home","item":"https:\/\/evupre.com\/us\/home-3\/"},{"@type":"ListItem","position":2,"name":"Lucerne Regatta 2025 Sweatshirt Unisex"}]},{"@type":"WebSite","@id":"https:\/\/evupre.com\/us\/#website","url":"https:\/\/evupre.com\/us\/","name":"EVUPRE","description":"","publisher":{"@id":"https:\/\/evupre.com\/us\/#organization"},"potentialAction":[{"@type":"SearchAction","target":{"@type":"EntryPoint","urlTemplate":"https:\/\/evupre.com\/us\/?s={search_term_string}"},"query-input":{"@type":"PropertyValueSpecification","valueRequired":true,"valueName":"search_term_string"}}],"inLanguage":"en-US"},{"@type":"Organization","@id":"https:\/\/evupre.com\/us\/#organization","name":"EVUPRE","url":"https:\/\/evupre.com\/us\/","logo":{"@type":"ImageObject","inLanguage":"en-US","@id":"https:\/\/evupre.com\/us\/#\/schema\/logo\/image\/","url":"https:\/\/evupre.com\/wp-content\/uploads\/2020\/04\/Evupre-1.png","contentUrl":"https:\/\/evupre.com\/wp-content\/uploads\/2020\/04\/Evupre-1.png","width":300,"height":39,"caption":"EVUPRE"},"image":{"@id":"https:\/\/evupre.com\/us\/#\/schema\/logo\/image\/"},"sameAs":["https:\/\/www.facebook.com\/evupre\/","https:\/\/www.instagram.com\/evupre_performance_rowing\/"]}]},"og_availability":"instock","product_availability":"instock","product_condition":"new"},"_links":{"self":[{"href":"https:\/\/evupre.com\/us\/wp-json\/wp\/v2\/product\/171410","targetHints":{"allow":["GET"]}}],"collection":[{"href":"https:\/\/evupre.com\/us\/wp-json\/wp\/v2\/product"}],"about":[{"href":"https:\/\/evupre.com\/us\/wp-json\/wp\/v2\/types\/product"}],"replies":[{"embeddable":true,"href":"https:\/\/evupre.com\/us\/wp-json\/wp\/v2\/comments?post=171410"}],"wp:featuredmedia":[{"embeddable":true,"href":"https:\/\/evupre.com\/us\/wp-json\/wp\/v2\/media\/166958"}],"wp:attachment":[{"href":"https:\/\/evupre.com\/us\/wp-json\/wp\/v2\/media?parent=171410"}],"wp:term":[{"taxonomy":"product_brand","embeddable":true,"href":"https:\/\/evupre.com\/us\/wp-json\/wp\/v2\/product_brand?post=171410"},{"taxonomy":"product_cat","embeddable":true,"href":"https:\/\/evupre.com\/us\/wp-json\/wp\/v2\/product_cat?post=171410"},{"taxonomy":"product_tag","embeddable":true,"href":"https:\/\/evupre.com\/us\/wp-json\/wp\/v2\/product_tag?post=171410"}],"curies":[{"name":"wp","href":"https:\/\/api.w.org\/{rel}","templated":true}]}}