{"id":171405,"date":"2025-12-09T14:31:59","date_gmt":"2025-12-09T13:31:59","guid":{"rendered":"https:\/\/evupre.com\/?post_type=product&#038;p=171405"},"modified":"2026-02-04T16:45:26","modified_gmt":"2026-02-04T15:45:26","slug":"lucerne-regatta-2025-hoodie-unisex","status":"publish","type":"product","link":"https:\/\/evupre.com\/us\/produkt\/lucerne-regatta-2025-hoodie-unisex\/","title":{"rendered":"Lucerne Regatta 2025 Hoodie Unisex"},"content":{"rendered":"<div class=\"wpb-content-wrapper\">[vc_row][vc_column][vc_column_text text_lead=&#8221;small&#8221; uncode_shortcode_id=&#8221;116525&#8243;]Mit dem <strong>Lucerne Regatta Hoodie<\/strong> bringst du deine Leidenschaft f\u00fcr den Rudersport auch an k\u00fchleren Tagen in den Alltag. Ob als Fan oder Athletin bzw. Athlet vor Ort an der Regattastrecke oder gem\u00fctlich zu Hause vor dem Live-Stream \u2013 dieser kuschelige Hoodie ist der perfekte Begleiter f\u00fcr alle Ruder-Aficionados.<\/p>\n<p>Der Hoodie verf\u00fcgt \u00fcber eine praktische Kapuze mit Kordel und eine gro\u00dfe K\u00e4nguru-Beuteltasche. Elastische B\u00fcndchen an \u00c4rmeln und Saum schmiegen sich sanft an den K\u00f6rper, w\u00e4hrend die Drop-Shoulder-Passform einen l\u00e4ssigen, modernen Oversize-Look erzeugt. Hergestellt aus <strong>50 % Baumwolle und 50 % Polyester<\/strong>, bietet der Klassiker ein angenehm flauschiges Tragegef\u00fchl. Das aufgestickte Logo auf der Brust, der Siebdruck-Schriftzug vorne und die Grafik auf dem R\u00fccken verleihen dem Hoodie einen hochwertigen, sportlichen Look.<\/p>\n<p>Das Design greift das Thema <strong>\u201eMythos Rotsee\u201c<\/strong> auf. Ruderinnen und Ruderer aus aller Welt geben alles, um auf dem legend\u00e4ren <strong>G\u00f6ttersee<\/strong> am Start stehen zu d\u00fcrfen \u2013 eine der schnellsten Regattastrecken, eingebettet in eine der malerischsten Landschaften des Rudersports. Hier werden Rennen gefahren, Erinnerungen geschaffen und Legenden geboren.[\/vc_column_text][\/vc_column][\/vc_row]\n<\/div>","protected":false},"excerpt":{"rendered":"<ul>\n<li><span style=\"vertical-align: inherit;\"><span style=\"vertical-align: inherit;\"><span style=\"vertical-align: inherit;\"><span style=\"vertical-align: inherit;\"><span style=\"vertical-align: inherit;\"><span style=\"vertical-align: inherit;\"><span style=\"vertical-align: inherit;\"><span style=\"vertical-align: inherit;\">Farbe: Schwarz<\/span><\/span><\/span><\/span><\/span><\/span><\/span><\/span><\/li>\n<li><span style=\"vertical-align: inherit;\"><span style=\"vertical-align: inherit;\"><span style=\"vertical-align: inherit;\"><span style=\"vertical-align: inherit;\"><span style=\"vertical-align: inherit;\"><span style=\"vertical-align: inherit;\"><span style=\"vertical-align: inherit;\"><span style=\"vertical-align: inherit;\">Unisex Gr\u00f6\u00dfen mit Oversize Passform\u00a0<\/span><\/span><\/span><\/span><\/span><\/span><\/span><\/span><\/li>\n<li><span style=\"vertical-align: inherit;\"><span style=\"vertical-align: inherit;\"><span style=\"vertical-align: inherit;\"><span style=\"vertical-align: inherit;\"><span style=\"vertical-align: inherit;\"><span style=\"vertical-align: inherit;\"><span style=\"vertical-align: inherit;\"><span style=\"vertical-align: inherit;\">Drop-Shoulder \u00c4rmel<\/span><\/span><\/span><\/span><\/span><\/span><\/span><\/span><\/li>\n<li><span style=\"vertical-align: inherit;\"><span style=\"vertical-align: inherit;\"><span style=\"vertical-align: inherit;\"><span style=\"vertical-align: inherit;\"><span style=\"vertical-align: inherit;\"><span style=\"vertical-align: inherit;\"><span style=\"vertical-align: inherit;\"><span style=\"vertical-align: inherit;\">Kapuze mit Kordel<\/span><\/span><\/span><\/span><\/span><\/span><\/span><\/span><\/li>\n<li><span style=\"vertical-align: inherit;\"><span style=\"vertical-align: inherit;\"><span style=\"vertical-align: inherit;\"><span style=\"vertical-align: inherit;\"><span style=\"vertical-align: inherit;\"><span style=\"vertical-align: inherit;\"><span style=\"vertical-align: inherit;\"><span style=\"vertical-align: inherit;\">K\u00e4ngurubeutel-Tasche<\/span><\/span><\/span><\/span><\/span><\/span><\/span><\/span><\/li>\n<li><span style=\"vertical-align: inherit;\"><span style=\"vertical-align: inherit;\"><span style=\"vertical-align: inherit;\"><span style=\"vertical-align: inherit;\"><span style=\"vertical-align: inherit;\"><span style=\"vertical-align: inherit;\"><span style=\"vertical-align: inherit;\"><span style=\"vertical-align: inherit;\">Vorne: Stick und Siebdruck, h<\/span><\/span><\/span><\/span><\/span><\/span><\/span><\/span>inten: Siebdruck<\/li>\n<\/ul>\n","protected":false},"featured_media":166946,"comment_status":"closed","ping_status":"closed","template":"","meta":{"_acf_changed":false},"product_brand":[],"product_cat":[288,1868,1872,1873,1342,1880,1881,1939],"product_tag":[1682,1005,1004],"class_list":{"0":"post-171405","1":"product","2":"type-product","3":"status-publish","4":"has-post-thumbnail","6":"product_cat-herren","7":"product_cat-oberteile-herren","8":"product_cat-kollektionen-herren","9":"product_cat-sale-herren","10":"product_cat-damen","11":"product_cat-kollektionen-damen","12":"product_cat-sale-damen","13":"product_cat-oberteile-damen","14":"product_tag-lucerne","15":"product_tag-men","16":"product_tag-women","17":"pa_style-men","18":"pa_style-unisex","19":"pa_style-women","20":"tm-no-options","22":"first","23":"instock","24":"featured","25":"taxable","26":"shipping-taxable","27":"purchasable","28":"product-type-variable","29":"wpzoom-wc-spi-has-enabled"},"supplier_id":null,"supplier_sku":"","barcode":null,"atum_controlled":true,"out_stock_date":null,"out_stock_threshold":null,"inheritable":true,"inbound_stock":0,"stock_on_hold":0,"sold_today":0,"sales_last_days":0,"reserved_stock":0,"customer_returns":0,"warehouse_damage":0,"lost_in_post":0,"other_logs":0,"out_stock_days":0,"lost_sales":0,"has_location":false,"update_date":"2026-04-13T10:14:16","atum_locations":[],"atum_stock_status":"instock","restock_status":false,"low_stock_amount":"","sales_update_date":"2026-04-13T10:14:16","calc_backorders":null,"mi_inventories":[],"multi_inventory":"no","inventory_sorting_mode":"global","inventory_iteration":"global","expirable_inventories":"global","price_per_inventory":"global","show_write_off_inventories":"global","selectable_inventories":"global","selectable_inventories_mode":"global","acf":[],"yoast_head":"<!-- This site is optimized with the Yoast SEO Premium plugin v23.0 (Yoast SEO v26.6) - https:\/\/yoast.com\/wordpress\/plugins\/seo\/ -->\n<title>Lucerne Regatta 2025 Hoodie Unisex - EVUPRE<\/title>\n<meta name=\"description\" content=\"Lucerne Regatta Hoodie mit oversize Passform \u25ba kuscheliger Hoodie mit Kapuze, perfekt f\u00fcr einen coolen Look und als bequemer Layer an k\u00fchleren Tagen\" \/>\n<meta name=\"robots\" content=\"index, follow, max-snippet:-1, max-image-preview:large, max-video-preview:-1\" \/>\n<link rel=\"canonical\" href=\"https:\/\/evupre.com\/us\/produkt\/lucerne-regatta-2025-hoodie-unisex\/\" \/>\n<meta property=\"og:locale\" content=\"en_US\" \/>\n<meta property=\"og:type\" content=\"article\" \/>\n<meta property=\"og:title\" content=\"Lucerne Regatta 2025 Hoodie Unisex\" \/>\n<meta property=\"og:description\" content=\"Lucerne Regatta Hoodie mit oversize Passform \u25ba kuscheliger Hoodie mit Kapuze, perfekt f\u00fcr einen coolen Look und als bequemer Layer an k\u00fchleren Tagen\" \/>\n<meta property=\"og:url\" content=\"https:\/\/evupre.com\/us\/produkt\/lucerne-regatta-2025-hoodie-unisex\/\" \/>\n<meta property=\"og:site_name\" content=\"EVUPRE\" \/>\n<meta property=\"article:publisher\" content=\"https:\/\/www.facebook.com\/evupre\/\" \/>\n<meta property=\"article:modified_time\" content=\"2026-02-04T15:45:26+00:00\" \/>\n<meta property=\"og:image\" content=\"https:\/\/evupre.com\/wp-content\/uploads\/2025\/12\/Hoodie-front-1.jpg\" \/>\n\t<meta property=\"og:image:width\" content=\"2000\" \/>\n\t<meta property=\"og:image:height\" content=\"2000\" \/>\n\t<meta property=\"og:image:type\" content=\"image\/jpeg\" \/>\n<meta name=\"twitter:card\" content=\"summary_large_image\" \/>\n<meta name=\"twitter:label1\" content=\"Availability\" \/>\n\t<meta name=\"twitter:data1\" content=\"In stock\" \/>\n<script type=\"application\/ld+json\" class=\"yoast-schema-graph\">{\"@context\":\"https:\/\/schema.org\",\"@graph\":[{\"@type\":\"WebPage\",\"@id\":\"https:\/\/evupre.com\/us\/produkt\/lucerne-regatta-2025-hoodie-unisex\/\",\"url\":\"https:\/\/evupre.com\/us\/produkt\/lucerne-regatta-2025-hoodie-unisex\/\",\"name\":\"Lucerne Regatta 2025 Hoodie Unisex - EVUPRE\",\"isPartOf\":{\"@id\":\"https:\/\/evupre.com\/us\/#website\"},\"primaryImageOfPage\":{\"@id\":\"https:\/\/evupre.com\/us\/produkt\/lucerne-regatta-2025-hoodie-unisex\/#primaryimage\"},\"image\":{\"@id\":\"https:\/\/evupre.com\/us\/produkt\/lucerne-regatta-2025-hoodie-unisex\/#primaryimage\"},\"thumbnailUrl\":\"https:\/\/evupre.com\/wp-content\/uploads\/2025\/12\/Hoodie-front-1.jpg\",\"datePublished\":\"2025-12-09T13:31:59+00:00\",\"dateModified\":\"2026-02-04T15:45:26+00:00\",\"description\":\"Lucerne Regatta Hoodie mit oversize Passform \u25ba kuscheliger Hoodie mit Kapuze, perfekt f\u00fcr einen coolen Look und als bequemer Layer an k\u00fchleren Tagen\",\"breadcrumb\":{\"@id\":\"https:\/\/evupre.com\/us\/produkt\/lucerne-regatta-2025-hoodie-unisex\/#breadcrumb\"},\"inLanguage\":\"en-US\",\"potentialAction\":[{\"@type\":\"ReadAction\",\"target\":[\"https:\/\/evupre.com\/us\/produkt\/lucerne-regatta-2025-hoodie-unisex\/\"]}]},{\"@type\":\"ImageObject\",\"inLanguage\":\"en-US\",\"@id\":\"https:\/\/evupre.com\/us\/produkt\/lucerne-regatta-2025-hoodie-unisex\/#primaryimage\",\"url\":\"https:\/\/evupre.com\/wp-content\/uploads\/2025\/12\/Hoodie-front-1.jpg\",\"contentUrl\":\"https:\/\/evupre.com\/wp-content\/uploads\/2025\/12\/Hoodie-front-1.jpg\",\"width\":2000,\"height\":2000},{\"@type\":\"BreadcrumbList\",\"@id\":\"https:\/\/evupre.com\/us\/produkt\/lucerne-regatta-2025-hoodie-unisex\/#breadcrumb\",\"itemListElement\":[{\"@type\":\"ListItem\",\"position\":1,\"name\":\"Home\",\"item\":\"https:\/\/evupre.com\/us\/home-3\/\"},{\"@type\":\"ListItem\",\"position\":2,\"name\":\"Lucerne Regatta 2025 Hoodie Unisex\"}]},{\"@type\":\"WebSite\",\"@id\":\"https:\/\/evupre.com\/us\/#website\",\"url\":\"https:\/\/evupre.com\/us\/\",\"name\":\"EVUPRE\",\"description\":\"\",\"publisher\":{\"@id\":\"https:\/\/evupre.com\/us\/#organization\"},\"potentialAction\":[{\"@type\":\"SearchAction\",\"target\":{\"@type\":\"EntryPoint\",\"urlTemplate\":\"https:\/\/evupre.com\/us\/?s={search_term_string}\"},\"query-input\":{\"@type\":\"PropertyValueSpecification\",\"valueRequired\":true,\"valueName\":\"search_term_string\"}}],\"inLanguage\":\"en-US\"},{\"@type\":\"Organization\",\"@id\":\"https:\/\/evupre.com\/us\/#organization\",\"name\":\"EVUPRE\",\"url\":\"https:\/\/evupre.com\/us\/\",\"logo\":{\"@type\":\"ImageObject\",\"inLanguage\":\"en-US\",\"@id\":\"https:\/\/evupre.com\/us\/#\/schema\/logo\/image\/\",\"url\":\"https:\/\/evupre.com\/wp-content\/uploads\/2020\/04\/Evupre-1.png\",\"contentUrl\":\"https:\/\/evupre.com\/wp-content\/uploads\/2020\/04\/Evupre-1.png\",\"width\":300,\"height\":39,\"caption\":\"EVUPRE\"},\"image\":{\"@id\":\"https:\/\/evupre.com\/us\/#\/schema\/logo\/image\/\"},\"sameAs\":[\"https:\/\/www.facebook.com\/evupre\/\",\"https:\/\/www.instagram.com\/evupre_performance_rowing\/\"]}]}<\/script>\n<meta property=\"og:availability\" content=\"instock\" \/>\n<meta property=\"product:availability\" content=\"instock\" \/>\n<meta property=\"product:condition\" content=\"new\" \/>\n<!-- \/ Yoast SEO Premium plugin. -->","yoast_head_json":{"title":"Lucerne Regatta 2025 Hoodie Unisex - EVUPRE","description":"Lucerne Regatta Hoodie mit oversize Passform \u25ba kuscheliger Hoodie mit Kapuze, perfekt f\u00fcr einen coolen Look und als bequemer Layer an k\u00fchleren Tagen","robots":{"index":"index","follow":"follow","max-snippet":"max-snippet:-1","max-image-preview":"max-image-preview:large","max-video-preview":"max-video-preview:-1"},"canonical":"https:\/\/evupre.com\/us\/produkt\/lucerne-regatta-2025-hoodie-unisex\/","og_locale":"en_US","og_type":"article","og_title":"Lucerne Regatta 2025 Hoodie Unisex","og_description":"Lucerne Regatta Hoodie mit oversize Passform \u25ba kuscheliger Hoodie mit Kapuze, perfekt f\u00fcr einen coolen Look und als bequemer Layer an k\u00fchleren Tagen","og_url":"https:\/\/evupre.com\/us\/produkt\/lucerne-regatta-2025-hoodie-unisex\/","og_site_name":"EVUPRE","article_publisher":"https:\/\/www.facebook.com\/evupre\/","article_modified_time":"2026-02-04T15:45:26+00:00","og_image":[{"width":2000,"height":2000,"url":"https:\/\/evupre.com\/wp-content\/uploads\/2025\/12\/Hoodie-front-1.jpg","type":"image\/jpeg"}],"twitter_card":"summary_large_image","twitter_misc":{"Availability":"In stock"},"schema":{"@context":"https:\/\/schema.org","@graph":[{"@type":"WebPage","@id":"https:\/\/evupre.com\/us\/produkt\/lucerne-regatta-2025-hoodie-unisex\/","url":"https:\/\/evupre.com\/us\/produkt\/lucerne-regatta-2025-hoodie-unisex\/","name":"Lucerne Regatta 2025 Hoodie Unisex - EVUPRE","isPartOf":{"@id":"https:\/\/evupre.com\/us\/#website"},"primaryImageOfPage":{"@id":"https:\/\/evupre.com\/us\/produkt\/lucerne-regatta-2025-hoodie-unisex\/#primaryimage"},"image":{"@id":"https:\/\/evupre.com\/us\/produkt\/lucerne-regatta-2025-hoodie-unisex\/#primaryimage"},"thumbnailUrl":"https:\/\/evupre.com\/wp-content\/uploads\/2025\/12\/Hoodie-front-1.jpg","datePublished":"2025-12-09T13:31:59+00:00","dateModified":"2026-02-04T15:45:26+00:00","description":"Lucerne Regatta Hoodie mit oversize Passform \u25ba kuscheliger Hoodie mit Kapuze, perfekt f\u00fcr einen coolen Look und als bequemer Layer an k\u00fchleren Tagen","breadcrumb":{"@id":"https:\/\/evupre.com\/us\/produkt\/lucerne-regatta-2025-hoodie-unisex\/#breadcrumb"},"inLanguage":"en-US","potentialAction":[{"@type":"ReadAction","target":["https:\/\/evupre.com\/us\/produkt\/lucerne-regatta-2025-hoodie-unisex\/"]}]},{"@type":"ImageObject","inLanguage":"en-US","@id":"https:\/\/evupre.com\/us\/produkt\/lucerne-regatta-2025-hoodie-unisex\/#primaryimage","url":"https:\/\/evupre.com\/wp-content\/uploads\/2025\/12\/Hoodie-front-1.jpg","contentUrl":"https:\/\/evupre.com\/wp-content\/uploads\/2025\/12\/Hoodie-front-1.jpg","width":2000,"height":2000},{"@type":"BreadcrumbList","@id":"https:\/\/evupre.com\/us\/produkt\/lucerne-regatta-2025-hoodie-unisex\/#breadcrumb","itemListElement":[{"@type":"ListItem","position":1,"name":"Home","item":"https:\/\/evupre.com\/us\/home-3\/"},{"@type":"ListItem","position":2,"name":"Lucerne Regatta 2025 Hoodie Unisex"}]},{"@type":"WebSite","@id":"https:\/\/evupre.com\/us\/#website","url":"https:\/\/evupre.com\/us\/","name":"EVUPRE","description":"","publisher":{"@id":"https:\/\/evupre.com\/us\/#organization"},"potentialAction":[{"@type":"SearchAction","target":{"@type":"EntryPoint","urlTemplate":"https:\/\/evupre.com\/us\/?s={search_term_string}"},"query-input":{"@type":"PropertyValueSpecification","valueRequired":true,"valueName":"search_term_string"}}],"inLanguage":"en-US"},{"@type":"Organization","@id":"https:\/\/evupre.com\/us\/#organization","name":"EVUPRE","url":"https:\/\/evupre.com\/us\/","logo":{"@type":"ImageObject","inLanguage":"en-US","@id":"https:\/\/evupre.com\/us\/#\/schema\/logo\/image\/","url":"https:\/\/evupre.com\/wp-content\/uploads\/2020\/04\/Evupre-1.png","contentUrl":"https:\/\/evupre.com\/wp-content\/uploads\/2020\/04\/Evupre-1.png","width":300,"height":39,"caption":"EVUPRE"},"image":{"@id":"https:\/\/evupre.com\/us\/#\/schema\/logo\/image\/"},"sameAs":["https:\/\/www.facebook.com\/evupre\/","https:\/\/www.instagram.com\/evupre_performance_rowing\/"]}]},"og_availability":"instock","product_availability":"instock","product_condition":"new"},"_links":{"self":[{"href":"https:\/\/evupre.com\/us\/wp-json\/wp\/v2\/product\/171405","targetHints":{"allow":["GET"]}}],"collection":[{"href":"https:\/\/evupre.com\/us\/wp-json\/wp\/v2\/product"}],"about":[{"href":"https:\/\/evupre.com\/us\/wp-json\/wp\/v2\/types\/product"}],"replies":[{"embeddable":true,"href":"https:\/\/evupre.com\/us\/wp-json\/wp\/v2\/comments?post=171405"}],"wp:featuredmedia":[{"embeddable":true,"href":"https:\/\/evupre.com\/us\/wp-json\/wp\/v2\/media\/166946"}],"wp:attachment":[{"href":"https:\/\/evupre.com\/us\/wp-json\/wp\/v2\/media?parent=171405"}],"wp:term":[{"taxonomy":"product_brand","embeddable":true,"href":"https:\/\/evupre.com\/us\/wp-json\/wp\/v2\/product_brand?post=171405"},{"taxonomy":"product_cat","embeddable":true,"href":"https:\/\/evupre.com\/us\/wp-json\/wp\/v2\/product_cat?post=171405"},{"taxonomy":"product_tag","embeddable":true,"href":"https:\/\/evupre.com\/us\/wp-json\/wp\/v2\/product_tag?post=171405"}],"curies":[{"name":"wp","href":"https:\/\/api.w.org\/{rel}","templated":true}]}}