{"id":171118,"date":"2025-12-09T14:28:00","date_gmt":"2025-12-09T13:28:00","guid":{"rendered":"https:\/\/evupre.com\/?post_type=product&#038;p=171118"},"modified":"2025-12-09T15:40:58","modified_gmt":"2025-12-09T14:40:58","slug":"emr-24-retro-ss-damen","status":"publish","type":"product","link":"https:\/\/evupre.com\/us\/produkt\/emr-24-retro-ss-damen\/","title":{"rendered":"EMR 24 Retro SS Damen"},"content":{"rendered":"<div class=\"product-single__description rte\">\n<div class=\"page\" title=\"Page 6\">\n<div class=\"section\">\n<div class=\"layoutArea\">\n<div class=\"column\">\n<h1>Euro Masters Regatta Retro SS<\/h1>\n<p>Ein sch\u00f6nes Trainingsshirt mit sehr gutem Tragekomfort. Das EMR Short Sleeve ist ein Klassiker f\u00fcr Retro-Liebhaber &#8211; im Boot oder einfach nur f\u00fcr die Freizeit.<\/p>\n<h2>Eigenschaften und Details<\/h2>\n<p>Das\u00a0 Short Sleeve Top wird aus einem Baumwolle-Imitat (Kunstfaser) hergestellt. Der Stoff ist verh\u00e4ltnism\u00e4\u00dfig robust und etwas dichter gewebt, um im Vergleich mit den sehr d\u00fcnnen Performance Tops einen Retro Touch zu erzeugen. Dazu erzeugt der dicht gewebte Cotton-Touch Stoff eine tolle Optik und f\u00fchlt sich toll an auf der Haut.<\/p>\n<h2>Design<\/h2>\n<p>Die Farben des Short Sleeves sind Gr\u00fcn, Blau, Schwarz, Rot und Wei\u00df. Die legend\u00e4ren Symbole der Ruderwettbewerbe der Olympischen Spiele 1972 in M\u00fcnchen sind im Design integriert, ebenso das Logo der EMR und der Austragungsort. Au\u00dferdem haben wir uns mit dem eleganten Streifenmuster an Design Klassiker der 70er und 80er angelehnt.<\/p>\n<h2>Passform<\/h2>\n<p>Das EMR Retro Short Sleeve ist entspannt geschnitten. Im Vergleich zu den Performance Tops empfehlen wir hier eine Gr\u00f6\u00dfe kleiner zu w\u00e4hlen.<\/p>\n<p>Bist du stark im Zweifel, welche Gr\u00f6\u00dfe f\u00fcr dich passt? Schick uns ein E-Mail an <a href=\"mailto:shop@evupre.com\">shop@evupre.com<\/a>, wir geben dir gerne eine pers\u00f6nliche Beratung. Unsere Erfahrung hat gezeigt, dass wir gemeinsam die perfekte Gr\u00f6\u00dfe f\u00fcr dich finden. Au\u00dferdem erf\u00e4hrst du so noch viel mehr \u00fcber die EVUPRE Produkte.<\/p>\n<h2>Weitere Links<\/h2>\n<p>F\u00fcr ausf\u00fchrlichere Fotos und Berichte zu unseren Produkten sowie f\u00fcr weitere Sch\u00e4tze aus unserer EVUPRE Ruderkollektion empfehlen wir unsere <a href=\"https:\/\/www.instagram.com\/evupre_performance_rowing\/\">Instagram<\/a> oder <a href=\"https:\/\/www.facebook.com\/evupre\">Facebook<\/a> Seiten. In der Schweiz und Deutschland sind wir bei <a href=\"https:\/\/www.4row.com\/de\/ch\/\">4row<\/a>, in den Niederlanden bei <a href=\"https:\/\/www.eurow.eu\/de\/ruder-bekleidung\/ruder-handschuhe.html\">EUROW<\/a>, in Skandinavien durch <a href=\"https:\/\/all4rowing.com\">All4Rowing<\/a> und\u00a0<a href=\"https:\/\/www.rowgeneration.se\/\">ROW Generation <\/a>und in Gro\u00dfbritannien bei\u00a0<a href=\"https:\/\/www.fwd2row.co.uk\/\">FWD2Row<\/a>\u00a0vertreten.<\/p>\n<\/div>\n<\/div>\n<\/div>\n<\/div>\n<\/div>\n","protected":false},"excerpt":{"rendered":"<div class=\"woocommerce-product-details__short-description\">\n<ul>\n<li>Performance Top aus unserem Retro-Stoff (Cotton-Touch)<\/li>\n<li>Dicht gewebter Polyesterstoff (100%)<\/li>\n<li>Raglan\u00e4rmel<\/li>\n<li>Regular-Fit, locker geschnitten<\/li>\n<\/ul>\n<\/div>\n","protected":false},"featured_media":165574,"comment_status":"open","ping_status":"closed","template":"","meta":{"_acf_changed":false},"product_brand":[],"product_cat":[1342],"product_tag":[1695,1004],"class_list":{"0":"post-171118","1":"product","2":"type-product","3":"status-publish","4":"has-post-thumbnail","6":"product_cat-damen","7":"product_tag-emr24","8":"product_tag-women","9":"tm-no-options","11":"first","12":"instock","13":"featured","14":"taxable","15":"shipping-taxable","16":"purchasable","17":"product-type-variable","18":"wpzoom-wc-spi-has-enabled"},"supplier_id":null,"supplier_sku":"","barcode":null,"atum_controlled":true,"out_stock_date":null,"out_stock_threshold":null,"inheritable":false,"inbound_stock":0,"stock_on_hold":0,"sold_today":0,"sales_last_days":0,"reserved_stock":0,"customer_returns":0,"warehouse_damage":0,"lost_in_post":0,"other_logs":0,"out_stock_days":0,"lost_sales":0,"has_location":false,"update_date":"2026-04-10T09:43:43","atum_locations":[],"atum_stock_status":"instock","restock_status":false,"low_stock_amount":"","sales_update_date":"2026-04-10T09:43:43","calc_backorders":null,"mi_inventories":[],"multi_inventory":"no","inventory_sorting_mode":"global","inventory_iteration":"global","expirable_inventories":"global","price_per_inventory":"global","show_write_off_inventories":"global","selectable_inventories":"global","selectable_inventories_mode":"global","acf":[],"yoast_head":"<!-- This site is optimized with the Yoast SEO Premium plugin v23.0 (Yoast SEO v26.6) - https:\/\/yoast.com\/wordpress\/plugins\/seo\/ -->\n<title>Euro Masters Regatta Retro SS Damen - EVUPRE<\/title>\n<meta name=\"description\" content=\"EMR Retro Short Sleeve f\u00fcr den Rudersport \u25ba Atmungsaktiver Tech-Stoff, Bewegungsfreiheit durch Raglan\u00e4rmel, angenehm und schnell trocknend.\" \/>\n<meta name=\"robots\" content=\"index, follow, max-snippet:-1, max-image-preview:large, max-video-preview:-1\" \/>\n<link rel=\"canonical\" href=\"https:\/\/evupre.com\/us\/produkt\/emr-24-retro-ss-damen\/\" \/>\n<meta property=\"og:locale\" content=\"en_US\" \/>\n<meta property=\"og:type\" content=\"article\" \/>\n<meta property=\"og:title\" content=\"EMR 24 Retro SS Damen\" \/>\n<meta property=\"og:description\" content=\"EMR Retro Short Sleeve f\u00fcr den Rudersport \u25ba Atmungsaktiver Tech-Stoff, Bewegungsfreiheit durch Raglan\u00e4rmel, angenehm und schnell trocknend.\" \/>\n<meta property=\"og:url\" content=\"https:\/\/evupre.com\/us\/produkt\/emr-24-retro-ss-damen\/\" \/>\n<meta property=\"og:site_name\" content=\"EVUPRE\" \/>\n<meta property=\"article:publisher\" content=\"https:\/\/www.facebook.com\/evupre\/\" \/>\n<meta property=\"article:modified_time\" content=\"2025-12-09T14:40:58+00:00\" \/>\n<meta property=\"og:image\" content=\"https:\/\/evupre.com\/wp-content\/uploads\/2025\/12\/EVUPRE-Product_Sale-20251106-011-scaled-1.jpg\" \/>\n\t<meta property=\"og:image:width\" content=\"1707\" \/>\n\t<meta property=\"og:image:height\" content=\"2560\" \/>\n\t<meta property=\"og:image:type\" content=\"image\/jpeg\" \/>\n<meta name=\"twitter:card\" content=\"summary_large_image\" \/>\n<meta name=\"twitter:label1\" content=\"Availability\" \/>\n\t<meta name=\"twitter:data1\" content=\"In stock\" \/>\n<script type=\"application\/ld+json\" class=\"yoast-schema-graph\">{\"@context\":\"https:\/\/schema.org\",\"@graph\":[{\"@type\":\"WebPage\",\"@id\":\"https:\/\/evupre.com\/us\/produkt\/emr-24-retro-ss-damen\/\",\"url\":\"https:\/\/evupre.com\/us\/produkt\/emr-24-retro-ss-damen\/\",\"name\":\"Euro Masters Regatta Retro SS Damen - EVUPRE\",\"isPartOf\":{\"@id\":\"https:\/\/evupre.com\/us\/#website\"},\"primaryImageOfPage\":{\"@id\":\"https:\/\/evupre.com\/us\/produkt\/emr-24-retro-ss-damen\/#primaryimage\"},\"image\":{\"@id\":\"https:\/\/evupre.com\/us\/produkt\/emr-24-retro-ss-damen\/#primaryimage\"},\"thumbnailUrl\":\"https:\/\/evupre.com\/wp-content\/uploads\/2025\/12\/EVUPRE-Product_Sale-20251106-011-scaled-1.jpg\",\"datePublished\":\"2025-12-09T13:28:00+00:00\",\"dateModified\":\"2025-12-09T14:40:58+00:00\",\"description\":\"EMR Retro Short Sleeve f\u00fcr den Rudersport \u25ba Atmungsaktiver Tech-Stoff, Bewegungsfreiheit durch Raglan\u00e4rmel, angenehm und schnell trocknend.\",\"breadcrumb\":{\"@id\":\"https:\/\/evupre.com\/us\/produkt\/emr-24-retro-ss-damen\/#breadcrumb\"},\"inLanguage\":\"en-US\",\"potentialAction\":[{\"@type\":\"ReadAction\",\"target\":[\"https:\/\/evupre.com\/us\/produkt\/emr-24-retro-ss-damen\/\"]}]},{\"@type\":\"ImageObject\",\"inLanguage\":\"en-US\",\"@id\":\"https:\/\/evupre.com\/us\/produkt\/emr-24-retro-ss-damen\/#primaryimage\",\"url\":\"https:\/\/evupre.com\/wp-content\/uploads\/2025\/12\/EVUPRE-Product_Sale-20251106-011-scaled-1.jpg\",\"contentUrl\":\"https:\/\/evupre.com\/wp-content\/uploads\/2025\/12\/EVUPRE-Product_Sale-20251106-011-scaled-1.jpg\",\"width\":1707,\"height\":2560},{\"@type\":\"BreadcrumbList\",\"@id\":\"https:\/\/evupre.com\/us\/produkt\/emr-24-retro-ss-damen\/#breadcrumb\",\"itemListElement\":[{\"@type\":\"ListItem\",\"position\":1,\"name\":\"Home\",\"item\":\"https:\/\/evupre.com\/us\/home-3\/\"},{\"@type\":\"ListItem\",\"position\":2,\"name\":\"EMR 24 Retro SS Damen\"}]},{\"@type\":\"WebSite\",\"@id\":\"https:\/\/evupre.com\/us\/#website\",\"url\":\"https:\/\/evupre.com\/us\/\",\"name\":\"EVUPRE\",\"description\":\"\",\"publisher\":{\"@id\":\"https:\/\/evupre.com\/us\/#organization\"},\"potentialAction\":[{\"@type\":\"SearchAction\",\"target\":{\"@type\":\"EntryPoint\",\"urlTemplate\":\"https:\/\/evupre.com\/us\/?s={search_term_string}\"},\"query-input\":{\"@type\":\"PropertyValueSpecification\",\"valueRequired\":true,\"valueName\":\"search_term_string\"}}],\"inLanguage\":\"en-US\"},{\"@type\":\"Organization\",\"@id\":\"https:\/\/evupre.com\/us\/#organization\",\"name\":\"EVUPRE\",\"url\":\"https:\/\/evupre.com\/us\/\",\"logo\":{\"@type\":\"ImageObject\",\"inLanguage\":\"en-US\",\"@id\":\"https:\/\/evupre.com\/us\/#\/schema\/logo\/image\/\",\"url\":\"https:\/\/evupre.com\/wp-content\/uploads\/2020\/04\/Evupre-1.png\",\"contentUrl\":\"https:\/\/evupre.com\/wp-content\/uploads\/2020\/04\/Evupre-1.png\",\"width\":300,\"height\":39,\"caption\":\"EVUPRE\"},\"image\":{\"@id\":\"https:\/\/evupre.com\/us\/#\/schema\/logo\/image\/\"},\"sameAs\":[\"https:\/\/www.facebook.com\/evupre\/\",\"https:\/\/www.instagram.com\/evupre_performance_rowing\/\"]}]}<\/script>\n<meta property=\"og:availability\" content=\"instock\" \/>\n<meta property=\"product:availability\" content=\"instock\" \/>\n<meta property=\"product:condition\" content=\"new\" \/>\n<!-- \/ Yoast SEO Premium plugin. -->","yoast_head_json":{"title":"Euro Masters Regatta Retro SS Damen - EVUPRE","description":"EMR Retro Short Sleeve f\u00fcr den Rudersport \u25ba Atmungsaktiver Tech-Stoff, Bewegungsfreiheit durch Raglan\u00e4rmel, angenehm und schnell trocknend.","robots":{"index":"index","follow":"follow","max-snippet":"max-snippet:-1","max-image-preview":"max-image-preview:large","max-video-preview":"max-video-preview:-1"},"canonical":"https:\/\/evupre.com\/us\/produkt\/emr-24-retro-ss-damen\/","og_locale":"en_US","og_type":"article","og_title":"EMR 24 Retro SS Damen","og_description":"EMR Retro Short Sleeve f\u00fcr den Rudersport \u25ba Atmungsaktiver Tech-Stoff, Bewegungsfreiheit durch Raglan\u00e4rmel, angenehm und schnell trocknend.","og_url":"https:\/\/evupre.com\/us\/produkt\/emr-24-retro-ss-damen\/","og_site_name":"EVUPRE","article_publisher":"https:\/\/www.facebook.com\/evupre\/","article_modified_time":"2025-12-09T14:40:58+00:00","og_image":[{"width":1707,"height":2560,"url":"https:\/\/evupre.com\/wp-content\/uploads\/2025\/12\/EVUPRE-Product_Sale-20251106-011-scaled-1.jpg","type":"image\/jpeg"}],"twitter_card":"summary_large_image","twitter_misc":{"Availability":"In stock"},"schema":{"@context":"https:\/\/schema.org","@graph":[{"@type":"WebPage","@id":"https:\/\/evupre.com\/us\/produkt\/emr-24-retro-ss-damen\/","url":"https:\/\/evupre.com\/us\/produkt\/emr-24-retro-ss-damen\/","name":"Euro Masters Regatta Retro SS Damen - EVUPRE","isPartOf":{"@id":"https:\/\/evupre.com\/us\/#website"},"primaryImageOfPage":{"@id":"https:\/\/evupre.com\/us\/produkt\/emr-24-retro-ss-damen\/#primaryimage"},"image":{"@id":"https:\/\/evupre.com\/us\/produkt\/emr-24-retro-ss-damen\/#primaryimage"},"thumbnailUrl":"https:\/\/evupre.com\/wp-content\/uploads\/2025\/12\/EVUPRE-Product_Sale-20251106-011-scaled-1.jpg","datePublished":"2025-12-09T13:28:00+00:00","dateModified":"2025-12-09T14:40:58+00:00","description":"EMR Retro Short Sleeve f\u00fcr den Rudersport \u25ba Atmungsaktiver Tech-Stoff, Bewegungsfreiheit durch Raglan\u00e4rmel, angenehm und schnell trocknend.","breadcrumb":{"@id":"https:\/\/evupre.com\/us\/produkt\/emr-24-retro-ss-damen\/#breadcrumb"},"inLanguage":"en-US","potentialAction":[{"@type":"ReadAction","target":["https:\/\/evupre.com\/us\/produkt\/emr-24-retro-ss-damen\/"]}]},{"@type":"ImageObject","inLanguage":"en-US","@id":"https:\/\/evupre.com\/us\/produkt\/emr-24-retro-ss-damen\/#primaryimage","url":"https:\/\/evupre.com\/wp-content\/uploads\/2025\/12\/EVUPRE-Product_Sale-20251106-011-scaled-1.jpg","contentUrl":"https:\/\/evupre.com\/wp-content\/uploads\/2025\/12\/EVUPRE-Product_Sale-20251106-011-scaled-1.jpg","width":1707,"height":2560},{"@type":"BreadcrumbList","@id":"https:\/\/evupre.com\/us\/produkt\/emr-24-retro-ss-damen\/#breadcrumb","itemListElement":[{"@type":"ListItem","position":1,"name":"Home","item":"https:\/\/evupre.com\/us\/home-3\/"},{"@type":"ListItem","position":2,"name":"EMR 24 Retro SS Damen"}]},{"@type":"WebSite","@id":"https:\/\/evupre.com\/us\/#website","url":"https:\/\/evupre.com\/us\/","name":"EVUPRE","description":"","publisher":{"@id":"https:\/\/evupre.com\/us\/#organization"},"potentialAction":[{"@type":"SearchAction","target":{"@type":"EntryPoint","urlTemplate":"https:\/\/evupre.com\/us\/?s={search_term_string}"},"query-input":{"@type":"PropertyValueSpecification","valueRequired":true,"valueName":"search_term_string"}}],"inLanguage":"en-US"},{"@type":"Organization","@id":"https:\/\/evupre.com\/us\/#organization","name":"EVUPRE","url":"https:\/\/evupre.com\/us\/","logo":{"@type":"ImageObject","inLanguage":"en-US","@id":"https:\/\/evupre.com\/us\/#\/schema\/logo\/image\/","url":"https:\/\/evupre.com\/wp-content\/uploads\/2020\/04\/Evupre-1.png","contentUrl":"https:\/\/evupre.com\/wp-content\/uploads\/2020\/04\/Evupre-1.png","width":300,"height":39,"caption":"EVUPRE"},"image":{"@id":"https:\/\/evupre.com\/us\/#\/schema\/logo\/image\/"},"sameAs":["https:\/\/www.facebook.com\/evupre\/","https:\/\/www.instagram.com\/evupre_performance_rowing\/"]}]},"og_availability":"instock","product_availability":"instock","product_condition":"new"},"_links":{"self":[{"href":"https:\/\/evupre.com\/us\/wp-json\/wp\/v2\/product\/171118","targetHints":{"allow":["GET"]}}],"collection":[{"href":"https:\/\/evupre.com\/us\/wp-json\/wp\/v2\/product"}],"about":[{"href":"https:\/\/evupre.com\/us\/wp-json\/wp\/v2\/types\/product"}],"replies":[{"embeddable":true,"href":"https:\/\/evupre.com\/us\/wp-json\/wp\/v2\/comments?post=171118"}],"wp:featuredmedia":[{"embeddable":true,"href":"https:\/\/evupre.com\/us\/wp-json\/wp\/v2\/media\/165574"}],"wp:attachment":[{"href":"https:\/\/evupre.com\/us\/wp-json\/wp\/v2\/media?parent=171118"}],"wp:term":[{"taxonomy":"product_brand","embeddable":true,"href":"https:\/\/evupre.com\/us\/wp-json\/wp\/v2\/product_brand?post=171118"},{"taxonomy":"product_cat","embeddable":true,"href":"https:\/\/evupre.com\/us\/wp-json\/wp\/v2\/product_cat?post=171118"},{"taxonomy":"product_tag","embeddable":true,"href":"https:\/\/evupre.com\/us\/wp-json\/wp\/v2\/product_tag?post=171118"}],"curies":[{"name":"wp","href":"https:\/\/api.w.org\/{rel}","templated":true}]}}