{"id":170688,"date":"2025-12-09T14:21:18","date_gmt":"2025-12-09T13:21:18","guid":{"rendered":"https:\/\/evupre.com\/?post_type=product&#038;p=170688"},"modified":"2026-04-02T16:24:15","modified_gmt":"2026-04-02T14:24:15","slug":"pro-einteiler-gifu-damen","status":"publish","type":"product","link":"https:\/\/evupre.com\/us\/produkt\/pro-einteiler-gifu-damen\/","title":{"rendered":"Pro Einteiler Gifu Damen"},"content":{"rendered":"<div class=\"wpb-content-wrapper\">[vc_row][vc_column][vc_column_text text_lead=&#8221;small&#8221; uncode_shortcode_id=&#8221;214420&#8243;]<strong>Gifu<\/strong>\u00a02005 war eine legend\u00e4re WM, die erste in Asien. Hundertstel Krimis der Slowenen im M2x oder der Deutschen im LW2x und perfekte Organisation auf der Regattastrecke in Nagaragawa, keine drei Stunden Stunden mit dem Shinkansen westlich von Tokyo. Spannend sind aber nicht nur die Rennen, sondern auch das Design Japans, man denke an Kalligraphie, Mangas oder den Bauhaus Stil der Nachkriegszeit. Unsere Interpretation ist ein auff\u00e4lliges High Visibility Design, das im Trubel von Tokyo nicht untergeht, aber dennoch Stil hat.<\/p>\n<p>Unsere\u00a0<strong>Pro Einteiler<\/strong>\u00a0bestehen aus schnelltrocknenden, leichten und hochelastischen Stoffen aus Lycra und Polyester, die optimale Beweglichkeit bei jedem Tempo garantieren. Im Sitzbereich sorgt eine nahtfreie Verarbeitung mit doppelter Stofflage f\u00fcr angenehmen Tragekomfort. Der verst\u00e4rkte Stoff an R\u00fccken und Vorderseite des Unterteils ist eingef\u00e4rbt und besonders abriebfest \u2013 so bleibt der Einteiler lange formsch\u00f6n. Die Mesh-Seitenpaneele an beiden Seiten des Oberteils sorgen f\u00fcr effiziente Bel\u00fcftung und schnelle K\u00fchlung. Elastische Beinabschl\u00fcsse mit Silikon-Gripper an der Innenseite gew\u00e4hrleisten einen sicheren, rutschfesten Sitz.<\/p>\n<p>Das\u00a0<strong>Damenmodell<\/strong>\u00a0zeichnet sich durch eine V-f\u00f6rmige Naht zwischen Ober- und Unterteil aus, die eine sch\u00f6ne Taillenform betont. Der sportliche R\u00fcckenausschnitt l\u00e4sst die Schulterbl\u00e4tter frei. Im Brustbereich werden zwei Stoffschichten verarbeitet, um Blickdichtheit zu garantieren.[\/vc_column_text][\/vc_column][\/vc_row]\n<\/div>","protected":false},"excerpt":{"rendered":"<ul>\n<li class=\"whitespace-normal break-words\">Performance-Einteiler mit Mesh-Seitenpaneelen f\u00fcr optimale Bel\u00fcftung<\/li>\n<li class=\"whitespace-normal break-words\">Schnelltrocknende Lycra- und Polyester-Stoffe<\/li>\n<li class=\"whitespace-normal break-words\">Nahtfreier Sitzbereich mit doppelter Lycra-Schicht<\/li>\n<li class=\"whitespace-normal break-words\">Beinabschl\u00fcsse mit Silikon-Gripper f\u00fcr rutschfesten Sitz<\/li>\n<li class=\"whitespace-normal break-words\">Oberteil mit pinken Akzenten, Hose in Mitternachtsblau<\/li>\n<\/ul>\n","protected":false},"featured_media":164090,"comment_status":"open","ping_status":"closed","template":"","meta":{"_acf_changed":false},"product_brand":[],"product_cat":[1342,1940],"product_tag":[1004],"class_list":{"0":"post-170688","1":"product","2":"type-product","3":"status-publish","4":"has-post-thumbnail","6":"product_cat-damen","7":"product_cat-einteiler-damen","8":"product_tag-women","9":"pa_style-women","10":"tm-no-options","12":"first","13":"instock","14":"featured","15":"taxable","16":"shipping-taxable","17":"purchasable","18":"product-type-variable","19":"wpzoom-wc-spi-has-enabled"},"supplier_id":null,"supplier_sku":"","barcode":null,"atum_controlled":true,"out_stock_date":null,"out_stock_threshold":null,"inheritable":true,"inbound_stock":0,"stock_on_hold":0,"sold_today":0,"sales_last_days":2,"reserved_stock":0,"customer_returns":0,"warehouse_damage":0,"lost_in_post":0,"other_logs":0,"out_stock_days":0,"lost_sales":0,"has_location":false,"update_date":"2026-04-13T15:04:55","atum_locations":[],"atum_stock_status":"instock","restock_status":false,"low_stock_amount":"","sales_update_date":"2026-04-13T15:04:55","calc_backorders":null,"mi_inventories":[],"multi_inventory":"no","inventory_sorting_mode":"global","inventory_iteration":"global","expirable_inventories":"global","price_per_inventory":"global","show_write_off_inventories":"global","selectable_inventories":"global","selectable_inventories_mode":"global","acf":[],"yoast_head":"<!-- This site is optimized with the Yoast SEO Premium plugin v23.0 (Yoast SEO v26.6) - https:\/\/yoast.com\/wordpress\/plugins\/seo\/ -->\n<title>Pro Einteiler Gifu Damen - EVUPRE Rudereinteiler<\/title>\n<meta name=\"description\" content=\"Performance Rudereinteiler Gifu \u25ba Schnell trocknend, atmungsaktiv und dehnbar, mit nahtfreiem Sitzbereich f\u00fcr hohen Tragekomfort.\" \/>\n<meta name=\"robots\" content=\"index, follow, max-snippet:-1, max-image-preview:large, max-video-preview:-1\" \/>\n<link rel=\"canonical\" href=\"https:\/\/evupre.com\/us\/produkt\/pro-einteiler-gifu-damen\/\" \/>\n<meta property=\"og:locale\" content=\"en_US\" \/>\n<meta property=\"og:type\" content=\"article\" \/>\n<meta property=\"og:title\" content=\"Pro Einteiler Gifu Damen\" \/>\n<meta property=\"og:description\" content=\"Performance Rudereinteiler Gifu \u25ba Schnell trocknend, atmungsaktiv und dehnbar, mit nahtfreiem Sitzbereich f\u00fcr hohen Tragekomfort.\" \/>\n<meta property=\"og:url\" content=\"https:\/\/evupre.com\/us\/produkt\/pro-einteiler-gifu-damen\/\" \/>\n<meta property=\"og:site_name\" content=\"EVUPRE\" \/>\n<meta property=\"article:publisher\" content=\"https:\/\/www.facebook.com\/evupre\/\" \/>\n<meta property=\"article:modified_time\" content=\"2026-04-02T14:24:15+00:00\" \/>\n<meta property=\"og:image\" content=\"https:\/\/evupre.com\/wp-content\/uploads\/2025\/12\/RAR_Gifu_Women_front_sq-scaled-1.jpg\" \/>\n\t<meta property=\"og:image:width\" content=\"2560\" \/>\n\t<meta property=\"og:image:height\" content=\"2560\" \/>\n\t<meta property=\"og:image:type\" content=\"image\/jpeg\" \/>\n<meta name=\"twitter:card\" content=\"summary_large_image\" \/>\n<meta name=\"twitter:label1\" content=\"Availability\" \/>\n\t<meta name=\"twitter:data1\" content=\"In stock\" \/>\n<script type=\"application\/ld+json\" class=\"yoast-schema-graph\">{\"@context\":\"https:\/\/schema.org\",\"@graph\":[{\"@type\":\"WebPage\",\"@id\":\"https:\/\/evupre.com\/us\/produkt\/pro-einteiler-gifu-damen\/\",\"url\":\"https:\/\/evupre.com\/us\/produkt\/pro-einteiler-gifu-damen\/\",\"name\":\"Pro Einteiler Gifu Damen - EVUPRE Rudereinteiler\",\"isPartOf\":{\"@id\":\"https:\/\/evupre.com\/us\/#website\"},\"primaryImageOfPage\":{\"@id\":\"https:\/\/evupre.com\/us\/produkt\/pro-einteiler-gifu-damen\/#primaryimage\"},\"image\":{\"@id\":\"https:\/\/evupre.com\/us\/produkt\/pro-einteiler-gifu-damen\/#primaryimage\"},\"thumbnailUrl\":\"https:\/\/evupre.com\/wp-content\/uploads\/2025\/12\/RAR_Gifu_Women_front_sq-scaled-1.jpg\",\"datePublished\":\"2025-12-09T13:21:18+00:00\",\"dateModified\":\"2026-04-02T14:24:15+00:00\",\"description\":\"Performance Rudereinteiler Gifu \u25ba Schnell trocknend, atmungsaktiv und dehnbar, mit nahtfreiem Sitzbereich f\u00fcr hohen Tragekomfort.\",\"breadcrumb\":{\"@id\":\"https:\/\/evupre.com\/us\/produkt\/pro-einteiler-gifu-damen\/#breadcrumb\"},\"inLanguage\":\"en-US\",\"potentialAction\":[{\"@type\":\"ReadAction\",\"target\":[\"https:\/\/evupre.com\/us\/produkt\/pro-einteiler-gifu-damen\/\"]}]},{\"@type\":\"ImageObject\",\"inLanguage\":\"en-US\",\"@id\":\"https:\/\/evupre.com\/us\/produkt\/pro-einteiler-gifu-damen\/#primaryimage\",\"url\":\"https:\/\/evupre.com\/wp-content\/uploads\/2025\/12\/RAR_Gifu_Women_front_sq-scaled-1.jpg\",\"contentUrl\":\"https:\/\/evupre.com\/wp-content\/uploads\/2025\/12\/RAR_Gifu_Women_front_sq-scaled-1.jpg\",\"width\":2560,\"height\":2560},{\"@type\":\"BreadcrumbList\",\"@id\":\"https:\/\/evupre.com\/us\/produkt\/pro-einteiler-gifu-damen\/#breadcrumb\",\"itemListElement\":[{\"@type\":\"ListItem\",\"position\":1,\"name\":\"Home\",\"item\":\"https:\/\/evupre.com\/us\/home-3\/\"},{\"@type\":\"ListItem\",\"position\":2,\"name\":\"Pro Einteiler Gifu Damen\"}]},{\"@type\":\"WebSite\",\"@id\":\"https:\/\/evupre.com\/us\/#website\",\"url\":\"https:\/\/evupre.com\/us\/\",\"name\":\"EVUPRE\",\"description\":\"\",\"publisher\":{\"@id\":\"https:\/\/evupre.com\/us\/#organization\"},\"potentialAction\":[{\"@type\":\"SearchAction\",\"target\":{\"@type\":\"EntryPoint\",\"urlTemplate\":\"https:\/\/evupre.com\/us\/?s={search_term_string}\"},\"query-input\":{\"@type\":\"PropertyValueSpecification\",\"valueRequired\":true,\"valueName\":\"search_term_string\"}}],\"inLanguage\":\"en-US\"},{\"@type\":\"Organization\",\"@id\":\"https:\/\/evupre.com\/us\/#organization\",\"name\":\"EVUPRE\",\"url\":\"https:\/\/evupre.com\/us\/\",\"logo\":{\"@type\":\"ImageObject\",\"inLanguage\":\"en-US\",\"@id\":\"https:\/\/evupre.com\/us\/#\/schema\/logo\/image\/\",\"url\":\"https:\/\/evupre.com\/wp-content\/uploads\/2020\/04\/Evupre-1.png\",\"contentUrl\":\"https:\/\/evupre.com\/wp-content\/uploads\/2020\/04\/Evupre-1.png\",\"width\":300,\"height\":39,\"caption\":\"EVUPRE\"},\"image\":{\"@id\":\"https:\/\/evupre.com\/us\/#\/schema\/logo\/image\/\"},\"sameAs\":[\"https:\/\/www.facebook.com\/evupre\/\",\"https:\/\/www.instagram.com\/evupre_performance_rowing\/\"]}]}<\/script>\n<meta property=\"og:availability\" content=\"instock\" \/>\n<meta property=\"product:availability\" content=\"instock\" \/>\n<meta property=\"product:condition\" content=\"new\" \/>\n<!-- \/ Yoast SEO Premium plugin. -->","yoast_head_json":{"title":"Pro Einteiler Gifu Damen - EVUPRE Rudereinteiler","description":"Performance Rudereinteiler Gifu \u25ba Schnell trocknend, atmungsaktiv und dehnbar, mit nahtfreiem Sitzbereich f\u00fcr hohen Tragekomfort.","robots":{"index":"index","follow":"follow","max-snippet":"max-snippet:-1","max-image-preview":"max-image-preview:large","max-video-preview":"max-video-preview:-1"},"canonical":"https:\/\/evupre.com\/us\/produkt\/pro-einteiler-gifu-damen\/","og_locale":"en_US","og_type":"article","og_title":"Pro Einteiler Gifu Damen","og_description":"Performance Rudereinteiler Gifu \u25ba Schnell trocknend, atmungsaktiv und dehnbar, mit nahtfreiem Sitzbereich f\u00fcr hohen Tragekomfort.","og_url":"https:\/\/evupre.com\/us\/produkt\/pro-einteiler-gifu-damen\/","og_site_name":"EVUPRE","article_publisher":"https:\/\/www.facebook.com\/evupre\/","article_modified_time":"2026-04-02T14:24:15+00:00","og_image":[{"width":2560,"height":2560,"url":"https:\/\/evupre.com\/wp-content\/uploads\/2025\/12\/RAR_Gifu_Women_front_sq-scaled-1.jpg","type":"image\/jpeg"}],"twitter_card":"summary_large_image","twitter_misc":{"Availability":"In stock"},"schema":{"@context":"https:\/\/schema.org","@graph":[{"@type":"WebPage","@id":"https:\/\/evupre.com\/us\/produkt\/pro-einteiler-gifu-damen\/","url":"https:\/\/evupre.com\/us\/produkt\/pro-einteiler-gifu-damen\/","name":"Pro Einteiler Gifu Damen - EVUPRE Rudereinteiler","isPartOf":{"@id":"https:\/\/evupre.com\/us\/#website"},"primaryImageOfPage":{"@id":"https:\/\/evupre.com\/us\/produkt\/pro-einteiler-gifu-damen\/#primaryimage"},"image":{"@id":"https:\/\/evupre.com\/us\/produkt\/pro-einteiler-gifu-damen\/#primaryimage"},"thumbnailUrl":"https:\/\/evupre.com\/wp-content\/uploads\/2025\/12\/RAR_Gifu_Women_front_sq-scaled-1.jpg","datePublished":"2025-12-09T13:21:18+00:00","dateModified":"2026-04-02T14:24:15+00:00","description":"Performance Rudereinteiler Gifu \u25ba Schnell trocknend, atmungsaktiv und dehnbar, mit nahtfreiem Sitzbereich f\u00fcr hohen Tragekomfort.","breadcrumb":{"@id":"https:\/\/evupre.com\/us\/produkt\/pro-einteiler-gifu-damen\/#breadcrumb"},"inLanguage":"en-US","potentialAction":[{"@type":"ReadAction","target":["https:\/\/evupre.com\/us\/produkt\/pro-einteiler-gifu-damen\/"]}]},{"@type":"ImageObject","inLanguage":"en-US","@id":"https:\/\/evupre.com\/us\/produkt\/pro-einteiler-gifu-damen\/#primaryimage","url":"https:\/\/evupre.com\/wp-content\/uploads\/2025\/12\/RAR_Gifu_Women_front_sq-scaled-1.jpg","contentUrl":"https:\/\/evupre.com\/wp-content\/uploads\/2025\/12\/RAR_Gifu_Women_front_sq-scaled-1.jpg","width":2560,"height":2560},{"@type":"BreadcrumbList","@id":"https:\/\/evupre.com\/us\/produkt\/pro-einteiler-gifu-damen\/#breadcrumb","itemListElement":[{"@type":"ListItem","position":1,"name":"Home","item":"https:\/\/evupre.com\/us\/home-3\/"},{"@type":"ListItem","position":2,"name":"Pro Einteiler Gifu Damen"}]},{"@type":"WebSite","@id":"https:\/\/evupre.com\/us\/#website","url":"https:\/\/evupre.com\/us\/","name":"EVUPRE","description":"","publisher":{"@id":"https:\/\/evupre.com\/us\/#organization"},"potentialAction":[{"@type":"SearchAction","target":{"@type":"EntryPoint","urlTemplate":"https:\/\/evupre.com\/us\/?s={search_term_string}"},"query-input":{"@type":"PropertyValueSpecification","valueRequired":true,"valueName":"search_term_string"}}],"inLanguage":"en-US"},{"@type":"Organization","@id":"https:\/\/evupre.com\/us\/#organization","name":"EVUPRE","url":"https:\/\/evupre.com\/us\/","logo":{"@type":"ImageObject","inLanguage":"en-US","@id":"https:\/\/evupre.com\/us\/#\/schema\/logo\/image\/","url":"https:\/\/evupre.com\/wp-content\/uploads\/2020\/04\/Evupre-1.png","contentUrl":"https:\/\/evupre.com\/wp-content\/uploads\/2020\/04\/Evupre-1.png","width":300,"height":39,"caption":"EVUPRE"},"image":{"@id":"https:\/\/evupre.com\/us\/#\/schema\/logo\/image\/"},"sameAs":["https:\/\/www.facebook.com\/evupre\/","https:\/\/www.instagram.com\/evupre_performance_rowing\/"]}]},"og_availability":"instock","product_availability":"instock","product_condition":"new"},"_links":{"self":[{"href":"https:\/\/evupre.com\/us\/wp-json\/wp\/v2\/product\/170688","targetHints":{"allow":["GET"]}}],"collection":[{"href":"https:\/\/evupre.com\/us\/wp-json\/wp\/v2\/product"}],"about":[{"href":"https:\/\/evupre.com\/us\/wp-json\/wp\/v2\/types\/product"}],"replies":[{"embeddable":true,"href":"https:\/\/evupre.com\/us\/wp-json\/wp\/v2\/comments?post=170688"}],"wp:featuredmedia":[{"embeddable":true,"href":"https:\/\/evupre.com\/us\/wp-json\/wp\/v2\/media\/164090"}],"wp:attachment":[{"href":"https:\/\/evupre.com\/us\/wp-json\/wp\/v2\/media?parent=170688"}],"wp:term":[{"taxonomy":"product_brand","embeddable":true,"href":"https:\/\/evupre.com\/us\/wp-json\/wp\/v2\/product_brand?post=170688"},{"taxonomy":"product_cat","embeddable":true,"href":"https:\/\/evupre.com\/us\/wp-json\/wp\/v2\/product_cat?post=170688"},{"taxonomy":"product_tag","embeddable":true,"href":"https:\/\/evupre.com\/us\/wp-json\/wp\/v2\/product_tag?post=170688"}],"curies":[{"name":"wp","href":"https:\/\/api.w.org\/{rel}","templated":true}]}}