{"id":169325,"date":"2025-12-09T13:52:59","date_gmt":"2025-12-09T12:52:59","guid":{"rendered":"https:\/\/evupre.com\/?post_type=product&#038;p=169325"},"modified":"2025-12-09T15:10:40","modified_gmt":"2025-12-09T14:10:40","slug":"pro-einteiler-tampere-damen","status":"publish","type":"product","link":"https:\/\/evupre.com\/us\/produkt\/pro-einteiler-tampere-damen\/","title":{"rendered":"Pro Einteiler Tampere Damen"},"content":{"rendered":"<div class=\"product-single__description rte\">\n<div class=\"page\" title=\"Page 6\">\n<div class=\"section\">\n<div class=\"layoutArea\">\n<div class=\"column\">\n<h1>PRO Einteiler Tampere Women<\/h1>\n<p>Mit unserem Pro Einteiler Tampere Women bringst du dein Boot sicher zum Laufen. Durch den k\u00f6rpernahen Schnitt und die Kombination von Unter- und Oberteil werden Auslage und Endzug zum reibungslosen Genuss. Somit ist der Einteiler ein ideales Outfit f\u00fcr intensive Trainings, Wettkampfvorbereitungen und Regatten.<\/p>\n<h2>Eigenschaften und Details<\/h2>\n<p>Der Performance Einteiler im Tampere Design \u00fcberzeugt durch eine besondere Leichtigkeit und unbeschr\u00e4nkte Beweglichkeit, ob im Wettkampftempo oder im schwei\u00dftreibenden Training. Schnell trocknende, leichte und dehnbare Stoffe sowie eine effiziente Bel\u00fcftung durch Mesh-Seitenpaneele beidseitig am Oberteil sorgen f\u00fcr schnelle K\u00fchlung im Einsatz. Im Brustbereich der Innenseite steckt ein blickdichter Insert und sorgt f\u00fcr zus\u00e4tzlichen Tragekomfort. Im Sitzbereich ist der Einteiler v\u00f6llig frei von N\u00e4hten und dadurch sehr angenehm zu tragen. Auf der R\u00fcck- und Vorderseite des Unterteils haben wir einen starken und abriebfesten Stoff verwendet. Das Material ist an diesen Stellen eingef\u00e4rbt und etwas fester, der Einteiler bleibt so formsch\u00f6n und neuwertig. Elastische B\u00e4nder an den Enden der Oberschenkel gew\u00e4hrleisten einen flachen, sch\u00f6nen Beinabschluss. Diese Beinabschl\u00fcsse sind sehr dehnbar und geben dir ein Gef\u00fchl der Leichtigkeit.<\/p>\n<h2>Design<\/h2>\n<p>Back to the 90&#8217;s: 1995 fand im finnischen Tampere die Ruderweltmeisterschaft statt. Passend dazu: Farben, Farben, Farben! Die Pro Tampere Kollektion ist gepr\u00e4gt von hellblau, dunkelblau, mit lila- und burgunderfarbenen Akzenten und einem technoiden Ring um den unteren Brustkorb. Asymmetrien haben Raum, und der EVUPRE Schriftzug ziert die Seitenpaneele.<\/p>\n<h2>Passform<\/h2>\n<p>Slim fit (skinny): Model Juliane ist 176 cm gro\u00df und tr\u00e4gt Gr\u00f6\u00dfe M. Nach dem Motto &#8220;Lieber knalleng!&#8221; lie\u00dfen wir f\u00fcr unseren PRO Einteiler Tampere Women arbeiten. Wie es sich f\u00fcr einen Einteiler geh\u00f6rt, schmiegt er sich an die K\u00f6rperformen. Wer bei \u201eknalleng\u201c kurz \u00fcberlegt, empfehlen wir aufgrund der super Passform eine gr\u00f6\u00dfere Gr\u00f6\u00dfe. Die Beinl\u00e4nge ist im Vergleich zum Herren Einteiler etwas k\u00fcrzer gehalten. Und die Tr\u00e4ger sitzen dezent auf der Vorderseite, der tiefere R\u00fcckenausschnitt steht f\u00fcr Atmungsfreiheit und Blickfang.<\/p>\n<p>Bist du stark im Zweifel, welche Gr\u00f6\u00dfe f\u00fcr dich passt? Schick uns ein E-Mail an <a href=\"mailto:shop@evupre.com\">shop@evupre.com<\/a>, wir geben dir gerne eine pers\u00f6nliche Beratung. Unsere Erfahrung hat gezeigt, dass wir gemeinsam die perfekte Gr\u00f6\u00dfe f\u00fcr dich finden. Au\u00dferdem erf\u00e4hrst du so noch viel mehr \u00fcber die EVUPRE Produkte.<\/p>\n<h2>Das passende Outfit<\/h2>\n<p>F\u00fcr den Pro Einteiler Tampere Women gibt es das <a href=\"https:\/\/evupre.com\/produkt\/pro-longsleeve-tampere-women\/\">Pro Longsleeve Tampere Women<\/a> im gleichen Design, so hast du ein komplett durchgestyltes Outfit. Wer es klassisch mag: Ein simples, wei\u00dfes Shirt als Base-Layer, etwa das <a href=\"https:\/\/evupre.com\/produkt\/bahn3-shortsleeve-women\/\">Bahn 3 Shortsleeve<\/a> f\u00fcr Women. Wer es techy mag, nimmt das wei\u00dfe <a href=\"https:\/\/evupre.com\/produkt\/essentials-tech-shirt\/\">Essentials Tech Shirt<\/a>.<\/p>\n<h2>Weitere Links<\/h2>\n<p>F\u00fcr ausf\u00fchrlichere Fotos und Berichte zu unserem Pro Einteiler Tampere Women sowie f\u00fcr weitere Sch\u00e4tze aus unserer EVUPRE Ruderkollektion empfehlen wir unsere <a href=\"https:\/\/www.instagram.com\/evupre_performance_rowing\/\">Instagram<\/a> oder <a href=\"https:\/\/www.facebook.com\/evupre\">Facebook<\/a> Seiten. In der Schweiz und Deutschland sind wir bei <a href=\"https:\/\/www.4row.com\/de\/ch\/\">4row<\/a>, in den Niederlanden bei <a href=\"https:\/\/www.eurow.eu\/de\/ruder-bekleidung\/ruder-handschuhe.html\">EUROW<\/a>, in Skandinavien durch <a href=\"https:\/\/all4rowing.com\">All4Rowing<\/a> und\u00a0<a href=\"https:\/\/www.rowgeneration.se\/\">ROW Generation <\/a>und in Gro\u00dfbritannien bei\u00a0<a href=\"https:\/\/www.fwd2row.co.uk\/\">FWD2Row<\/a>\u00a0vertreten.<\/p>\n<\/div>\n<\/div>\n<\/div>\n<\/div>\n<\/div>\n","protected":false},"excerpt":{"rendered":"<ul>\n<li>Bi-elastisch<\/li>\n<li>Flachn\u00e4hte<\/li>\n<li>Insert im Brustbereich f\u00fcr Blickschutz und Komfort<\/li>\n<li>Ausgezeichnete Atmungsaktivit\u00e4t, h\u00e4lt trocken und frisch<\/li>\n<li>Mesh-Seitenpaneele<\/li>\n<li>Farbe in Royal-Blue<\/li>\n<li>Oberk\u00f6rper: 86 % Micropolyester aus Recycling-Best\u00e4nden, 14 % Elasthan (140 g\/m2)<\/li>\n<li>Beine: 80 % Polyamid, 20 % Lycra (210 g\/m2)<\/li>\n<\/ul>\n","protected":false},"featured_media":162176,"comment_status":"open","ping_status":"closed","template":"","meta":{"_acf_changed":false},"product_brand":[],"product_cat":[1342],"product_tag":[1004],"class_list":{"0":"post-169325","1":"product","2":"type-product","3":"status-publish","4":"has-post-thumbnail","6":"product_cat-damen","7":"product_tag-women","8":"pa_style-men","9":"pa_style-unisex","10":"pa_style-women","11":"tm-no-options","13":"first","14":"outofstock","15":"featured","16":"taxable","17":"shipping-taxable","18":"product-type-variable","19":"wpzoom-wc-spi-has-enabled"},"supplier_id":null,"supplier_sku":"","barcode":null,"atum_controlled":true,"out_stock_date":null,"out_stock_threshold":null,"inheritable":true,"inbound_stock":null,"stock_on_hold":0,"sold_today":0,"sales_last_days":0,"reserved_stock":null,"customer_returns":null,"warehouse_damage":null,"lost_in_post":null,"other_logs":null,"out_stock_days":0,"lost_sales":0,"has_location":false,"update_date":"2026-02-28T09:14:37","atum_locations":[],"atum_stock_status":"outofstock","restock_status":false,"low_stock_amount":"","sales_update_date":"2026-02-28T09:14:36","calc_backorders":null,"mi_inventories":[],"multi_inventory":"no","inventory_sorting_mode":"global","inventory_iteration":"global","expirable_inventories":"global","price_per_inventory":"global","show_write_off_inventories":"global","selectable_inventories":"global","selectable_inventories_mode":"global","acf":[],"yoast_head":"<!-- This site is optimized with the Yoast SEO Premium plugin v23.0 (Yoast SEO v26.6) - https:\/\/yoast.com\/wordpress\/plugins\/seo\/ -->\n<title>Pro Einteiler Tampere Damen EVUPRE - Rudereinteiler<\/title>\n<meta name=\"description\" content=\"Performance Rudereinteiler Tampere \u25ba Schnell trocknend, atmungsaktiv und dehnbar, mit nahtfreiem Sitzbereich f\u00fcr hohen Tragekomfort.\" \/>\n<meta name=\"robots\" content=\"index, follow, max-snippet:-1, max-image-preview:large, max-video-preview:-1\" \/>\n<link rel=\"canonical\" href=\"https:\/\/evupre.com\/us\/produkt\/pro-einteiler-tampere-damen\/\" \/>\n<meta property=\"og:locale\" content=\"en_US\" \/>\n<meta property=\"og:type\" content=\"article\" \/>\n<meta property=\"og:title\" content=\"Pro Einteiler Tampere Damen\" \/>\n<meta property=\"og:description\" content=\"Performance Rudereinteiler Tampere \u25ba Schnell trocknend, atmungsaktiv und dehnbar, mit nahtfreiem Sitzbereich f\u00fcr hohen Tragekomfort.\" \/>\n<meta property=\"og:url\" content=\"https:\/\/evupre.com\/us\/produkt\/pro-einteiler-tampere-damen\/\" \/>\n<meta property=\"og:site_name\" content=\"EVUPRE\" \/>\n<meta property=\"article:publisher\" content=\"https:\/\/www.facebook.com\/evupre\/\" \/>\n<meta property=\"article:modified_time\" content=\"2025-12-09T14:10:40+00:00\" \/>\n<meta property=\"og:image\" content=\"https:\/\/evupre.com\/wp-content\/uploads\/2025\/12\/ProRacerTampereWfront-min-scaled-1.jpg\" \/>\n\t<meta property=\"og:image:width\" content=\"2560\" \/>\n\t<meta property=\"og:image:height\" content=\"2560\" \/>\n\t<meta property=\"og:image:type\" content=\"image\/jpeg\" \/>\n<meta name=\"twitter:card\" content=\"summary_large_image\" \/>\n<meta name=\"twitter:label1\" content=\"Availability\" \/>\n\t<meta name=\"twitter:data1\" content=\"Out of stock\" \/>\n<script type=\"application\/ld+json\" class=\"yoast-schema-graph\">{\"@context\":\"https:\/\/schema.org\",\"@graph\":[{\"@type\":\"WebPage\",\"@id\":\"https:\/\/evupre.com\/us\/produkt\/pro-einteiler-tampere-damen\/\",\"url\":\"https:\/\/evupre.com\/us\/produkt\/pro-einteiler-tampere-damen\/\",\"name\":\"Pro Einteiler Tampere Damen EVUPRE - Rudereinteiler\",\"isPartOf\":{\"@id\":\"https:\/\/evupre.com\/us\/#website\"},\"primaryImageOfPage\":{\"@id\":\"https:\/\/evupre.com\/us\/produkt\/pro-einteiler-tampere-damen\/#primaryimage\"},\"image\":{\"@id\":\"https:\/\/evupre.com\/us\/produkt\/pro-einteiler-tampere-damen\/#primaryimage\"},\"thumbnailUrl\":\"https:\/\/evupre.com\/wp-content\/uploads\/2025\/12\/ProRacerTampereWfront-min-scaled-1.jpg\",\"datePublished\":\"2025-12-09T12:52:59+00:00\",\"dateModified\":\"2025-12-09T14:10:40+00:00\",\"description\":\"Performance Rudereinteiler Tampere \u25ba Schnell trocknend, atmungsaktiv und dehnbar, mit nahtfreiem Sitzbereich f\u00fcr hohen Tragekomfort.\",\"breadcrumb\":{\"@id\":\"https:\/\/evupre.com\/us\/produkt\/pro-einteiler-tampere-damen\/#breadcrumb\"},\"inLanguage\":\"en-US\",\"potentialAction\":[{\"@type\":\"ReadAction\",\"target\":[\"https:\/\/evupre.com\/us\/produkt\/pro-einteiler-tampere-damen\/\"]}]},{\"@type\":\"ImageObject\",\"inLanguage\":\"en-US\",\"@id\":\"https:\/\/evupre.com\/us\/produkt\/pro-einteiler-tampere-damen\/#primaryimage\",\"url\":\"https:\/\/evupre.com\/wp-content\/uploads\/2025\/12\/ProRacerTampereWfront-min-scaled-1.jpg\",\"contentUrl\":\"https:\/\/evupre.com\/wp-content\/uploads\/2025\/12\/ProRacerTampereWfront-min-scaled-1.jpg\",\"width\":2560,\"height\":2560},{\"@type\":\"BreadcrumbList\",\"@id\":\"https:\/\/evupre.com\/us\/produkt\/pro-einteiler-tampere-damen\/#breadcrumb\",\"itemListElement\":[{\"@type\":\"ListItem\",\"position\":1,\"name\":\"Home\",\"item\":\"https:\/\/evupre.com\/us\/home-3\/\"},{\"@type\":\"ListItem\",\"position\":2,\"name\":\"Pro Einteiler Tampere Damen\"}]},{\"@type\":\"WebSite\",\"@id\":\"https:\/\/evupre.com\/us\/#website\",\"url\":\"https:\/\/evupre.com\/us\/\",\"name\":\"EVUPRE\",\"description\":\"\",\"publisher\":{\"@id\":\"https:\/\/evupre.com\/us\/#organization\"},\"potentialAction\":[{\"@type\":\"SearchAction\",\"target\":{\"@type\":\"EntryPoint\",\"urlTemplate\":\"https:\/\/evupre.com\/us\/?s={search_term_string}\"},\"query-input\":{\"@type\":\"PropertyValueSpecification\",\"valueRequired\":true,\"valueName\":\"search_term_string\"}}],\"inLanguage\":\"en-US\"},{\"@type\":\"Organization\",\"@id\":\"https:\/\/evupre.com\/us\/#organization\",\"name\":\"EVUPRE\",\"url\":\"https:\/\/evupre.com\/us\/\",\"logo\":{\"@type\":\"ImageObject\",\"inLanguage\":\"en-US\",\"@id\":\"https:\/\/evupre.com\/us\/#\/schema\/logo\/image\/\",\"url\":\"https:\/\/evupre.com\/wp-content\/uploads\/2020\/04\/Evupre-1.png\",\"contentUrl\":\"https:\/\/evupre.com\/wp-content\/uploads\/2020\/04\/Evupre-1.png\",\"width\":300,\"height\":39,\"caption\":\"EVUPRE\"},\"image\":{\"@id\":\"https:\/\/evupre.com\/us\/#\/schema\/logo\/image\/\"},\"sameAs\":[\"https:\/\/www.facebook.com\/evupre\/\",\"https:\/\/www.instagram.com\/evupre_performance_rowing\/\"]}]}<\/script>\n<meta property=\"og:availability\" content=\"out of stock\" \/>\n<meta property=\"product:availability\" content=\"out of stock\" \/>\n<meta property=\"product:condition\" content=\"new\" \/>\n<!-- \/ Yoast SEO Premium plugin. -->","yoast_head_json":{"title":"Pro Einteiler Tampere Damen EVUPRE - Rudereinteiler","description":"Performance Rudereinteiler Tampere \u25ba Schnell trocknend, atmungsaktiv und dehnbar, mit nahtfreiem Sitzbereich f\u00fcr hohen Tragekomfort.","robots":{"index":"index","follow":"follow","max-snippet":"max-snippet:-1","max-image-preview":"max-image-preview:large","max-video-preview":"max-video-preview:-1"},"canonical":"https:\/\/evupre.com\/us\/produkt\/pro-einteiler-tampere-damen\/","og_locale":"en_US","og_type":"article","og_title":"Pro Einteiler Tampere Damen","og_description":"Performance Rudereinteiler Tampere \u25ba Schnell trocknend, atmungsaktiv und dehnbar, mit nahtfreiem Sitzbereich f\u00fcr hohen Tragekomfort.","og_url":"https:\/\/evupre.com\/us\/produkt\/pro-einteiler-tampere-damen\/","og_site_name":"EVUPRE","article_publisher":"https:\/\/www.facebook.com\/evupre\/","article_modified_time":"2025-12-09T14:10:40+00:00","og_image":[{"width":2560,"height":2560,"url":"https:\/\/evupre.com\/wp-content\/uploads\/2025\/12\/ProRacerTampereWfront-min-scaled-1.jpg","type":"image\/jpeg"}],"twitter_card":"summary_large_image","twitter_misc":{"Availability":"Out of stock"},"schema":{"@context":"https:\/\/schema.org","@graph":[{"@type":"WebPage","@id":"https:\/\/evupre.com\/us\/produkt\/pro-einteiler-tampere-damen\/","url":"https:\/\/evupre.com\/us\/produkt\/pro-einteiler-tampere-damen\/","name":"Pro Einteiler Tampere Damen EVUPRE - Rudereinteiler","isPartOf":{"@id":"https:\/\/evupre.com\/us\/#website"},"primaryImageOfPage":{"@id":"https:\/\/evupre.com\/us\/produkt\/pro-einteiler-tampere-damen\/#primaryimage"},"image":{"@id":"https:\/\/evupre.com\/us\/produkt\/pro-einteiler-tampere-damen\/#primaryimage"},"thumbnailUrl":"https:\/\/evupre.com\/wp-content\/uploads\/2025\/12\/ProRacerTampereWfront-min-scaled-1.jpg","datePublished":"2025-12-09T12:52:59+00:00","dateModified":"2025-12-09T14:10:40+00:00","description":"Performance Rudereinteiler Tampere \u25ba Schnell trocknend, atmungsaktiv und dehnbar, mit nahtfreiem Sitzbereich f\u00fcr hohen Tragekomfort.","breadcrumb":{"@id":"https:\/\/evupre.com\/us\/produkt\/pro-einteiler-tampere-damen\/#breadcrumb"},"inLanguage":"en-US","potentialAction":[{"@type":"ReadAction","target":["https:\/\/evupre.com\/us\/produkt\/pro-einteiler-tampere-damen\/"]}]},{"@type":"ImageObject","inLanguage":"en-US","@id":"https:\/\/evupre.com\/us\/produkt\/pro-einteiler-tampere-damen\/#primaryimage","url":"https:\/\/evupre.com\/wp-content\/uploads\/2025\/12\/ProRacerTampereWfront-min-scaled-1.jpg","contentUrl":"https:\/\/evupre.com\/wp-content\/uploads\/2025\/12\/ProRacerTampereWfront-min-scaled-1.jpg","width":2560,"height":2560},{"@type":"BreadcrumbList","@id":"https:\/\/evupre.com\/us\/produkt\/pro-einteiler-tampere-damen\/#breadcrumb","itemListElement":[{"@type":"ListItem","position":1,"name":"Home","item":"https:\/\/evupre.com\/us\/home-3\/"},{"@type":"ListItem","position":2,"name":"Pro Einteiler Tampere Damen"}]},{"@type":"WebSite","@id":"https:\/\/evupre.com\/us\/#website","url":"https:\/\/evupre.com\/us\/","name":"EVUPRE","description":"","publisher":{"@id":"https:\/\/evupre.com\/us\/#organization"},"potentialAction":[{"@type":"SearchAction","target":{"@type":"EntryPoint","urlTemplate":"https:\/\/evupre.com\/us\/?s={search_term_string}"},"query-input":{"@type":"PropertyValueSpecification","valueRequired":true,"valueName":"search_term_string"}}],"inLanguage":"en-US"},{"@type":"Organization","@id":"https:\/\/evupre.com\/us\/#organization","name":"EVUPRE","url":"https:\/\/evupre.com\/us\/","logo":{"@type":"ImageObject","inLanguage":"en-US","@id":"https:\/\/evupre.com\/us\/#\/schema\/logo\/image\/","url":"https:\/\/evupre.com\/wp-content\/uploads\/2020\/04\/Evupre-1.png","contentUrl":"https:\/\/evupre.com\/wp-content\/uploads\/2020\/04\/Evupre-1.png","width":300,"height":39,"caption":"EVUPRE"},"image":{"@id":"https:\/\/evupre.com\/us\/#\/schema\/logo\/image\/"},"sameAs":["https:\/\/www.facebook.com\/evupre\/","https:\/\/www.instagram.com\/evupre_performance_rowing\/"]}]},"og_availability":"out of stock","product_availability":"out of stock","product_condition":"new"},"_links":{"self":[{"href":"https:\/\/evupre.com\/us\/wp-json\/wp\/v2\/product\/169325","targetHints":{"allow":["GET"]}}],"collection":[{"href":"https:\/\/evupre.com\/us\/wp-json\/wp\/v2\/product"}],"about":[{"href":"https:\/\/evupre.com\/us\/wp-json\/wp\/v2\/types\/product"}],"replies":[{"embeddable":true,"href":"https:\/\/evupre.com\/us\/wp-json\/wp\/v2\/comments?post=169325"}],"wp:featuredmedia":[{"embeddable":true,"href":"https:\/\/evupre.com\/us\/wp-json\/wp\/v2\/media\/162176"}],"wp:attachment":[{"href":"https:\/\/evupre.com\/us\/wp-json\/wp\/v2\/media?parent=169325"}],"wp:term":[{"taxonomy":"product_brand","embeddable":true,"href":"https:\/\/evupre.com\/us\/wp-json\/wp\/v2\/product_brand?post=169325"},{"taxonomy":"product_cat","embeddable":true,"href":"https:\/\/evupre.com\/us\/wp-json\/wp\/v2\/product_cat?post=169325"},{"taxonomy":"product_tag","embeddable":true,"href":"https:\/\/evupre.com\/us\/wp-json\/wp\/v2\/product_tag?post=169325"}],"curies":[{"name":"wp","href":"https:\/\/api.w.org\/{rel}","templated":true}]}}