{"id":169324,"date":"2025-12-09T13:52:59","date_gmt":"2025-12-09T12:52:59","guid":{"rendered":"https:\/\/evupre.com\/?post_type=product&#038;p=169324"},"modified":"2026-02-04T11:02:32","modified_gmt":"2026-02-04T10:02:32","slug":"pro-einteiler-tampere-herren","status":"publish","type":"product","link":"https:\/\/evupre.com\/us\/produkt\/pro-einteiler-tampere-herren\/","title":{"rendered":"Pro Einteiler Tampere Herren"},"content":{"rendered":"<div class=\"wpb-content-wrapper\">[vc_row][vc_column][vc_column_text text_lead=&#8221;small&#8221; uncode_shortcode_id=&#8221;612240&#8243;]Back to the 90\u2019s: 1995 fand im finnischen\u00a0<strong>Tampere<\/strong>\u00a0die Ruderweltmeisterschaft statt. Passend dazu: Farben, Farben, Farben! Die Tampere Kollektion ist gepr\u00e4gt von blauen und roten Akzenten und einem technoiden Ring um den unteren Brustkorb. Asymmetrien haben Raum, und der EVUPRE Schriftzug ziert die Seitenpaneele.<\/p>\n<p>Unsere<strong>\u00a0Pro Einteiler<\/strong>\u00a0bestehen aus schnelltrocknenden, leichten und hochelastischen Stoffen aus Lycra und Polyester, die optimale Beweglichkeit bei jedem Tempo garantieren. Im Sitzbereich sorgt eine nahtfreie Verarbeitung mit doppelter Stofflage f\u00fcr angenehmen Tragekomfort. Der verst\u00e4rkte Stoff an R\u00fccken und Vorderseite des Unterteils ist eingef\u00e4rbt und besonders abriebfest \u2013 so bleibt der Einteiler lange formsch\u00f6n. Die Mesh-Seitenpaneele an beiden Seiten des Oberteils sorgen f\u00fcr effiziente Bel\u00fcftung und schnelle K\u00fchlung. Elastische Beinabschl\u00fcsse mit Silikon-Gripper an der Innenseite gew\u00e4hrleisten einen sicheren, rutschfesten Sitz.[\/vc_column_text][\/vc_column][\/vc_row]\n<\/div>","protected":false},"excerpt":{"rendered":"<ul>\n<li class=\"whitespace-normal break-words\">Performance-Einteiler mit Mesh-Seitenpaneelen f\u00fcr optimale Bel\u00fcftung<\/li>\n<li class=\"whitespace-normal break-words\">Schnelltrocknende Lycra- und Polyester-Stoffe<\/li>\n<li class=\"whitespace-normal break-words\">Nahtfreier Sitzbereich mit doppelter Lycra-Schicht<\/li>\n<li class=\"whitespace-normal break-words\">Beinabschl\u00fcsse mit Silikon-Gripper f\u00fcr rutschfesten Sitz<\/li>\n<li class=\"whitespace-normal break-words\">90\u2019s buntes Oberteil, Hose in Mitternacht-Blau<\/li>\n<\/ul>\n","protected":false},"featured_media":162156,"comment_status":"open","ping_status":"closed","template":"","meta":{"_acf_changed":false},"product_brand":[],"product_cat":[288,1866,1873],"product_tag":[1005],"class_list":{"0":"post-169324","1":"product","2":"type-product","3":"status-publish","4":"has-post-thumbnail","6":"product_cat-herren","7":"product_cat-einteiler-herren","8":"product_cat-sale-herren","9":"product_tag-men","10":"pa_style-men","11":"pa_style-unisex","12":"pa_style-women","13":"tm-no-options","15":"first","16":"instock","17":"featured","18":"taxable","19":"shipping-taxable","20":"purchasable","21":"product-type-variable","22":"wpzoom-wc-spi-has-enabled"},"supplier_id":null,"supplier_sku":"","barcode":null,"atum_controlled":true,"out_stock_date":null,"out_stock_threshold":null,"inheritable":true,"inbound_stock":0,"stock_on_hold":0,"sold_today":0,"sales_last_days":0,"reserved_stock":0,"customer_returns":0,"warehouse_damage":0,"lost_in_post":0,"other_logs":0,"out_stock_days":0,"lost_sales":0,"has_location":false,"update_date":"2026-04-13T10:13:46","atum_locations":[],"atum_stock_status":"instock","restock_status":false,"low_stock_amount":"","sales_update_date":"2026-04-13T10:13:46","calc_backorders":null,"mi_inventories":[],"multi_inventory":"no","inventory_sorting_mode":"global","inventory_iteration":"global","expirable_inventories":"global","price_per_inventory":"global","show_write_off_inventories":"global","selectable_inventories":"global","selectable_inventories_mode":"global","acf":[],"yoast_head":"<!-- This site is optimized with the Yoast SEO Premium plugin v23.0 (Yoast SEO v26.6) - https:\/\/yoast.com\/wordpress\/plugins\/seo\/ -->\n<title>Pro Einteiler Tampere Herren - EVUPRE Rudereinteiler<\/title>\n<meta name=\"description\" content=\"Performance Rudereinteiler Tampere \u25ba Schnell trocknend, atmungsaktiv und dehnbar, mit nahtfreiem Sitzbereich f\u00fcr hohen Tragekomfort.\" \/>\n<meta name=\"robots\" content=\"index, follow, max-snippet:-1, max-image-preview:large, max-video-preview:-1\" \/>\n<link rel=\"canonical\" href=\"https:\/\/evupre.com\/us\/produkt\/pro-einteiler-tampere-herren\/\" \/>\n<meta property=\"og:locale\" content=\"en_US\" \/>\n<meta property=\"og:type\" content=\"article\" \/>\n<meta property=\"og:title\" content=\"Pro Einteiler Tampere Herren\" \/>\n<meta property=\"og:description\" content=\"Performance Rudereinteiler Tampere \u25ba Schnell trocknend, atmungsaktiv und dehnbar, mit nahtfreiem Sitzbereich f\u00fcr hohen Tragekomfort.\" \/>\n<meta property=\"og:url\" content=\"https:\/\/evupre.com\/us\/produkt\/pro-einteiler-tampere-herren\/\" \/>\n<meta property=\"og:site_name\" content=\"EVUPRE\" \/>\n<meta property=\"article:publisher\" content=\"https:\/\/www.facebook.com\/evupre\/\" \/>\n<meta property=\"article:modified_time\" content=\"2026-02-04T10:02:32+00:00\" \/>\n<meta property=\"og:image\" content=\"https:\/\/evupre.com\/wp-content\/uploads\/2025\/12\/ProRacerTampereMfront-min-scaled-1.jpg\" \/>\n\t<meta property=\"og:image:width\" content=\"2560\" \/>\n\t<meta property=\"og:image:height\" content=\"2560\" \/>\n\t<meta property=\"og:image:type\" content=\"image\/jpeg\" \/>\n<meta name=\"twitter:card\" content=\"summary_large_image\" \/>\n<meta name=\"twitter:label1\" content=\"Availability\" \/>\n\t<meta name=\"twitter:data1\" content=\"In stock\" \/>\n<script type=\"application\/ld+json\" class=\"yoast-schema-graph\">{\"@context\":\"https:\/\/schema.org\",\"@graph\":[{\"@type\":\"WebPage\",\"@id\":\"https:\/\/evupre.com\/us\/produkt\/pro-einteiler-tampere-herren\/\",\"url\":\"https:\/\/evupre.com\/us\/produkt\/pro-einteiler-tampere-herren\/\",\"name\":\"Pro Einteiler Tampere Herren - EVUPRE Rudereinteiler\",\"isPartOf\":{\"@id\":\"https:\/\/evupre.com\/us\/#website\"},\"primaryImageOfPage\":{\"@id\":\"https:\/\/evupre.com\/us\/produkt\/pro-einteiler-tampere-herren\/#primaryimage\"},\"image\":{\"@id\":\"https:\/\/evupre.com\/us\/produkt\/pro-einteiler-tampere-herren\/#primaryimage\"},\"thumbnailUrl\":\"https:\/\/evupre.com\/wp-content\/uploads\/2025\/12\/ProRacerTampereMfront-min-scaled-1.jpg\",\"datePublished\":\"2025-12-09T12:52:59+00:00\",\"dateModified\":\"2026-02-04T10:02:32+00:00\",\"description\":\"Performance Rudereinteiler Tampere \u25ba Schnell trocknend, atmungsaktiv und dehnbar, mit nahtfreiem Sitzbereich f\u00fcr hohen Tragekomfort.\",\"breadcrumb\":{\"@id\":\"https:\/\/evupre.com\/us\/produkt\/pro-einteiler-tampere-herren\/#breadcrumb\"},\"inLanguage\":\"en-US\",\"potentialAction\":[{\"@type\":\"ReadAction\",\"target\":[\"https:\/\/evupre.com\/us\/produkt\/pro-einteiler-tampere-herren\/\"]}]},{\"@type\":\"ImageObject\",\"inLanguage\":\"en-US\",\"@id\":\"https:\/\/evupre.com\/us\/produkt\/pro-einteiler-tampere-herren\/#primaryimage\",\"url\":\"https:\/\/evupre.com\/wp-content\/uploads\/2025\/12\/ProRacerTampereMfront-min-scaled-1.jpg\",\"contentUrl\":\"https:\/\/evupre.com\/wp-content\/uploads\/2025\/12\/ProRacerTampereMfront-min-scaled-1.jpg\",\"width\":2560,\"height\":2560},{\"@type\":\"BreadcrumbList\",\"@id\":\"https:\/\/evupre.com\/us\/produkt\/pro-einteiler-tampere-herren\/#breadcrumb\",\"itemListElement\":[{\"@type\":\"ListItem\",\"position\":1,\"name\":\"Home\",\"item\":\"https:\/\/evupre.com\/us\/home-3\/\"},{\"@type\":\"ListItem\",\"position\":2,\"name\":\"Pro Einteiler Tampere Herren\"}]},{\"@type\":\"WebSite\",\"@id\":\"https:\/\/evupre.com\/us\/#website\",\"url\":\"https:\/\/evupre.com\/us\/\",\"name\":\"EVUPRE\",\"description\":\"\",\"publisher\":{\"@id\":\"https:\/\/evupre.com\/us\/#organization\"},\"potentialAction\":[{\"@type\":\"SearchAction\",\"target\":{\"@type\":\"EntryPoint\",\"urlTemplate\":\"https:\/\/evupre.com\/us\/?s={search_term_string}\"},\"query-input\":{\"@type\":\"PropertyValueSpecification\",\"valueRequired\":true,\"valueName\":\"search_term_string\"}}],\"inLanguage\":\"en-US\"},{\"@type\":\"Organization\",\"@id\":\"https:\/\/evupre.com\/us\/#organization\",\"name\":\"EVUPRE\",\"url\":\"https:\/\/evupre.com\/us\/\",\"logo\":{\"@type\":\"ImageObject\",\"inLanguage\":\"en-US\",\"@id\":\"https:\/\/evupre.com\/us\/#\/schema\/logo\/image\/\",\"url\":\"https:\/\/evupre.com\/wp-content\/uploads\/2020\/04\/Evupre-1.png\",\"contentUrl\":\"https:\/\/evupre.com\/wp-content\/uploads\/2020\/04\/Evupre-1.png\",\"width\":300,\"height\":39,\"caption\":\"EVUPRE\"},\"image\":{\"@id\":\"https:\/\/evupre.com\/us\/#\/schema\/logo\/image\/\"},\"sameAs\":[\"https:\/\/www.facebook.com\/evupre\/\",\"https:\/\/www.instagram.com\/evupre_performance_rowing\/\"]}]}<\/script>\n<meta property=\"og:availability\" content=\"instock\" \/>\n<meta property=\"product:availability\" content=\"instock\" \/>\n<meta property=\"product:condition\" content=\"new\" \/>\n<!-- \/ Yoast SEO Premium plugin. -->","yoast_head_json":{"title":"Pro Einteiler Tampere Herren - EVUPRE Rudereinteiler","description":"Performance Rudereinteiler Tampere \u25ba Schnell trocknend, atmungsaktiv und dehnbar, mit nahtfreiem Sitzbereich f\u00fcr hohen Tragekomfort.","robots":{"index":"index","follow":"follow","max-snippet":"max-snippet:-1","max-image-preview":"max-image-preview:large","max-video-preview":"max-video-preview:-1"},"canonical":"https:\/\/evupre.com\/us\/produkt\/pro-einteiler-tampere-herren\/","og_locale":"en_US","og_type":"article","og_title":"Pro Einteiler Tampere Herren","og_description":"Performance Rudereinteiler Tampere \u25ba Schnell trocknend, atmungsaktiv und dehnbar, mit nahtfreiem Sitzbereich f\u00fcr hohen Tragekomfort.","og_url":"https:\/\/evupre.com\/us\/produkt\/pro-einteiler-tampere-herren\/","og_site_name":"EVUPRE","article_publisher":"https:\/\/www.facebook.com\/evupre\/","article_modified_time":"2026-02-04T10:02:32+00:00","og_image":[{"width":2560,"height":2560,"url":"https:\/\/evupre.com\/wp-content\/uploads\/2025\/12\/ProRacerTampereMfront-min-scaled-1.jpg","type":"image\/jpeg"}],"twitter_card":"summary_large_image","twitter_misc":{"Availability":"In stock"},"schema":{"@context":"https:\/\/schema.org","@graph":[{"@type":"WebPage","@id":"https:\/\/evupre.com\/us\/produkt\/pro-einteiler-tampere-herren\/","url":"https:\/\/evupre.com\/us\/produkt\/pro-einteiler-tampere-herren\/","name":"Pro Einteiler Tampere Herren - EVUPRE Rudereinteiler","isPartOf":{"@id":"https:\/\/evupre.com\/us\/#website"},"primaryImageOfPage":{"@id":"https:\/\/evupre.com\/us\/produkt\/pro-einteiler-tampere-herren\/#primaryimage"},"image":{"@id":"https:\/\/evupre.com\/us\/produkt\/pro-einteiler-tampere-herren\/#primaryimage"},"thumbnailUrl":"https:\/\/evupre.com\/wp-content\/uploads\/2025\/12\/ProRacerTampereMfront-min-scaled-1.jpg","datePublished":"2025-12-09T12:52:59+00:00","dateModified":"2026-02-04T10:02:32+00:00","description":"Performance Rudereinteiler Tampere \u25ba Schnell trocknend, atmungsaktiv und dehnbar, mit nahtfreiem Sitzbereich f\u00fcr hohen Tragekomfort.","breadcrumb":{"@id":"https:\/\/evupre.com\/us\/produkt\/pro-einteiler-tampere-herren\/#breadcrumb"},"inLanguage":"en-US","potentialAction":[{"@type":"ReadAction","target":["https:\/\/evupre.com\/us\/produkt\/pro-einteiler-tampere-herren\/"]}]},{"@type":"ImageObject","inLanguage":"en-US","@id":"https:\/\/evupre.com\/us\/produkt\/pro-einteiler-tampere-herren\/#primaryimage","url":"https:\/\/evupre.com\/wp-content\/uploads\/2025\/12\/ProRacerTampereMfront-min-scaled-1.jpg","contentUrl":"https:\/\/evupre.com\/wp-content\/uploads\/2025\/12\/ProRacerTampereMfront-min-scaled-1.jpg","width":2560,"height":2560},{"@type":"BreadcrumbList","@id":"https:\/\/evupre.com\/us\/produkt\/pro-einteiler-tampere-herren\/#breadcrumb","itemListElement":[{"@type":"ListItem","position":1,"name":"Home","item":"https:\/\/evupre.com\/us\/home-3\/"},{"@type":"ListItem","position":2,"name":"Pro Einteiler Tampere Herren"}]},{"@type":"WebSite","@id":"https:\/\/evupre.com\/us\/#website","url":"https:\/\/evupre.com\/us\/","name":"EVUPRE","description":"","publisher":{"@id":"https:\/\/evupre.com\/us\/#organization"},"potentialAction":[{"@type":"SearchAction","target":{"@type":"EntryPoint","urlTemplate":"https:\/\/evupre.com\/us\/?s={search_term_string}"},"query-input":{"@type":"PropertyValueSpecification","valueRequired":true,"valueName":"search_term_string"}}],"inLanguage":"en-US"},{"@type":"Organization","@id":"https:\/\/evupre.com\/us\/#organization","name":"EVUPRE","url":"https:\/\/evupre.com\/us\/","logo":{"@type":"ImageObject","inLanguage":"en-US","@id":"https:\/\/evupre.com\/us\/#\/schema\/logo\/image\/","url":"https:\/\/evupre.com\/wp-content\/uploads\/2020\/04\/Evupre-1.png","contentUrl":"https:\/\/evupre.com\/wp-content\/uploads\/2020\/04\/Evupre-1.png","width":300,"height":39,"caption":"EVUPRE"},"image":{"@id":"https:\/\/evupre.com\/us\/#\/schema\/logo\/image\/"},"sameAs":["https:\/\/www.facebook.com\/evupre\/","https:\/\/www.instagram.com\/evupre_performance_rowing\/"]}]},"og_availability":"instock","product_availability":"instock","product_condition":"new"},"_links":{"self":[{"href":"https:\/\/evupre.com\/us\/wp-json\/wp\/v2\/product\/169324","targetHints":{"allow":["GET"]}}],"collection":[{"href":"https:\/\/evupre.com\/us\/wp-json\/wp\/v2\/product"}],"about":[{"href":"https:\/\/evupre.com\/us\/wp-json\/wp\/v2\/types\/product"}],"replies":[{"embeddable":true,"href":"https:\/\/evupre.com\/us\/wp-json\/wp\/v2\/comments?post=169324"}],"wp:featuredmedia":[{"embeddable":true,"href":"https:\/\/evupre.com\/us\/wp-json\/wp\/v2\/media\/162156"}],"wp:attachment":[{"href":"https:\/\/evupre.com\/us\/wp-json\/wp\/v2\/media?parent=169324"}],"wp:term":[{"taxonomy":"product_brand","embeddable":true,"href":"https:\/\/evupre.com\/us\/wp-json\/wp\/v2\/product_brand?post=169324"},{"taxonomy":"product_cat","embeddable":true,"href":"https:\/\/evupre.com\/us\/wp-json\/wp\/v2\/product_cat?post=169324"},{"taxonomy":"product_tag","embeddable":true,"href":"https:\/\/evupre.com\/us\/wp-json\/wp\/v2\/product_tag?post=169324"}],"curies":[{"name":"wp","href":"https:\/\/api.w.org\/{rel}","templated":true}]}}