{"id":169323,"date":"2025-12-09T13:52:59","date_gmt":"2025-12-09T12:52:59","guid":{"rendered":"https:\/\/evupre.com\/?post_type=product&#038;p=169323"},"modified":"2026-02-04T16:02:42","modified_gmt":"2026-02-04T15:02:42","slug":"pro-longsleeve-tampere-men","status":"publish","type":"product","link":"https:\/\/evupre.com\/us\/produkt\/pro-longsleeve-tampere-men\/","title":{"rendered":"Pro Longsleeve Tampere Men"},"content":{"rendered":"<div class=\"wpb-content-wrapper\">[vc_row][vc_column][vc_column_text text_lead=&#8221;small&#8221; uncode_shortcode_id=&#8221;207010&#8243;]Back to the 90\u2019s: 1995 fand im finnischen\u00a0<strong>Tampere<\/strong>\u00a0die Ruderweltmeisterschaft statt. Passend dazu: Farben, Farben, Farben! Die Tampere Kollektion ist gepr\u00e4gt von blauen und roten Akzenten und einem technoiden Ring um den unteren Brustkorb. Asymmetrien haben Raum, und der EVUPRE Schriftzug ziert die Seitenpaneele.<\/p>\n<p>Das <strong>Pro Longsleeve Tampere<\/strong>\u00a0aus schnelltrocknendem Tech-Stoff bietet ein angenehmes Tragegef\u00fchl, maximale Bewegungsfreiheit und hohen Komfort. Der leichte Polyesterstoff trocknet schnell und eignet sich perfekt f\u00fcr das Layering nach dem Zwiebelprinzip. Flache N\u00e4hte liegen sanft auf der Haut, w\u00e4hrend Raglan\u00e4rmel den Schultern volle Bewegungsfreiheit bei jedem Ruderschlag erm\u00f6glichen und das luftige Material wie ein Hauch von Nichts auf der Haut liegt.[\/vc_column_text][\/vc_column][\/vc_row]\n<\/div>","protected":false},"excerpt":{"rendered":"<ul>\n<li>Bi-elastisch, h\u00f6chster Tragekomfort<\/li>\n<li>Sehr leichte Tech-Faser aus Recycling-Polyester<\/li>\n<li>Hohe Atmungsaktivit\u00e4t<\/li>\n<li>Raglan-\u00c4rmel<\/li>\n<li>Regular Fit<\/li>\n<\/ul>\n","protected":false},"featured_media":162136,"comment_status":"open","ping_status":"closed","template":"","meta":{"_acf_changed":false},"product_brand":[],"product_cat":[288,1868,1873],"product_tag":[1005],"class_list":{"0":"post-169323","1":"product","2":"type-product","3":"status-publish","4":"has-post-thumbnail","6":"product_cat-herren","7":"product_cat-oberteile-herren","8":"product_cat-sale-herren","9":"product_tag-men","10":"pa_style-men","11":"pa_style-unisex","12":"pa_style-women","13":"tm-no-options","15":"first","16":"instock","17":"featured","18":"taxable","19":"shipping-taxable","20":"purchasable","21":"product-type-variable","22":"wpzoom-wc-spi-has-enabled"},"supplier_id":null,"supplier_sku":"","barcode":null,"atum_controlled":true,"out_stock_date":null,"out_stock_threshold":null,"inheritable":true,"inbound_stock":0,"stock_on_hold":0,"sold_today":0,"sales_last_days":0,"reserved_stock":0,"customer_returns":0,"warehouse_damage":0,"lost_in_post":0,"other_logs":0,"out_stock_days":0,"lost_sales":0,"has_location":false,"update_date":"2026-04-27T09:55:26","atum_locations":[],"atum_stock_status":"instock","restock_status":false,"low_stock_amount":"","sales_update_date":"2026-04-27T09:55:26","calc_backorders":null,"mi_inventories":[],"multi_inventory":"no","inventory_sorting_mode":"global","inventory_iteration":"global","expirable_inventories":"global","price_per_inventory":"global","show_write_off_inventories":"global","selectable_inventories":"global","selectable_inventories_mode":"global","acf":[],"yoast_head":"<!-- This site is optimized with the Yoast SEO Premium plugin v23.0 (Yoast SEO v26.6) - https:\/\/yoast.com\/wordpress\/plugins\/seo\/ -->\n<title>Pro Longsleeve Tampere Men - EVUPRE<\/title>\n<meta name=\"description\" content=\"Performance Longsleeve Tampere f\u00fcr den Rudersport \u25ba atmungsaktiver Tech-Stoff aus Recycling-Polyester, Bewegungsfreiheit durch Raglan\u00e4rmel\" \/>\n<meta name=\"robots\" content=\"index, follow, max-snippet:-1, max-image-preview:large, max-video-preview:-1\" \/>\n<link rel=\"canonical\" href=\"https:\/\/evupre.com\/us\/produkt\/pro-longsleeve-tampere-men\/\" \/>\n<meta property=\"og:locale\" content=\"en_US\" \/>\n<meta property=\"og:type\" content=\"article\" \/>\n<meta property=\"og:title\" content=\"Pro Longsleeve Tampere Men\" \/>\n<meta property=\"og:description\" content=\"Performance Longsleeve Tampere f\u00fcr den Rudersport \u25ba atmungsaktiver Tech-Stoff aus Recycling-Polyester, Bewegungsfreiheit durch Raglan\u00e4rmel\" \/>\n<meta property=\"og:url\" content=\"https:\/\/evupre.com\/us\/produkt\/pro-longsleeve-tampere-men\/\" \/>\n<meta property=\"og:site_name\" content=\"EVUPRE\" \/>\n<meta property=\"article:publisher\" content=\"https:\/\/www.facebook.com\/evupre\/\" \/>\n<meta property=\"article:modified_time\" content=\"2026-02-04T15:02:42+00:00\" \/>\n<meta property=\"og:image\" content=\"https:\/\/evupre.com\/wp-content\/uploads\/2025\/12\/ProLongsleeveTampereMfront-scaled-1.jpg\" \/>\n\t<meta property=\"og:image:width\" content=\"2560\" \/>\n\t<meta property=\"og:image:height\" content=\"2560\" \/>\n\t<meta property=\"og:image:type\" content=\"image\/jpeg\" \/>\n<meta name=\"twitter:card\" content=\"summary_large_image\" \/>\n<meta name=\"twitter:label1\" content=\"Availability\" \/>\n\t<meta name=\"twitter:data1\" content=\"In stock\" \/>\n<script type=\"application\/ld+json\" class=\"yoast-schema-graph\">{\"@context\":\"https:\/\/schema.org\",\"@graph\":[{\"@type\":\"WebPage\",\"@id\":\"https:\/\/evupre.com\/us\/produkt\/pro-longsleeve-tampere-men\/\",\"url\":\"https:\/\/evupre.com\/us\/produkt\/pro-longsleeve-tampere-men\/\",\"name\":\"Pro Longsleeve Tampere Men - EVUPRE\",\"isPartOf\":{\"@id\":\"https:\/\/evupre.com\/us\/#website\"},\"primaryImageOfPage\":{\"@id\":\"https:\/\/evupre.com\/us\/produkt\/pro-longsleeve-tampere-men\/#primaryimage\"},\"image\":{\"@id\":\"https:\/\/evupre.com\/us\/produkt\/pro-longsleeve-tampere-men\/#primaryimage\"},\"thumbnailUrl\":\"https:\/\/evupre.com\/wp-content\/uploads\/2025\/12\/ProLongsleeveTampereMfront-scaled-1.jpg\",\"datePublished\":\"2025-12-09T12:52:59+00:00\",\"dateModified\":\"2026-02-04T15:02:42+00:00\",\"description\":\"Performance Longsleeve Tampere f\u00fcr den Rudersport \u25ba atmungsaktiver Tech-Stoff aus Recycling-Polyester, Bewegungsfreiheit durch Raglan\u00e4rmel\",\"breadcrumb\":{\"@id\":\"https:\/\/evupre.com\/us\/produkt\/pro-longsleeve-tampere-men\/#breadcrumb\"},\"inLanguage\":\"en-US\",\"potentialAction\":[{\"@type\":\"ReadAction\",\"target\":[\"https:\/\/evupre.com\/us\/produkt\/pro-longsleeve-tampere-men\/\"]}]},{\"@type\":\"ImageObject\",\"inLanguage\":\"en-US\",\"@id\":\"https:\/\/evupre.com\/us\/produkt\/pro-longsleeve-tampere-men\/#primaryimage\",\"url\":\"https:\/\/evupre.com\/wp-content\/uploads\/2025\/12\/ProLongsleeveTampereMfront-scaled-1.jpg\",\"contentUrl\":\"https:\/\/evupre.com\/wp-content\/uploads\/2025\/12\/ProLongsleeveTampereMfront-scaled-1.jpg\",\"width\":2560,\"height\":2560},{\"@type\":\"BreadcrumbList\",\"@id\":\"https:\/\/evupre.com\/us\/produkt\/pro-longsleeve-tampere-men\/#breadcrumb\",\"itemListElement\":[{\"@type\":\"ListItem\",\"position\":1,\"name\":\"Home\",\"item\":\"https:\/\/evupre.com\/us\/home-3\/\"},{\"@type\":\"ListItem\",\"position\":2,\"name\":\"Pro Longsleeve Tampere Men\"}]},{\"@type\":\"WebSite\",\"@id\":\"https:\/\/evupre.com\/us\/#website\",\"url\":\"https:\/\/evupre.com\/us\/\",\"name\":\"EVUPRE\",\"description\":\"\",\"publisher\":{\"@id\":\"https:\/\/evupre.com\/us\/#organization\"},\"potentialAction\":[{\"@type\":\"SearchAction\",\"target\":{\"@type\":\"EntryPoint\",\"urlTemplate\":\"https:\/\/evupre.com\/us\/?s={search_term_string}\"},\"query-input\":{\"@type\":\"PropertyValueSpecification\",\"valueRequired\":true,\"valueName\":\"search_term_string\"}}],\"inLanguage\":\"en-US\"},{\"@type\":\"Organization\",\"@id\":\"https:\/\/evupre.com\/us\/#organization\",\"name\":\"EVUPRE\",\"url\":\"https:\/\/evupre.com\/us\/\",\"logo\":{\"@type\":\"ImageObject\",\"inLanguage\":\"en-US\",\"@id\":\"https:\/\/evupre.com\/us\/#\/schema\/logo\/image\/\",\"url\":\"https:\/\/evupre.com\/wp-content\/uploads\/2020\/04\/Evupre-1.png\",\"contentUrl\":\"https:\/\/evupre.com\/wp-content\/uploads\/2020\/04\/Evupre-1.png\",\"width\":300,\"height\":39,\"caption\":\"EVUPRE\"},\"image\":{\"@id\":\"https:\/\/evupre.com\/us\/#\/schema\/logo\/image\/\"},\"sameAs\":[\"https:\/\/www.facebook.com\/evupre\/\",\"https:\/\/www.instagram.com\/evupre_performance_rowing\/\"]}]}<\/script>\n<meta property=\"og:availability\" content=\"instock\" \/>\n<meta property=\"product:availability\" content=\"instock\" \/>\n<meta property=\"product:condition\" content=\"new\" \/>\n<!-- \/ Yoast SEO Premium plugin. -->","yoast_head_json":{"title":"Pro Longsleeve Tampere Men - EVUPRE","description":"Performance Longsleeve Tampere f\u00fcr den Rudersport \u25ba atmungsaktiver Tech-Stoff aus Recycling-Polyester, Bewegungsfreiheit durch Raglan\u00e4rmel","robots":{"index":"index","follow":"follow","max-snippet":"max-snippet:-1","max-image-preview":"max-image-preview:large","max-video-preview":"max-video-preview:-1"},"canonical":"https:\/\/evupre.com\/us\/produkt\/pro-longsleeve-tampere-men\/","og_locale":"en_US","og_type":"article","og_title":"Pro Longsleeve Tampere Men","og_description":"Performance Longsleeve Tampere f\u00fcr den Rudersport \u25ba atmungsaktiver Tech-Stoff aus Recycling-Polyester, Bewegungsfreiheit durch Raglan\u00e4rmel","og_url":"https:\/\/evupre.com\/us\/produkt\/pro-longsleeve-tampere-men\/","og_site_name":"EVUPRE","article_publisher":"https:\/\/www.facebook.com\/evupre\/","article_modified_time":"2026-02-04T15:02:42+00:00","og_image":[{"width":2560,"height":2560,"url":"https:\/\/evupre.com\/wp-content\/uploads\/2025\/12\/ProLongsleeveTampereMfront-scaled-1.jpg","type":"image\/jpeg"}],"twitter_card":"summary_large_image","twitter_misc":{"Availability":"In stock"},"schema":{"@context":"https:\/\/schema.org","@graph":[{"@type":"WebPage","@id":"https:\/\/evupre.com\/us\/produkt\/pro-longsleeve-tampere-men\/","url":"https:\/\/evupre.com\/us\/produkt\/pro-longsleeve-tampere-men\/","name":"Pro Longsleeve Tampere Men - EVUPRE","isPartOf":{"@id":"https:\/\/evupre.com\/us\/#website"},"primaryImageOfPage":{"@id":"https:\/\/evupre.com\/us\/produkt\/pro-longsleeve-tampere-men\/#primaryimage"},"image":{"@id":"https:\/\/evupre.com\/us\/produkt\/pro-longsleeve-tampere-men\/#primaryimage"},"thumbnailUrl":"https:\/\/evupre.com\/wp-content\/uploads\/2025\/12\/ProLongsleeveTampereMfront-scaled-1.jpg","datePublished":"2025-12-09T12:52:59+00:00","dateModified":"2026-02-04T15:02:42+00:00","description":"Performance Longsleeve Tampere f\u00fcr den Rudersport \u25ba atmungsaktiver Tech-Stoff aus Recycling-Polyester, Bewegungsfreiheit durch Raglan\u00e4rmel","breadcrumb":{"@id":"https:\/\/evupre.com\/us\/produkt\/pro-longsleeve-tampere-men\/#breadcrumb"},"inLanguage":"en-US","potentialAction":[{"@type":"ReadAction","target":["https:\/\/evupre.com\/us\/produkt\/pro-longsleeve-tampere-men\/"]}]},{"@type":"ImageObject","inLanguage":"en-US","@id":"https:\/\/evupre.com\/us\/produkt\/pro-longsleeve-tampere-men\/#primaryimage","url":"https:\/\/evupre.com\/wp-content\/uploads\/2025\/12\/ProLongsleeveTampereMfront-scaled-1.jpg","contentUrl":"https:\/\/evupre.com\/wp-content\/uploads\/2025\/12\/ProLongsleeveTampereMfront-scaled-1.jpg","width":2560,"height":2560},{"@type":"BreadcrumbList","@id":"https:\/\/evupre.com\/us\/produkt\/pro-longsleeve-tampere-men\/#breadcrumb","itemListElement":[{"@type":"ListItem","position":1,"name":"Home","item":"https:\/\/evupre.com\/us\/home-3\/"},{"@type":"ListItem","position":2,"name":"Pro Longsleeve Tampere Men"}]},{"@type":"WebSite","@id":"https:\/\/evupre.com\/us\/#website","url":"https:\/\/evupre.com\/us\/","name":"EVUPRE","description":"","publisher":{"@id":"https:\/\/evupre.com\/us\/#organization"},"potentialAction":[{"@type":"SearchAction","target":{"@type":"EntryPoint","urlTemplate":"https:\/\/evupre.com\/us\/?s={search_term_string}"},"query-input":{"@type":"PropertyValueSpecification","valueRequired":true,"valueName":"search_term_string"}}],"inLanguage":"en-US"},{"@type":"Organization","@id":"https:\/\/evupre.com\/us\/#organization","name":"EVUPRE","url":"https:\/\/evupre.com\/us\/","logo":{"@type":"ImageObject","inLanguage":"en-US","@id":"https:\/\/evupre.com\/us\/#\/schema\/logo\/image\/","url":"https:\/\/evupre.com\/wp-content\/uploads\/2020\/04\/Evupre-1.png","contentUrl":"https:\/\/evupre.com\/wp-content\/uploads\/2020\/04\/Evupre-1.png","width":300,"height":39,"caption":"EVUPRE"},"image":{"@id":"https:\/\/evupre.com\/us\/#\/schema\/logo\/image\/"},"sameAs":["https:\/\/www.facebook.com\/evupre\/","https:\/\/www.instagram.com\/evupre_performance_rowing\/"]}]},"og_availability":"instock","product_availability":"instock","product_condition":"new"},"_links":{"self":[{"href":"https:\/\/evupre.com\/us\/wp-json\/wp\/v2\/product\/169323","targetHints":{"allow":["GET"]}}],"collection":[{"href":"https:\/\/evupre.com\/us\/wp-json\/wp\/v2\/product"}],"about":[{"href":"https:\/\/evupre.com\/us\/wp-json\/wp\/v2\/types\/product"}],"replies":[{"embeddable":true,"href":"https:\/\/evupre.com\/us\/wp-json\/wp\/v2\/comments?post=169323"}],"wp:featuredmedia":[{"embeddable":true,"href":"https:\/\/evupre.com\/us\/wp-json\/wp\/v2\/media\/162136"}],"wp:attachment":[{"href":"https:\/\/evupre.com\/us\/wp-json\/wp\/v2\/media?parent=169323"}],"wp:term":[{"taxonomy":"product_brand","embeddable":true,"href":"https:\/\/evupre.com\/us\/wp-json\/wp\/v2\/product_brand?post=169323"},{"taxonomy":"product_cat","embeddable":true,"href":"https:\/\/evupre.com\/us\/wp-json\/wp\/v2\/product_cat?post=169323"},{"taxonomy":"product_tag","embeddable":true,"href":"https:\/\/evupre.com\/us\/wp-json\/wp\/v2\/product_tag?post=169323"}],"curies":[{"name":"wp","href":"https:\/\/api.w.org\/{rel}","templated":true}]}}