{"id":24358,"date":"2021-09-10T00:13:55","date_gmt":"2021-09-09T22:13:55","guid":{"rendered":"https:\/\/evupre.com\/produkt\/pro-racer-vienna-hommes\/"},"modified":"2025-12-08T17:17:14","modified_gmt":"2025-12-08T16:17:14","slug":"pro-racer-vienna-hommes","status":"publish","type":"product","link":"https:\/\/evupre.com\/fr\/produkt\/pro-racer-vienna-hommes\/","title":{"rendered":"Pro Racer Vienna Hommes"},"content":{"rendered":"<div class=\"product-single__description rte\">\n<div class=\"page\" title=\"Page 6\">\n<div class=\"section\">\n<div class=\"layoutArea\">\n<div class=\"column\">\n<h1>Pro Racer Vienna Hommes<\/h1>\n<p>Mettez votre bateau en marche en un rien de temps, avec notre Pro Racer Vienna Hommes.\u00a0Sa coupe ajust\u00e9e et la combinaison du haut et du bas font de chaque coup, de la prise \u00e0 la fin, un pur plaisir. Le Racer est donc la tenue parfaite pour les entra\u00eenements intensifs et les comp\u00e9titions difficiles.<\/p>\n<h2><a name=\"_Toc113527158\"><\/a>Caract\u00e9ristiques et d\u00e9tails<\/h2>\n<p>Le Pro Racer Vienna Hommes impressionne par la l\u00e9g\u00e8ret\u00e9 de son mat\u00e9riau et la libert\u00e9 de mouvement qu&#8217;il procure, que ce soit \u00e0 la vitesse \u00e9lev\u00e9e de la comp\u00e9tition ou lors des entra\u00eenements qui font transpirer.<\/p>\n<p>Les tissus \u00e0 s\u00e9chage rapide, l\u00e9gers et extensibles, ainsi qu&#8217;une ventilation efficace gr\u00e2ce aux panneaux lat\u00e9raux en maille des deux c\u00f4t\u00e9s du haut, assurent un refroidissement rapide pendant le port. Un insert non-transparent sur l&#8217;int\u00e9rieur de la zone de la poitrine permet un confort suppl\u00e9mentaire. Dans la zone du si\u00e8ge, le racer est compl\u00e8tement d\u00e9pourvu de coutures et donc tr\u00e8s confortable \u00e0 porter. L&#8217;arri\u00e8re et l&#8217;avant de la culotte utilisent un tissu solide et r\u00e9sistant \u00e0 l&#8217;abrasion. Le mat\u00e9riau de ces zones est teint\u00e9 et l\u00e9g\u00e8rement plus \u00e9pais, de sorte que le racer conserve toujours sa forme et son aspect neuf. Les fronces \u00e9lastiques au bas des cuisses assurent une belle couture plate et vous donnent une sensation de l\u00e9g\u00e8ret\u00e9 gr\u00e2ce \u00e0 leur tissu extensible.<\/p>\n<h2><a name=\"_Toc113527159\"><\/a>Design<\/h2>\n<p>Appel de Vienne &#8211; Falco dans votre oreille. Le si\u00e8ge d&#8217;EVUPRE est situ\u00e9 \u00e0 Vienne, Alte Donau : le design de Vienne est notre hommage \u00e0 la ville qui a accueilli les championnats du monde de 1991. C&#8217;est notre maison, o\u00f9 tout le personnel d&#8217;EVUPRE a ram\u00e9 de nombreux kilom\u00e8tres, en s&#8217;entra\u00eenant pendant des heures interminables. La couleur bleu ciel est d\u00e9di\u00e9e au ciel magnifique et clair au-dessus de Vienne.<\/p>\n<h2><a name=\"_Toc113527160\"><\/a>Fit<\/h2>\n<p>Coupe \u00e9troite (skinny) : Le mod\u00e8le Florian mesure 190 cm et porte une taille XL. Lors de la conception de notre Pro Racer Vienna, nous avons cherch\u00e9 \u00e0 obtenir une coupe moulante. Si vous ne vous sentez pas \u00e0 l&#8217;aise avec une coupe moulante, nous vous recommandons de choisir une taille sup\u00e9rieure.<\/p>\n<p>Vous n&#8217;\u00eates pas s\u00fbr de la taille qui vous conviendrait ? Envoyez-nous un courriel \u00e0 l&#8217;adresse <a href=\"mailto:office@evupre.com\">office@evupre.com<\/a>, et nous vous donnerons des conseils personnalis\u00e9s. Gr\u00e2ce \u00e0 notre exp\u00e9rience, nous pouvons trouver la taille parfaite pour vous. En outre, vous aurez l&#8217;occasion d&#8217;en savoir encore plus sur les autres produits de la gamme EVUPRE.<\/p>\n<h2><a name=\"_Toc113527161\"><\/a>La tenue parfaite<\/h2>\n<p>Le <a href=\"https:\/\/evupre.com\/fr\/produkt\/pro-longsleeve-vienna-hommes\/\">Pro Longsleeve Vienna Hommes<\/a> est disponible dans le m\u00eame design que le Pro Racer Vienna Hommes ; un ensemble parfaitement con\u00e7u.\u00a0Si vous pr\u00e9f\u00e9rez un look classique, combinez avec une simple chemise blanche comme couche de base, comme le <a href=\"https:\/\/evupre.com\/fr\/produkt\/bahn3-shortsleeve-hommes\/\">Bahn 3 Shortsleeve Hommes<\/a>. Une autre alternative serait d&#8217;opter pour la chemise blanche <a href=\"https:\/\/evupre.com\/fr\/produkt\/chemise-tech-essentials-femmes\/\">Essentials Tech Shirt<\/a>.<\/p>\n<h2><a name=\"_Toc113527162\"><\/a>Autres liens<\/h2>\n<p>Pour des photos et des histoires d\u00e9taill\u00e9es sur notre Pro Racer Copenhagen Women et de nombreux autres produits de la collection d&#8217;aviron EVUPRE, suivez nos pages\u00a0<a href=\"https:\/\/www.instagram.com\/evupre_performance_rowing\/\">Instagram<\/a>\u00a0et\u00a0<a href=\"https:\/\/www.facebook.com\/evupre\">Facebook<\/a>. Nos revendeurs en Suisse et en Allemagne sont\u00a0<a href=\"https:\/\/www.4row.com\/de\/ch\/\">4row<\/a>, aux Pays-Bas\u00a0<a href=\"https:\/\/www.eurow.eu\/de\/ruder-bekleidung\/ruder-handschuhe.html\">EUROW<\/a>, en Scandinavie <a href=\"https:\/\/all4rowing.com\">All4Rowing<\/a> et\u00a0<a href=\"https:\/\/www.rowgeneration.se\/tillbehor\/komfort\/rowtex-pro\">ROW Generation<\/a>\u00a0et en Grande-Bretagne <a href=\"https:\/\/www.fwd2row.co.uk\/\">FWD2Row<\/a>.<\/p>\n<\/div>\n<\/div>\n<\/div>\n<\/div>\n<\/div>\n","protected":false},"excerpt":{"rendered":"<ul>\n<li>Bi-\u00e9lastique<\/li>\n<li>Coutures plates<\/li>\n<li>Insertion dans la zone de la poitrine pour une absence de transparence et un confort accru<\/li>\n<li>Excellente respirabilit\u00e9, permet de rester sec et frais<\/li>\n<li>Panneaux lat\u00e9raux en maille<\/li>\n<li>Bleu ciel<\/li>\n<li>Partie sup\u00e9rieure du corps : 86 % micro-polyester recycl\u00e9, 14 % \u00e9lasthanne (140 g\/m2)<\/li>\n<li>Jambes : 80 % polyamide, 20 % Lycra (210 g\/m2)<\/li>\n<\/ul>\n","protected":false},"featured_media":161755,"comment_status":"open","ping_status":"closed","template":"","meta":{"_acf_changed":false},"product_brand":[],"product_cat":[1342],"product_tag":[],"class_list":{"0":"post-24358","1":"product","2":"type-product","3":"status-publish","4":"has-post-thumbnail","6":"product_cat-damen","7":"tm-no-options","9":"first","10":"instock","11":"featured","12":"taxable","13":"shipping-taxable","14":"purchasable","15":"product-type-variable","16":"wpzoom-wc-spi-has-enabled"},"supplier_id":null,"supplier_sku":"","barcode":null,"atum_controlled":true,"out_stock_date":null,"out_stock_threshold":null,"inheritable":true,"inbound_stock":null,"stock_on_hold":0,"sold_today":0,"sales_last_days":0,"reserved_stock":null,"customer_returns":null,"warehouse_damage":null,"lost_in_post":null,"other_logs":null,"out_stock_days":0,"lost_sales":0,"has_location":false,"update_date":"2026-02-28T09:15:27","atum_locations":[],"atum_stock_status":"instock","restock_status":false,"low_stock_amount":"","sales_update_date":"2026-02-28T09:15:27","calc_backorders":null,"mi_inventories":[],"multi_inventory":"no","inventory_sorting_mode":"global","inventory_iteration":"global","expirable_inventories":"global","price_per_inventory":"global","show_write_off_inventories":"global","selectable_inventories":"global","selectable_inventories_mode":"global","acf":[],"yoast_head":"<!-- This site is optimized with the Yoast SEO Premium plugin v23.0 (Yoast SEO v26.6) - https:\/\/yoast.com\/wordpress\/plugins\/seo\/ -->\n<title>Einteiler Herren f\u00fcr den Rudersport - EVUPRE Pro Racer Vienna Hommes<\/title>\n<meta name=\"description\" content=\"Performance Einteiler f\u00fcr den Rudersport. Besonders atmungsaktiv durch Mesh-Panele an den Seiten, stretchy und ohne N\u00e4hte im Sitzbereich.\" \/>\n<meta name=\"robots\" content=\"index, follow, max-snippet:-1, max-image-preview:large, max-video-preview:-1\" \/>\n<link rel=\"canonical\" href=\"https:\/\/evupre.com\/fr\/produkt\/pro-racer-vienna-hommes\/\" \/>\n<meta property=\"og:locale\" content=\"fr_FR\" \/>\n<meta property=\"og:type\" content=\"article\" \/>\n<meta property=\"og:title\" content=\"Pro Racer Vienna Hommes\" \/>\n<meta property=\"og:description\" content=\"Performance Einteiler f\u00fcr den Rudersport. Besonders atmungsaktiv durch Mesh-Panele an den Seiten, stretchy und ohne N\u00e4hte im Sitzbereich.\" \/>\n<meta property=\"og:url\" content=\"https:\/\/evupre.com\/fr\/produkt\/pro-racer-vienna-hommes\/\" \/>\n<meta property=\"og:site_name\" content=\"EVUPRE\" \/>\n<meta property=\"article:publisher\" content=\"https:\/\/www.facebook.com\/evupre\/\" \/>\n<meta property=\"article:modified_time\" content=\"2025-12-08T16:17:14+00:00\" \/>\n<meta property=\"og:image\" content=\"https:\/\/evupre.com\/wp-content\/uploads\/2021\/09\/ProRacerViennaMfront-min-scaled.jpg\" \/>\n\t<meta property=\"og:image:width\" content=\"2560\" \/>\n\t<meta property=\"og:image:height\" content=\"2560\" \/>\n\t<meta property=\"og:image:type\" content=\"image\/jpeg\" \/>\n<meta name=\"twitter:card\" content=\"summary_large_image\" \/>\n<meta name=\"twitter:label1\" content=\"Disponibilit\u00e9\" \/>\n\t<meta name=\"twitter:data1\" content=\"En stock\" \/>\n<script type=\"application\/ld+json\" class=\"yoast-schema-graph\">{\"@context\":\"https:\/\/schema.org\",\"@graph\":[{\"@type\":\"WebPage\",\"@id\":\"https:\/\/evupre.com\/fr\/produkt\/pro-racer-vienna-hommes\/\",\"url\":\"https:\/\/evupre.com\/fr\/produkt\/pro-racer-vienna-hommes\/\",\"name\":\"Einteiler Herren f\u00fcr den Rudersport - EVUPRE Pro Racer Vienna Hommes\",\"isPartOf\":{\"@id\":\"https:\/\/evupre.com\/fr\/#website\"},\"primaryImageOfPage\":{\"@id\":\"https:\/\/evupre.com\/fr\/produkt\/pro-racer-vienna-hommes\/#primaryimage\"},\"image\":{\"@id\":\"https:\/\/evupre.com\/fr\/produkt\/pro-racer-vienna-hommes\/#primaryimage\"},\"thumbnailUrl\":\"https:\/\/evupre.com\/wp-content\/uploads\/2025\/12\/ProRacerViennaMfront-min-scaled-1.jpg\",\"datePublished\":\"2021-09-09T22:13:55+00:00\",\"dateModified\":\"2025-12-08T16:17:14+00:00\",\"description\":\"Performance Einteiler f\u00fcr den Rudersport. Besonders atmungsaktiv durch Mesh-Panele an den Seiten, stretchy und ohne N\u00e4hte im Sitzbereich.\",\"breadcrumb\":{\"@id\":\"https:\/\/evupre.com\/fr\/produkt\/pro-racer-vienna-hommes\/#breadcrumb\"},\"inLanguage\":\"fr-FR\",\"potentialAction\":[{\"@type\":\"ReadAction\",\"target\":[\"https:\/\/evupre.com\/fr\/produkt\/pro-racer-vienna-hommes\/\"]}]},{\"@type\":\"ImageObject\",\"inLanguage\":\"fr-FR\",\"@id\":\"https:\/\/evupre.com\/fr\/produkt\/pro-racer-vienna-hommes\/#primaryimage\",\"url\":\"https:\/\/evupre.com\/wp-content\/uploads\/2025\/12\/ProRacerViennaMfront-min-scaled-1.jpg\",\"contentUrl\":\"https:\/\/evupre.com\/wp-content\/uploads\/2025\/12\/ProRacerViennaMfront-min-scaled-1.jpg\",\"width\":2560,\"height\":2560},{\"@type\":\"BreadcrumbList\",\"@id\":\"https:\/\/evupre.com\/fr\/produkt\/pro-racer-vienna-hommes\/#breadcrumb\",\"itemListElement\":[{\"@type\":\"ListItem\",\"position\":1,\"name\":\"Home\",\"item\":\"https:\/\/evupre.com\/fr\/home-of-evupre-rowing-clothes\/\"},{\"@type\":\"ListItem\",\"position\":2,\"name\":\"Shop\",\"item\":\"https:\/\/evupre.com\/fr\/__trashed\/\"},{\"@type\":\"ListItem\",\"position\":3,\"name\":\"Pro Racer Vienna Hommes\"}]},{\"@type\":\"WebSite\",\"@id\":\"https:\/\/evupre.com\/fr\/#website\",\"url\":\"https:\/\/evupre.com\/fr\/\",\"name\":\"EVUPRE\",\"description\":\"\",\"publisher\":{\"@id\":\"https:\/\/evupre.com\/fr\/#organization\"},\"potentialAction\":[{\"@type\":\"SearchAction\",\"target\":{\"@type\":\"EntryPoint\",\"urlTemplate\":\"https:\/\/evupre.com\/fr\/?s={search_term_string}\"},\"query-input\":{\"@type\":\"PropertyValueSpecification\",\"valueRequired\":true,\"valueName\":\"search_term_string\"}}],\"inLanguage\":\"fr-FR\"},{\"@type\":\"Organization\",\"@id\":\"https:\/\/evupre.com\/fr\/#organization\",\"name\":\"EVUPRE\",\"url\":\"https:\/\/evupre.com\/fr\/\",\"logo\":{\"@type\":\"ImageObject\",\"inLanguage\":\"fr-FR\",\"@id\":\"https:\/\/evupre.com\/fr\/#\/schema\/logo\/image\/\",\"url\":\"https:\/\/evupre.com\/wp-content\/uploads\/2020\/04\/Evupre-1.png\",\"contentUrl\":\"https:\/\/evupre.com\/wp-content\/uploads\/2020\/04\/Evupre-1.png\",\"width\":300,\"height\":39,\"caption\":\"EVUPRE\"},\"image\":{\"@id\":\"https:\/\/evupre.com\/fr\/#\/schema\/logo\/image\/\"},\"sameAs\":[\"https:\/\/www.facebook.com\/evupre\/\",\"https:\/\/www.instagram.com\/evupre_performance_rowing\/\"]}]}<\/script>\n<meta property=\"og:availability\" content=\"instock\" \/>\n<meta property=\"product:availability\" content=\"instock\" \/>\n<meta property=\"product:condition\" content=\"new\" \/>\n<!-- \/ Yoast SEO Premium plugin. -->","yoast_head_json":{"title":"Einteiler Herren f\u00fcr den Rudersport - EVUPRE Pro Racer Vienna Hommes","description":"Performance Einteiler f\u00fcr den Rudersport. Besonders atmungsaktiv durch Mesh-Panele an den Seiten, stretchy und ohne N\u00e4hte im Sitzbereich.","robots":{"index":"index","follow":"follow","max-snippet":"max-snippet:-1","max-image-preview":"max-image-preview:large","max-video-preview":"max-video-preview:-1"},"canonical":"https:\/\/evupre.com\/fr\/produkt\/pro-racer-vienna-hommes\/","og_locale":"fr_FR","og_type":"article","og_title":"Pro Racer Vienna Hommes","og_description":"Performance Einteiler f\u00fcr den Rudersport. Besonders atmungsaktiv durch Mesh-Panele an den Seiten, stretchy und ohne N\u00e4hte im Sitzbereich.","og_url":"https:\/\/evupre.com\/fr\/produkt\/pro-racer-vienna-hommes\/","og_site_name":"EVUPRE","article_publisher":"https:\/\/www.facebook.com\/evupre\/","article_modified_time":"2025-12-08T16:17:14+00:00","og_image":[{"width":2560,"height":2560,"url":"https:\/\/evupre.com\/wp-content\/uploads\/2021\/09\/ProRacerViennaMfront-min-scaled.jpg","type":"image\/jpeg"}],"twitter_card":"summary_large_image","twitter_misc":{"Disponibilit\u00e9":"En stock"},"schema":{"@context":"https:\/\/schema.org","@graph":[{"@type":"WebPage","@id":"https:\/\/evupre.com\/fr\/produkt\/pro-racer-vienna-hommes\/","url":"https:\/\/evupre.com\/fr\/produkt\/pro-racer-vienna-hommes\/","name":"Einteiler Herren f\u00fcr den Rudersport - EVUPRE Pro Racer Vienna Hommes","isPartOf":{"@id":"https:\/\/evupre.com\/fr\/#website"},"primaryImageOfPage":{"@id":"https:\/\/evupre.com\/fr\/produkt\/pro-racer-vienna-hommes\/#primaryimage"},"image":{"@id":"https:\/\/evupre.com\/fr\/produkt\/pro-racer-vienna-hommes\/#primaryimage"},"thumbnailUrl":"https:\/\/evupre.com\/wp-content\/uploads\/2025\/12\/ProRacerViennaMfront-min-scaled-1.jpg","datePublished":"2021-09-09T22:13:55+00:00","dateModified":"2025-12-08T16:17:14+00:00","description":"Performance Einteiler f\u00fcr den Rudersport. Besonders atmungsaktiv durch Mesh-Panele an den Seiten, stretchy und ohne N\u00e4hte im Sitzbereich.","breadcrumb":{"@id":"https:\/\/evupre.com\/fr\/produkt\/pro-racer-vienna-hommes\/#breadcrumb"},"inLanguage":"fr-FR","potentialAction":[{"@type":"ReadAction","target":["https:\/\/evupre.com\/fr\/produkt\/pro-racer-vienna-hommes\/"]}]},{"@type":"ImageObject","inLanguage":"fr-FR","@id":"https:\/\/evupre.com\/fr\/produkt\/pro-racer-vienna-hommes\/#primaryimage","url":"https:\/\/evupre.com\/wp-content\/uploads\/2025\/12\/ProRacerViennaMfront-min-scaled-1.jpg","contentUrl":"https:\/\/evupre.com\/wp-content\/uploads\/2025\/12\/ProRacerViennaMfront-min-scaled-1.jpg","width":2560,"height":2560},{"@type":"BreadcrumbList","@id":"https:\/\/evupre.com\/fr\/produkt\/pro-racer-vienna-hommes\/#breadcrumb","itemListElement":[{"@type":"ListItem","position":1,"name":"Home","item":"https:\/\/evupre.com\/fr\/home-of-evupre-rowing-clothes\/"},{"@type":"ListItem","position":2,"name":"Shop","item":"https:\/\/evupre.com\/fr\/__trashed\/"},{"@type":"ListItem","position":3,"name":"Pro Racer Vienna Hommes"}]},{"@type":"WebSite","@id":"https:\/\/evupre.com\/fr\/#website","url":"https:\/\/evupre.com\/fr\/","name":"EVUPRE","description":"","publisher":{"@id":"https:\/\/evupre.com\/fr\/#organization"},"potentialAction":[{"@type":"SearchAction","target":{"@type":"EntryPoint","urlTemplate":"https:\/\/evupre.com\/fr\/?s={search_term_string}"},"query-input":{"@type":"PropertyValueSpecification","valueRequired":true,"valueName":"search_term_string"}}],"inLanguage":"fr-FR"},{"@type":"Organization","@id":"https:\/\/evupre.com\/fr\/#organization","name":"EVUPRE","url":"https:\/\/evupre.com\/fr\/","logo":{"@type":"ImageObject","inLanguage":"fr-FR","@id":"https:\/\/evupre.com\/fr\/#\/schema\/logo\/image\/","url":"https:\/\/evupre.com\/wp-content\/uploads\/2020\/04\/Evupre-1.png","contentUrl":"https:\/\/evupre.com\/wp-content\/uploads\/2020\/04\/Evupre-1.png","width":300,"height":39,"caption":"EVUPRE"},"image":{"@id":"https:\/\/evupre.com\/fr\/#\/schema\/logo\/image\/"},"sameAs":["https:\/\/www.facebook.com\/evupre\/","https:\/\/www.instagram.com\/evupre_performance_rowing\/"]}]},"og_availability":"instock","product_availability":"instock","product_condition":"new"},"_links":{"self":[{"href":"https:\/\/evupre.com\/fr\/wp-json\/wp\/v2\/product\/24358","targetHints":{"allow":["GET"]}}],"collection":[{"href":"https:\/\/evupre.com\/fr\/wp-json\/wp\/v2\/product"}],"about":[{"href":"https:\/\/evupre.com\/fr\/wp-json\/wp\/v2\/types\/product"}],"replies":[{"embeddable":true,"href":"https:\/\/evupre.com\/fr\/wp-json\/wp\/v2\/comments?post=24358"}],"wp:featuredmedia":[{"embeddable":true,"href":"https:\/\/evupre.com\/fr\/wp-json\/wp\/v2\/media\/161755"}],"wp:attachment":[{"href":"https:\/\/evupre.com\/fr\/wp-json\/wp\/v2\/media?parent=24358"}],"wp:term":[{"taxonomy":"product_brand","embeddable":true,"href":"https:\/\/evupre.com\/fr\/wp-json\/wp\/v2\/product_brand?post=24358"},{"taxonomy":"product_cat","embeddable":true,"href":"https:\/\/evupre.com\/fr\/wp-json\/wp\/v2\/product_cat?post=24358"},{"taxonomy":"product_tag","embeddable":true,"href":"https:\/\/evupre.com\/fr\/wp-json\/wp\/v2\/product_tag?post=24358"}],"curies":[{"name":"wp","href":"https:\/\/api.w.org\/{rel}","templated":true}]}}