{"id":24319,"date":"2022-04-01T14:54:02","date_gmt":"2022-04-01T12:54:03","guid":{"rendered":"https:\/\/evupre.com\/produkt\/pro-longsleeve-tampere-hommes\/"},"modified":"2023-01-04T17:21:58","modified_gmt":"2023-01-04T16:21:58","slug":"pro-longsleeve-tampere-hommes","status":"publish","type":"product","link":"https:\/\/evupre.com\/fr\/produkt\/pro-longsleeve-tampere-hommes\/","title":{"rendered":"Pro Longsleeve Tampere Hommes"},"content":{"rendered":"<div class=\"product-single__description rte\">\n<div class=\"page\" title=\"Page 6\">\n<div class=\"section\">\n<div class=\"layoutArea\">\n<div class=\"column\">\n<h1>Pro Longsleeve Tampere Hommes<\/h1>\n<p>Le Pro Longsleeve Shirt Tampere est disponible en coupe r\u00e9guli\u00e8re dans un sch\u00e9ma de couleurs des ann\u00e9es 90. Le Pro Longsleeve Tampere Men est un T-shirt d&#8217;entra\u00eenement excellent et confortable. Notre Tampere \u00e0 manches longues est id\u00e9al pour le printemps et l&#8217;automne. Il est bien s\u00fbr superbe sous un Racer !<\/p>\n<h2><a name=\"_Toc113527021\"><\/a>Caract\u00e9ristiques et d\u00e9tails<\/h2>\n<p>Le Pro Longsleeve Tampere Men est fabriqu\u00e9 \u00e0 partir d&#8217;une fibre tech tr\u00e8s l\u00e9g\u00e8re (140 g\/m2), fabriqu\u00e9e \u00e0 partir de polyester recycl\u00e9, et d&#8217;un mat\u00e9riau \u00e0 s\u00e9chage ultra-rapide &#8211; parfait pour \u00eatre port\u00e9 comme couche de base ou couche sup\u00e9rieure. Les coutures plates garantissent que le Pro Longsleeve Tampere Men est confortable \u00e0 porter sur la peau, tandis que les manches raglan offrent de l&#8217;espace pour tous les mouvements des \u00e9paules pendant toute la dur\u00e9e du coup d&#8217;aviron, de la prise \u00e0 la fin. Le Pro Longsleeve Tampere Men a un look sportif et \u00e9l\u00e9gant.<\/p>\n<h2><a name=\"_Toc113527022\"><\/a>Design<\/h2>\n<p>Retour dans les ann\u00e9es 90 : Tampere, en Finlande, a accueilli les Championnats du monde d&#8217;aviron de 1995 et a inspir\u00e9 ce design : Des couleurs, des couleurs, des couleurs ! La collection Pro Tampere est d\u00e9finie par du bleu clair, du bleu fonc\u00e9, avec des accents violets et bordeaux formant un anneau abstrait autour du bas de la poitrine. Le logo EVUPRE d\u00e9core les panneaux lat\u00e9raux.<\/p>\n<h2><a name=\"_Toc113527023\"><\/a>Fit<\/h2>\n<p>Le mod\u00e8le Florian mesure 190 cm et porte la taille XL. La chemise \u00e0 manches longues Tampere est disponible en coupe normale. Les belles coutures plates assurent un grand confort, ainsi qu&#8217;un look \u00e9l\u00e9gant et sportif. La partie arri\u00e8re est plus longue de 3 cm, pour garantir que le bas du dos est couvert m\u00eame en position de capture.<\/p>\n<p>Vous n&#8217;\u00eates pas s\u00fbr de la taille qui vous conviendrait ? Envoyez-nous un courriel \u00e0 l&#8217;adresse <a href=\"mailto:office@evupre.com\">office@evupre.com<\/a>, et nous vous donnerons des conseils personnalis\u00e9s. Gr\u00e2ce \u00e0 notre exp\u00e9rience, nous pouvons trouver la taille parfaite pour vous. En outre, vous aurez l&#8217;occasion d&#8217;en savoir encore plus sur les autres produits de la gamme EVUPRE.<\/p>\n<h2><a name=\"_Toc113527024\"><\/a>La tenue parfaite<\/h2>\n<p>Le Pro Longsleeve Shirt Tampere Men est id\u00e9al en combinaison avec le <a href=\"https:\/\/evupre.com\/fr\/produkt\/shorts-essentials-hommes\/\">Short Essentials<\/a> ou le nouveau <a href=\"https:\/\/evupre.com\/fr\/produkt\/pro-racer-tampere-hommes\/\">Tampere Racer<\/a>, car le design est parfaitement coordonn\u00e9 pour cr\u00e9er une superbe tenue de course.<\/p>\n<h2><a name=\"_Toc113527025\"><\/a>Autres liens<\/h2>\n<p>Pour des photos et des informations d\u00e9taill\u00e9es sur notre Pro Longsleeve Tampere Men, et de nombreux autres produits de la collection d&#8217;aviron EVUPRE, suivez nos pages\u00a0<a href=\"https:\/\/www.instagram.com\/evupre_performance_rowing\/\">Instagram<\/a>\u00a0et\u00a0<a href=\"https:\/\/www.facebook.com\/evupre\">Facebook<\/a>. Nos revendeurs en Suisse et en Allemagne sont\u00a0<a href=\"https:\/\/www.4row.com\/de\/ch\/\">4row<\/a>, aux Pays-Bas\u00a0<a href=\"https:\/\/www.eurow.eu\/de\/ruder-bekleidung\/ruder-handschuhe.html\">EUROW<\/a>, en Scandinavie <a href=\"https:\/\/all4rowing.com\">All4Rowing<\/a> et\u00a0<a href=\"https:\/\/www.rowgeneration.se\/tillbehor\/komfort\/rowtex-pro\">ROW Generation<\/a>\u00a0et en Grande-Bretagne <a href=\"https:\/\/www.fwd2row.co.uk\/\">FWD2Row<\/a>.<\/p>\n<\/div>\n<\/div>\n<\/div>\n<\/div>\n<\/div>\n","protected":false},"excerpt":{"rendered":"<ul>\n<li>Bi-\u00e9lastique,<\/li>\n<li>Grand confort<\/li>\n<li>Fibre tech tr\u00e8s l\u00e9g\u00e8re (140 g\/m2) fabriqu\u00e9e \u00e0 partir de polyester recycl\u00e9<\/li>\n<li>Haute respirabilit\u00e9<\/li>\n<li>Manches raglan<\/li>\n<li>Coutures plates<\/li>\n<li>Coupe r\u00e9guli\u00e8re<\/li>\n<\/ul>\n","protected":false},"featured_media":162139,"comment_status":"open","ping_status":"closed","template":"","meta":{"_acf_changed":false},"product_brand":[],"product_cat":[1342],"product_tag":[],"class_list":{"0":"post-24319","1":"product","2":"type-product","3":"status-publish","4":"has-post-thumbnail","6":"product_cat-damen","7":"tm-no-options","9":"first","10":"instock","11":"featured","12":"taxable","13":"shipping-taxable","14":"purchasable","15":"product-type-variable","16":"wpzoom-wc-spi-has-enabled"},"supplier_id":null,"supplier_sku":"","barcode":null,"atum_controlled":true,"out_stock_date":null,"out_stock_threshold":null,"inheritable":true,"inbound_stock":null,"stock_on_hold":0,"sold_today":0,"sales_last_days":0,"reserved_stock":null,"customer_returns":null,"warehouse_damage":null,"lost_in_post":null,"other_logs":null,"out_stock_days":0,"lost_sales":0,"has_location":false,"update_date":"2026-03-05T09:14:01","atum_locations":[],"atum_stock_status":"instock","restock_status":false,"low_stock_amount":"","sales_update_date":"2026-03-05T09:14:01","calc_backorders":null,"mi_inventories":[],"multi_inventory":"no","inventory_sorting_mode":"global","inventory_iteration":"global","expirable_inventories":"global","price_per_inventory":"global","show_write_off_inventories":"global","selectable_inventories":"global","selectable_inventories_mode":"global","acf":[],"yoast_head":"<!-- This site is optimized with the Yoast SEO Premium plugin v23.0 (Yoast SEO v26.6) - https:\/\/yoast.com\/wordpress\/plugins\/seo\/ -->\n<title>Pro Longsleeve Tampere Hommes - EVUPRE<\/title>\n<meta name=\"robots\" content=\"index, follow, max-snippet:-1, max-image-preview:large, max-video-preview:-1\" \/>\n<link rel=\"canonical\" href=\"https:\/\/evupre.com\/fr\/produkt\/pro-longsleeve-tampere-hommes\/\" \/>\n<meta property=\"og:locale\" content=\"fr_FR\" \/>\n<meta property=\"og:type\" content=\"article\" \/>\n<meta property=\"og:title\" content=\"Pro Longsleeve Tampere Hommes\" \/>\n<meta property=\"og:description\" content=\"Bi-\u00e9lastique,  Grand confort  Fibre tech tr\u00e8s l\u00e9g\u00e8re (140 g\/m2) fabriqu\u00e9e \u00e0 partir de polyester recycl\u00e9  Haute respirabilit\u00e9  Manches raglan  Coutures plates  Coupe r\u00e9guli\u00e8re\" \/>\n<meta property=\"og:url\" content=\"https:\/\/evupre.com\/fr\/produkt\/pro-longsleeve-tampere-hommes\/\" \/>\n<meta property=\"og:site_name\" content=\"EVUPRE\" \/>\n<meta property=\"article:publisher\" content=\"https:\/\/www.facebook.com\/evupre\/\" \/>\n<meta property=\"article:modified_time\" content=\"2023-01-04T16:21:58+00:00\" \/>\n<meta property=\"og:image\" content=\"https:\/\/evupre.com\/wp-content\/uploads\/2022\/04\/ProLongsleeveTampereMfront-scaled.jpg\" \/>\n\t<meta property=\"og:image:width\" content=\"2560\" \/>\n\t<meta property=\"og:image:height\" content=\"2560\" \/>\n\t<meta property=\"og:image:type\" content=\"image\/jpeg\" \/>\n<meta name=\"twitter:card\" content=\"summary_large_image\" \/>\n<meta name=\"twitter:label1\" content=\"Disponibilit\u00e9\" \/>\n\t<meta name=\"twitter:data1\" content=\"En stock\" \/>\n<script type=\"application\/ld+json\" class=\"yoast-schema-graph\">{\"@context\":\"https:\/\/schema.org\",\"@graph\":[{\"@type\":\"WebPage\",\"@id\":\"https:\/\/evupre.com\/fr\/produkt\/pro-longsleeve-tampere-hommes\/\",\"url\":\"https:\/\/evupre.com\/fr\/produkt\/pro-longsleeve-tampere-hommes\/\",\"name\":\"Pro Longsleeve Tampere Hommes - EVUPRE\",\"isPartOf\":{\"@id\":\"https:\/\/evupre.com\/fr\/#website\"},\"primaryImageOfPage\":{\"@id\":\"https:\/\/evupre.com\/fr\/produkt\/pro-longsleeve-tampere-hommes\/#primaryimage\"},\"image\":{\"@id\":\"https:\/\/evupre.com\/fr\/produkt\/pro-longsleeve-tampere-hommes\/#primaryimage\"},\"thumbnailUrl\":\"https:\/\/evupre.com\/wp-content\/uploads\/2025\/12\/ProLongsleeveTampereMfront-scaled-1.jpg\",\"datePublished\":\"2022-04-01T12:54:03+00:00\",\"dateModified\":\"2023-01-04T16:21:58+00:00\",\"breadcrumb\":{\"@id\":\"https:\/\/evupre.com\/fr\/produkt\/pro-longsleeve-tampere-hommes\/#breadcrumb\"},\"inLanguage\":\"fr-FR\",\"potentialAction\":[{\"@type\":\"ReadAction\",\"target\":[\"https:\/\/evupre.com\/fr\/produkt\/pro-longsleeve-tampere-hommes\/\"]}]},{\"@type\":\"ImageObject\",\"inLanguage\":\"fr-FR\",\"@id\":\"https:\/\/evupre.com\/fr\/produkt\/pro-longsleeve-tampere-hommes\/#primaryimage\",\"url\":\"https:\/\/evupre.com\/wp-content\/uploads\/2025\/12\/ProLongsleeveTampereMfront-scaled-1.jpg\",\"contentUrl\":\"https:\/\/evupre.com\/wp-content\/uploads\/2025\/12\/ProLongsleeveTampereMfront-scaled-1.jpg\",\"width\":2560,\"height\":2560},{\"@type\":\"BreadcrumbList\",\"@id\":\"https:\/\/evupre.com\/fr\/produkt\/pro-longsleeve-tampere-hommes\/#breadcrumb\",\"itemListElement\":[{\"@type\":\"ListItem\",\"position\":1,\"name\":\"Home\",\"item\":\"https:\/\/evupre.com\/fr\/home-of-evupre-rowing-clothes\/\"},{\"@type\":\"ListItem\",\"position\":2,\"name\":\"Shop\",\"item\":\"https:\/\/evupre.com\/fr\/__trashed\/\"},{\"@type\":\"ListItem\",\"position\":3,\"name\":\"Pro Longsleeve Tampere Hommes\"}]},{\"@type\":\"WebSite\",\"@id\":\"https:\/\/evupre.com\/fr\/#website\",\"url\":\"https:\/\/evupre.com\/fr\/\",\"name\":\"EVUPRE\",\"description\":\"\",\"publisher\":{\"@id\":\"https:\/\/evupre.com\/fr\/#organization\"},\"potentialAction\":[{\"@type\":\"SearchAction\",\"target\":{\"@type\":\"EntryPoint\",\"urlTemplate\":\"https:\/\/evupre.com\/fr\/?s={search_term_string}\"},\"query-input\":{\"@type\":\"PropertyValueSpecification\",\"valueRequired\":true,\"valueName\":\"search_term_string\"}}],\"inLanguage\":\"fr-FR\"},{\"@type\":\"Organization\",\"@id\":\"https:\/\/evupre.com\/fr\/#organization\",\"name\":\"EVUPRE\",\"url\":\"https:\/\/evupre.com\/fr\/\",\"logo\":{\"@type\":\"ImageObject\",\"inLanguage\":\"fr-FR\",\"@id\":\"https:\/\/evupre.com\/fr\/#\/schema\/logo\/image\/\",\"url\":\"https:\/\/evupre.com\/wp-content\/uploads\/2020\/04\/Evupre-1.png\",\"contentUrl\":\"https:\/\/evupre.com\/wp-content\/uploads\/2020\/04\/Evupre-1.png\",\"width\":300,\"height\":39,\"caption\":\"EVUPRE\"},\"image\":{\"@id\":\"https:\/\/evupre.com\/fr\/#\/schema\/logo\/image\/\"},\"sameAs\":[\"https:\/\/www.facebook.com\/evupre\/\",\"https:\/\/www.instagram.com\/evupre_performance_rowing\/\"]}]}<\/script>\n<meta property=\"og:availability\" content=\"instock\" \/>\n<meta property=\"product:availability\" content=\"instock\" \/>\n<meta property=\"product:condition\" content=\"new\" \/>\n<!-- \/ Yoast SEO Premium plugin. -->","yoast_head_json":{"title":"Pro Longsleeve Tampere Hommes - EVUPRE","robots":{"index":"index","follow":"follow","max-snippet":"max-snippet:-1","max-image-preview":"max-image-preview:large","max-video-preview":"max-video-preview:-1"},"canonical":"https:\/\/evupre.com\/fr\/produkt\/pro-longsleeve-tampere-hommes\/","og_locale":"fr_FR","og_type":"article","og_title":"Pro Longsleeve Tampere Hommes","og_description":"Bi-\u00e9lastique,  Grand confort  Fibre tech tr\u00e8s l\u00e9g\u00e8re (140 g\/m2) fabriqu\u00e9e \u00e0 partir de polyester recycl\u00e9  Haute respirabilit\u00e9  Manches raglan  Coutures plates  Coupe r\u00e9guli\u00e8re","og_url":"https:\/\/evupre.com\/fr\/produkt\/pro-longsleeve-tampere-hommes\/","og_site_name":"EVUPRE","article_publisher":"https:\/\/www.facebook.com\/evupre\/","article_modified_time":"2023-01-04T16:21:58+00:00","og_image":[{"width":2560,"height":2560,"url":"https:\/\/evupre.com\/wp-content\/uploads\/2022\/04\/ProLongsleeveTampereMfront-scaled.jpg","type":"image\/jpeg"}],"twitter_card":"summary_large_image","twitter_misc":{"Disponibilit\u00e9":"En stock"},"schema":{"@context":"https:\/\/schema.org","@graph":[{"@type":"WebPage","@id":"https:\/\/evupre.com\/fr\/produkt\/pro-longsleeve-tampere-hommes\/","url":"https:\/\/evupre.com\/fr\/produkt\/pro-longsleeve-tampere-hommes\/","name":"Pro Longsleeve Tampere Hommes - EVUPRE","isPartOf":{"@id":"https:\/\/evupre.com\/fr\/#website"},"primaryImageOfPage":{"@id":"https:\/\/evupre.com\/fr\/produkt\/pro-longsleeve-tampere-hommes\/#primaryimage"},"image":{"@id":"https:\/\/evupre.com\/fr\/produkt\/pro-longsleeve-tampere-hommes\/#primaryimage"},"thumbnailUrl":"https:\/\/evupre.com\/wp-content\/uploads\/2025\/12\/ProLongsleeveTampereMfront-scaled-1.jpg","datePublished":"2022-04-01T12:54:03+00:00","dateModified":"2023-01-04T16:21:58+00:00","breadcrumb":{"@id":"https:\/\/evupre.com\/fr\/produkt\/pro-longsleeve-tampere-hommes\/#breadcrumb"},"inLanguage":"fr-FR","potentialAction":[{"@type":"ReadAction","target":["https:\/\/evupre.com\/fr\/produkt\/pro-longsleeve-tampere-hommes\/"]}]},{"@type":"ImageObject","inLanguage":"fr-FR","@id":"https:\/\/evupre.com\/fr\/produkt\/pro-longsleeve-tampere-hommes\/#primaryimage","url":"https:\/\/evupre.com\/wp-content\/uploads\/2025\/12\/ProLongsleeveTampereMfront-scaled-1.jpg","contentUrl":"https:\/\/evupre.com\/wp-content\/uploads\/2025\/12\/ProLongsleeveTampereMfront-scaled-1.jpg","width":2560,"height":2560},{"@type":"BreadcrumbList","@id":"https:\/\/evupre.com\/fr\/produkt\/pro-longsleeve-tampere-hommes\/#breadcrumb","itemListElement":[{"@type":"ListItem","position":1,"name":"Home","item":"https:\/\/evupre.com\/fr\/home-of-evupre-rowing-clothes\/"},{"@type":"ListItem","position":2,"name":"Shop","item":"https:\/\/evupre.com\/fr\/__trashed\/"},{"@type":"ListItem","position":3,"name":"Pro Longsleeve Tampere Hommes"}]},{"@type":"WebSite","@id":"https:\/\/evupre.com\/fr\/#website","url":"https:\/\/evupre.com\/fr\/","name":"EVUPRE","description":"","publisher":{"@id":"https:\/\/evupre.com\/fr\/#organization"},"potentialAction":[{"@type":"SearchAction","target":{"@type":"EntryPoint","urlTemplate":"https:\/\/evupre.com\/fr\/?s={search_term_string}"},"query-input":{"@type":"PropertyValueSpecification","valueRequired":true,"valueName":"search_term_string"}}],"inLanguage":"fr-FR"},{"@type":"Organization","@id":"https:\/\/evupre.com\/fr\/#organization","name":"EVUPRE","url":"https:\/\/evupre.com\/fr\/","logo":{"@type":"ImageObject","inLanguage":"fr-FR","@id":"https:\/\/evupre.com\/fr\/#\/schema\/logo\/image\/","url":"https:\/\/evupre.com\/wp-content\/uploads\/2020\/04\/Evupre-1.png","contentUrl":"https:\/\/evupre.com\/wp-content\/uploads\/2020\/04\/Evupre-1.png","width":300,"height":39,"caption":"EVUPRE"},"image":{"@id":"https:\/\/evupre.com\/fr\/#\/schema\/logo\/image\/"},"sameAs":["https:\/\/www.facebook.com\/evupre\/","https:\/\/www.instagram.com\/evupre_performance_rowing\/"]}]},"og_availability":"instock","product_availability":"instock","product_condition":"new"},"_links":{"self":[{"href":"https:\/\/evupre.com\/fr\/wp-json\/wp\/v2\/product\/24319","targetHints":{"allow":["GET"]}}],"collection":[{"href":"https:\/\/evupre.com\/fr\/wp-json\/wp\/v2\/product"}],"about":[{"href":"https:\/\/evupre.com\/fr\/wp-json\/wp\/v2\/types\/product"}],"replies":[{"embeddable":true,"href":"https:\/\/evupre.com\/fr\/wp-json\/wp\/v2\/comments?post=24319"}],"wp:featuredmedia":[{"embeddable":true,"href":"https:\/\/evupre.com\/fr\/wp-json\/wp\/v2\/media\/162139"}],"wp:attachment":[{"href":"https:\/\/evupre.com\/fr\/wp-json\/wp\/v2\/media?parent=24319"}],"wp:term":[{"taxonomy":"product_brand","embeddable":true,"href":"https:\/\/evupre.com\/fr\/wp-json\/wp\/v2\/product_brand?post=24319"},{"taxonomy":"product_cat","embeddable":true,"href":"https:\/\/evupre.com\/fr\/wp-json\/wp\/v2\/product_cat?post=24319"},{"taxonomy":"product_tag","embeddable":true,"href":"https:\/\/evupre.com\/fr\/wp-json\/wp\/v2\/product_tag?post=24319"}],"curies":[{"name":"wp","href":"https:\/\/api.w.org\/{rel}","templated":true}]}}