{"id":24290,"date":"2022-04-22T12:28:57","date_gmt":"2022-04-22T10:28:57","guid":{"rendered":"https:\/\/evupre.com\/produkt\/pro-racer-copenhagen-hommes\/"},"modified":"2022-12-05T00:00:38","modified_gmt":"2022-12-04T23:00:38","slug":"pro-racer-copenhagen-hommes","status":"publish","type":"product","link":"https:\/\/evupre.com\/fr\/produkt\/pro-racer-copenhagen-hommes\/","title":{"rendered":"Pro Racer Copenhagen Hommes"},"content":{"rendered":"<div class=\"product-single__description rte\">\n<div class=\"page\" title=\"Page 6\">\n<div class=\"section\">\n<div class=\"layoutArea\">\n<div class=\"column\">\n<h1>Pro Racer Copenhagen Hommes<\/h1>\n<p>Mettez votre bateau en marche en un rien de temps, avec notre Pro Racer Copenhagen Men.\u00a0Sa coupe ajust\u00e9e et la combinaison du haut et du bas font de chaque coup, de la prise \u00e0 l&#8217;arriv\u00e9e, un pur plaisir. Le Racer est donc la tenue parfaite pour les entra\u00eenements intensifs et les comp\u00e9titions difficiles.<\/p>\n<h2><a name=\"_Toc113526939\"><\/a>Caract\u00e9ristiques et d\u00e9tails<\/h2>\n<p>Le Pro Racer Copenhagen Men impressionne par la l\u00e9g\u00e8ret\u00e9 de son mat\u00e9riau et la libert\u00e9 de mouvement qu&#8217;il procure, que ce soit \u00e0 la vitesse \u00e9lev\u00e9e de la comp\u00e9tition ou lors d&#8217;un entra\u00eenement qui fait transpirer.\u00a0Les tissus \u00e0 s\u00e9chage rapide, l\u00e9gers et extensibles, ainsi qu&#8217;une ventilation efficace gr\u00e2ce aux panneaux lat\u00e9raux en maille des deux c\u00f4t\u00e9s du haut, assurent un refroidissement rapide pendant le port. Un insert non-transparent sur l&#8217;int\u00e9rieur de la zone de la poitrine permet un confort suppl\u00e9mentaire. Dans la zone du si\u00e8ge, le racer est compl\u00e8tement d\u00e9pourvu de coutures et donc tr\u00e8s confortable \u00e0 porter. L&#8217;arri\u00e8re et l&#8217;avant de la culotte utilisent un tissu solide et r\u00e9sistant \u00e0 l&#8217;abrasion. Le mat\u00e9riau de ces zones est teint\u00e9 et l\u00e9g\u00e8rement plus \u00e9pais, de sorte que le racer conserve toujours sa forme et son aspect neuf. Les fronces \u00e9lastiques au bas des cuisses assurent une belle couture plate et vous donnent une sensation de l\u00e9g\u00e8ret\u00e9 gr\u00e2ce \u00e0 leur tissu extensible.<\/p>\n<h2><a name=\"_Toc113526940\"><\/a>Design<\/h2>\n<p>La collection Pro Copenhagen reprend l&#8217;esprit des championnats du monde d&#8217;aviron de 1978 et 1987 : \u00e9l\u00e9gant, minimaliste et intemporel. Le bleu royal vif du haut contraste avec le noir du bas. Cette combinaison de couleurs n&#8217;est pas seulement en vogue dans la capitale danoise, elle nous rappelle une tenue classique des ann\u00e9es 1970 : Franz Beckenbauer jouant dans sa tenue adidas dans ces couleurs, et maintenant notre collection Copenhague pr\u00e9sente une couleur bleu fonc\u00e9 avec un logo EVUPRE bleu clair.<\/p>\n<h2><a name=\"_Toc113526941\"><\/a>Fit<\/h2>\n<p>Coupe \u00e9troite (skinny) : Le mod\u00e8le Florian mesure 190 cm et porte une taille XL. Lors de la conception de notre Pro Racer Copenhagen Men, nous avons cherch\u00e9 \u00e0 obtenir une coupe moulante qui \u00e9pouse le corps. Si vous ne vous sentez pas \u00e0 l&#8217;aise avec une coupe moulante, nous vous recommandons de choisir une taille sup\u00e9rieure.<\/p>\n<p>Vous n&#8217;\u00eates pas s\u00fbr de la taille qui vous conviendrait ? Envoyez-nous un courriel \u00e0 l&#8217;adresse <a href=\"mailto:shop@evupre.com\">shop@evupre.com<\/a>, et nous vous donnerons des conseils personnalis\u00e9s. Gr\u00e2ce \u00e0 notre exp\u00e9rience, nous pouvons trouver la taille parfaite pour vous. En outre, vous aurez l&#8217;occasion d&#8217;en savoir encore plus sur les autres produits de la gamme EVUPRE.<\/p>\n<h2><a name=\"_Toc113526942\"><\/a>La tenue parfaite<\/h2>\n<p>Le <a href=\"https:\/\/evupre.com\/fr\/produkt\/pro-longsleeve-copenhagen-hommes\/\">Pro Longsleeve Copenhagen Men<\/a> est disponible dans le m\u00eame design que le Pro Racer Copenhagen Men ; un ensemble parfaitement con\u00e7u.\u00a0Si vous pr\u00e9f\u00e9rez un look classique, combinez avec une simple chemise blanche comme couche de base, comme le <a href=\"https:\/\/evupre.com\/fr\/?s=bahn3+shortsleeve\">Bahn 3 Shortsleeve Hommes<\/a>. Une autre alternative serait d&#8217;opter pour la chemise blanche <a href=\"https:\/\/evupre.com\/fr\/produkt\/chemise-tech-essentials-femmes\/\">Essentials Tech Shirt<\/a>.<\/p>\n<h2><a name=\"_Toc113526943\"><\/a>Autres liens<\/h2>\n<p>Pour des photos et des histoires d\u00e9taill\u00e9es sur notre Pro Racer Copenhagen Men et de nombreux autres produits de la collection d&#8217;aviron EVUPRE, suivez nos pages\u00a0<a href=\"https:\/\/www.instagram.com\/evupre_performance_rowing\/\">Instagram<\/a>\u00a0et\u00a0<a href=\"https:\/\/www.facebook.com\/evupre\">Facebook<\/a>. Nos revendeurs en Suisse et en Allemagne sont\u00a0<a href=\"https:\/\/www.4row.com\/de\/ch\/\">4row<\/a>, aux Pays-Bas\u00a0<a href=\"https:\/\/www.eurow.eu\/de\/ruder-bekleidung\/ruder-handschuhe.html\">EUROW<\/a>, en Scandinavie <a href=\"https:\/\/all4rowing.com\">All4Rowing<\/a> et\u00a0<a href=\"https:\/\/www.rowgeneration.se\/tillbehor\/komfort\/rowtex-pro\">ROW Generation<\/a>\u00a0et en Grande-Bretagne <a href=\"https:\/\/www.fwd2row.co.uk\/\">FWD2Row<\/a>.<\/p>\n<\/div>\n<\/div>\n<\/div>\n<\/div>\n<\/div>\n","protected":false},"excerpt":{"rendered":"<ul>\n<li>Bi-\u00e9lastique<\/li>\n<li>Coutures plates<\/li>\n<li>Excellente respirabilit\u00e9, permet de rester sec et frais<\/li>\n<li>Panneaux lat\u00e9raux en maille<\/li>\n<li>Royal-Blue<\/li>\n<li>Partie sup\u00e9rieure du corps : 86 % micro-polyester recycl\u00e9, 14 % \u00e9lasthanne (140 g\/m2)<\/li>\n<li>Jambes : 80 % polyamide, 20 % Lycra (210 g\/m2)<\/li>\n<\/ul>\n","protected":false},"featured_media":162291,"comment_status":"open","ping_status":"closed","template":"","meta":{"_acf_changed":false},"product_brand":[],"product_cat":[1342],"product_tag":[],"class_list":{"0":"post-24290","1":"product","2":"type-product","3":"status-publish","4":"has-post-thumbnail","6":"product_cat-damen","7":"tm-no-options","9":"first","10":"outofstock","11":"sale","12":"featured","13":"taxable","14":"shipping-taxable","15":"product-type-variable","16":"wpzoom-wc-spi-has-enabled"},"supplier_id":null,"supplier_sku":"","barcode":null,"atum_controlled":true,"out_stock_date":null,"out_stock_threshold":null,"inheritable":true,"inbound_stock":null,"stock_on_hold":0,"sold_today":0,"sales_last_days":0,"reserved_stock":null,"customer_returns":null,"warehouse_damage":null,"lost_in_post":null,"other_logs":null,"out_stock_days":0,"lost_sales":0,"has_location":false,"update_date":"2026-02-28T09:16:21","atum_locations":[],"atum_stock_status":"outofstock","restock_status":false,"low_stock_amount":"","sales_update_date":"2026-02-28T09:16:20","calc_backorders":null,"mi_inventories":[],"multi_inventory":"no","inventory_sorting_mode":"global","inventory_iteration":"global","expirable_inventories":"global","price_per_inventory":"global","show_write_off_inventories":"global","selectable_inventories":"global","selectable_inventories_mode":"global","acf":[],"yoast_head":"<!-- This site is optimized with the Yoast SEO Premium plugin v23.0 (Yoast SEO v26.6) - https:\/\/yoast.com\/wordpress\/plugins\/seo\/ -->\n<title>Einteiler Herren f\u00fcr den Rudersport - EVUPRE Pro Racer Copenhagen Hommes<\/title>\n<meta name=\"description\" content=\"Performance Einteiler f\u00fcr den Rudersport. Besonders atmungsaktiv durch Mesh-Panele an den Seiten, stretchy und ohne N\u00e4hte im Sitzbereich.\" \/>\n<meta name=\"robots\" content=\"index, follow, max-snippet:-1, max-image-preview:large, max-video-preview:-1\" \/>\n<link rel=\"canonical\" href=\"https:\/\/evupre.com\/fr\/produkt\/pro-racer-copenhagen-hommes\/\" \/>\n<meta property=\"og:locale\" content=\"fr_FR\" \/>\n<meta property=\"og:type\" content=\"article\" \/>\n<meta property=\"og:title\" content=\"Pro Racer Copenhagen Hommes\" \/>\n<meta property=\"og:description\" content=\"Performance Einteiler f\u00fcr den Rudersport. Besonders atmungsaktiv durch Mesh-Panele an den Seiten, stretchy und ohne N\u00e4hte im Sitzbereich.\" \/>\n<meta property=\"og:url\" content=\"https:\/\/evupre.com\/fr\/produkt\/pro-racer-copenhagen-hommes\/\" \/>\n<meta property=\"og:site_name\" content=\"EVUPRE\" \/>\n<meta property=\"article:publisher\" content=\"https:\/\/www.facebook.com\/evupre\/\" \/>\n<meta property=\"article:modified_time\" content=\"2022-12-04T23:00:38+00:00\" \/>\n<meta property=\"og:image\" content=\"https:\/\/evupre.com\/wp-content\/uploads\/2022\/04\/ProRacerCopenhagenMfront-min-scaled.jpg\" \/>\n\t<meta property=\"og:image:width\" content=\"2560\" \/>\n\t<meta property=\"og:image:height\" content=\"2560\" \/>\n\t<meta property=\"og:image:type\" content=\"image\/jpeg\" \/>\n<meta name=\"twitter:card\" content=\"summary_large_image\" \/>\n<meta name=\"twitter:label1\" content=\"Disponibilit\u00e9\" \/>\n\t<meta name=\"twitter:data1\" content=\"Rupture de stock\" \/>\n<script type=\"application\/ld+json\" class=\"yoast-schema-graph\">{\"@context\":\"https:\/\/schema.org\",\"@graph\":[{\"@type\":\"WebPage\",\"@id\":\"https:\/\/evupre.com\/fr\/produkt\/pro-racer-copenhagen-hommes\/\",\"url\":\"https:\/\/evupre.com\/fr\/produkt\/pro-racer-copenhagen-hommes\/\",\"name\":\"Einteiler Herren f\u00fcr den Rudersport - EVUPRE Pro Racer Copenhagen Hommes\",\"isPartOf\":{\"@id\":\"https:\/\/evupre.com\/fr\/#website\"},\"primaryImageOfPage\":{\"@id\":\"https:\/\/evupre.com\/fr\/produkt\/pro-racer-copenhagen-hommes\/#primaryimage\"},\"image\":{\"@id\":\"https:\/\/evupre.com\/fr\/produkt\/pro-racer-copenhagen-hommes\/#primaryimage\"},\"thumbnailUrl\":\"https:\/\/evupre.com\/wp-content\/uploads\/2025\/12\/ProRacerCopenhagenMfront-min-scaled-1.jpg\",\"datePublished\":\"2022-04-22T10:28:57+00:00\",\"dateModified\":\"2022-12-04T23:00:38+00:00\",\"description\":\"Performance Einteiler f\u00fcr den Rudersport. Besonders atmungsaktiv durch Mesh-Panele an den Seiten, stretchy und ohne N\u00e4hte im Sitzbereich.\",\"breadcrumb\":{\"@id\":\"https:\/\/evupre.com\/fr\/produkt\/pro-racer-copenhagen-hommes\/#breadcrumb\"},\"inLanguage\":\"fr-FR\",\"potentialAction\":[{\"@type\":\"ReadAction\",\"target\":[\"https:\/\/evupre.com\/fr\/produkt\/pro-racer-copenhagen-hommes\/\"]}]},{\"@type\":\"ImageObject\",\"inLanguage\":\"fr-FR\",\"@id\":\"https:\/\/evupre.com\/fr\/produkt\/pro-racer-copenhagen-hommes\/#primaryimage\",\"url\":\"https:\/\/evupre.com\/wp-content\/uploads\/2025\/12\/ProRacerCopenhagenMfront-min-scaled-1.jpg\",\"contentUrl\":\"https:\/\/evupre.com\/wp-content\/uploads\/2025\/12\/ProRacerCopenhagenMfront-min-scaled-1.jpg\",\"width\":2560,\"height\":2560},{\"@type\":\"BreadcrumbList\",\"@id\":\"https:\/\/evupre.com\/fr\/produkt\/pro-racer-copenhagen-hommes\/#breadcrumb\",\"itemListElement\":[{\"@type\":\"ListItem\",\"position\":1,\"name\":\"Home\",\"item\":\"https:\/\/evupre.com\/fr\/home-of-evupre-rowing-clothes\/\"},{\"@type\":\"ListItem\",\"position\":2,\"name\":\"Shop\",\"item\":\"https:\/\/evupre.com\/fr\/__trashed\/\"},{\"@type\":\"ListItem\",\"position\":3,\"name\":\"Pro Racer Copenhagen Hommes\"}]},{\"@type\":\"WebSite\",\"@id\":\"https:\/\/evupre.com\/fr\/#website\",\"url\":\"https:\/\/evupre.com\/fr\/\",\"name\":\"EVUPRE\",\"description\":\"\",\"publisher\":{\"@id\":\"https:\/\/evupre.com\/fr\/#organization\"},\"potentialAction\":[{\"@type\":\"SearchAction\",\"target\":{\"@type\":\"EntryPoint\",\"urlTemplate\":\"https:\/\/evupre.com\/fr\/?s={search_term_string}\"},\"query-input\":{\"@type\":\"PropertyValueSpecification\",\"valueRequired\":true,\"valueName\":\"search_term_string\"}}],\"inLanguage\":\"fr-FR\"},{\"@type\":\"Organization\",\"@id\":\"https:\/\/evupre.com\/fr\/#organization\",\"name\":\"EVUPRE\",\"url\":\"https:\/\/evupre.com\/fr\/\",\"logo\":{\"@type\":\"ImageObject\",\"inLanguage\":\"fr-FR\",\"@id\":\"https:\/\/evupre.com\/fr\/#\/schema\/logo\/image\/\",\"url\":\"https:\/\/evupre.com\/wp-content\/uploads\/2020\/04\/Evupre-1.png\",\"contentUrl\":\"https:\/\/evupre.com\/wp-content\/uploads\/2020\/04\/Evupre-1.png\",\"width\":300,\"height\":39,\"caption\":\"EVUPRE\"},\"image\":{\"@id\":\"https:\/\/evupre.com\/fr\/#\/schema\/logo\/image\/\"},\"sameAs\":[\"https:\/\/www.facebook.com\/evupre\/\",\"https:\/\/www.instagram.com\/evupre_performance_rowing\/\"]}]}<\/script>\n<meta property=\"og:availability\" content=\"out of stock\" \/>\n<meta property=\"product:availability\" content=\"out of stock\" \/>\n<meta property=\"product:condition\" content=\"new\" \/>\n<!-- \/ Yoast SEO Premium plugin. -->","yoast_head_json":{"title":"Einteiler Herren f\u00fcr den Rudersport - EVUPRE Pro Racer Copenhagen Hommes","description":"Performance Einteiler f\u00fcr den Rudersport. Besonders atmungsaktiv durch Mesh-Panele an den Seiten, stretchy und ohne N\u00e4hte im Sitzbereich.","robots":{"index":"index","follow":"follow","max-snippet":"max-snippet:-1","max-image-preview":"max-image-preview:large","max-video-preview":"max-video-preview:-1"},"canonical":"https:\/\/evupre.com\/fr\/produkt\/pro-racer-copenhagen-hommes\/","og_locale":"fr_FR","og_type":"article","og_title":"Pro Racer Copenhagen Hommes","og_description":"Performance Einteiler f\u00fcr den Rudersport. Besonders atmungsaktiv durch Mesh-Panele an den Seiten, stretchy und ohne N\u00e4hte im Sitzbereich.","og_url":"https:\/\/evupre.com\/fr\/produkt\/pro-racer-copenhagen-hommes\/","og_site_name":"EVUPRE","article_publisher":"https:\/\/www.facebook.com\/evupre\/","article_modified_time":"2022-12-04T23:00:38+00:00","og_image":[{"width":2560,"height":2560,"url":"https:\/\/evupre.com\/wp-content\/uploads\/2022\/04\/ProRacerCopenhagenMfront-min-scaled.jpg","type":"image\/jpeg"}],"twitter_card":"summary_large_image","twitter_misc":{"Disponibilit\u00e9":"Rupture de stock"},"schema":{"@context":"https:\/\/schema.org","@graph":[{"@type":"WebPage","@id":"https:\/\/evupre.com\/fr\/produkt\/pro-racer-copenhagen-hommes\/","url":"https:\/\/evupre.com\/fr\/produkt\/pro-racer-copenhagen-hommes\/","name":"Einteiler Herren f\u00fcr den Rudersport - EVUPRE Pro Racer Copenhagen Hommes","isPartOf":{"@id":"https:\/\/evupre.com\/fr\/#website"},"primaryImageOfPage":{"@id":"https:\/\/evupre.com\/fr\/produkt\/pro-racer-copenhagen-hommes\/#primaryimage"},"image":{"@id":"https:\/\/evupre.com\/fr\/produkt\/pro-racer-copenhagen-hommes\/#primaryimage"},"thumbnailUrl":"https:\/\/evupre.com\/wp-content\/uploads\/2025\/12\/ProRacerCopenhagenMfront-min-scaled-1.jpg","datePublished":"2022-04-22T10:28:57+00:00","dateModified":"2022-12-04T23:00:38+00:00","description":"Performance Einteiler f\u00fcr den Rudersport. Besonders atmungsaktiv durch Mesh-Panele an den Seiten, stretchy und ohne N\u00e4hte im Sitzbereich.","breadcrumb":{"@id":"https:\/\/evupre.com\/fr\/produkt\/pro-racer-copenhagen-hommes\/#breadcrumb"},"inLanguage":"fr-FR","potentialAction":[{"@type":"ReadAction","target":["https:\/\/evupre.com\/fr\/produkt\/pro-racer-copenhagen-hommes\/"]}]},{"@type":"ImageObject","inLanguage":"fr-FR","@id":"https:\/\/evupre.com\/fr\/produkt\/pro-racer-copenhagen-hommes\/#primaryimage","url":"https:\/\/evupre.com\/wp-content\/uploads\/2025\/12\/ProRacerCopenhagenMfront-min-scaled-1.jpg","contentUrl":"https:\/\/evupre.com\/wp-content\/uploads\/2025\/12\/ProRacerCopenhagenMfront-min-scaled-1.jpg","width":2560,"height":2560},{"@type":"BreadcrumbList","@id":"https:\/\/evupre.com\/fr\/produkt\/pro-racer-copenhagen-hommes\/#breadcrumb","itemListElement":[{"@type":"ListItem","position":1,"name":"Home","item":"https:\/\/evupre.com\/fr\/home-of-evupre-rowing-clothes\/"},{"@type":"ListItem","position":2,"name":"Shop","item":"https:\/\/evupre.com\/fr\/__trashed\/"},{"@type":"ListItem","position":3,"name":"Pro Racer Copenhagen Hommes"}]},{"@type":"WebSite","@id":"https:\/\/evupre.com\/fr\/#website","url":"https:\/\/evupre.com\/fr\/","name":"EVUPRE","description":"","publisher":{"@id":"https:\/\/evupre.com\/fr\/#organization"},"potentialAction":[{"@type":"SearchAction","target":{"@type":"EntryPoint","urlTemplate":"https:\/\/evupre.com\/fr\/?s={search_term_string}"},"query-input":{"@type":"PropertyValueSpecification","valueRequired":true,"valueName":"search_term_string"}}],"inLanguage":"fr-FR"},{"@type":"Organization","@id":"https:\/\/evupre.com\/fr\/#organization","name":"EVUPRE","url":"https:\/\/evupre.com\/fr\/","logo":{"@type":"ImageObject","inLanguage":"fr-FR","@id":"https:\/\/evupre.com\/fr\/#\/schema\/logo\/image\/","url":"https:\/\/evupre.com\/wp-content\/uploads\/2020\/04\/Evupre-1.png","contentUrl":"https:\/\/evupre.com\/wp-content\/uploads\/2020\/04\/Evupre-1.png","width":300,"height":39,"caption":"EVUPRE"},"image":{"@id":"https:\/\/evupre.com\/fr\/#\/schema\/logo\/image\/"},"sameAs":["https:\/\/www.facebook.com\/evupre\/","https:\/\/www.instagram.com\/evupre_performance_rowing\/"]}]},"og_availability":"out of stock","product_availability":"out of stock","product_condition":"new"},"_links":{"self":[{"href":"https:\/\/evupre.com\/fr\/wp-json\/wp\/v2\/product\/24290","targetHints":{"allow":["GET"]}}],"collection":[{"href":"https:\/\/evupre.com\/fr\/wp-json\/wp\/v2\/product"}],"about":[{"href":"https:\/\/evupre.com\/fr\/wp-json\/wp\/v2\/types\/product"}],"replies":[{"embeddable":true,"href":"https:\/\/evupre.com\/fr\/wp-json\/wp\/v2\/comments?post=24290"}],"wp:featuredmedia":[{"embeddable":true,"href":"https:\/\/evupre.com\/fr\/wp-json\/wp\/v2\/media\/162291"}],"wp:attachment":[{"href":"https:\/\/evupre.com\/fr\/wp-json\/wp\/v2\/media?parent=24290"}],"wp:term":[{"taxonomy":"product_brand","embeddable":true,"href":"https:\/\/evupre.com\/fr\/wp-json\/wp\/v2\/product_brand?post=24290"},{"taxonomy":"product_cat","embeddable":true,"href":"https:\/\/evupre.com\/fr\/wp-json\/wp\/v2\/product_cat?post=24290"},{"taxonomy":"product_tag","embeddable":true,"href":"https:\/\/evupre.com\/fr\/wp-json\/wp\/v2\/product_tag?post=24290"}],"curies":[{"name":"wp","href":"https:\/\/api.w.org\/{rel}","templated":true}]}}