{"id":24064,"date":"2020-04-30T11:08:43","date_gmt":"2020-04-30T09:08:44","guid":{"rendered":"https:\/\/evupre.com\/produkt\/gant-protect-sp\/"},"modified":"2025-12-22T14:14:36","modified_gmt":"2025-12-22T13:14:36","slug":"gant-protect-sp","status":"publish","type":"product","link":"https:\/\/evupre.com\/fr\/produkt\/gant-protect-sp\/","title":{"rendered":"Gant Protect SP"},"content":{"rendered":"<h1>Gant Protect SP<\/h1>\n<p>Obtenez la prise : Nous proposons les gants d&#8217;aviron id\u00e9aux pour l&#8217;entra\u00eenement, la course, l&#8217;aviron de loisir, l&#8217;aviron c\u00f4tier ou les excursions. L&#8217;aviron est physiquement exigeant. Cela se manifeste notamment par la marque de fabrique unique du rameur : une peau rugueuse et craquel\u00e9e et des ampoules sur la paume de la main. Si l&#8217;on peut parfois en \u00eatre fier, cela peut devenir une nuisance douloureuse pendant l&#8217;aviron. Pour de telles occasions, nous avons cr\u00e9\u00e9, au cours des 15 derni\u00e8res ann\u00e9es, des gants d&#8217;aviron ergonomiques et r\u00e9sistants, sous le nom de ROWTEX.<\/p>\n<h2><a name=\"_Toc113527077\"><\/a>Caract\u00e9ristiques et d\u00e9tails<\/h2>\n<p>SP signifie Strong Protection &#8211; un gant id\u00e9al pour les d\u00e9butants et tous ceux qui sont sujets aux ampoules. Le SP est tr\u00e8s similaire au LP, \u00e0 l&#8217;exception d&#8217;un rembourrage suppl\u00e9mentaire aux endroits les plus sollicit\u00e9s de la main. Le gant est pr\u00e9-courb\u00e9, et s&#8217;adapte donc parfaitement \u00e0 la forme ronde du manche. Le mat\u00e9riau sur le c\u00f4t\u00e9 de la paume du gant emp\u00eache la formation de plis, qui pourraient provoquer des ampoules ult\u00e9rieures. Un textile Clarino durable et monocouche sur la paume assure une protection sup\u00e9rieure. Ce mat\u00e9riau fin mais solide assure une sensation maximale de la prise et donc un contr\u00f4le total de la rame et du bateau. Le textile Clarino est tr\u00e8s doux et confortable \u00e0 porter malgr\u00e9 ses propri\u00e9t\u00e9s quasi indestructibles.<\/p>\n<p>La manchette en n\u00e9opr\u00e8ne avec fermeture velcro permet un ajustement rapide et sans effort \u00e0 la taille de chaque porteur. La combinaison d&#8217;un mat\u00e9riau en filet sur le dos de la main et de petits trous de ventilation sur la paume garantit une bonne circulation de l&#8217;air et l&#8217;\u00e9vaporation de la sueur.<\/p>\n<h2><a name=\"_Toc113527078\"><\/a>Design<\/h2>\n<p>Le gant SP est disponible en bleu fonc\u00e9, ce qui permet de l&#8217;assortir \u00e0 toutes les tenues de mani\u00e8re simple et neutre. Les gants LP pr\u00e9sentent \u00e9galement un design avec des \u00e9l\u00e9ments rouges et verts symbolisant b\u00e2bord et tribord. Un \u00e9quipement indispensable pour l&#8217;aviron !<\/p>\n<h2><a name=\"_Toc113527079\"><\/a>Fit<\/h2>\n<p>Pour r\u00e9pondre aux diff\u00e9rentes exigences, nous avons d\u00e9velopp\u00e9 plusieurs mod\u00e8les de gants d&#8217;aviron ROWTEX. Tous les mod\u00e8les offrent un ajustement serr\u00e9, sans plis ni replis cr\u00e9ant des points de pression. La position pr\u00e9-courb\u00e9e des doigts optimise la position parfaite de la main pour un placement efficace de la lame.<\/p>\n<p>Vous n&#8217;\u00eates pas s\u00fbr de la taille qui vous conviendrait ? Envoyez-nous un courriel \u00e0 l&#8217;adresse <a href=\"mailto:shop@evupre.com\">shop@evupre.com<\/a>, et nous vous donnerons des conseils personnalis\u00e9s. Gr\u00e2ce \u00e0 notre exp\u00e9rience, nous pouvons trouver la taille parfaite pour vous. En outre, vous aurez l&#8217;occasion d&#8217;en savoir encore plus sur les autres produits de la gamme EVUPRE.<\/p>\n<h2><a name=\"_Toc113527080\"><\/a>La tenue parfaite<\/h2>\n<p>Les gants d&#8217;aviron sont plus qu&#8217;un simple accessoire, ils sont un \u00e9l\u00e9ment essentiel pour l&#8217;aviron c\u00f4tier et se glissent parfaitement dans le <a href=\"https:\/\/evupre.com\/fr\/produkt\/sac-sec-protect-5l\/\">sac sec<\/a>.<\/p>\n<h2><a name=\"_Toc113527081\"><\/a>Autres liens<\/h2>\n<p>Pour des photos et des informations d\u00e9taill\u00e9es sur nos gants d&#8217;aviron, et de nombreux autres produits de la collection d&#8217;aviron EVUPRE, suivez nos pages\u00a0<a href=\"https:\/\/www.instagram.com\/evupre_performance_rowing\/\">Instagram<\/a>\u00a0et\u00a0<a href=\"https:\/\/www.facebook.com\/evupre\">Facebook<\/a>. Nos revendeurs en Suisse et en Allemagne sont\u00a0<a href=\"https:\/\/www.4row.com\/de\/ch\/\">4row<\/a>, aux Pays-Bas\u00a0<a href=\"https:\/\/www.eurow.eu\/de\/ruder-bekleidung\/ruder-handschuhe.html\">EUROW<\/a>, en Scandinavie <a href=\"https:\/\/all4rowing.com\">All4Rowing<\/a> et\u00a0<a href=\"https:\/\/www.rowgeneration.se\/tillbehor\/komfort\/rowtex-pro\">ROW Generation<\/a>\u00a0et en Grande-Bretagne <a href=\"https:\/\/www.fwd2row.co.uk\/\">FWD2Row<\/a>.<\/p>\n<p><img decoding=\"async\" class=\"aligncenter size-full wp-image-24130\" src=\"https:\/\/evupre.com\/wp-content\/uploads\/2020\/04\/IMG_0733-scaled.jpg\" alt=\"\" width=\"2560\" height=\"1707\" srcset=\"https:\/\/evupre.com\/wp-content\/uploads\/2020\/04\/IMG_0733-scaled.jpg 2560w, https:\/\/evupre.com\/wp-content\/uploads\/2020\/04\/IMG_0733-300x200.jpg 300w, https:\/\/evupre.com\/wp-content\/uploads\/2020\/04\/IMG_0733-1024x683.jpg 1024w, https:\/\/evupre.com\/wp-content\/uploads\/2020\/04\/IMG_0733-768x512.jpg 768w, https:\/\/evupre.com\/wp-content\/uploads\/2020\/04\/IMG_0733-1536x1024.jpg 1536w, https:\/\/evupre.com\/wp-content\/uploads\/2020\/04\/IMG_0733-2048x1365.jpg 2048w, https:\/\/evupre.com\/wp-content\/uploads\/2020\/04\/IMG_0733-600x400.jpg 600w\" sizes=\"(max-width: 2560px) 100vw, 2560px\" \/><\/p>\n","protected":false},"excerpt":{"rendered":"<ul>\n<li>Mat\u00e9riau Clarino souple pour une sensation optimale de rame sur la paume de la main.<\/li>\n<li>Coussinets sur les zones de la main particuli\u00e8rement sollicit\u00e9es<\/li>\n<li>Conception ergonomique pour un meilleur ajustement<\/li>\n<li>Manchette de poignet en n\u00e9opr\u00e8ne souple<\/li>\n<li>Excellente ventilation gr\u00e2ce au tissu en maille<\/li>\n<li>Excellente prise en main<\/li>\n<\/ul>\n","protected":false},"featured_media":160311,"comment_status":"open","ping_status":"closed","template":"","meta":{"_acf_changed":false},"product_brand":[],"product_cat":[1342],"product_tag":[],"class_list":{"0":"post-24064","1":"product","2":"type-product","3":"status-publish","4":"has-post-thumbnail","6":"product_cat-damen","7":"tm-no-options","9":"first","10":"instock","11":"featured","12":"taxable","13":"shipping-taxable","14":"purchasable","15":"product-type-variable","16":"wpzoom-wc-spi-has-enabled"},"supplier_id":null,"supplier_sku":"","barcode":null,"atum_controlled":true,"out_stock_date":null,"out_stock_threshold":null,"inheritable":true,"inbound_stock":0,"stock_on_hold":5,"sold_today":0,"sales_last_days":0,"reserved_stock":0,"customer_returns":0,"warehouse_damage":0,"lost_in_post":0,"other_logs":0,"out_stock_days":0,"lost_sales":0,"has_location":true,"update_date":"2026-03-01T09:11:18","atum_locations":[{"id":1588,"name":"USA","slug":"usa"},{"id":1593,"name":"Vienna","slug":"vienna"}],"atum_stock_status":"instock","restock_status":false,"low_stock_amount":"","sales_update_date":"2026-03-01T09:11:18","calc_backorders":null,"mi_inventories":[],"multi_inventory":"no","inventory_sorting_mode":"global","inventory_iteration":"global","expirable_inventories":"global","price_per_inventory":"global","show_write_off_inventories":"global","selectable_inventories":"global","selectable_inventories_mode":"global","acf":[],"yoast_head":"<!-- This site is optimized with the Yoast SEO Premium plugin v23.0 (Yoast SEO v26.6) - https:\/\/yoast.com\/wordpress\/plugins\/seo\/ -->\n<title>Ruderhandschuhe Gant Protect SP - EVUPRE Ruderhandschuhe<\/title>\n<meta name=\"description\" content=\"Ruderhandschuhe GLOVE SP der Marke ROWTEX mit idealer Passform, optimalem Grip und Schutz gegen Blasen. Ruderhandschuhe f\u00fcr den Sommer.\" \/>\n<meta name=\"robots\" content=\"index, follow, max-snippet:-1, max-image-preview:large, max-video-preview:-1\" \/>\n<link rel=\"canonical\" href=\"https:\/\/evupre.com\/fr\/produkt\/gant-protect-sp\/\" \/>\n<meta property=\"og:locale\" content=\"fr_FR\" \/>\n<meta property=\"og:type\" content=\"article\" \/>\n<meta property=\"og:title\" content=\"Gant Protect SP\" \/>\n<meta property=\"og:description\" content=\"Ruderhandschuhe GLOVE SP der Marke ROWTEX mit idealer Passform, optimalem Grip und Schutz gegen Blasen. Ruderhandschuhe f\u00fcr den Sommer.\" \/>\n<meta property=\"og:url\" content=\"https:\/\/evupre.com\/fr\/produkt\/gant-protect-sp\/\" \/>\n<meta property=\"og:site_name\" content=\"EVUPRE\" \/>\n<meta property=\"article:publisher\" content=\"https:\/\/www.facebook.com\/evupre\/\" \/>\n<meta property=\"article:modified_time\" content=\"2025-12-22T13:14:36+00:00\" \/>\n<meta property=\"og:image\" content=\"https:\/\/evupre.com\/wp-content\/uploads\/2020\/04\/GLESPW_front-1-scaled.jpg\" \/>\n\t<meta property=\"og:image:width\" content=\"2560\" \/>\n\t<meta property=\"og:image:height\" content=\"1707\" \/>\n\t<meta property=\"og:image:type\" content=\"image\/jpeg\" \/>\n<meta name=\"twitter:card\" content=\"summary_large_image\" \/>\n<meta name=\"twitter:label1\" content=\"Disponibilit\u00e9\" \/>\n\t<meta name=\"twitter:data1\" content=\"En stock\" \/>\n<script type=\"application\/ld+json\" class=\"yoast-schema-graph\">{\"@context\":\"https:\/\/schema.org\",\"@graph\":[{\"@type\":\"WebPage\",\"@id\":\"https:\/\/evupre.com\/fr\/produkt\/gant-protect-sp\/\",\"url\":\"https:\/\/evupre.com\/fr\/produkt\/gant-protect-sp\/\",\"name\":\"Ruderhandschuhe Gant Protect SP - EVUPRE Ruderhandschuhe\",\"isPartOf\":{\"@id\":\"https:\/\/evupre.com\/fr\/#website\"},\"primaryImageOfPage\":{\"@id\":\"https:\/\/evupre.com\/fr\/produkt\/gant-protect-sp\/#primaryimage\"},\"image\":{\"@id\":\"https:\/\/evupre.com\/fr\/produkt\/gant-protect-sp\/#primaryimage\"},\"thumbnailUrl\":\"https:\/\/evupre.com\/wp-content\/uploads\/2025\/12\/2212_glove_SP-4.jpg\",\"datePublished\":\"2020-04-30T09:08:44+00:00\",\"dateModified\":\"2025-12-22T13:14:36+00:00\",\"description\":\"Ruderhandschuhe GLOVE SP der Marke ROWTEX mit idealer Passform, optimalem Grip und Schutz gegen Blasen. Ruderhandschuhe f\u00fcr den Sommer.\",\"breadcrumb\":{\"@id\":\"https:\/\/evupre.com\/fr\/produkt\/gant-protect-sp\/#breadcrumb\"},\"inLanguage\":\"fr-FR\",\"potentialAction\":[{\"@type\":\"ReadAction\",\"target\":[\"https:\/\/evupre.com\/fr\/produkt\/gant-protect-sp\/\"]}]},{\"@type\":\"ImageObject\",\"inLanguage\":\"fr-FR\",\"@id\":\"https:\/\/evupre.com\/fr\/produkt\/gant-protect-sp\/#primaryimage\",\"url\":\"https:\/\/evupre.com\/wp-content\/uploads\/2025\/12\/2212_glove_SP-4.jpg\",\"contentUrl\":\"https:\/\/evupre.com\/wp-content\/uploads\/2025\/12\/2212_glove_SP-4.jpg\",\"width\":1000,\"height\":1000},{\"@type\":\"BreadcrumbList\",\"@id\":\"https:\/\/evupre.com\/fr\/produkt\/gant-protect-sp\/#breadcrumb\",\"itemListElement\":[{\"@type\":\"ListItem\",\"position\":1,\"name\":\"Home\",\"item\":\"https:\/\/evupre.com\/fr\/home-of-evupre-rowing-clothes\/\"},{\"@type\":\"ListItem\",\"position\":2,\"name\":\"Shop\",\"item\":\"https:\/\/evupre.com\/fr\/__trashed\/\"},{\"@type\":\"ListItem\",\"position\":3,\"name\":\"Gant Protect SP\"}]},{\"@type\":\"WebSite\",\"@id\":\"https:\/\/evupre.com\/fr\/#website\",\"url\":\"https:\/\/evupre.com\/fr\/\",\"name\":\"EVUPRE\",\"description\":\"\",\"publisher\":{\"@id\":\"https:\/\/evupre.com\/fr\/#organization\"},\"potentialAction\":[{\"@type\":\"SearchAction\",\"target\":{\"@type\":\"EntryPoint\",\"urlTemplate\":\"https:\/\/evupre.com\/fr\/?s={search_term_string}\"},\"query-input\":{\"@type\":\"PropertyValueSpecification\",\"valueRequired\":true,\"valueName\":\"search_term_string\"}}],\"inLanguage\":\"fr-FR\"},{\"@type\":\"Organization\",\"@id\":\"https:\/\/evupre.com\/fr\/#organization\",\"name\":\"EVUPRE\",\"url\":\"https:\/\/evupre.com\/fr\/\",\"logo\":{\"@type\":\"ImageObject\",\"inLanguage\":\"fr-FR\",\"@id\":\"https:\/\/evupre.com\/fr\/#\/schema\/logo\/image\/\",\"url\":\"https:\/\/evupre.com\/wp-content\/uploads\/2020\/04\/Evupre-1.png\",\"contentUrl\":\"https:\/\/evupre.com\/wp-content\/uploads\/2020\/04\/Evupre-1.png\",\"width\":300,\"height\":39,\"caption\":\"EVUPRE\"},\"image\":{\"@id\":\"https:\/\/evupre.com\/fr\/#\/schema\/logo\/image\/\"},\"sameAs\":[\"https:\/\/www.facebook.com\/evupre\/\",\"https:\/\/www.instagram.com\/evupre_performance_rowing\/\"]}]}<\/script>\n<meta property=\"og:availability\" content=\"instock\" \/>\n<meta property=\"product:availability\" content=\"instock\" \/>\n<meta property=\"product:condition\" content=\"new\" \/>\n<!-- \/ Yoast SEO Premium plugin. -->","yoast_head_json":{"title":"Ruderhandschuhe Gant Protect SP - EVUPRE Ruderhandschuhe","description":"Ruderhandschuhe GLOVE SP der Marke ROWTEX mit idealer Passform, optimalem Grip und Schutz gegen Blasen. Ruderhandschuhe f\u00fcr den Sommer.","robots":{"index":"index","follow":"follow","max-snippet":"max-snippet:-1","max-image-preview":"max-image-preview:large","max-video-preview":"max-video-preview:-1"},"canonical":"https:\/\/evupre.com\/fr\/produkt\/gant-protect-sp\/","og_locale":"fr_FR","og_type":"article","og_title":"Gant Protect SP","og_description":"Ruderhandschuhe GLOVE SP der Marke ROWTEX mit idealer Passform, optimalem Grip und Schutz gegen Blasen. Ruderhandschuhe f\u00fcr den Sommer.","og_url":"https:\/\/evupre.com\/fr\/produkt\/gant-protect-sp\/","og_site_name":"EVUPRE","article_publisher":"https:\/\/www.facebook.com\/evupre\/","article_modified_time":"2025-12-22T13:14:36+00:00","og_image":[{"width":2560,"height":1707,"url":"https:\/\/evupre.com\/wp-content\/uploads\/2020\/04\/GLESPW_front-1-scaled.jpg","type":"image\/jpeg"}],"twitter_card":"summary_large_image","twitter_misc":{"Disponibilit\u00e9":"En stock"},"schema":{"@context":"https:\/\/schema.org","@graph":[{"@type":"WebPage","@id":"https:\/\/evupre.com\/fr\/produkt\/gant-protect-sp\/","url":"https:\/\/evupre.com\/fr\/produkt\/gant-protect-sp\/","name":"Ruderhandschuhe Gant Protect SP - EVUPRE Ruderhandschuhe","isPartOf":{"@id":"https:\/\/evupre.com\/fr\/#website"},"primaryImageOfPage":{"@id":"https:\/\/evupre.com\/fr\/produkt\/gant-protect-sp\/#primaryimage"},"image":{"@id":"https:\/\/evupre.com\/fr\/produkt\/gant-protect-sp\/#primaryimage"},"thumbnailUrl":"https:\/\/evupre.com\/wp-content\/uploads\/2025\/12\/2212_glove_SP-4.jpg","datePublished":"2020-04-30T09:08:44+00:00","dateModified":"2025-12-22T13:14:36+00:00","description":"Ruderhandschuhe GLOVE SP der Marke ROWTEX mit idealer Passform, optimalem Grip und Schutz gegen Blasen. Ruderhandschuhe f\u00fcr den Sommer.","breadcrumb":{"@id":"https:\/\/evupre.com\/fr\/produkt\/gant-protect-sp\/#breadcrumb"},"inLanguage":"fr-FR","potentialAction":[{"@type":"ReadAction","target":["https:\/\/evupre.com\/fr\/produkt\/gant-protect-sp\/"]}]},{"@type":"ImageObject","inLanguage":"fr-FR","@id":"https:\/\/evupre.com\/fr\/produkt\/gant-protect-sp\/#primaryimage","url":"https:\/\/evupre.com\/wp-content\/uploads\/2025\/12\/2212_glove_SP-4.jpg","contentUrl":"https:\/\/evupre.com\/wp-content\/uploads\/2025\/12\/2212_glove_SP-4.jpg","width":1000,"height":1000},{"@type":"BreadcrumbList","@id":"https:\/\/evupre.com\/fr\/produkt\/gant-protect-sp\/#breadcrumb","itemListElement":[{"@type":"ListItem","position":1,"name":"Home","item":"https:\/\/evupre.com\/fr\/home-of-evupre-rowing-clothes\/"},{"@type":"ListItem","position":2,"name":"Shop","item":"https:\/\/evupre.com\/fr\/__trashed\/"},{"@type":"ListItem","position":3,"name":"Gant Protect SP"}]},{"@type":"WebSite","@id":"https:\/\/evupre.com\/fr\/#website","url":"https:\/\/evupre.com\/fr\/","name":"EVUPRE","description":"","publisher":{"@id":"https:\/\/evupre.com\/fr\/#organization"},"potentialAction":[{"@type":"SearchAction","target":{"@type":"EntryPoint","urlTemplate":"https:\/\/evupre.com\/fr\/?s={search_term_string}"},"query-input":{"@type":"PropertyValueSpecification","valueRequired":true,"valueName":"search_term_string"}}],"inLanguage":"fr-FR"},{"@type":"Organization","@id":"https:\/\/evupre.com\/fr\/#organization","name":"EVUPRE","url":"https:\/\/evupre.com\/fr\/","logo":{"@type":"ImageObject","inLanguage":"fr-FR","@id":"https:\/\/evupre.com\/fr\/#\/schema\/logo\/image\/","url":"https:\/\/evupre.com\/wp-content\/uploads\/2020\/04\/Evupre-1.png","contentUrl":"https:\/\/evupre.com\/wp-content\/uploads\/2020\/04\/Evupre-1.png","width":300,"height":39,"caption":"EVUPRE"},"image":{"@id":"https:\/\/evupre.com\/fr\/#\/schema\/logo\/image\/"},"sameAs":["https:\/\/www.facebook.com\/evupre\/","https:\/\/www.instagram.com\/evupre_performance_rowing\/"]}]},"og_availability":"instock","product_availability":"instock","product_condition":"new"},"_links":{"self":[{"href":"https:\/\/evupre.com\/fr\/wp-json\/wp\/v2\/product\/24064","targetHints":{"allow":["GET"]}}],"collection":[{"href":"https:\/\/evupre.com\/fr\/wp-json\/wp\/v2\/product"}],"about":[{"href":"https:\/\/evupre.com\/fr\/wp-json\/wp\/v2\/types\/product"}],"replies":[{"embeddable":true,"href":"https:\/\/evupre.com\/fr\/wp-json\/wp\/v2\/comments?post=24064"}],"wp:featuredmedia":[{"embeddable":true,"href":"https:\/\/evupre.com\/fr\/wp-json\/wp\/v2\/media\/160311"}],"wp:attachment":[{"href":"https:\/\/evupre.com\/fr\/wp-json\/wp\/v2\/media?parent=24064"}],"wp:term":[{"taxonomy":"product_brand","embeddable":true,"href":"https:\/\/evupre.com\/fr\/wp-json\/wp\/v2\/product_brand?post=24064"},{"taxonomy":"product_cat","embeddable":true,"href":"https:\/\/evupre.com\/fr\/wp-json\/wp\/v2\/product_cat?post=24064"},{"taxonomy":"product_tag","embeddable":true,"href":"https:\/\/evupre.com\/fr\/wp-json\/wp\/v2\/product_tag?post=24064"}],"curies":[{"name":"wp","href":"https:\/\/api.w.org\/{rel}","templated":true}]}}