{"id":24023,"date":"2020-05-01T17:46:13","date_gmt":"2020-05-01T15:46:13","guid":{"rendered":"https:\/\/evupre.com\/produkt\/protect-anorak-2-0\/"},"modified":"2026-03-05T10:14:04","modified_gmt":"2026-03-05T09:14:04","slug":"protect-anorak-2-0","status":"publish","type":"product","link":"https:\/\/evupre.com\/fr\/produkt\/protect-anorak-2-0\/","title":{"rendered":"Protect Anorak 2.0"},"content":{"rendered":"<h1>Protect Anorak 2.0<\/h1>\n<p>Il n&#8217;y a pas de mauvais temps, juste de mauvais v\u00eatements : avec le Protect Anorak 2.0, vous pouvez aller sur l&#8217;eau m\u00eame sous une pluie battante. Le Protect Anorak 2.0 rame avec vous. M\u00eame avec un rythme de nage \u00e9lev\u00e9 et des mouvements rapides, le Protect Anorak 2.0 est comme une seconde peau protectrice. Il s&#8217;appuie sur son pr\u00e9d\u00e9cesseur, notamment en termes de caract\u00e9ristiques innovantes, et impressionne par sa coupe revue et corrig\u00e9e.<\/p>\n<h2><a name=\"_Toc113527179\"><\/a>Caract\u00e9ristiques et d\u00e9tails<\/h2>\n<p>La fermeture \u00e0 glissi\u00e8re 1\/3 sur le devant est doubl\u00e9e d&#8217;une fermeture \u00e0 glissi\u00e8re double sens sur le c\u00f4t\u00e9 qui assure la ventilation. La couche ext\u00e9rieure du Protect Anorak 2.0 est constitu\u00e9e d&#8217;une membrane performante de haute qualit\u00e9 offrant une protection efficace contre l&#8217;eau, mais aussi une grande respirabilit\u00e9. La membrane est tr\u00e8s extensible pour permettre tous les mouvements d&#8217;aviron. Une doublure en filet assure un grand confort. Un t\u00e9l\u00e9phone portable ou un portefeuille peuvent \u00eatre facilement rang\u00e9s dans la grande poche de poitrine de forme asym\u00e9trique, qui sert \u00e9galement de poche pliable pour la veste d&#8217;aviron Protect Anorak 2.0. Une nouvelle caract\u00e9ristique du Protect Anorak 2.0 est une poche int\u00e9rieure compacte suppl\u00e9mentaire pour les petits objets, comme une barre \u00e9nerg\u00e9tique ou des cl\u00e9s. Une protection suppl\u00e9mentaire contre les fortes pluies est assur\u00e9e par une capuche qui se range \u00e0 l&#8217;int\u00e9rieur du col.<\/p>\n<p>La partie arri\u00e8re est l\u00e9g\u00e8rement plus longue que la partie avant afin de s&#8217;assurer que le bas du dos est couvert m\u00eame en position de capture. Une bande de silicone situ\u00e9e \u00e0 l&#8217;int\u00e9rieur de l&#8217;ourlet inf\u00e9rieur de la veste d&#8217;aviron Protect Anorak 2.0 offre une protection suppl\u00e9mentaire au bas du dos et l&#8217;emp\u00eache de remonter le long du corps.<\/p>\n<h2><a name=\"_Toc113527180\"><\/a>Design<\/h2>\n<p>Le design du Protect Anorak 2.0 combine un gris carbone avec une subtile nuance de vert menthe, ce qui donne un look unique, sportif mais \u00e9l\u00e9gant. Le design pr\u00e9sente des manches plus longues, orn\u00e9es d&#8217;un poignet rouge \u00e0 droite et d&#8217;un poignet vert \u00e0 gauche, repr\u00e9sentant b\u00e2bord et tribord.<\/p>\n<h2><a name=\"_Toc113527181\"><\/a>Fit<\/h2>\n<p>L&#8217;Anorak 2.0 est un mod\u00e8le unisexe. Les manches raglan et la coupe ergonomique en V offrent un espace appropri\u00e9 pour la rotation des \u00e9paules et la contraction du muscle latissimus dorsi. Notre mod\u00e8le Juliane mesure 176 cm et porte la taille S, mod\u00e8le Florian mesure 190 cm et porte la taille XL. Les tailles XS, S et M sont g\u00e9n\u00e9ralement recommand\u00e9es pour les femmes. Veuillez noter que l&#8217;anorak est \u00e9troit au niveau des hanches.<\/p>\n<p>Vous n&#8217;\u00eates pas s\u00fbr de la taille qui vous conviendrait ? Envoyez-nous un courriel \u00e0 l&#8217;adresse <a href=\"mailto:shop@evupre.com\">shop@evupre.com<\/a>, et nous vous donnerons des conseils personnalis\u00e9s. Gr\u00e2ce \u00e0 notre exp\u00e9rience, nous pouvons trouver la taille parfaite pour vous. En outre, vous aurez l&#8217;occasion d&#8217;en savoir encore plus sur les autres produits de la gamme EVUPRE.<\/p>\n<h2><a name=\"_Toc113527182\"><\/a>La tenue parfaite<\/h2>\n<p>Le Protect Anorak 2.0. s&#8217;accorde bien avec le pantalon noir <a href=\"https:\/\/evupre.com\/fr\/produkt\/pantalon-essentials-hommes\/\">Essential Pantalon<\/a>.<\/p>\n<h2><a name=\"_Toc113527183\"><\/a>Autres liens<\/h2>\n<p>Pour des photos d\u00e9taill\u00e9es et des informations sur notre Protect Anorak 2.0, et de nombreux autres produits de la collection d&#8217;aviron EVUPRE, suivez nos pages\u00a0<a href=\"https:\/\/www.instagram.com\/evupre_performance_rowing\/\">Instagram<\/a>\u00a0et\u00a0<a href=\"https:\/\/www.facebook.com\/evupre\">Facebook<\/a>. Nos revendeurs en Suisse et en Allemagne sont\u00a0<a href=\"https:\/\/www.4row.com\/de\/ch\/\">4row<\/a>, aux Pays-Bas\u00a0<a href=\"https:\/\/www.eurow.eu\/de\/ruder-bekleidung\/ruder-handschuhe.html\">EUROW<\/a>, en Scandinavie <a href=\"https:\/\/all4rowing.com\">All4Rowing<\/a> et\u00a0<a href=\"https:\/\/www.rowgeneration.se\/tillbehor\/komfort\/rowtex-pro\">ROW Generation<\/a>\u00a0et en Grande-Bretagne <a href=\"https:\/\/www.fwd2row.co.uk\/\">FWD2Row<\/a>.<\/p>\n<div style=\"width: 840px;\" class=\"wp-video\"><video playsinline data-keepplaying class=\"wp-video-shortcode\" id=\"video-24023-1\" width=\"840\" height=\"473\" preload=\"metadata\" controls=\"controls\"><source type=\"video\/mp4\" src=\"https:\/\/evupre.com\/wp-content\/uploads\/2020\/04\/Anorak20_Studio_v03.mp4?_=1\" \/><a href=\"https:\/\/evupre.com\/wp-content\/uploads\/2020\/04\/Anorak20_Studio_v03.mp4\">https:\/\/evupre.com\/wp-content\/uploads\/2020\/04\/Anorak20_Studio_v03.mp4<\/a><\/video><\/div>\n","protected":false},"excerpt":{"rendered":"<p>Ramez sans restriction avec une protection maximale contre le vent et la pluie :<\/p>\n<ul>\n<li>Volume d&#8217;emballage minimal et poids de seulement 300 g<\/li>\n<li>Taille fine, \u00e9paules larges, unisexe<\/li>\n<li>Imperm\u00e9able jusqu&#8217;\u00e0 5 000 mm, coutures \u00e9tanches.<\/li>\n<li>Coupe-vent et extensible<\/li>\n<li>Respirant jusqu&#8217;\u00e0 5 000 g\/m\u00b2\/24 h<\/li>\n<li>Capuche escamotable<\/li>\n<\/ul>\n","protected":false},"featured_media":160359,"comment_status":"open","ping_status":"closed","template":"","meta":{"_acf_changed":false},"product_brand":[],"product_cat":[1342],"product_tag":[],"class_list":{"0":"post-24023","1":"product","2":"type-product","3":"status-publish","4":"has-post-thumbnail","6":"product_cat-damen","7":"tm-no-options","9":"first","10":"outofstock","11":"sale","12":"featured","13":"taxable","14":"shipping-taxable","15":"purchasable","16":"product-type-variable","17":"wpzoom-wc-spi-has-enabled"},"supplier_id":null,"supplier_sku":"","barcode":null,"atum_controlled":true,"out_stock_date":null,"out_stock_threshold":null,"inheritable":true,"inbound_stock":0,"stock_on_hold":0,"sold_today":0,"sales_last_days":0,"reserved_stock":0,"customer_returns":0,"warehouse_damage":0,"lost_in_post":0,"other_logs":0,"out_stock_days":0,"lost_sales":0,"has_location":false,"update_date":"2026-03-03T09:12:14","atum_locations":[],"atum_stock_status":"outofstock","restock_status":false,"low_stock_amount":"","sales_update_date":"2026-03-03T09:12:14","calc_backorders":null,"mi_inventories":[],"multi_inventory":"no","inventory_sorting_mode":"global","inventory_iteration":"global","expirable_inventories":"global","price_per_inventory":"global","show_write_off_inventories":"global","selectable_inventories":"global","selectable_inventories_mode":"global","acf":[],"yoast_head":"<!-- This site is optimized with the Yoast SEO Premium plugin v23.0 (Yoast SEO v26.6) - https:\/\/yoast.com\/wordpress\/plugins\/seo\/ -->\n<title>Ruderjacke Protect Anorak 2.0 Rudern - EVUPRE Ruderbekleidung<\/title>\n<meta name=\"description\" content=\"Performance Ruderjacke mit Schutz vor Wind und Regen. Optimale Passform, um die Ruderbewegung perfekt ausf\u00fchren zu k\u00f6nnen. Damen und Herren.\" \/>\n<meta name=\"robots\" content=\"index, follow, max-snippet:-1, max-image-preview:large, max-video-preview:-1\" \/>\n<link rel=\"canonical\" href=\"https:\/\/evupre.com\/fr\/produkt\/protect-anorak-2-0\/\" \/>\n<meta property=\"og:locale\" content=\"fr_FR\" \/>\n<meta property=\"og:type\" content=\"article\" \/>\n<meta property=\"og:title\" content=\"Protect Anorak 2.0\" \/>\n<meta property=\"og:description\" content=\"Performance Ruderjacke mit Schutz vor Wind und Regen. Optimale Passform, um die Ruderbewegung perfekt ausf\u00fchren zu k\u00f6nnen. Damen und Herren.\" \/>\n<meta property=\"og:url\" content=\"https:\/\/evupre.com\/fr\/produkt\/protect-anorak-2-0\/\" \/>\n<meta property=\"og:site_name\" content=\"EVUPRE\" \/>\n<meta property=\"article:publisher\" content=\"https:\/\/www.facebook.com\/evupre\/\" \/>\n<meta property=\"article:modified_time\" content=\"2026-03-05T09:14:04+00:00\" \/>\n<meta property=\"og:image\" content=\"https:\/\/evupre.com\/wp-content\/uploads\/2020\/05\/ProtectAnorak2front-scaled.jpg\" \/>\n\t<meta property=\"og:image:width\" content=\"2560\" \/>\n\t<meta property=\"og:image:height\" content=\"2560\" \/>\n\t<meta property=\"og:image:type\" content=\"image\/jpeg\" \/>\n<meta name=\"twitter:card\" content=\"summary_large_image\" \/>\n<meta name=\"twitter:label1\" content=\"Disponibilit\u00e9\" \/>\n\t<meta name=\"twitter:data1\" content=\"Rupture de stock\" \/>\n<script type=\"application\/ld+json\" class=\"yoast-schema-graph\">{\"@context\":\"https:\/\/schema.org\",\"@graph\":[{\"@type\":\"WebPage\",\"@id\":\"https:\/\/evupre.com\/fr\/produkt\/protect-anorak-2-0\/\",\"url\":\"https:\/\/evupre.com\/fr\/produkt\/protect-anorak-2-0\/\",\"name\":\"Ruderjacke Protect Anorak 2.0 Rudern - EVUPRE Ruderbekleidung\",\"isPartOf\":{\"@id\":\"https:\/\/evupre.com\/fr\/#website\"},\"primaryImageOfPage\":{\"@id\":\"https:\/\/evupre.com\/fr\/produkt\/protect-anorak-2-0\/#primaryimage\"},\"image\":{\"@id\":\"https:\/\/evupre.com\/fr\/produkt\/protect-anorak-2-0\/#primaryimage\"},\"thumbnailUrl\":\"https:\/\/evupre.com\/wp-content\/uploads\/2025\/12\/ProtectAnorak2front-scaled-1.jpg\",\"datePublished\":\"2020-05-01T15:46:13+00:00\",\"dateModified\":\"2026-03-05T09:14:04+00:00\",\"description\":\"Performance Ruderjacke mit Schutz vor Wind und Regen. Optimale Passform, um die Ruderbewegung perfekt ausf\u00fchren zu k\u00f6nnen. Damen und Herren.\",\"breadcrumb\":{\"@id\":\"https:\/\/evupre.com\/fr\/produkt\/protect-anorak-2-0\/#breadcrumb\"},\"inLanguage\":\"fr-FR\",\"potentialAction\":[{\"@type\":\"ReadAction\",\"target\":[\"https:\/\/evupre.com\/fr\/produkt\/protect-anorak-2-0\/\"]}]},{\"@type\":\"ImageObject\",\"inLanguage\":\"fr-FR\",\"@id\":\"https:\/\/evupre.com\/fr\/produkt\/protect-anorak-2-0\/#primaryimage\",\"url\":\"https:\/\/evupre.com\/wp-content\/uploads\/2025\/12\/ProtectAnorak2front-scaled-1.jpg\",\"contentUrl\":\"https:\/\/evupre.com\/wp-content\/uploads\/2025\/12\/ProtectAnorak2front-scaled-1.jpg\",\"width\":2560,\"height\":2560},{\"@type\":\"BreadcrumbList\",\"@id\":\"https:\/\/evupre.com\/fr\/produkt\/protect-anorak-2-0\/#breadcrumb\",\"itemListElement\":[{\"@type\":\"ListItem\",\"position\":1,\"name\":\"Home\",\"item\":\"https:\/\/evupre.com\/fr\/home-of-evupre-rowing-clothes\/\"},{\"@type\":\"ListItem\",\"position\":2,\"name\":\"Shop\",\"item\":\"https:\/\/evupre.com\/fr\/__trashed\/\"},{\"@type\":\"ListItem\",\"position\":3,\"name\":\"Protect Anorak 2.0\"}]},{\"@type\":\"WebSite\",\"@id\":\"https:\/\/evupre.com\/fr\/#website\",\"url\":\"https:\/\/evupre.com\/fr\/\",\"name\":\"EVUPRE\",\"description\":\"\",\"publisher\":{\"@id\":\"https:\/\/evupre.com\/fr\/#organization\"},\"potentialAction\":[{\"@type\":\"SearchAction\",\"target\":{\"@type\":\"EntryPoint\",\"urlTemplate\":\"https:\/\/evupre.com\/fr\/?s={search_term_string}\"},\"query-input\":{\"@type\":\"PropertyValueSpecification\",\"valueRequired\":true,\"valueName\":\"search_term_string\"}}],\"inLanguage\":\"fr-FR\"},{\"@type\":\"Organization\",\"@id\":\"https:\/\/evupre.com\/fr\/#organization\",\"name\":\"EVUPRE\",\"url\":\"https:\/\/evupre.com\/fr\/\",\"logo\":{\"@type\":\"ImageObject\",\"inLanguage\":\"fr-FR\",\"@id\":\"https:\/\/evupre.com\/fr\/#\/schema\/logo\/image\/\",\"url\":\"https:\/\/evupre.com\/wp-content\/uploads\/2020\/04\/Evupre-1.png\",\"contentUrl\":\"https:\/\/evupre.com\/wp-content\/uploads\/2020\/04\/Evupre-1.png\",\"width\":300,\"height\":39,\"caption\":\"EVUPRE\"},\"image\":{\"@id\":\"https:\/\/evupre.com\/fr\/#\/schema\/logo\/image\/\"},\"sameAs\":[\"https:\/\/www.facebook.com\/evupre\/\",\"https:\/\/www.instagram.com\/evupre_performance_rowing\/\"]}]}<\/script>\n<meta property=\"og:availability\" content=\"out of stock\" \/>\n<meta property=\"product:availability\" content=\"out of stock\" \/>\n<meta property=\"product:condition\" content=\"new\" \/>\n<!-- \/ Yoast SEO Premium plugin. -->","yoast_head_json":{"title":"Ruderjacke Protect Anorak 2.0 Rudern - EVUPRE Ruderbekleidung","description":"Performance Ruderjacke mit Schutz vor Wind und Regen. Optimale Passform, um die Ruderbewegung perfekt ausf\u00fchren zu k\u00f6nnen. Damen und Herren.","robots":{"index":"index","follow":"follow","max-snippet":"max-snippet:-1","max-image-preview":"max-image-preview:large","max-video-preview":"max-video-preview:-1"},"canonical":"https:\/\/evupre.com\/fr\/produkt\/protect-anorak-2-0\/","og_locale":"fr_FR","og_type":"article","og_title":"Protect Anorak 2.0","og_description":"Performance Ruderjacke mit Schutz vor Wind und Regen. Optimale Passform, um die Ruderbewegung perfekt ausf\u00fchren zu k\u00f6nnen. Damen und Herren.","og_url":"https:\/\/evupre.com\/fr\/produkt\/protect-anorak-2-0\/","og_site_name":"EVUPRE","article_publisher":"https:\/\/www.facebook.com\/evupre\/","article_modified_time":"2026-03-05T09:14:04+00:00","og_image":[{"width":2560,"height":2560,"url":"https:\/\/evupre.com\/wp-content\/uploads\/2020\/05\/ProtectAnorak2front-scaled.jpg","type":"image\/jpeg"}],"twitter_card":"summary_large_image","twitter_misc":{"Disponibilit\u00e9":"Rupture de stock"},"schema":{"@context":"https:\/\/schema.org","@graph":[{"@type":"WebPage","@id":"https:\/\/evupre.com\/fr\/produkt\/protect-anorak-2-0\/","url":"https:\/\/evupre.com\/fr\/produkt\/protect-anorak-2-0\/","name":"Ruderjacke Protect Anorak 2.0 Rudern - EVUPRE Ruderbekleidung","isPartOf":{"@id":"https:\/\/evupre.com\/fr\/#website"},"primaryImageOfPage":{"@id":"https:\/\/evupre.com\/fr\/produkt\/protect-anorak-2-0\/#primaryimage"},"image":{"@id":"https:\/\/evupre.com\/fr\/produkt\/protect-anorak-2-0\/#primaryimage"},"thumbnailUrl":"https:\/\/evupre.com\/wp-content\/uploads\/2025\/12\/ProtectAnorak2front-scaled-1.jpg","datePublished":"2020-05-01T15:46:13+00:00","dateModified":"2026-03-05T09:14:04+00:00","description":"Performance Ruderjacke mit Schutz vor Wind und Regen. Optimale Passform, um die Ruderbewegung perfekt ausf\u00fchren zu k\u00f6nnen. Damen und Herren.","breadcrumb":{"@id":"https:\/\/evupre.com\/fr\/produkt\/protect-anorak-2-0\/#breadcrumb"},"inLanguage":"fr-FR","potentialAction":[{"@type":"ReadAction","target":["https:\/\/evupre.com\/fr\/produkt\/protect-anorak-2-0\/"]}]},{"@type":"ImageObject","inLanguage":"fr-FR","@id":"https:\/\/evupre.com\/fr\/produkt\/protect-anorak-2-0\/#primaryimage","url":"https:\/\/evupre.com\/wp-content\/uploads\/2025\/12\/ProtectAnorak2front-scaled-1.jpg","contentUrl":"https:\/\/evupre.com\/wp-content\/uploads\/2025\/12\/ProtectAnorak2front-scaled-1.jpg","width":2560,"height":2560},{"@type":"BreadcrumbList","@id":"https:\/\/evupre.com\/fr\/produkt\/protect-anorak-2-0\/#breadcrumb","itemListElement":[{"@type":"ListItem","position":1,"name":"Home","item":"https:\/\/evupre.com\/fr\/home-of-evupre-rowing-clothes\/"},{"@type":"ListItem","position":2,"name":"Shop","item":"https:\/\/evupre.com\/fr\/__trashed\/"},{"@type":"ListItem","position":3,"name":"Protect Anorak 2.0"}]},{"@type":"WebSite","@id":"https:\/\/evupre.com\/fr\/#website","url":"https:\/\/evupre.com\/fr\/","name":"EVUPRE","description":"","publisher":{"@id":"https:\/\/evupre.com\/fr\/#organization"},"potentialAction":[{"@type":"SearchAction","target":{"@type":"EntryPoint","urlTemplate":"https:\/\/evupre.com\/fr\/?s={search_term_string}"},"query-input":{"@type":"PropertyValueSpecification","valueRequired":true,"valueName":"search_term_string"}}],"inLanguage":"fr-FR"},{"@type":"Organization","@id":"https:\/\/evupre.com\/fr\/#organization","name":"EVUPRE","url":"https:\/\/evupre.com\/fr\/","logo":{"@type":"ImageObject","inLanguage":"fr-FR","@id":"https:\/\/evupre.com\/fr\/#\/schema\/logo\/image\/","url":"https:\/\/evupre.com\/wp-content\/uploads\/2020\/04\/Evupre-1.png","contentUrl":"https:\/\/evupre.com\/wp-content\/uploads\/2020\/04\/Evupre-1.png","width":300,"height":39,"caption":"EVUPRE"},"image":{"@id":"https:\/\/evupre.com\/fr\/#\/schema\/logo\/image\/"},"sameAs":["https:\/\/www.facebook.com\/evupre\/","https:\/\/www.instagram.com\/evupre_performance_rowing\/"]}]},"og_availability":"out of stock","product_availability":"out of stock","product_condition":"new"},"_links":{"self":[{"href":"https:\/\/evupre.com\/fr\/wp-json\/wp\/v2\/product\/24023","targetHints":{"allow":["GET"]}}],"collection":[{"href":"https:\/\/evupre.com\/fr\/wp-json\/wp\/v2\/product"}],"about":[{"href":"https:\/\/evupre.com\/fr\/wp-json\/wp\/v2\/types\/product"}],"replies":[{"embeddable":true,"href":"https:\/\/evupre.com\/fr\/wp-json\/wp\/v2\/comments?post=24023"}],"wp:featuredmedia":[{"embeddable":true,"href":"https:\/\/evupre.com\/fr\/wp-json\/wp\/v2\/media\/160359"}],"wp:attachment":[{"href":"https:\/\/evupre.com\/fr\/wp-json\/wp\/v2\/media?parent=24023"}],"wp:term":[{"taxonomy":"product_brand","embeddable":true,"href":"https:\/\/evupre.com\/fr\/wp-json\/wp\/v2\/product_brand?post=24023"},{"taxonomy":"product_cat","embeddable":true,"href":"https:\/\/evupre.com\/fr\/wp-json\/wp\/v2\/product_cat?post=24023"},{"taxonomy":"product_tag","embeddable":true,"href":"https:\/\/evupre.com\/fr\/wp-json\/wp\/v2\/product_tag?post=24023"}],"curies":[{"name":"wp","href":"https:\/\/api.w.org\/{rel}","templated":true}]}}