{"id":23973,"date":"2020-03-31T23:02:31","date_gmt":"2020-03-23T15:48:28","guid":{"rendered":"https:\/\/evupre.com\/produkt\/shorts-essentails-femmes\/"},"modified":"2025-12-08T16:54:39","modified_gmt":"2025-12-08T15:54:39","slug":"shorts-essentials-femmes","status":"publish","type":"product","link":"https:\/\/evupre.com\/fr\/produkt\/shorts-essentials-femmes\/","title":{"rendered":"Shorts Essentials Femmes"},"content":{"rendered":"<p>Pour le short Essentials Women, nous avons pens\u00e9 au-del\u00e0 d&#8217;un hippodrome de 1000 m\u00e8tres pour moderniser le design. Avec une forte teneur en Lycra, l&#8217;Essentials Shorts Women est une alternative d\u00e9contract\u00e9e au Racer.<\/p>\n<h2><a name=\"_Toc113527249\"><\/a>Caract\u00e9ristiques et d\u00e9tails<\/h2>\n<p>Avec le nouveau short EVUPRE, nous avons combin\u00e9 la fonctionnalit\u00e9 d&#8217;un collant avec le look d&#8217;un pantalon d&#8217;entra\u00eenement d\u00e9contract\u00e9. Le short, dans le style d&#8217;un short de cyclisme, offre des ourlets de jambe et une bande de taille doux et confortables. L&#8217;Essentials Shorts Women impressionne par ses caract\u00e9ristiques innovantes, telles qu&#8217;une coque ext\u00e9rieure robuste et imperm\u00e9able, recouverte de t\u00e9flon, avec une teneur suffisante en \u00e9lasthanne pour un ajustement parfait pendant tous les mouvements, de la prise \u00e0 l&#8217;arriv\u00e9e. Une poche zipp\u00e9e sur la droite offre de la place pour un t\u00e9l\u00e9phone portable ou une cl\u00e9 10\/13. En outre, une petite poche \u00e0 cl\u00e9s cach\u00e9e se trouve \u00e0 l&#8217;int\u00e9rieur gauche.<\/p>\n<h2><a name=\"_Toc113527250\"><\/a>Design<\/h2>\n<p>L&#8217;ourlet extensible de la jambe est particuli\u00e8rement frappant et s&#8217;adapte confortablement \u00e0 plat sur la cuisse. Le short noir-anthracite pr\u00e9sente une impression EVUPRE r\u00e9fl\u00e9chissante discr\u00e8te sur le c\u00f4t\u00e9 de la cuisse.<\/p>\n<h2><a name=\"_Toc113527251\"><\/a>Fit<\/h2>\n<p>Le mod\u00e8le Juliane mesure 176 cm et porte une taille M. Le short Essentials Women impressionne par sa coupe l\u00e9g\u00e8rement d\u00e9contract\u00e9e au niveau des cuisses, qui se transforme en une coupe moulante extensible. La taille \u00e9lastique haute prot\u00e8ge le bas du dos et la colonne vert\u00e9brale tout en offrant un look \u00e9l\u00e9gant.<\/p>\n<p>Vous n&#8217;\u00eates pas s\u00fbr de la taille qui vous conviendrait ? Envoyez-nous un courriel \u00e0 l&#8217;adresse <a href=\"mailto:shop@evupre.com\">shop@evupre.com<\/a>, et nous vous donnerons des conseils personnalis\u00e9s. Gr\u00e2ce \u00e0 notre exp\u00e9rience, nous pouvons trouver la taille parfaite pour vous. En outre, vous aurez l&#8217;occasion d&#8217;en savoir encore plus sur les autres produits de la gamme EVUPRE.<\/p>\n<h2><a name=\"_Toc113527252\"><\/a>La tenue parfaite<\/h2>\n<p>Le <a href=\"https:\/\/evupre.com\/fr\/produkt\/tshirt-daviron-heritage-femmes\/\">T-shirt Heritage<\/a> et les <a href=\"https:\/\/evupre.com\/fr\/produkt\/chausettes-de-vitesse\/\">chaussettes Speed<\/a> compl\u00e8tent parfaitement nos magnifiques shorts Essentials. Dans cette combinaison, le short et le T-shirt sont la tenue parfaite pendant la saison chaude de l&#8217;\u00e9t\u00e9.<\/p>\n<h2><a name=\"_Toc113527253\"><\/a>Autres liens<\/h2>\n<p>Pour des photos d\u00e9taill\u00e9es et des informations sur notre short Essentials Women, et de nombreux autres produits de la collection d&#8217;aviron EVUPRE, suivez nos pages\u00a0<a href=\"https:\/\/www.instagram.com\/evupre_performance_rowing\/\">Instagram<\/a>\u00a0et\u00a0<a href=\"https:\/\/www.facebook.com\/evupre\">Facebook<\/a>. Nos revendeurs en Suisse et en Allemagne sont\u00a0<a href=\"https:\/\/www.4row.com\/de\/ch\/\">4row<\/a>, aux Pays-Bas\u00a0<a href=\"https:\/\/www.eurow.eu\/de\/ruder-bekleidung\/ruder-handschuhe.html\">EUROW<\/a>, en Scandinavie <a href=\"https:\/\/all4rowing.com\">All4Rowing<\/a> et\u00a0<a href=\"https:\/\/www.rowgeneration.se\/tillbehor\/komfort\/rowtex-pro\">ROW Generation<\/a>\u00a0et en Grande-Bretagne <a href=\"https:\/\/www.fwd2row.co.uk\/\">FWD2Row<\/a>.<\/p>\n","protected":false},"excerpt":{"rendered":"<ul>\n<li>Des shorts fonctionnels et robustes<\/li>\n<li>Look d\u00e9contract\u00e9 &#8211; dans le bateau \u00e0 rames ou ailleurs<\/li>\n<li>Ceinture haute pour un look \u00e9l\u00e9gant et une protection du bas du dos et de la colonne vert\u00e9brale.<\/li>\n<li>Coque ext\u00e9rieure r\u00e9sistante \u00e0 l&#8217;eau et recouverte de T\u00e9flon<\/li>\n<li>Poche zipp\u00e9e sur la droite<\/li>\n<li>Poche \u00e0 cl\u00e9 cach\u00e9e sur la gauche<\/li>\n<li>Logos r\u00e9fl\u00e9chissants<\/li>\n<li>Couleur : Noir-anthracite<\/li>\n<\/ul>\n","protected":false},"featured_media":0,"comment_status":"open","ping_status":"closed","template":"","meta":{"_acf_changed":false},"product_brand":[],"product_cat":[1342],"product_tag":[],"class_list":{"0":"post-23973","1":"product","2":"type-product","3":"status-publish","5":"product_cat-damen","6":"tm-no-options","8":"first","9":"instock","10":"sale","11":"featured","12":"taxable","13":"shipping-taxable","14":"purchasable","15":"product-type-variable"},"supplier_id":null,"supplier_sku":"","barcode":null,"atum_controlled":true,"out_stock_date":null,"out_stock_threshold":null,"inheritable":true,"inbound_stock":null,"stock_on_hold":0,"sold_today":0,"sales_last_days":0,"reserved_stock":null,"customer_returns":null,"warehouse_damage":null,"lost_in_post":null,"other_logs":null,"out_stock_days":0,"lost_sales":0,"has_location":false,"update_date":"2026-02-28T09:23:28","atum_locations":[],"atum_stock_status":"instock","restock_status":false,"low_stock_amount":"","sales_update_date":"2026-02-28T09:23:28","calc_backorders":null,"mi_inventories":[],"multi_inventory":"no","inventory_sorting_mode":"global","inventory_iteration":"global","expirable_inventories":"global","price_per_inventory":"global","show_write_off_inventories":"global","selectable_inventories":"global","selectable_inventories_mode":"global","acf":[],"yoast_head":"<!-- This site is optimized with the Yoast SEO Premium plugin v23.0 (Yoast SEO v26.6) - https:\/\/yoast.com\/wordpress\/plugins\/seo\/ -->\n<title>Shorts Essentials Femmes - EVUPRE Rudershorts f\u00fcr Damen<\/title>\n<meta name=\"description\" content=\"Die Essentials Shorts Damen besticht durch die ausgezeichnete Passform und die wundersch\u00f6ne Optik. Wasserabsweisend, Tasche mit RV und mehr.\" \/>\n<meta name=\"robots\" content=\"index, follow, max-snippet:-1, max-image-preview:large, max-video-preview:-1\" \/>\n<link rel=\"canonical\" href=\"https:\/\/evupre.com\/fr\/produkt\/shorts-essentials-femmes\/\" \/>\n<meta property=\"og:locale\" content=\"fr_FR\" \/>\n<meta property=\"og:type\" content=\"article\" \/>\n<meta property=\"og:title\" content=\"Shorts Essentials Femmes\" \/>\n<meta property=\"og:description\" content=\"Die Essentials Shorts Damen besticht durch die ausgezeichnete Passform und die wundersch\u00f6ne Optik. Wasserabsweisend, Tasche mit RV und mehr.\" \/>\n<meta property=\"og:url\" content=\"https:\/\/evupre.com\/fr\/produkt\/shorts-essentials-femmes\/\" \/>\n<meta property=\"og:site_name\" content=\"EVUPRE\" \/>\n<meta property=\"article:publisher\" content=\"https:\/\/www.facebook.com\/evupre\/\" \/>\n<meta property=\"article:modified_time\" content=\"2025-12-08T15:54:39+00:00\" \/>\n<meta name=\"twitter:card\" content=\"summary_large_image\" \/>\n<meta name=\"twitter:label1\" content=\"Disponibilit\u00e9\" \/>\n\t<meta name=\"twitter:data1\" content=\"En stock\" \/>\n<script type=\"application\/ld+json\" class=\"yoast-schema-graph\">{\"@context\":\"https:\/\/schema.org\",\"@graph\":[{\"@type\":\"WebPage\",\"@id\":\"https:\/\/evupre.com\/fr\/produkt\/shorts-essentials-femmes\/\",\"url\":\"https:\/\/evupre.com\/fr\/produkt\/shorts-essentials-femmes\/\",\"name\":\"Shorts Essentials Femmes - EVUPRE Rudershorts f\u00fcr Damen\",\"isPartOf\":{\"@id\":\"https:\/\/evupre.com\/fr\/#website\"},\"datePublished\":\"2020-03-23T15:48:28+00:00\",\"dateModified\":\"2025-12-08T15:54:39+00:00\",\"description\":\"Die Essentials Shorts Damen besticht durch die ausgezeichnete Passform und die wundersch\u00f6ne Optik. Wasserabsweisend, Tasche mit RV und mehr.\",\"breadcrumb\":{\"@id\":\"https:\/\/evupre.com\/fr\/produkt\/shorts-essentials-femmes\/#breadcrumb\"},\"inLanguage\":\"fr-FR\",\"potentialAction\":[{\"@type\":\"ReadAction\",\"target\":[\"https:\/\/evupre.com\/fr\/produkt\/shorts-essentials-femmes\/\"]}]},{\"@type\":\"BreadcrumbList\",\"@id\":\"https:\/\/evupre.com\/fr\/produkt\/shorts-essentials-femmes\/#breadcrumb\",\"itemListElement\":[{\"@type\":\"ListItem\",\"position\":1,\"name\":\"Home\",\"item\":\"https:\/\/evupre.com\/fr\/home-of-evupre-rowing-clothes\/\"},{\"@type\":\"ListItem\",\"position\":2,\"name\":\"Shop\",\"item\":\"https:\/\/evupre.com\/fr\/__trashed\/\"},{\"@type\":\"ListItem\",\"position\":3,\"name\":\"Shorts Essentials Femmes\"}]},{\"@type\":\"WebSite\",\"@id\":\"https:\/\/evupre.com\/fr\/#website\",\"url\":\"https:\/\/evupre.com\/fr\/\",\"name\":\"EVUPRE\",\"description\":\"\",\"publisher\":{\"@id\":\"https:\/\/evupre.com\/fr\/#organization\"},\"potentialAction\":[{\"@type\":\"SearchAction\",\"target\":{\"@type\":\"EntryPoint\",\"urlTemplate\":\"https:\/\/evupre.com\/fr\/?s={search_term_string}\"},\"query-input\":{\"@type\":\"PropertyValueSpecification\",\"valueRequired\":true,\"valueName\":\"search_term_string\"}}],\"inLanguage\":\"fr-FR\"},{\"@type\":\"Organization\",\"@id\":\"https:\/\/evupre.com\/fr\/#organization\",\"name\":\"EVUPRE\",\"url\":\"https:\/\/evupre.com\/fr\/\",\"logo\":{\"@type\":\"ImageObject\",\"inLanguage\":\"fr-FR\",\"@id\":\"https:\/\/evupre.com\/fr\/#\/schema\/logo\/image\/\",\"url\":\"https:\/\/evupre.com\/wp-content\/uploads\/2020\/04\/Evupre-1.png\",\"contentUrl\":\"https:\/\/evupre.com\/wp-content\/uploads\/2020\/04\/Evupre-1.png\",\"width\":300,\"height\":39,\"caption\":\"EVUPRE\"},\"image\":{\"@id\":\"https:\/\/evupre.com\/fr\/#\/schema\/logo\/image\/\"},\"sameAs\":[\"https:\/\/www.facebook.com\/evupre\/\",\"https:\/\/www.instagram.com\/evupre_performance_rowing\/\"]}]}<\/script>\n<meta property=\"og:availability\" content=\"instock\" \/>\n<meta property=\"product:availability\" content=\"instock\" \/>\n<meta property=\"product:condition\" content=\"new\" \/>\n<!-- \/ Yoast SEO Premium plugin. -->","yoast_head_json":{"title":"Shorts Essentials Femmes - EVUPRE Rudershorts f\u00fcr Damen","description":"Die Essentials Shorts Damen besticht durch die ausgezeichnete Passform und die wundersch\u00f6ne Optik. Wasserabsweisend, Tasche mit RV und mehr.","robots":{"index":"index","follow":"follow","max-snippet":"max-snippet:-1","max-image-preview":"max-image-preview:large","max-video-preview":"max-video-preview:-1"},"canonical":"https:\/\/evupre.com\/fr\/produkt\/shorts-essentials-femmes\/","og_locale":"fr_FR","og_type":"article","og_title":"Shorts Essentials Femmes","og_description":"Die Essentials Shorts Damen besticht durch die ausgezeichnete Passform und die wundersch\u00f6ne Optik. Wasserabsweisend, Tasche mit RV und mehr.","og_url":"https:\/\/evupre.com\/fr\/produkt\/shorts-essentials-femmes\/","og_site_name":"EVUPRE","article_publisher":"https:\/\/www.facebook.com\/evupre\/","article_modified_time":"2025-12-08T15:54:39+00:00","twitter_card":"summary_large_image","twitter_misc":{"Disponibilit\u00e9":"En stock"},"schema":{"@context":"https:\/\/schema.org","@graph":[{"@type":"WebPage","@id":"https:\/\/evupre.com\/fr\/produkt\/shorts-essentials-femmes\/","url":"https:\/\/evupre.com\/fr\/produkt\/shorts-essentials-femmes\/","name":"Shorts Essentials Femmes - EVUPRE Rudershorts f\u00fcr Damen","isPartOf":{"@id":"https:\/\/evupre.com\/fr\/#website"},"datePublished":"2020-03-23T15:48:28+00:00","dateModified":"2025-12-08T15:54:39+00:00","description":"Die Essentials Shorts Damen besticht durch die ausgezeichnete Passform und die wundersch\u00f6ne Optik. Wasserabsweisend, Tasche mit RV und mehr.","breadcrumb":{"@id":"https:\/\/evupre.com\/fr\/produkt\/shorts-essentials-femmes\/#breadcrumb"},"inLanguage":"fr-FR","potentialAction":[{"@type":"ReadAction","target":["https:\/\/evupre.com\/fr\/produkt\/shorts-essentials-femmes\/"]}]},{"@type":"BreadcrumbList","@id":"https:\/\/evupre.com\/fr\/produkt\/shorts-essentials-femmes\/#breadcrumb","itemListElement":[{"@type":"ListItem","position":1,"name":"Home","item":"https:\/\/evupre.com\/fr\/home-of-evupre-rowing-clothes\/"},{"@type":"ListItem","position":2,"name":"Shop","item":"https:\/\/evupre.com\/fr\/__trashed\/"},{"@type":"ListItem","position":3,"name":"Shorts Essentials Femmes"}]},{"@type":"WebSite","@id":"https:\/\/evupre.com\/fr\/#website","url":"https:\/\/evupre.com\/fr\/","name":"EVUPRE","description":"","publisher":{"@id":"https:\/\/evupre.com\/fr\/#organization"},"potentialAction":[{"@type":"SearchAction","target":{"@type":"EntryPoint","urlTemplate":"https:\/\/evupre.com\/fr\/?s={search_term_string}"},"query-input":{"@type":"PropertyValueSpecification","valueRequired":true,"valueName":"search_term_string"}}],"inLanguage":"fr-FR"},{"@type":"Organization","@id":"https:\/\/evupre.com\/fr\/#organization","name":"EVUPRE","url":"https:\/\/evupre.com\/fr\/","logo":{"@type":"ImageObject","inLanguage":"fr-FR","@id":"https:\/\/evupre.com\/fr\/#\/schema\/logo\/image\/","url":"https:\/\/evupre.com\/wp-content\/uploads\/2020\/04\/Evupre-1.png","contentUrl":"https:\/\/evupre.com\/wp-content\/uploads\/2020\/04\/Evupre-1.png","width":300,"height":39,"caption":"EVUPRE"},"image":{"@id":"https:\/\/evupre.com\/fr\/#\/schema\/logo\/image\/"},"sameAs":["https:\/\/www.facebook.com\/evupre\/","https:\/\/www.instagram.com\/evupre_performance_rowing\/"]}]},"og_availability":"instock","product_availability":"instock","product_condition":"new"},"_links":{"self":[{"href":"https:\/\/evupre.com\/fr\/wp-json\/wp\/v2\/product\/23973","targetHints":{"allow":["GET"]}}],"collection":[{"href":"https:\/\/evupre.com\/fr\/wp-json\/wp\/v2\/product"}],"about":[{"href":"https:\/\/evupre.com\/fr\/wp-json\/wp\/v2\/types\/product"}],"replies":[{"embeddable":true,"href":"https:\/\/evupre.com\/fr\/wp-json\/wp\/v2\/comments?post=23973"}],"wp:attachment":[{"href":"https:\/\/evupre.com\/fr\/wp-json\/wp\/v2\/media?parent=23973"}],"wp:term":[{"taxonomy":"product_brand","embeddable":true,"href":"https:\/\/evupre.com\/fr\/wp-json\/wp\/v2\/product_brand?post=23973"},{"taxonomy":"product_cat","embeddable":true,"href":"https:\/\/evupre.com\/fr\/wp-json\/wp\/v2\/product_cat?post=23973"},{"taxonomy":"product_tag","embeddable":true,"href":"https:\/\/evupre.com\/fr\/wp-json\/wp\/v2\/product_tag?post=23973"}],"curies":[{"name":"wp","href":"https:\/\/api.w.org\/{rel}","templated":true}]}}