{"id":23885,"date":"2021-09-09T16:24:46","date_gmt":"2021-09-09T14:24:46","guid":{"rendered":"https:\/\/evupre.com\/produkt\/pro-sleeveless-vienna-femmes\/"},"modified":"2025-12-08T17:15:42","modified_gmt":"2025-12-08T16:15:42","slug":"pro-sleeveless-vienna-femmes","status":"publish","type":"product","link":"https:\/\/evupre.com\/fr\/produkt\/pro-sleeveless-vienna-femmes\/","title":{"rendered":"Pro Sleeveless Vienna Femmes"},"content":{"rendered":"<div class=\"product-single__description rte\">\n<div class=\"page\" title=\"Page 6\">\n<div class=\"section\">\n<div class=\"layoutArea\">\n<div class=\"column\">\n<h1>Pro Sleeveless Vienna Femmes<\/h1>\n<p>Le Pro Sleeveless Vienna Women est le haut le plus a\u00e9r\u00e9 et le plus l\u00e9ger de notre collection. Il est id\u00e9al pour les s\u00e9ances d&#8217;entra\u00eenement en sueur sur l&#8217;eau ou sur l&#8217;ergo ; ce d\u00e9bardeur d&#8217;aviron permet la libert\u00e9 de mouvement n\u00e9cessaire \u00e0 la haute performance.<\/p>\n<h2><a name=\"_Toc113527049\"><\/a>Caract\u00e9ristiques et d\u00e9tails<\/h2>\n<p>Le Pro Sleeveless Vienna Women est fabriqu\u00e9 \u00e0 partir d&#8217;un tissu en maille tr\u00e8s l\u00e9ger (120 g\/m2), qui assure une meilleure ventilation. La mati\u00e8re \u00e0 mailles fines est un m\u00e9lange de 95% de polyester et 5% d&#8217;\u00e9lasthanne. Comme tous les produits de notre collection, ce haut sans manches est \u00e9galement dot\u00e9 de coutures plates afin d&#8217;optimiser le confort de la personne qui le porte. Le design sans manches permet une libert\u00e9 de mouvement maximale et est donc id\u00e9al pour \u00eatre port\u00e9 sur l&#8217;eau lors des journ\u00e9es chaudes, ou tout aussi bien pour les sessions en int\u00e9rieur sur l&#8217;ergo.<\/p>\n<h2><a name=\"_Toc113527050\"><\/a>Design<\/h2>\n<p>Appel de Vienne &#8211; Falco dans votre oreille. Le si\u00e8ge d&#8217;EVUPRE est situ\u00e9 \u00e0 Vienne, Alte Donau : le design de Vienne est notre hommage \u00e0 la ville qui a accueilli les championnats du monde de 1991. C&#8217;est notre maison, o\u00f9 tout le personnel d&#8217;EVUPRE a ram\u00e9 de nombreux kilom\u00e8tres, en s&#8217;entra\u00eenant pendant des heures interminables. La couleur bleu ciel est d\u00e9di\u00e9e au ciel magnifique et clair au-dessus de Vienne.<\/p>\n<h2><a name=\"_Toc113527051\"><\/a>Fit<\/h2>\n<p>Le mod\u00e8le Juliane mesure 176 cm et porte la taille M. Le haut sans manches Pro est disponible en coupe normale. Les coutures plates assurent un grand confort au porteur avec un look \u00e9l\u00e9gant et sportif. La partie arri\u00e8re est plus longue de 3 cm que la partie avant pour garantir que le bas du dos est couvert m\u00eame en position attrap\u00e9.<\/p>\n<p>Vous n&#8217;\u00eates pas s\u00fbr de la taille qui vous conviendrait ? Envoyez-nous un courriel \u00e0 l&#8217;adresse <a href=\"mailto:shop@evupre.com\">shop@evupre.com<\/a>, et nous vous donnerons des conseils personnalis\u00e9s. Gr\u00e2ce \u00e0 notre exp\u00e9rience, nous pouvons trouver la taille parfaite pour vous. En outre, vous aurez l&#8217;occasion d&#8217;en savoir encore plus sur les autres produits de la gamme EVUPRE.<\/p>\n<h2><a name=\"_Toc113527052\"><\/a>La tenue parfaite<\/h2>\n<p>En combinaison avec le <a href=\"https:\/\/evupre.com\/fr\/produkt\/shorts-essentials-femmes\/\">Short Essentials<\/a>, le Pro Sleeveless Vienna Women offre une alternative \u00e0 la combinaison d&#8217;une seule pi\u00e8ce.<\/p>\n<h2><a name=\"_Toc113527053\"><\/a>Autres liens<\/h2>\n<p>Pour des photos d\u00e9taill\u00e9es et des informations sur notre Pro Sleeveless Vienna Women, et de nombreux autres produits de la collection d&#8217;aviron EVUPRE, suivez nos pages\u00a0<a href=\"https:\/\/www.instagram.com\/evupre_performance_rowing\/\">Instagram<\/a>\u00a0et\u00a0<a href=\"https:\/\/www.facebook.com\/evupre\">Facebook<\/a>. Nos revendeurs en Suisse et en Allemagne sont\u00a0<a href=\"https:\/\/www.4row.com\/de\/ch\/\">4row<\/a>, aux Pays-Bas\u00a0<a href=\"https:\/\/www.eurow.eu\/de\/ruder-bekleidung\/ruder-handschuhe.html\">EUROW<\/a>, en Scandinavie <a href=\"https:\/\/all4rowing.com\">All4Rowing<\/a> et\u00a0<a href=\"https:\/\/www.rowgeneration.se\/tillbehor\/komfort\/rowtex-pro\">ROW Generation<\/a>\u00a0et en Grande-Bretagne <a href=\"https:\/\/www.fwd2row.co.uk\/\">FWD2Row<\/a>.<\/p>\n<\/div>\n<\/div>\n<\/div>\n<\/div>\n<\/div>\n","protected":false},"excerpt":{"rendered":"<ul>\n<li>Bi-\u00e9lastique, confort de port maximal<\/li>\n<li>Tissu en maille ultra l\u00e9ger (120 g\/m2)<\/li>\n<li>Haute respirabilit\u00e9<\/li>\n<li>Le plat semble<\/li>\n<li>Coupe r\u00e9guli\u00e8re<\/li>\n<\/ul>\n","protected":false},"featured_media":161647,"comment_status":"open","ping_status":"closed","template":"","meta":{"_acf_changed":false},"product_brand":[],"product_cat":[1342],"product_tag":[],"class_list":{"0":"post-23885","1":"product","2":"type-product","3":"status-publish","4":"has-post-thumbnail","6":"product_cat-damen","7":"tm-no-options","9":"first","10":"instock","11":"sale","12":"featured","13":"taxable","14":"shipping-taxable","15":"purchasable","16":"product-type-variable","17":"wpzoom-wc-spi-has-enabled"},"supplier_id":null,"supplier_sku":"","barcode":null,"atum_controlled":true,"out_stock_date":null,"out_stock_threshold":null,"inheritable":true,"inbound_stock":0,"stock_on_hold":0,"sold_today":0,"sales_last_days":0,"reserved_stock":0,"customer_returns":0,"warehouse_damage":0,"lost_in_post":0,"other_logs":0,"out_stock_days":0,"lost_sales":0,"has_location":false,"update_date":"2026-04-09T10:18:21","atum_locations":[],"atum_stock_status":"instock","restock_status":false,"low_stock_amount":"","sales_update_date":"2026-04-09T10:18:21","calc_backorders":null,"mi_inventories":[],"multi_inventory":"no","inventory_sorting_mode":"global","inventory_iteration":"global","expirable_inventories":"global","price_per_inventory":"global","show_write_off_inventories":"global","selectable_inventories":"global","selectable_inventories_mode":"global","acf":[],"yoast_head":"<!-- This site is optimized with the Yoast SEO Premium plugin v23.0 (Yoast SEO v26.6) - https:\/\/yoast.com\/wordpress\/plugins\/seo\/ -->\n<title>Pro Sleeveless Vienna Femmes - EVUPRE<\/title>\n<meta name=\"robots\" content=\"index, follow, max-snippet:-1, max-image-preview:large, max-video-preview:-1\" \/>\n<link rel=\"canonical\" href=\"https:\/\/evupre.com\/fr\/produkt\/pro-sleeveless-vienna-femmes\/\" \/>\n<meta property=\"og:locale\" content=\"fr_FR\" \/>\n<meta property=\"og:type\" content=\"article\" \/>\n<meta property=\"og:title\" content=\"Pro Sleeveless Vienna Femmes\" \/>\n<meta property=\"og:description\" content=\"Bi-\u00e9lastique, confort de port maximal  Tissu en maille ultra l\u00e9ger (120 g\/m2)  Haute respirabilit\u00e9  Le plat semble  Coupe r\u00e9guli\u00e8re\" \/>\n<meta property=\"og:url\" content=\"https:\/\/evupre.com\/fr\/produkt\/pro-sleeveless-vienna-femmes\/\" \/>\n<meta property=\"og:site_name\" content=\"EVUPRE\" \/>\n<meta property=\"article:publisher\" content=\"https:\/\/www.facebook.com\/evupre\/\" \/>\n<meta property=\"article:modified_time\" content=\"2025-12-08T16:15:42+00:00\" \/>\n<meta property=\"og:image\" content=\"https:\/\/evupre.com\/wp-content\/uploads\/2021\/09\/ProSleevelessViennaWfront-min-scaled.jpg\" \/>\n\t<meta property=\"og:image:width\" content=\"2560\" \/>\n\t<meta property=\"og:image:height\" content=\"2560\" \/>\n\t<meta property=\"og:image:type\" content=\"image\/jpeg\" \/>\n<meta name=\"twitter:card\" content=\"summary_large_image\" \/>\n<meta name=\"twitter:label1\" content=\"Disponibilit\u00e9\" \/>\n\t<meta name=\"twitter:data1\" content=\"En stock\" \/>\n<script type=\"application\/ld+json\" class=\"yoast-schema-graph\">{\"@context\":\"https:\/\/schema.org\",\"@graph\":[{\"@type\":\"WebPage\",\"@id\":\"https:\/\/evupre.com\/fr\/produkt\/pro-sleeveless-vienna-femmes\/\",\"url\":\"https:\/\/evupre.com\/fr\/produkt\/pro-sleeveless-vienna-femmes\/\",\"name\":\"Pro Sleeveless Vienna Femmes - EVUPRE\",\"isPartOf\":{\"@id\":\"https:\/\/evupre.com\/fr\/#website\"},\"primaryImageOfPage\":{\"@id\":\"https:\/\/evupre.com\/fr\/produkt\/pro-sleeveless-vienna-femmes\/#primaryimage\"},\"image\":{\"@id\":\"https:\/\/evupre.com\/fr\/produkt\/pro-sleeveless-vienna-femmes\/#primaryimage\"},\"thumbnailUrl\":\"https:\/\/evupre.com\/wp-content\/uploads\/2025\/12\/EVUPRE-Product_Sale-20251106-017-scaled-1.jpg\",\"datePublished\":\"2021-09-09T14:24:46+00:00\",\"dateModified\":\"2025-12-08T16:15:42+00:00\",\"breadcrumb\":{\"@id\":\"https:\/\/evupre.com\/fr\/produkt\/pro-sleeveless-vienna-femmes\/#breadcrumb\"},\"inLanguage\":\"fr-FR\",\"potentialAction\":[{\"@type\":\"ReadAction\",\"target\":[\"https:\/\/evupre.com\/fr\/produkt\/pro-sleeveless-vienna-femmes\/\"]}]},{\"@type\":\"ImageObject\",\"inLanguage\":\"fr-FR\",\"@id\":\"https:\/\/evupre.com\/fr\/produkt\/pro-sleeveless-vienna-femmes\/#primaryimage\",\"url\":\"https:\/\/evupre.com\/wp-content\/uploads\/2025\/12\/EVUPRE-Product_Sale-20251106-017-scaled-1.jpg\",\"contentUrl\":\"https:\/\/evupre.com\/wp-content\/uploads\/2025\/12\/EVUPRE-Product_Sale-20251106-017-scaled-1.jpg\",\"width\":1707,\"height\":2560},{\"@type\":\"BreadcrumbList\",\"@id\":\"https:\/\/evupre.com\/fr\/produkt\/pro-sleeveless-vienna-femmes\/#breadcrumb\",\"itemListElement\":[{\"@type\":\"ListItem\",\"position\":1,\"name\":\"Home\",\"item\":\"https:\/\/evupre.com\/fr\/home-of-evupre-rowing-clothes\/\"},{\"@type\":\"ListItem\",\"position\":2,\"name\":\"Shop\",\"item\":\"https:\/\/evupre.com\/fr\/__trashed\/\"},{\"@type\":\"ListItem\",\"position\":3,\"name\":\"Pro Sleeveless Vienna Femmes\"}]},{\"@type\":\"WebSite\",\"@id\":\"https:\/\/evupre.com\/fr\/#website\",\"url\":\"https:\/\/evupre.com\/fr\/\",\"name\":\"EVUPRE\",\"description\":\"\",\"publisher\":{\"@id\":\"https:\/\/evupre.com\/fr\/#organization\"},\"potentialAction\":[{\"@type\":\"SearchAction\",\"target\":{\"@type\":\"EntryPoint\",\"urlTemplate\":\"https:\/\/evupre.com\/fr\/?s={search_term_string}\"},\"query-input\":{\"@type\":\"PropertyValueSpecification\",\"valueRequired\":true,\"valueName\":\"search_term_string\"}}],\"inLanguage\":\"fr-FR\"},{\"@type\":\"Organization\",\"@id\":\"https:\/\/evupre.com\/fr\/#organization\",\"name\":\"EVUPRE\",\"url\":\"https:\/\/evupre.com\/fr\/\",\"logo\":{\"@type\":\"ImageObject\",\"inLanguage\":\"fr-FR\",\"@id\":\"https:\/\/evupre.com\/fr\/#\/schema\/logo\/image\/\",\"url\":\"https:\/\/evupre.com\/wp-content\/uploads\/2020\/04\/Evupre-1.png\",\"contentUrl\":\"https:\/\/evupre.com\/wp-content\/uploads\/2020\/04\/Evupre-1.png\",\"width\":300,\"height\":39,\"caption\":\"EVUPRE\"},\"image\":{\"@id\":\"https:\/\/evupre.com\/fr\/#\/schema\/logo\/image\/\"},\"sameAs\":[\"https:\/\/www.facebook.com\/evupre\/\",\"https:\/\/www.instagram.com\/evupre_performance_rowing\/\"]}]}<\/script>\n<meta property=\"og:availability\" content=\"instock\" \/>\n<meta property=\"product:availability\" content=\"instock\" \/>\n<meta property=\"product:condition\" content=\"new\" \/>\n<!-- \/ Yoast SEO Premium plugin. -->","yoast_head_json":{"title":"Pro Sleeveless Vienna Femmes - EVUPRE","robots":{"index":"index","follow":"follow","max-snippet":"max-snippet:-1","max-image-preview":"max-image-preview:large","max-video-preview":"max-video-preview:-1"},"canonical":"https:\/\/evupre.com\/fr\/produkt\/pro-sleeveless-vienna-femmes\/","og_locale":"fr_FR","og_type":"article","og_title":"Pro Sleeveless Vienna Femmes","og_description":"Bi-\u00e9lastique, confort de port maximal  Tissu en maille ultra l\u00e9ger (120 g\/m2)  Haute respirabilit\u00e9  Le plat semble  Coupe r\u00e9guli\u00e8re","og_url":"https:\/\/evupre.com\/fr\/produkt\/pro-sleeveless-vienna-femmes\/","og_site_name":"EVUPRE","article_publisher":"https:\/\/www.facebook.com\/evupre\/","article_modified_time":"2025-12-08T16:15:42+00:00","og_image":[{"width":2560,"height":2560,"url":"https:\/\/evupre.com\/wp-content\/uploads\/2021\/09\/ProSleevelessViennaWfront-min-scaled.jpg","type":"image\/jpeg"}],"twitter_card":"summary_large_image","twitter_misc":{"Disponibilit\u00e9":"En stock"},"schema":{"@context":"https:\/\/schema.org","@graph":[{"@type":"WebPage","@id":"https:\/\/evupre.com\/fr\/produkt\/pro-sleeveless-vienna-femmes\/","url":"https:\/\/evupre.com\/fr\/produkt\/pro-sleeveless-vienna-femmes\/","name":"Pro Sleeveless Vienna Femmes - EVUPRE","isPartOf":{"@id":"https:\/\/evupre.com\/fr\/#website"},"primaryImageOfPage":{"@id":"https:\/\/evupre.com\/fr\/produkt\/pro-sleeveless-vienna-femmes\/#primaryimage"},"image":{"@id":"https:\/\/evupre.com\/fr\/produkt\/pro-sleeveless-vienna-femmes\/#primaryimage"},"thumbnailUrl":"https:\/\/evupre.com\/wp-content\/uploads\/2025\/12\/EVUPRE-Product_Sale-20251106-017-scaled-1.jpg","datePublished":"2021-09-09T14:24:46+00:00","dateModified":"2025-12-08T16:15:42+00:00","breadcrumb":{"@id":"https:\/\/evupre.com\/fr\/produkt\/pro-sleeveless-vienna-femmes\/#breadcrumb"},"inLanguage":"fr-FR","potentialAction":[{"@type":"ReadAction","target":["https:\/\/evupre.com\/fr\/produkt\/pro-sleeveless-vienna-femmes\/"]}]},{"@type":"ImageObject","inLanguage":"fr-FR","@id":"https:\/\/evupre.com\/fr\/produkt\/pro-sleeveless-vienna-femmes\/#primaryimage","url":"https:\/\/evupre.com\/wp-content\/uploads\/2025\/12\/EVUPRE-Product_Sale-20251106-017-scaled-1.jpg","contentUrl":"https:\/\/evupre.com\/wp-content\/uploads\/2025\/12\/EVUPRE-Product_Sale-20251106-017-scaled-1.jpg","width":1707,"height":2560},{"@type":"BreadcrumbList","@id":"https:\/\/evupre.com\/fr\/produkt\/pro-sleeveless-vienna-femmes\/#breadcrumb","itemListElement":[{"@type":"ListItem","position":1,"name":"Home","item":"https:\/\/evupre.com\/fr\/home-of-evupre-rowing-clothes\/"},{"@type":"ListItem","position":2,"name":"Shop","item":"https:\/\/evupre.com\/fr\/__trashed\/"},{"@type":"ListItem","position":3,"name":"Pro Sleeveless Vienna Femmes"}]},{"@type":"WebSite","@id":"https:\/\/evupre.com\/fr\/#website","url":"https:\/\/evupre.com\/fr\/","name":"EVUPRE","description":"","publisher":{"@id":"https:\/\/evupre.com\/fr\/#organization"},"potentialAction":[{"@type":"SearchAction","target":{"@type":"EntryPoint","urlTemplate":"https:\/\/evupre.com\/fr\/?s={search_term_string}"},"query-input":{"@type":"PropertyValueSpecification","valueRequired":true,"valueName":"search_term_string"}}],"inLanguage":"fr-FR"},{"@type":"Organization","@id":"https:\/\/evupre.com\/fr\/#organization","name":"EVUPRE","url":"https:\/\/evupre.com\/fr\/","logo":{"@type":"ImageObject","inLanguage":"fr-FR","@id":"https:\/\/evupre.com\/fr\/#\/schema\/logo\/image\/","url":"https:\/\/evupre.com\/wp-content\/uploads\/2020\/04\/Evupre-1.png","contentUrl":"https:\/\/evupre.com\/wp-content\/uploads\/2020\/04\/Evupre-1.png","width":300,"height":39,"caption":"EVUPRE"},"image":{"@id":"https:\/\/evupre.com\/fr\/#\/schema\/logo\/image\/"},"sameAs":["https:\/\/www.facebook.com\/evupre\/","https:\/\/www.instagram.com\/evupre_performance_rowing\/"]}]},"og_availability":"instock","product_availability":"instock","product_condition":"new"},"_links":{"self":[{"href":"https:\/\/evupre.com\/fr\/wp-json\/wp\/v2\/product\/23885","targetHints":{"allow":["GET"]}}],"collection":[{"href":"https:\/\/evupre.com\/fr\/wp-json\/wp\/v2\/product"}],"about":[{"href":"https:\/\/evupre.com\/fr\/wp-json\/wp\/v2\/types\/product"}],"replies":[{"embeddable":true,"href":"https:\/\/evupre.com\/fr\/wp-json\/wp\/v2\/comments?post=23885"}],"wp:featuredmedia":[{"embeddable":true,"href":"https:\/\/evupre.com\/fr\/wp-json\/wp\/v2\/media\/161647"}],"wp:attachment":[{"href":"https:\/\/evupre.com\/fr\/wp-json\/wp\/v2\/media?parent=23885"}],"wp:term":[{"taxonomy":"product_brand","embeddable":true,"href":"https:\/\/evupre.com\/fr\/wp-json\/wp\/v2\/product_brand?post=23885"},{"taxonomy":"product_cat","embeddable":true,"href":"https:\/\/evupre.com\/fr\/wp-json\/wp\/v2\/product_cat?post=23885"},{"taxonomy":"product_tag","embeddable":true,"href":"https:\/\/evupre.com\/fr\/wp-json\/wp\/v2\/product_tag?post=23885"}],"curies":[{"name":"wp","href":"https:\/\/api.w.org\/{rel}","templated":true}]}}