{"id":23768,"date":"2022-08-25T16:53:09","date_gmt":"2022-08-25T14:53:09","guid":{"rendered":"https:\/\/evupre.com\/produkt\/pro-shortsleeve-vienna-women\/"},"modified":"2022-12-01T12:41:18","modified_gmt":"2022-12-01T11:41:18","slug":"pro-shortsleeve-vienna-femmes","status":"publish","type":"product","link":"https:\/\/evupre.com\/fr\/produkt\/pro-shortsleeve-vienna-femmes\/","title":{"rendered":"Pro Shortsleeve Vienna Femmes"},"content":{"rendered":"<div class=\"product-single__description rte\">\n<div class=\"page\" title=\"Page 6\">\n<div class=\"section\">\n<div class=\"layoutArea\">\n<div class=\"column\">\n<h1><strong>PRO SHORTSLEEVE VIENNA FEMMES<\/strong><\/h1>\n<p>Le Pro Shortsleeve Vienna Femmes est un excellent t-shirt pour l\u2019entra\u00eenement avec le plus haut niveau de confort. notre shortleeve est un classique de l&#8217;entra\u00eenement et il offre une fonctionnalit\u00e9 maximale aussi bien dans le bateau que dans la salle de musculation !<\/p>\n<h2><strong>CARACT\u00c9RISTIQUES ET D\u00c9TAILS<\/strong><\/h2>\n<p>Le Pro Shortsleeve Vienna Femmes est fabriqu\u00e9 \u00e0 partir d\u2019une fibre tech tr\u00e8s l\u00e9g\u00e8re (140 g\/m2), fabriqu\u00e9e \u00e0 partir de polyester recycl\u00e9, et d\u2019un mat\u00e9riau \u00e0 s\u00e9chage ultra-rapide \u2013 parfait pour \u00eatre port\u00e9 comme couche de base ou couche sup\u00e9rieure. Les coutures plates garantissent que le Pro Shortsleeve Vienna Femmes est confortable \u00e0 porter sur la peau, tandis que les manches raglan offrent de l\u2019espace pour tous les mouvements des \u00e9paules pendant toute la dur\u00e9e du coup d\u2019aviron, de la prise \u00e0 la fin. Le Pro Shortsleeve Vienna Femmes a un look sportif et \u00e9l\u00e9gant.<\/p>\n<h2><strong>DESIGN<\/strong><\/h2>\n<p>Appel de Vienne \u2013 Falco dans votre oreille. Le si\u00e8ge d\u2019EVUPRE est situ\u00e9 \u00e0 Vienne, Alte Donau : le design de Vienne est notre hommage \u00e0 la ville qui a accueilli les championnats du monde de 1991. C\u2019est notre maison, o\u00f9 tout le personnel d\u2019EVUPRE a ram\u00e9 de nombreux kilom\u00e8tres, en s\u2019entra\u00eenant pendant des heures interminables. La couleur bleu ciel est d\u00e9di\u00e9e au ciel magnifique et clair au-dessus de Vienne.<\/p>\n<h2><strong>FIT<\/strong><\/h2>\n<p>Le mod\u00e8le Juliane mesure 167 cm et porte la taille M. La chemise \u00e0 manches longues est disponible en taille normale. Les coutures plates assurent un grand confort au porteur avec un look \u00e9l\u00e9gant et sportif. La partie arri\u00e8re est plus longue de 3 cm que la partie avant pour garantir que le bas du dos est couvert, m\u00eame en position allong\u00e9e.<\/p>\n<p>Vous n\u2019\u00eates pas s\u00fbr de la taille qui vous conviendrait ? Envoyez-nous un courriel \u00e0 l\u2019adresse\u00a0<a href=\"mailto:shop@evupre.com\">shop@evupre.com<\/a>, et nous vous donnerons des conseils personnalis\u00e9s. Gr\u00e2ce \u00e0 notre exp\u00e9rience, nous pouvons trouver la taille parfaite pour vous. En outre, vous aurez l\u2019occasion d\u2019en apprendre davantage sur les autres produits de la gamme EVUPRE.<\/p>\n<h2><strong>LA TENUE PARFAITE<\/strong><\/h2>\n<p>Gr\u00e2ce \u00e0 leurs designs coordonn\u00e9s, le\u00a0<a href=\"https:\/\/evupre.com\/fr\/produkt\/pro-racer-vienna-femmes\/\">Vienna Racer<\/a>\u00a0compl\u00e8te parfaitement le Pro Shortsleeve Vienna Femmes \u2013 cette combinaison constitue la tenue de course parfaite.<\/p>\n<h2><strong>AUTRES LIENS<\/strong><\/h2>\n<p>Pour des photos d\u00e9taill\u00e9es et des informations sur notre Pro Shortsleeve Vienna Femmes, et de nombreux autres produits de la collection d\u2019aviron EVUPRE, suivez nos pages\u00a0<a href=\"https:\/\/www.instagram.com\/evupre_performance_rowing\/\">Instagram<\/a>\u00a0et\u00a0<a href=\"https:\/\/www.facebook.com\/evupre\">Facebook<\/a>. Nos revendeurs en Suisse et en Allemagne sont\u00a0<a href=\"https:\/\/www.4row.com\/de\/ch\/\">4row<\/a>, aux Pays-Bas\u00a0<a href=\"https:\/\/www.eurow.eu\/de\/ruder-bekleidung\/ruder-handschuhe.html\">EUROW<\/a>, en Scandinavie <a href=\"https:\/\/all4rowing.com\">All4Rowing<\/a> et\u00a0<a href=\"https:\/\/www.rowgeneration.se\/tillbehor\/komfort\/rowtex-pro\">ROW Generation<\/a>\u00a0et en Grande-Bretagne <a href=\"https:\/\/www.fwd2row.co.uk\/\">FWD2Row<\/a>.<\/p>\n<\/div>\n<\/div>\n<\/div>\n<\/div>\n<\/div>\n","protected":false},"excerpt":{"rendered":"<ul>\n<li>Bi-\u00e9lastique, confort de port maximal<\/li>\n<li>Fibre tech tr\u00e8s l\u00e9g\u00e8re (140 g\/m2), fabriqu\u00e9e \u00e0 partir de polyester recycl\u00e9<\/li>\n<li>Haute respirabilit\u00e9<\/li>\n<li>Manches raglan<\/li>\n<li>Le plat semble<\/li>\n<li>Coupe r\u00e9guli\u00e8re<\/li>\n<\/ul>\n","protected":false},"featured_media":163059,"comment_status":"open","ping_status":"closed","template":"","meta":{"_acf_changed":false},"product_brand":[],"product_cat":[1342],"product_tag":[],"class_list":{"0":"post-23768","1":"product","2":"type-product","3":"status-publish","4":"has-post-thumbnail","6":"product_cat-damen","7":"tm-no-options","9":"first","10":"outofstock","11":"sale","12":"featured","13":"taxable","14":"shipping-taxable","15":"product-type-variable","16":"wpzoom-wc-spi-has-enabled"},"supplier_id":null,"supplier_sku":"","barcode":null,"atum_controlled":true,"out_stock_date":null,"out_stock_threshold":null,"inheritable":true,"inbound_stock":null,"stock_on_hold":0,"sold_today":0,"sales_last_days":0,"reserved_stock":null,"customer_returns":null,"warehouse_damage":null,"lost_in_post":null,"other_logs":null,"out_stock_days":0,"lost_sales":0,"has_location":false,"update_date":"2026-02-28T09:17:48","atum_locations":[],"atum_stock_status":"outofstock","restock_status":false,"low_stock_amount":"","sales_update_date":"2026-02-28T09:17:48","calc_backorders":null,"mi_inventories":[],"multi_inventory":"no","inventory_sorting_mode":"global","inventory_iteration":"global","expirable_inventories":"global","price_per_inventory":"global","show_write_off_inventories":"global","selectable_inventories":"global","selectable_inventories_mode":"global","acf":[],"yoast_head":"<!-- This site is optimized with the Yoast SEO Premium plugin v23.0 (Yoast SEO v26.6) - https:\/\/yoast.com\/wordpress\/plugins\/seo\/ -->\n<title>Pro Shortsleeve Vienna Femmes - EVUPRE<\/title>\n<meta name=\"robots\" content=\"index, follow, max-snippet:-1, max-image-preview:large, max-video-preview:-1\" \/>\n<link rel=\"canonical\" href=\"https:\/\/evupre.com\/fr\/produkt\/pro-shortsleeve-vienna-femmes\/\" \/>\n<meta property=\"og:locale\" content=\"fr_FR\" \/>\n<meta property=\"og:type\" content=\"article\" \/>\n<meta property=\"og:title\" content=\"Pro Shortsleeve Vienna Femmes\" \/>\n<meta property=\"og:description\" content=\"Bi-\u00e9lastique, confort de port maximal  Fibre tech tr\u00e8s l\u00e9g\u00e8re (140 g\/m2), fabriqu\u00e9e \u00e0 partir de polyester recycl\u00e9  Haute respirabilit\u00e9  Manches raglan  Le plat semble  Coupe r\u00e9guli\u00e8re\" \/>\n<meta property=\"og:url\" content=\"https:\/\/evupre.com\/fr\/produkt\/pro-shortsleeve-vienna-femmes\/\" \/>\n<meta property=\"og:site_name\" content=\"EVUPRE\" \/>\n<meta property=\"article:publisher\" content=\"https:\/\/www.facebook.com\/evupre\/\" \/>\n<meta property=\"article:modified_time\" content=\"2022-12-01T11:41:18+00:00\" \/>\n<meta property=\"og:image\" content=\"https:\/\/evupre.com\/wp-content\/uploads\/2022\/08\/SHEVIEW_front-1-scaled.jpg\" \/>\n\t<meta property=\"og:image:width\" content=\"2560\" \/>\n\t<meta property=\"og:image:height\" content=\"2560\" \/>\n\t<meta property=\"og:image:type\" content=\"image\/jpeg\" \/>\n<meta name=\"twitter:card\" content=\"summary_large_image\" \/>\n<meta name=\"twitter:label1\" content=\"Disponibilit\u00e9\" \/>\n\t<meta name=\"twitter:data1\" content=\"Rupture de stock\" \/>\n<script type=\"application\/ld+json\" class=\"yoast-schema-graph\">{\"@context\":\"https:\/\/schema.org\",\"@graph\":[{\"@type\":\"WebPage\",\"@id\":\"https:\/\/evupre.com\/fr\/produkt\/pro-shortsleeve-vienna-femmes\/\",\"url\":\"https:\/\/evupre.com\/fr\/produkt\/pro-shortsleeve-vienna-femmes\/\",\"name\":\"Pro Shortsleeve Vienna Femmes - EVUPRE\",\"isPartOf\":{\"@id\":\"https:\/\/evupre.com\/fr\/#website\"},\"primaryImageOfPage\":{\"@id\":\"https:\/\/evupre.com\/fr\/produkt\/pro-shortsleeve-vienna-femmes\/#primaryimage\"},\"image\":{\"@id\":\"https:\/\/evupre.com\/fr\/produkt\/pro-shortsleeve-vienna-femmes\/#primaryimage\"},\"thumbnailUrl\":\"https:\/\/evupre.com\/wp-content\/uploads\/2025\/12\/SHEVIEW_front-1-scaled-1.jpg\",\"datePublished\":\"2022-08-25T14:53:09+00:00\",\"dateModified\":\"2022-12-01T11:41:18+00:00\",\"breadcrumb\":{\"@id\":\"https:\/\/evupre.com\/fr\/produkt\/pro-shortsleeve-vienna-femmes\/#breadcrumb\"},\"inLanguage\":\"fr-FR\",\"potentialAction\":[{\"@type\":\"ReadAction\",\"target\":[\"https:\/\/evupre.com\/fr\/produkt\/pro-shortsleeve-vienna-femmes\/\"]}]},{\"@type\":\"ImageObject\",\"inLanguage\":\"fr-FR\",\"@id\":\"https:\/\/evupre.com\/fr\/produkt\/pro-shortsleeve-vienna-femmes\/#primaryimage\",\"url\":\"https:\/\/evupre.com\/wp-content\/uploads\/2025\/12\/SHEVIEW_front-1-scaled-1.jpg\",\"contentUrl\":\"https:\/\/evupre.com\/wp-content\/uploads\/2025\/12\/SHEVIEW_front-1-scaled-1.jpg\",\"width\":2560,\"height\":2560},{\"@type\":\"BreadcrumbList\",\"@id\":\"https:\/\/evupre.com\/fr\/produkt\/pro-shortsleeve-vienna-femmes\/#breadcrumb\",\"itemListElement\":[{\"@type\":\"ListItem\",\"position\":1,\"name\":\"Home\",\"item\":\"https:\/\/evupre.com\/fr\/home-of-evupre-rowing-clothes\/\"},{\"@type\":\"ListItem\",\"position\":2,\"name\":\"Shop\",\"item\":\"https:\/\/evupre.com\/fr\/__trashed\/\"},{\"@type\":\"ListItem\",\"position\":3,\"name\":\"Pro Shortsleeve Vienna Femmes\"}]},{\"@type\":\"WebSite\",\"@id\":\"https:\/\/evupre.com\/fr\/#website\",\"url\":\"https:\/\/evupre.com\/fr\/\",\"name\":\"EVUPRE\",\"description\":\"\",\"publisher\":{\"@id\":\"https:\/\/evupre.com\/fr\/#organization\"},\"potentialAction\":[{\"@type\":\"SearchAction\",\"target\":{\"@type\":\"EntryPoint\",\"urlTemplate\":\"https:\/\/evupre.com\/fr\/?s={search_term_string}\"},\"query-input\":{\"@type\":\"PropertyValueSpecification\",\"valueRequired\":true,\"valueName\":\"search_term_string\"}}],\"inLanguage\":\"fr-FR\"},{\"@type\":\"Organization\",\"@id\":\"https:\/\/evupre.com\/fr\/#organization\",\"name\":\"EVUPRE\",\"url\":\"https:\/\/evupre.com\/fr\/\",\"logo\":{\"@type\":\"ImageObject\",\"inLanguage\":\"fr-FR\",\"@id\":\"https:\/\/evupre.com\/fr\/#\/schema\/logo\/image\/\",\"url\":\"https:\/\/evupre.com\/wp-content\/uploads\/2020\/04\/Evupre-1.png\",\"contentUrl\":\"https:\/\/evupre.com\/wp-content\/uploads\/2020\/04\/Evupre-1.png\",\"width\":300,\"height\":39,\"caption\":\"EVUPRE\"},\"image\":{\"@id\":\"https:\/\/evupre.com\/fr\/#\/schema\/logo\/image\/\"},\"sameAs\":[\"https:\/\/www.facebook.com\/evupre\/\",\"https:\/\/www.instagram.com\/evupre_performance_rowing\/\"]}]}<\/script>\n<meta property=\"og:availability\" content=\"out of stock\" \/>\n<meta property=\"product:availability\" content=\"out of stock\" \/>\n<meta property=\"product:condition\" content=\"new\" \/>\n<!-- \/ Yoast SEO Premium plugin. -->","yoast_head_json":{"title":"Pro Shortsleeve Vienna Femmes - EVUPRE","robots":{"index":"index","follow":"follow","max-snippet":"max-snippet:-1","max-image-preview":"max-image-preview:large","max-video-preview":"max-video-preview:-1"},"canonical":"https:\/\/evupre.com\/fr\/produkt\/pro-shortsleeve-vienna-femmes\/","og_locale":"fr_FR","og_type":"article","og_title":"Pro Shortsleeve Vienna Femmes","og_description":"Bi-\u00e9lastique, confort de port maximal  Fibre tech tr\u00e8s l\u00e9g\u00e8re (140 g\/m2), fabriqu\u00e9e \u00e0 partir de polyester recycl\u00e9  Haute respirabilit\u00e9  Manches raglan  Le plat semble  Coupe r\u00e9guli\u00e8re","og_url":"https:\/\/evupre.com\/fr\/produkt\/pro-shortsleeve-vienna-femmes\/","og_site_name":"EVUPRE","article_publisher":"https:\/\/www.facebook.com\/evupre\/","article_modified_time":"2022-12-01T11:41:18+00:00","og_image":[{"width":2560,"height":2560,"url":"https:\/\/evupre.com\/wp-content\/uploads\/2022\/08\/SHEVIEW_front-1-scaled.jpg","type":"image\/jpeg"}],"twitter_card":"summary_large_image","twitter_misc":{"Disponibilit\u00e9":"Rupture de stock"},"schema":{"@context":"https:\/\/schema.org","@graph":[{"@type":"WebPage","@id":"https:\/\/evupre.com\/fr\/produkt\/pro-shortsleeve-vienna-femmes\/","url":"https:\/\/evupre.com\/fr\/produkt\/pro-shortsleeve-vienna-femmes\/","name":"Pro Shortsleeve Vienna Femmes - EVUPRE","isPartOf":{"@id":"https:\/\/evupre.com\/fr\/#website"},"primaryImageOfPage":{"@id":"https:\/\/evupre.com\/fr\/produkt\/pro-shortsleeve-vienna-femmes\/#primaryimage"},"image":{"@id":"https:\/\/evupre.com\/fr\/produkt\/pro-shortsleeve-vienna-femmes\/#primaryimage"},"thumbnailUrl":"https:\/\/evupre.com\/wp-content\/uploads\/2025\/12\/SHEVIEW_front-1-scaled-1.jpg","datePublished":"2022-08-25T14:53:09+00:00","dateModified":"2022-12-01T11:41:18+00:00","breadcrumb":{"@id":"https:\/\/evupre.com\/fr\/produkt\/pro-shortsleeve-vienna-femmes\/#breadcrumb"},"inLanguage":"fr-FR","potentialAction":[{"@type":"ReadAction","target":["https:\/\/evupre.com\/fr\/produkt\/pro-shortsleeve-vienna-femmes\/"]}]},{"@type":"ImageObject","inLanguage":"fr-FR","@id":"https:\/\/evupre.com\/fr\/produkt\/pro-shortsleeve-vienna-femmes\/#primaryimage","url":"https:\/\/evupre.com\/wp-content\/uploads\/2025\/12\/SHEVIEW_front-1-scaled-1.jpg","contentUrl":"https:\/\/evupre.com\/wp-content\/uploads\/2025\/12\/SHEVIEW_front-1-scaled-1.jpg","width":2560,"height":2560},{"@type":"BreadcrumbList","@id":"https:\/\/evupre.com\/fr\/produkt\/pro-shortsleeve-vienna-femmes\/#breadcrumb","itemListElement":[{"@type":"ListItem","position":1,"name":"Home","item":"https:\/\/evupre.com\/fr\/home-of-evupre-rowing-clothes\/"},{"@type":"ListItem","position":2,"name":"Shop","item":"https:\/\/evupre.com\/fr\/__trashed\/"},{"@type":"ListItem","position":3,"name":"Pro Shortsleeve Vienna Femmes"}]},{"@type":"WebSite","@id":"https:\/\/evupre.com\/fr\/#website","url":"https:\/\/evupre.com\/fr\/","name":"EVUPRE","description":"","publisher":{"@id":"https:\/\/evupre.com\/fr\/#organization"},"potentialAction":[{"@type":"SearchAction","target":{"@type":"EntryPoint","urlTemplate":"https:\/\/evupre.com\/fr\/?s={search_term_string}"},"query-input":{"@type":"PropertyValueSpecification","valueRequired":true,"valueName":"search_term_string"}}],"inLanguage":"fr-FR"},{"@type":"Organization","@id":"https:\/\/evupre.com\/fr\/#organization","name":"EVUPRE","url":"https:\/\/evupre.com\/fr\/","logo":{"@type":"ImageObject","inLanguage":"fr-FR","@id":"https:\/\/evupre.com\/fr\/#\/schema\/logo\/image\/","url":"https:\/\/evupre.com\/wp-content\/uploads\/2020\/04\/Evupre-1.png","contentUrl":"https:\/\/evupre.com\/wp-content\/uploads\/2020\/04\/Evupre-1.png","width":300,"height":39,"caption":"EVUPRE"},"image":{"@id":"https:\/\/evupre.com\/fr\/#\/schema\/logo\/image\/"},"sameAs":["https:\/\/www.facebook.com\/evupre\/","https:\/\/www.instagram.com\/evupre_performance_rowing\/"]}]},"og_availability":"out of stock","product_availability":"out of stock","product_condition":"new"},"_links":{"self":[{"href":"https:\/\/evupre.com\/fr\/wp-json\/wp\/v2\/product\/23768","targetHints":{"allow":["GET"]}}],"collection":[{"href":"https:\/\/evupre.com\/fr\/wp-json\/wp\/v2\/product"}],"about":[{"href":"https:\/\/evupre.com\/fr\/wp-json\/wp\/v2\/types\/product"}],"replies":[{"embeddable":true,"href":"https:\/\/evupre.com\/fr\/wp-json\/wp\/v2\/comments?post=23768"}],"wp:featuredmedia":[{"embeddable":true,"href":"https:\/\/evupre.com\/fr\/wp-json\/wp\/v2\/media\/163059"}],"wp:attachment":[{"href":"https:\/\/evupre.com\/fr\/wp-json\/wp\/v2\/media?parent=23768"}],"wp:term":[{"taxonomy":"product_brand","embeddable":true,"href":"https:\/\/evupre.com\/fr\/wp-json\/wp\/v2\/product_brand?post=23768"},{"taxonomy":"product_cat","embeddable":true,"href":"https:\/\/evupre.com\/fr\/wp-json\/wp\/v2\/product_cat?post=23768"},{"taxonomy":"product_tag","embeddable":true,"href":"https:\/\/evupre.com\/fr\/wp-json\/wp\/v2\/product_tag?post=23768"}],"curies":[{"name":"wp","href":"https:\/\/api.w.org\/{rel}","templated":true}]}}