{"id":175511,"date":"2026-01-27T10:35:40","date_gmt":"2026-01-27T09:35:40","guid":{"rendered":"https:\/\/evupre.com\/?post_type=product&#038;p=175511"},"modified":"2026-04-22T15:44:28","modified_gmt":"2026-04-22T13:44:28","slug":"protect-handcreme","status":"publish","type":"product","link":"https:\/\/evupre.com\/fr\/produkt\/protect-handcreme\/","title":{"rendered":"Protect Handcreme"},"content":{"rendered":"<div class=\"wpb-content-wrapper\">[vc_row][vc_column][vc_column_text text_lead=&#8221;small&#8221; uncode_shortcode_id=&#8221;105015&#8243;]Die Protect Handcreme wurde speziell f\u00fcr Ruderinnen und Ruderer entwickelt und bietet ideale Pflege f\u00fcr beanspruchte H\u00e4nde. Unsere Protect Handcreme beruhigt, heilt und pflegt \u2013 alles in einem. An Menschen getestet, nicht an Tieren: Eine schnell einziehende Creme auf Basis von Calendula-\u00d6l, Panthenol und Ectoin. Die Protect Handcreme enth\u00e4lt drei nat\u00fcrliche Wirkstoffe sowie Vitamin B5, einen entz\u00fcndungshemmenden und einen wundheilenden Wirkstoff. Zus\u00e4tzlich helfen die einzigartigen Eigenschaften der Protect Handcreme deiner Haut, Feuchtigkeit l\u00e4nger zu speichern. Mikrorisse schlie\u00dfen sich schnell, w\u00e4hrend die nat\u00fcrliche Schutzschicht der Haut aufgebaut wird. Vegan, ohne Silikone, Parabene oder Mineral\u00f6le.[\/vc_column_text][\/vc_column][\/vc_row]\n<\/div>","protected":false},"excerpt":{"rendered":"<ul>\n<li class=\"whitespace-normal break-words pl-2\">Spendet Feuchtigkeit und pflegt die Haut<\/li>\n<li class=\"whitespace-normal break-words pl-2\">Zieht schnell ein, nicht fettend<\/li>\n<li class=\"whitespace-normal break-words pl-2\">Angenehm dezenter Duft<\/li>\n<li class=\"whitespace-normal break-words pl-2\">Umweltfreundliche Tube aus Zuckerrohr<\/li>\n<li class=\"whitespace-normal break-words pl-2\">Inhaltsstoffe: Panthenol (Vitamin B5), Calendula-\u00d6l, Ectoin<\/li>\n<li class=\"whitespace-normal break-words pl-2\">Vegan und tierversuchsfrei<\/li>\n<li class=\"whitespace-normal break-words pl-2\">Inhalt: 75 ml<\/li>\n<\/ul>\n","protected":false},"featured_media":160048,"comment_status":"open","ping_status":"closed","template":"","meta":{"_acf_changed":false},"product_brand":[],"product_cat":[288,1871,1342,1879],"product_tag":[],"class_list":{"0":"post-175511","1":"product","2":"type-product","3":"status-publish","4":"has-post-thumbnail","6":"product_cat-herren","7":"product_cat-accessoires-herren","8":"product_cat-damen","9":"product_cat-accessoires-damen","10":"tm-no-options","12":"first","13":"instock","14":"featured","15":"taxable","16":"shipping-taxable","17":"purchasable","18":"product-type-simple","19":"wpzoom-wc-spi-has-enabled"},"supplier_id":7893,"supplier_sku":"","barcode":null,"atum_controlled":true,"out_stock_date":null,"out_stock_threshold":null,"inheritable":false,"inbound_stock":0,"stock_on_hold":0,"sold_today":0,"sales_last_days":0,"reserved_stock":0,"customer_returns":0,"warehouse_damage":0,"lost_in_post":0,"other_logs":0,"out_stock_days":37,"lost_sales":126,"has_location":false,"update_date":"2026-04-22T13:44:34","atum_locations":[],"atum_stock_status":"instock","restock_status":false,"low_stock_amount":"","sales_update_date":"2026-04-22T10:45:25","calc_backorders":null,"mi_inventories":[24243,24321],"multi_inventory":"global","inventory_sorting_mode":"global","inventory_iteration":"global","expirable_inventories":"global","price_per_inventory":"global","show_write_off_inventories":"global","selectable_inventories":"global","selectable_inventories_mode":"global","acf":[],"yoast_head":"<!-- This site is optimized with the Yoast SEO Premium plugin v23.0 (Yoast SEO v26.6) - https:\/\/yoast.com\/wordpress\/plugins\/seo\/ -->\n<title>Protect Handcreme - EVUPRE<\/title>\n<meta name=\"description\" content=\"Protect Handcreme \u25ba Speziell f\u00fcr Ruderer entwickelt. Mit Calendula-\u00d6l, Panthenol, Ectoin. Vegan, 75ml.\" \/>\n<meta name=\"robots\" content=\"index, follow, max-snippet:-1, max-image-preview:large, max-video-preview:-1\" \/>\n<link rel=\"canonical\" href=\"https:\/\/evupre.com\/fr\/produkt\/protect-handcreme\/\" \/>\n<meta property=\"og:locale\" content=\"fr_FR\" \/>\n<meta property=\"og:type\" content=\"article\" \/>\n<meta property=\"og:title\" content=\"Protect Handcreme\" \/>\n<meta property=\"og:description\" content=\"Protect Handcreme \u25ba Speziell f\u00fcr Ruderer entwickelt. Mit Calendula-\u00d6l, Panthenol, Ectoin. Vegan, 75ml.\" \/>\n<meta property=\"og:url\" content=\"https:\/\/evupre.com\/fr\/produkt\/protect-handcreme\/\" \/>\n<meta property=\"og:site_name\" content=\"EVUPRE\" \/>\n<meta property=\"article:publisher\" content=\"https:\/\/www.facebook.com\/evupre\/\" \/>\n<meta property=\"article:modified_time\" content=\"2026-04-22T13:44:28+00:00\" \/>\n<meta property=\"og:image\" content=\"https:\/\/evupre.com\/wp-content\/uploads\/2025\/12\/IMG_7883_2000Q-1.jpg\" \/>\n\t<meta property=\"og:image:width\" content=\"2000\" \/>\n\t<meta property=\"og:image:height\" content=\"2000\" \/>\n\t<meta property=\"og:image:type\" content=\"image\/jpeg\" \/>\n<meta name=\"twitter:card\" content=\"summary_large_image\" \/>\n<meta name=\"twitter:label1\" content=\"Prix\" \/>\n\t<meta name=\"twitter:data1\" content=\"&euro;12,00\" \/>\n\t<meta name=\"twitter:label2\" content=\"Disponibilit\u00e9\" \/>\n\t<meta name=\"twitter:data2\" content=\"En stock\" \/>\n<script type=\"application\/ld+json\" class=\"yoast-schema-graph\">{\"@context\":\"https:\/\/schema.org\",\"@graph\":[{\"@type\":\"WebPage\",\"@id\":\"https:\/\/evupre.com\/fr\/produkt\/protect-handcreme\/\",\"url\":\"https:\/\/evupre.com\/fr\/produkt\/protect-handcreme\/\",\"name\":\"Protect Handcreme - EVUPRE\",\"isPartOf\":{\"@id\":\"https:\/\/evupre.com\/fr\/#website\"},\"primaryImageOfPage\":{\"@id\":\"https:\/\/evupre.com\/fr\/produkt\/protect-handcreme\/#primaryimage\"},\"image\":{\"@id\":\"https:\/\/evupre.com\/fr\/produkt\/protect-handcreme\/#primaryimage\"},\"thumbnailUrl\":\"https:\/\/evupre.com\/wp-content\/uploads\/2025\/12\/IMG_7883_2000Q-1.jpg\",\"datePublished\":\"2026-01-27T09:35:40+00:00\",\"dateModified\":\"2026-04-22T13:44:28+00:00\",\"description\":\"Protect Handcreme \u25ba Speziell f\u00fcr Ruderer entwickelt. Mit Calendula-\u00d6l, Panthenol, Ectoin. Vegan, 75ml.\",\"breadcrumb\":{\"@id\":\"https:\/\/evupre.com\/fr\/produkt\/protect-handcreme\/#breadcrumb\"},\"inLanguage\":\"fr-FR\",\"potentialAction\":[{\"@type\":\"ReadAction\",\"target\":[\"https:\/\/evupre.com\/fr\/produkt\/protect-handcreme\/\"]}]},{\"@type\":\"ImageObject\",\"inLanguage\":\"fr-FR\",\"@id\":\"https:\/\/evupre.com\/fr\/produkt\/protect-handcreme\/#primaryimage\",\"url\":\"https:\/\/evupre.com\/wp-content\/uploads\/2025\/12\/IMG_7883_2000Q-1.jpg\",\"contentUrl\":\"https:\/\/evupre.com\/wp-content\/uploads\/2025\/12\/IMG_7883_2000Q-1.jpg\",\"width\":2000,\"height\":2000},{\"@type\":\"BreadcrumbList\",\"@id\":\"https:\/\/evupre.com\/fr\/produkt\/protect-handcreme\/#breadcrumb\",\"itemListElement\":[{\"@type\":\"ListItem\",\"position\":1,\"name\":\"Home\",\"item\":\"https:\/\/evupre.com\/fr\/home-of-evupre-rowing-clothes\/\"},{\"@type\":\"ListItem\",\"position\":2,\"name\":\"Shop\",\"item\":\"https:\/\/evupre.com\/fr\/__trashed\/\"},{\"@type\":\"ListItem\",\"position\":3,\"name\":\"Protect Handcreme\"}]},{\"@type\":\"WebSite\",\"@id\":\"https:\/\/evupre.com\/fr\/#website\",\"url\":\"https:\/\/evupre.com\/fr\/\",\"name\":\"EVUPRE\",\"description\":\"\",\"publisher\":{\"@id\":\"https:\/\/evupre.com\/fr\/#organization\"},\"potentialAction\":[{\"@type\":\"SearchAction\",\"target\":{\"@type\":\"EntryPoint\",\"urlTemplate\":\"https:\/\/evupre.com\/fr\/?s={search_term_string}\"},\"query-input\":{\"@type\":\"PropertyValueSpecification\",\"valueRequired\":true,\"valueName\":\"search_term_string\"}}],\"inLanguage\":\"fr-FR\"},{\"@type\":\"Organization\",\"@id\":\"https:\/\/evupre.com\/fr\/#organization\",\"name\":\"EVUPRE\",\"url\":\"https:\/\/evupre.com\/fr\/\",\"logo\":{\"@type\":\"ImageObject\",\"inLanguage\":\"fr-FR\",\"@id\":\"https:\/\/evupre.com\/fr\/#\/schema\/logo\/image\/\",\"url\":\"https:\/\/evupre.com\/wp-content\/uploads\/2020\/04\/Evupre-1.png\",\"contentUrl\":\"https:\/\/evupre.com\/wp-content\/uploads\/2020\/04\/Evupre-1.png\",\"width\":300,\"height\":39,\"caption\":\"EVUPRE\"},\"image\":{\"@id\":\"https:\/\/evupre.com\/fr\/#\/schema\/logo\/image\/\"},\"sameAs\":[\"https:\/\/www.facebook.com\/evupre\/\",\"https:\/\/www.instagram.com\/evupre_performance_rowing\/\"]}]}<\/script>\n<meta property=\"product:price:amount\" content=\"12.00\" \/>\n<meta property=\"product:price:currency\" content=\"EUR\" \/>\n<meta property=\"og:availability\" content=\"instock\" \/>\n<meta property=\"product:availability\" content=\"instock\" \/>\n<meta property=\"product:retailer_item_id\" content=\"HAE1806AU01-1\" \/>\n<meta property=\"product:condition\" content=\"new\" \/>\n<!-- \/ Yoast SEO Premium plugin. -->","yoast_head_json":{"title":"Protect Handcreme - EVUPRE","description":"Protect Handcreme \u25ba Speziell f\u00fcr Ruderer entwickelt. Mit Calendula-\u00d6l, Panthenol, Ectoin. Vegan, 75ml.","robots":{"index":"index","follow":"follow","max-snippet":"max-snippet:-1","max-image-preview":"max-image-preview:large","max-video-preview":"max-video-preview:-1"},"canonical":"https:\/\/evupre.com\/fr\/produkt\/protect-handcreme\/","og_locale":"fr_FR","og_type":"article","og_title":"Protect Handcreme","og_description":"Protect Handcreme \u25ba Speziell f\u00fcr Ruderer entwickelt. Mit Calendula-\u00d6l, Panthenol, Ectoin. Vegan, 75ml.","og_url":"https:\/\/evupre.com\/fr\/produkt\/protect-handcreme\/","og_site_name":"EVUPRE","article_publisher":"https:\/\/www.facebook.com\/evupre\/","article_modified_time":"2026-04-22T13:44:28+00:00","og_image":[{"width":2000,"height":2000,"url":"https:\/\/evupre.com\/wp-content\/uploads\/2025\/12\/IMG_7883_2000Q-1.jpg","type":"image\/jpeg"}],"twitter_card":"summary_large_image","twitter_misc":{"Prix":"&euro;12,00","Disponibilit\u00e9":"En stock"},"schema":{"@context":"https:\/\/schema.org","@graph":[{"@type":"WebPage","@id":"https:\/\/evupre.com\/fr\/produkt\/protect-handcreme\/","url":"https:\/\/evupre.com\/fr\/produkt\/protect-handcreme\/","name":"Protect Handcreme - EVUPRE","isPartOf":{"@id":"https:\/\/evupre.com\/fr\/#website"},"primaryImageOfPage":{"@id":"https:\/\/evupre.com\/fr\/produkt\/protect-handcreme\/#primaryimage"},"image":{"@id":"https:\/\/evupre.com\/fr\/produkt\/protect-handcreme\/#primaryimage"},"thumbnailUrl":"https:\/\/evupre.com\/wp-content\/uploads\/2025\/12\/IMG_7883_2000Q-1.jpg","datePublished":"2026-01-27T09:35:40+00:00","dateModified":"2026-04-22T13:44:28+00:00","description":"Protect Handcreme \u25ba Speziell f\u00fcr Ruderer entwickelt. Mit Calendula-\u00d6l, Panthenol, Ectoin. Vegan, 75ml.","breadcrumb":{"@id":"https:\/\/evupre.com\/fr\/produkt\/protect-handcreme\/#breadcrumb"},"inLanguage":"fr-FR","potentialAction":[{"@type":"ReadAction","target":["https:\/\/evupre.com\/fr\/produkt\/protect-handcreme\/"]}]},{"@type":"ImageObject","inLanguage":"fr-FR","@id":"https:\/\/evupre.com\/fr\/produkt\/protect-handcreme\/#primaryimage","url":"https:\/\/evupre.com\/wp-content\/uploads\/2025\/12\/IMG_7883_2000Q-1.jpg","contentUrl":"https:\/\/evupre.com\/wp-content\/uploads\/2025\/12\/IMG_7883_2000Q-1.jpg","width":2000,"height":2000},{"@type":"BreadcrumbList","@id":"https:\/\/evupre.com\/fr\/produkt\/protect-handcreme\/#breadcrumb","itemListElement":[{"@type":"ListItem","position":1,"name":"Home","item":"https:\/\/evupre.com\/fr\/home-of-evupre-rowing-clothes\/"},{"@type":"ListItem","position":2,"name":"Shop","item":"https:\/\/evupre.com\/fr\/__trashed\/"},{"@type":"ListItem","position":3,"name":"Protect Handcreme"}]},{"@type":"WebSite","@id":"https:\/\/evupre.com\/fr\/#website","url":"https:\/\/evupre.com\/fr\/","name":"EVUPRE","description":"","publisher":{"@id":"https:\/\/evupre.com\/fr\/#organization"},"potentialAction":[{"@type":"SearchAction","target":{"@type":"EntryPoint","urlTemplate":"https:\/\/evupre.com\/fr\/?s={search_term_string}"},"query-input":{"@type":"PropertyValueSpecification","valueRequired":true,"valueName":"search_term_string"}}],"inLanguage":"fr-FR"},{"@type":"Organization","@id":"https:\/\/evupre.com\/fr\/#organization","name":"EVUPRE","url":"https:\/\/evupre.com\/fr\/","logo":{"@type":"ImageObject","inLanguage":"fr-FR","@id":"https:\/\/evupre.com\/fr\/#\/schema\/logo\/image\/","url":"https:\/\/evupre.com\/wp-content\/uploads\/2020\/04\/Evupre-1.png","contentUrl":"https:\/\/evupre.com\/wp-content\/uploads\/2020\/04\/Evupre-1.png","width":300,"height":39,"caption":"EVUPRE"},"image":{"@id":"https:\/\/evupre.com\/fr\/#\/schema\/logo\/image\/"},"sameAs":["https:\/\/www.facebook.com\/evupre\/","https:\/\/www.instagram.com\/evupre_performance_rowing\/"]}]},"product_price_amount":"12.00","product_price_currency":"EUR","og_availability":"instock","product_availability":"instock","product_retailer_item_id":"HAE1806AU01-1","product_condition":"new"},"_links":{"self":[{"href":"https:\/\/evupre.com\/fr\/wp-json\/wp\/v2\/product\/175511","targetHints":{"allow":["GET"]}}],"collection":[{"href":"https:\/\/evupre.com\/fr\/wp-json\/wp\/v2\/product"}],"about":[{"href":"https:\/\/evupre.com\/fr\/wp-json\/wp\/v2\/types\/product"}],"replies":[{"embeddable":true,"href":"https:\/\/evupre.com\/fr\/wp-json\/wp\/v2\/comments?post=175511"}],"wp:featuredmedia":[{"embeddable":true,"href":"https:\/\/evupre.com\/fr\/wp-json\/wp\/v2\/media\/160048"}],"wp:attachment":[{"href":"https:\/\/evupre.com\/fr\/wp-json\/wp\/v2\/media?parent=175511"}],"wp:term":[{"taxonomy":"product_brand","embeddable":true,"href":"https:\/\/evupre.com\/fr\/wp-json\/wp\/v2\/product_brand?post=175511"},{"taxonomy":"product_cat","embeddable":true,"href":"https:\/\/evupre.com\/fr\/wp-json\/wp\/v2\/product_cat?post=175511"},{"taxonomy":"product_tag","embeddable":true,"href":"https:\/\/evupre.com\/fr\/wp-json\/wp\/v2\/product_tag?post=175511"}],"curies":[{"name":"wp","href":"https:\/\/api.w.org\/{rel}","templated":true}]}}