{"id":174404,"date":"2026-01-13T12:30:32","date_gmt":"2026-01-13T11:30:32","guid":{"rendered":"https:\/\/evupre.com\/?post_type=product&#038;p=174404"},"modified":"2026-03-24T13:36:15","modified_gmt":"2026-03-24T12:36:15","slug":"lrv-ister-racing-langarm-unterzieher","status":"publish","type":"product","link":"https:\/\/evupre.com\/fr\/produkt\/lrv-ister-racing-langarm-unterzieher\/","title":{"rendered":"LRV Ister Racing Langarm Unterzieher"},"content":{"rendered":"<div class=\"wpb-content-wrapper\">[vc_row][vc_column][vc_column_text uncode_shortcode_id=&#8221;164006&#8243;]\n<div class=\"product-single__description rte\">\n<div class=\"page\" title=\"Page 6\">\n<div class=\"section\">\n<div class=\"layoutArea\">\n<div class=\"column\">\n<p><span style=\"font-size: 16px;\">Slim Fit Langarmshirt aus einem sehr dehnbaren, komfortablen Stoff. Das <\/span><span style=\"font-size: 16px;\">Performance-Material <\/span><span style=\"font-size: 16px;\">ist sehr elastisch, schnelltrocknend und feuchtigkeitstransportierend und h\u00e4lt an kalten Renntagen warm. Durch die eng anliegende Passform ist das Top Racing Langarm ein ideales Unterziehleibchen unter dem Renneinteiler. Au\u00dferdem ist es grafisch so gestaltet, dass alle Logos unter dem Einteiler verborgen bleiben.\u00a0<\/span><\/p>\n<\/div>\n<\/div>\n<\/div>\n<\/div>\n<\/div>\n[\/vc_column_text][\/vc_column][\/vc_row]\n<\/div>","protected":false},"excerpt":{"rendered":"<ul>\n<li>Slim-Fit Langarm Rennshirt<\/li>\n<li>Leichter Performance-Stoff<\/li>\n<li>Ideal unter dem Renneinteiler<\/li>\n<li>Bi-elastisch, h\u00f6chster Tragekomfort<\/li>\n<li>Hohe Atmungsaktivit\u00e4t<\/li>\n<li>Raglan \u00c4rmel<\/li>\n<\/ul>\n","protected":false},"featured_media":165734,"comment_status":"open","ping_status":"closed","template":"","meta":{"_acf_changed":false},"product_brand":[],"product_cat":[1952],"product_tag":[2012],"class_list":{"0":"post-174404","1":"product","2":"type-product","3":"status-publish","4":"has-post-thumbnail","6":"product_cat-club-custom","7":"product_tag-ister_linz","8":"product_shipping_class-clubversand-individualzahlung","9":"tm-has-options","11":"first","12":"instock","13":"taxable","14":"shipping-taxable","15":"purchasable","16":"product-type-simple","17":"wpzoom-wc-spi-has-enabled"},"supplier_id":null,"supplier_sku":"","barcode":null,"atum_controlled":false,"out_stock_date":null,"out_stock_threshold":null,"inheritable":false,"inbound_stock":null,"stock_on_hold":0,"sold_today":0,"sales_last_days":0,"reserved_stock":null,"customer_returns":null,"warehouse_damage":null,"lost_in_post":null,"other_logs":null,"out_stock_days":0,"lost_sales":0,"has_location":false,"update_date":"2026-03-24T12:36:19","atum_locations":[],"atum_stock_status":"instock","restock_status":false,"low_stock_amount":"","sales_update_date":"2026-02-28T09:23:00","calc_backorders":null,"mi_inventories":[],"multi_inventory":"no","inventory_sorting_mode":"global","inventory_iteration":"global","expirable_inventories":"global","price_per_inventory":"global","show_write_off_inventories":"global","selectable_inventories":"global","selectable_inventories_mode":"global","acf":[],"yoast_head":"<!-- This site is optimized with the Yoast SEO Premium plugin v23.0 (Yoast SEO v26.6) - https:\/\/yoast.com\/wordpress\/plugins\/seo\/ -->\n<title>LRV Ister Racing Langarm Unterzieher - EVUPRE<\/title>\n<meta name=\"robots\" content=\"noindex, follow\" \/>\n<meta property=\"og:locale\" content=\"fr_FR\" \/>\n<meta property=\"og:type\" content=\"article\" \/>\n<meta property=\"og:title\" content=\"LRV Ister Racing Langarm Unterzieher\" \/>\n<meta property=\"og:description\" content=\"Slim-Fit Langarm Rennshirt  Leichter Performance-Stoff  Ideal unter dem Renneinteiler  Bi-elastisch, h\u00f6chster Tragekomfort  Hohe Atmungsaktivit\u00e4t  Raglan \u00c4rmel\" \/>\n<meta property=\"og:url\" content=\"https:\/\/evupre.com\/fr\/produkt\/lrv-ister-racing-langarm-unterzieher\/\" \/>\n<meta property=\"og:site_name\" content=\"EVUPRE\" \/>\n<meta property=\"article:publisher\" content=\"https:\/\/www.facebook.com\/evupre\/\" \/>\n<meta property=\"article:modified_time\" content=\"2026-03-24T12:36:15+00:00\" \/>\n<meta property=\"og:image\" content=\"https:\/\/evupre.com\/wp-content\/uploads\/2025\/12\/EVPR-Ister_Linz-top_racing_LS_01_front.png\" \/>\n\t<meta property=\"og:image:width\" content=\"1418\" \/>\n\t<meta property=\"og:image:height\" content=\"1418\" \/>\n\t<meta property=\"og:image:type\" content=\"image\/png\" \/>\n<meta name=\"twitter:card\" content=\"summary_large_image\" \/>\n<meta name=\"twitter:label1\" content=\"Prix\" \/>\n\t<meta name=\"twitter:data1\" content=\"&euro;59,00\" \/>\n\t<meta name=\"twitter:label2\" content=\"Disponibilit\u00e9\" \/>\n\t<meta name=\"twitter:data2\" content=\"En stock\" \/>\n<script type=\"application\/ld+json\" class=\"yoast-schema-graph\">{\"@context\":\"https:\/\/schema.org\",\"@graph\":[{\"@type\":\"WebPage\",\"@id\":\"https:\/\/evupre.com\/fr\/produkt\/lrv-ister-racing-langarm-unterzieher\/\",\"url\":\"https:\/\/evupre.com\/fr\/produkt\/lrv-ister-racing-langarm-unterzieher\/\",\"name\":\"LRV Ister Racing Langarm Unterzieher - EVUPRE\",\"isPartOf\":{\"@id\":\"https:\/\/evupre.com\/fr\/#website\"},\"primaryImageOfPage\":{\"@id\":\"https:\/\/evupre.com\/fr\/produkt\/lrv-ister-racing-langarm-unterzieher\/#primaryimage\"},\"image\":{\"@id\":\"https:\/\/evupre.com\/fr\/produkt\/lrv-ister-racing-langarm-unterzieher\/#primaryimage\"},\"thumbnailUrl\":\"https:\/\/evupre.com\/wp-content\/uploads\/2025\/12\/EVPR-Ister_Linz-top_racing_LS_01_front.png\",\"datePublished\":\"2026-01-13T11:30:32+00:00\",\"dateModified\":\"2026-03-24T12:36:15+00:00\",\"breadcrumb\":{\"@id\":\"https:\/\/evupre.com\/fr\/produkt\/lrv-ister-racing-langarm-unterzieher\/#breadcrumb\"},\"inLanguage\":\"fr-FR\",\"potentialAction\":[{\"@type\":\"ReadAction\",\"target\":[\"https:\/\/evupre.com\/fr\/produkt\/lrv-ister-racing-langarm-unterzieher\/\"]}]},{\"@type\":\"ImageObject\",\"inLanguage\":\"fr-FR\",\"@id\":\"https:\/\/evupre.com\/fr\/produkt\/lrv-ister-racing-langarm-unterzieher\/#primaryimage\",\"url\":\"https:\/\/evupre.com\/wp-content\/uploads\/2025\/12\/EVPR-Ister_Linz-top_racing_LS_01_front.png\",\"contentUrl\":\"https:\/\/evupre.com\/wp-content\/uploads\/2025\/12\/EVPR-Ister_Linz-top_racing_LS_01_front.png\",\"width\":1418,\"height\":1418},{\"@type\":\"BreadcrumbList\",\"@id\":\"https:\/\/evupre.com\/fr\/produkt\/lrv-ister-racing-langarm-unterzieher\/#breadcrumb\",\"itemListElement\":[{\"@type\":\"ListItem\",\"position\":1,\"name\":\"Home\",\"item\":\"https:\/\/evupre.com\/fr\/home-of-evupre-rowing-clothes\/\"},{\"@type\":\"ListItem\",\"position\":2,\"name\":\"Shop\",\"item\":\"https:\/\/evupre.com\/fr\/__trashed\/\"},{\"@type\":\"ListItem\",\"position\":3,\"name\":\"LRV Ister Racing Langarm Unterzieher\"}]},{\"@type\":\"WebSite\",\"@id\":\"https:\/\/evupre.com\/fr\/#website\",\"url\":\"https:\/\/evupre.com\/fr\/\",\"name\":\"EVUPRE\",\"description\":\"\",\"publisher\":{\"@id\":\"https:\/\/evupre.com\/fr\/#organization\"},\"potentialAction\":[{\"@type\":\"SearchAction\",\"target\":{\"@type\":\"EntryPoint\",\"urlTemplate\":\"https:\/\/evupre.com\/fr\/?s={search_term_string}\"},\"query-input\":{\"@type\":\"PropertyValueSpecification\",\"valueRequired\":true,\"valueName\":\"search_term_string\"}}],\"inLanguage\":\"fr-FR\"},{\"@type\":\"Organization\",\"@id\":\"https:\/\/evupre.com\/fr\/#organization\",\"name\":\"EVUPRE\",\"url\":\"https:\/\/evupre.com\/fr\/\",\"logo\":{\"@type\":\"ImageObject\",\"inLanguage\":\"fr-FR\",\"@id\":\"https:\/\/evupre.com\/fr\/#\/schema\/logo\/image\/\",\"url\":\"https:\/\/evupre.com\/wp-content\/uploads\/2020\/04\/Evupre-1.png\",\"contentUrl\":\"https:\/\/evupre.com\/wp-content\/uploads\/2020\/04\/Evupre-1.png\",\"width\":300,\"height\":39,\"caption\":\"EVUPRE\"},\"image\":{\"@id\":\"https:\/\/evupre.com\/fr\/#\/schema\/logo\/image\/\"},\"sameAs\":[\"https:\/\/www.facebook.com\/evupre\/\",\"https:\/\/www.instagram.com\/evupre_performance_rowing\/\"]}]}<\/script>\n<meta property=\"product:price:amount\" content=\"59.00\" \/>\n<meta property=\"product:price:currency\" content=\"EUR\" \/>\n<meta property=\"og:availability\" content=\"instock\" \/>\n<meta property=\"product:availability\" content=\"instock\" \/>\n<meta property=\"product:condition\" content=\"new\" \/>\n<!-- \/ Yoast SEO Premium plugin. -->","yoast_head_json":{"title":"LRV Ister Racing Langarm Unterzieher - EVUPRE","robots":{"index":"noindex","follow":"follow"},"og_locale":"fr_FR","og_type":"article","og_title":"LRV Ister Racing Langarm Unterzieher","og_description":"Slim-Fit Langarm Rennshirt  Leichter Performance-Stoff  Ideal unter dem Renneinteiler  Bi-elastisch, h\u00f6chster Tragekomfort  Hohe Atmungsaktivit\u00e4t  Raglan \u00c4rmel","og_url":"https:\/\/evupre.com\/fr\/produkt\/lrv-ister-racing-langarm-unterzieher\/","og_site_name":"EVUPRE","article_publisher":"https:\/\/www.facebook.com\/evupre\/","article_modified_time":"2026-03-24T12:36:15+00:00","og_image":[{"width":1418,"height":1418,"url":"https:\/\/evupre.com\/wp-content\/uploads\/2025\/12\/EVPR-Ister_Linz-top_racing_LS_01_front.png","type":"image\/png"}],"twitter_card":"summary_large_image","twitter_misc":{"Prix":"&euro;59,00","Disponibilit\u00e9":"En stock"},"schema":{"@context":"https:\/\/schema.org","@graph":[{"@type":"WebPage","@id":"https:\/\/evupre.com\/fr\/produkt\/lrv-ister-racing-langarm-unterzieher\/","url":"https:\/\/evupre.com\/fr\/produkt\/lrv-ister-racing-langarm-unterzieher\/","name":"LRV Ister Racing Langarm Unterzieher - EVUPRE","isPartOf":{"@id":"https:\/\/evupre.com\/fr\/#website"},"primaryImageOfPage":{"@id":"https:\/\/evupre.com\/fr\/produkt\/lrv-ister-racing-langarm-unterzieher\/#primaryimage"},"image":{"@id":"https:\/\/evupre.com\/fr\/produkt\/lrv-ister-racing-langarm-unterzieher\/#primaryimage"},"thumbnailUrl":"https:\/\/evupre.com\/wp-content\/uploads\/2025\/12\/EVPR-Ister_Linz-top_racing_LS_01_front.png","datePublished":"2026-01-13T11:30:32+00:00","dateModified":"2026-03-24T12:36:15+00:00","breadcrumb":{"@id":"https:\/\/evupre.com\/fr\/produkt\/lrv-ister-racing-langarm-unterzieher\/#breadcrumb"},"inLanguage":"fr-FR","potentialAction":[{"@type":"ReadAction","target":["https:\/\/evupre.com\/fr\/produkt\/lrv-ister-racing-langarm-unterzieher\/"]}]},{"@type":"ImageObject","inLanguage":"fr-FR","@id":"https:\/\/evupre.com\/fr\/produkt\/lrv-ister-racing-langarm-unterzieher\/#primaryimage","url":"https:\/\/evupre.com\/wp-content\/uploads\/2025\/12\/EVPR-Ister_Linz-top_racing_LS_01_front.png","contentUrl":"https:\/\/evupre.com\/wp-content\/uploads\/2025\/12\/EVPR-Ister_Linz-top_racing_LS_01_front.png","width":1418,"height":1418},{"@type":"BreadcrumbList","@id":"https:\/\/evupre.com\/fr\/produkt\/lrv-ister-racing-langarm-unterzieher\/#breadcrumb","itemListElement":[{"@type":"ListItem","position":1,"name":"Home","item":"https:\/\/evupre.com\/fr\/home-of-evupre-rowing-clothes\/"},{"@type":"ListItem","position":2,"name":"Shop","item":"https:\/\/evupre.com\/fr\/__trashed\/"},{"@type":"ListItem","position":3,"name":"LRV Ister Racing Langarm Unterzieher"}]},{"@type":"WebSite","@id":"https:\/\/evupre.com\/fr\/#website","url":"https:\/\/evupre.com\/fr\/","name":"EVUPRE","description":"","publisher":{"@id":"https:\/\/evupre.com\/fr\/#organization"},"potentialAction":[{"@type":"SearchAction","target":{"@type":"EntryPoint","urlTemplate":"https:\/\/evupre.com\/fr\/?s={search_term_string}"},"query-input":{"@type":"PropertyValueSpecification","valueRequired":true,"valueName":"search_term_string"}}],"inLanguage":"fr-FR"},{"@type":"Organization","@id":"https:\/\/evupre.com\/fr\/#organization","name":"EVUPRE","url":"https:\/\/evupre.com\/fr\/","logo":{"@type":"ImageObject","inLanguage":"fr-FR","@id":"https:\/\/evupre.com\/fr\/#\/schema\/logo\/image\/","url":"https:\/\/evupre.com\/wp-content\/uploads\/2020\/04\/Evupre-1.png","contentUrl":"https:\/\/evupre.com\/wp-content\/uploads\/2020\/04\/Evupre-1.png","width":300,"height":39,"caption":"EVUPRE"},"image":{"@id":"https:\/\/evupre.com\/fr\/#\/schema\/logo\/image\/"},"sameAs":["https:\/\/www.facebook.com\/evupre\/","https:\/\/www.instagram.com\/evupre_performance_rowing\/"]}]},"product_price_amount":"59.00","product_price_currency":"EUR","og_availability":"instock","product_availability":"instock","product_condition":"new"},"_links":{"self":[{"href":"https:\/\/evupre.com\/fr\/wp-json\/wp\/v2\/product\/174404","targetHints":{"allow":["GET"]}}],"collection":[{"href":"https:\/\/evupre.com\/fr\/wp-json\/wp\/v2\/product"}],"about":[{"href":"https:\/\/evupre.com\/fr\/wp-json\/wp\/v2\/types\/product"}],"replies":[{"embeddable":true,"href":"https:\/\/evupre.com\/fr\/wp-json\/wp\/v2\/comments?post=174404"}],"wp:featuredmedia":[{"embeddable":true,"href":"https:\/\/evupre.com\/fr\/wp-json\/wp\/v2\/media\/165734"}],"wp:attachment":[{"href":"https:\/\/evupre.com\/fr\/wp-json\/wp\/v2\/media?parent=174404"}],"wp:term":[{"taxonomy":"product_brand","embeddable":true,"href":"https:\/\/evupre.com\/fr\/wp-json\/wp\/v2\/product_brand?post=174404"},{"taxonomy":"product_cat","embeddable":true,"href":"https:\/\/evupre.com\/fr\/wp-json\/wp\/v2\/product_cat?post=174404"},{"taxonomy":"product_tag","embeddable":true,"href":"https:\/\/evupre.com\/fr\/wp-json\/wp\/v2\/product_tag?post=174404"}],"curies":[{"name":"wp","href":"https:\/\/api.w.org\/{rel}","templated":true}]}}