{"id":172152,"date":"2025-12-09T14:38:42","date_gmt":"2025-12-09T13:38:42","guid":{"rendered":"https:\/\/evupre.com\/?post_type=product&#038;p=172152"},"modified":"2026-02-04T16:43:47","modified_gmt":"2026-02-04T15:43:47","slug":"sunset-water-t-shirt-navy","status":"publish","type":"product","link":"https:\/\/evupre.com\/fr\/produkt\/sunset-water-t-shirt-navy\/","title":{"rendered":"Sunset Water T-Shirt Navy Unisex"},"content":{"rendered":"<div class=\"wpb-content-wrapper\">[vc_row][vc_column][vc_column_text text_lead=&#8221;small&#8221; uncode_shortcode_id=&#8221;210394&#8243;]Mit dem <strong>Sunset Water Shirt<\/strong> tr\u00e4gst du ein hochwertiges Baumwoll-Shirt, das Alltag und Ruderliebe perfekt verbindet. Dieses Shirt ist nicht nur angenehm zu tragen, sondern zugleich ein echtes <strong>Unikat<\/strong>: Aus Musterteilen, die im Laufe der Zeit gesammelt wurden, ist ein exklusives Design entstanden, das die magische Stimmung eines Abends am Wasser einf\u00e4ngt. Jedes Shirt ist ein Einzelst\u00fcck und macht dein Outfit zu etwas Besonderem.<\/p>\n<p>Das weiche Baumwoll-Material bietet einen angenehmen Tragekomfort f\u00fcr den ganzen Tag. Im Gegensatz zu unseren Performance-Shirts ist das <strong>Sunset Water Shirt<\/strong> f\u00fcr den allt\u00e4glichen Gebrauch gedacht \u2013 ob nach dem Training beim Kaffee, in der Arbeit oder Uni oder bei entspannten Abenden mit Freund*innen.<\/p>\n<p>Das <strong>Sunset Water Design<\/strong> f\u00e4ngt die Atmosph\u00e4re ein, wenn das Licht am Abend \u00fcber dem Wasser tanzt \u2013 ein Design f\u00fcr alle, die ihre Verbundenheit zum Wasser auch abseits des Sports zeigen m\u00f6chten.<\/p>\n<p>Der <strong>Regular-Fit-Schnitt<\/strong> sorgt f\u00fcr eine lockere, komfortable Passform. Das Shirt ist <strong>unisex<\/strong> geschnitten; wir empfehlen Damen, eine Gr\u00f6\u00dfe kleiner zu w\u00e4hlen.[\/vc_column_text][\/vc_column][\/vc_row]\n<\/div>","protected":false},"excerpt":{"rendered":"<ul>\n<li class=\"whitespace-normal break-words\">Weiches Baumwoll-Material f\u00fcr den Alltag<\/li>\n<li class=\"whitespace-normal break-words\">Klassischer Rundhals-Ausschnitt<\/li>\n<li class=\"whitespace-normal break-words\">Set-in \u00c4rmeln<\/li>\n<li class=\"whitespace-normal break-words\">Unikate aus Musterteilen<\/li>\n<\/ul>\n","protected":false},"featured_media":172249,"comment_status":"closed","ping_status":"closed","template":"","meta":{"_acf_changed":false},"product_brand":[],"product_cat":[288,1868,1342,1939],"product_tag":[1678],"class_list":{"0":"post-172152","1":"product","2":"type-product","3":"status-publish","4":"has-post-thumbnail","6":"product_cat-herren","7":"product_cat-oberteile-herren","8":"product_cat-damen","9":"product_cat-oberteile-damen","10":"product_tag-herren","11":"pa_style-men","12":"pa_style-unisex","13":"pa_style-women","14":"tm-no-options","16":"first","17":"instock","18":"featured","19":"taxable","20":"shipping-taxable","21":"purchasable","22":"product-type-variable","23":"wpzoom-wc-spi-has-enabled"},"supplier_id":null,"supplier_sku":"","barcode":null,"atum_controlled":true,"out_stock_date":null,"out_stock_threshold":null,"inheritable":true,"inbound_stock":0,"stock_on_hold":0,"sold_today":0,"sales_last_days":0,"reserved_stock":0,"customer_returns":0,"warehouse_damage":0,"lost_in_post":0,"other_logs":0,"out_stock_days":0,"lost_sales":0,"has_location":false,"update_date":"2026-04-22T10:45:25","atum_locations":[],"atum_stock_status":"instock","restock_status":false,"low_stock_amount":"","sales_update_date":"2026-04-22T10:45:25","calc_backorders":null,"mi_inventories":[],"multi_inventory":"no","inventory_sorting_mode":"global","inventory_iteration":"global","expirable_inventories":"global","price_per_inventory":"global","show_write_off_inventories":"global","selectable_inventories":"global","selectable_inventories_mode":"global","acf":[],"yoast_head":"<!-- This site is optimized with the Yoast SEO Premium plugin v23.0 (Yoast SEO v26.6) - https:\/\/yoast.com\/wordpress\/plugins\/seo\/ -->\n<title>Sunset Water T-Shirt Navy Unisex - EVUPRE<\/title>\n<meta name=\"description\" content=\"Sunset Water Shirt \u25ba Baumwoll-Shirt f\u00fcr den Alltag. Unikat aus Musterteilen. Klassischer Rundhals. Limitiert verf\u00fcgbar.\" \/>\n<meta name=\"robots\" content=\"index, follow, max-snippet:-1, max-image-preview:large, max-video-preview:-1\" \/>\n<link rel=\"canonical\" href=\"https:\/\/evupre.com\/fr\/produkt\/sunset-water-t-shirt-navy\/\" \/>\n<meta property=\"og:locale\" content=\"fr_FR\" \/>\n<meta property=\"og:type\" content=\"article\" \/>\n<meta property=\"og:title\" content=\"Sunset Water T-Shirt Navy Unisex\" \/>\n<meta property=\"og:description\" content=\"Sunset Water Shirt \u25ba Baumwoll-Shirt f\u00fcr den Alltag. Unikat aus Musterteilen. Klassischer Rundhals. Limitiert verf\u00fcgbar.\" \/>\n<meta property=\"og:url\" content=\"https:\/\/evupre.com\/fr\/produkt\/sunset-water-t-shirt-navy\/\" \/>\n<meta property=\"og:site_name\" content=\"EVUPRE\" \/>\n<meta property=\"article:publisher\" content=\"https:\/\/www.facebook.com\/evupre\/\" \/>\n<meta property=\"article:modified_time\" content=\"2026-02-04T15:43:47+00:00\" \/>\n<meta property=\"og:image\" content=\"https:\/\/evupre.com\/wp-content\/uploads\/2025\/12\/sunset_water_top_navy-m-mood-02.jpg\" \/>\n\t<meta property=\"og:image:width\" content=\"1080\" \/>\n\t<meta property=\"og:image:height\" content=\"1620\" \/>\n\t<meta property=\"og:image:type\" content=\"image\/jpeg\" \/>\n<meta name=\"twitter:card\" content=\"summary_large_image\" \/>\n<meta name=\"twitter:label1\" content=\"Disponibilit\u00e9\" \/>\n\t<meta name=\"twitter:data1\" content=\"En stock\" \/>\n<script type=\"application\/ld+json\" class=\"yoast-schema-graph\">{\"@context\":\"https:\/\/schema.org\",\"@graph\":[{\"@type\":\"WebPage\",\"@id\":\"https:\/\/evupre.com\/fr\/produkt\/sunset-water-t-shirt-navy\/\",\"url\":\"https:\/\/evupre.com\/fr\/produkt\/sunset-water-t-shirt-navy\/\",\"name\":\"Sunset Water T-Shirt Navy Unisex - EVUPRE\",\"isPartOf\":{\"@id\":\"https:\/\/evupre.com\/fr\/#website\"},\"primaryImageOfPage\":{\"@id\":\"https:\/\/evupre.com\/fr\/produkt\/sunset-water-t-shirt-navy\/#primaryimage\"},\"image\":{\"@id\":\"https:\/\/evupre.com\/fr\/produkt\/sunset-water-t-shirt-navy\/#primaryimage\"},\"thumbnailUrl\":\"https:\/\/evupre.com\/wp-content\/uploads\/2025\/12\/sunset_water_top_navy-m-mood-02.jpg\",\"datePublished\":\"2025-12-09T13:38:42+00:00\",\"dateModified\":\"2026-02-04T15:43:47+00:00\",\"description\":\"Sunset Water Shirt \u25ba Baumwoll-Shirt f\u00fcr den Alltag. Unikat aus Musterteilen. Klassischer Rundhals. Limitiert verf\u00fcgbar.\",\"breadcrumb\":{\"@id\":\"https:\/\/evupre.com\/fr\/produkt\/sunset-water-t-shirt-navy\/#breadcrumb\"},\"inLanguage\":\"fr-FR\",\"potentialAction\":[{\"@type\":\"ReadAction\",\"target\":[\"https:\/\/evupre.com\/fr\/produkt\/sunset-water-t-shirt-navy\/\"]}]},{\"@type\":\"ImageObject\",\"inLanguage\":\"fr-FR\",\"@id\":\"https:\/\/evupre.com\/fr\/produkt\/sunset-water-t-shirt-navy\/#primaryimage\",\"url\":\"https:\/\/evupre.com\/wp-content\/uploads\/2025\/12\/sunset_water_top_navy-m-mood-02.jpg\",\"contentUrl\":\"https:\/\/evupre.com\/wp-content\/uploads\/2025\/12\/sunset_water_top_navy-m-mood-02.jpg\",\"width\":1080,\"height\":1620},{\"@type\":\"BreadcrumbList\",\"@id\":\"https:\/\/evupre.com\/fr\/produkt\/sunset-water-t-shirt-navy\/#breadcrumb\",\"itemListElement\":[{\"@type\":\"ListItem\",\"position\":1,\"name\":\"Home\",\"item\":\"https:\/\/evupre.com\/fr\/home-of-evupre-rowing-clothes\/\"},{\"@type\":\"ListItem\",\"position\":2,\"name\":\"Shop\",\"item\":\"https:\/\/evupre.com\/fr\/__trashed\/\"},{\"@type\":\"ListItem\",\"position\":3,\"name\":\"Sunset Water T-Shirt Navy Unisex\"}]},{\"@type\":\"WebSite\",\"@id\":\"https:\/\/evupre.com\/fr\/#website\",\"url\":\"https:\/\/evupre.com\/fr\/\",\"name\":\"EVUPRE\",\"description\":\"\",\"publisher\":{\"@id\":\"https:\/\/evupre.com\/fr\/#organization\"},\"potentialAction\":[{\"@type\":\"SearchAction\",\"target\":{\"@type\":\"EntryPoint\",\"urlTemplate\":\"https:\/\/evupre.com\/fr\/?s={search_term_string}\"},\"query-input\":{\"@type\":\"PropertyValueSpecification\",\"valueRequired\":true,\"valueName\":\"search_term_string\"}}],\"inLanguage\":\"fr-FR\"},{\"@type\":\"Organization\",\"@id\":\"https:\/\/evupre.com\/fr\/#organization\",\"name\":\"EVUPRE\",\"url\":\"https:\/\/evupre.com\/fr\/\",\"logo\":{\"@type\":\"ImageObject\",\"inLanguage\":\"fr-FR\",\"@id\":\"https:\/\/evupre.com\/fr\/#\/schema\/logo\/image\/\",\"url\":\"https:\/\/evupre.com\/wp-content\/uploads\/2020\/04\/Evupre-1.png\",\"contentUrl\":\"https:\/\/evupre.com\/wp-content\/uploads\/2020\/04\/Evupre-1.png\",\"width\":300,\"height\":39,\"caption\":\"EVUPRE\"},\"image\":{\"@id\":\"https:\/\/evupre.com\/fr\/#\/schema\/logo\/image\/\"},\"sameAs\":[\"https:\/\/www.facebook.com\/evupre\/\",\"https:\/\/www.instagram.com\/evupre_performance_rowing\/\"]}]}<\/script>\n<meta property=\"og:availability\" content=\"instock\" \/>\n<meta property=\"product:availability\" content=\"instock\" \/>\n<meta property=\"product:condition\" content=\"new\" \/>\n<!-- \/ Yoast SEO Premium plugin. -->","yoast_head_json":{"title":"Sunset Water T-Shirt Navy Unisex - EVUPRE","description":"Sunset Water Shirt \u25ba Baumwoll-Shirt f\u00fcr den Alltag. Unikat aus Musterteilen. Klassischer Rundhals. Limitiert verf\u00fcgbar.","robots":{"index":"index","follow":"follow","max-snippet":"max-snippet:-1","max-image-preview":"max-image-preview:large","max-video-preview":"max-video-preview:-1"},"canonical":"https:\/\/evupre.com\/fr\/produkt\/sunset-water-t-shirt-navy\/","og_locale":"fr_FR","og_type":"article","og_title":"Sunset Water T-Shirt Navy Unisex","og_description":"Sunset Water Shirt \u25ba Baumwoll-Shirt f\u00fcr den Alltag. Unikat aus Musterteilen. Klassischer Rundhals. Limitiert verf\u00fcgbar.","og_url":"https:\/\/evupre.com\/fr\/produkt\/sunset-water-t-shirt-navy\/","og_site_name":"EVUPRE","article_publisher":"https:\/\/www.facebook.com\/evupre\/","article_modified_time":"2026-02-04T15:43:47+00:00","og_image":[{"width":1080,"height":1620,"url":"https:\/\/evupre.com\/wp-content\/uploads\/2025\/12\/sunset_water_top_navy-m-mood-02.jpg","type":"image\/jpeg"}],"twitter_card":"summary_large_image","twitter_misc":{"Disponibilit\u00e9":"En stock"},"schema":{"@context":"https:\/\/schema.org","@graph":[{"@type":"WebPage","@id":"https:\/\/evupre.com\/fr\/produkt\/sunset-water-t-shirt-navy\/","url":"https:\/\/evupre.com\/fr\/produkt\/sunset-water-t-shirt-navy\/","name":"Sunset Water T-Shirt Navy Unisex - EVUPRE","isPartOf":{"@id":"https:\/\/evupre.com\/fr\/#website"},"primaryImageOfPage":{"@id":"https:\/\/evupre.com\/fr\/produkt\/sunset-water-t-shirt-navy\/#primaryimage"},"image":{"@id":"https:\/\/evupre.com\/fr\/produkt\/sunset-water-t-shirt-navy\/#primaryimage"},"thumbnailUrl":"https:\/\/evupre.com\/wp-content\/uploads\/2025\/12\/sunset_water_top_navy-m-mood-02.jpg","datePublished":"2025-12-09T13:38:42+00:00","dateModified":"2026-02-04T15:43:47+00:00","description":"Sunset Water Shirt \u25ba Baumwoll-Shirt f\u00fcr den Alltag. Unikat aus Musterteilen. Klassischer Rundhals. Limitiert verf\u00fcgbar.","breadcrumb":{"@id":"https:\/\/evupre.com\/fr\/produkt\/sunset-water-t-shirt-navy\/#breadcrumb"},"inLanguage":"fr-FR","potentialAction":[{"@type":"ReadAction","target":["https:\/\/evupre.com\/fr\/produkt\/sunset-water-t-shirt-navy\/"]}]},{"@type":"ImageObject","inLanguage":"fr-FR","@id":"https:\/\/evupre.com\/fr\/produkt\/sunset-water-t-shirt-navy\/#primaryimage","url":"https:\/\/evupre.com\/wp-content\/uploads\/2025\/12\/sunset_water_top_navy-m-mood-02.jpg","contentUrl":"https:\/\/evupre.com\/wp-content\/uploads\/2025\/12\/sunset_water_top_navy-m-mood-02.jpg","width":1080,"height":1620},{"@type":"BreadcrumbList","@id":"https:\/\/evupre.com\/fr\/produkt\/sunset-water-t-shirt-navy\/#breadcrumb","itemListElement":[{"@type":"ListItem","position":1,"name":"Home","item":"https:\/\/evupre.com\/fr\/home-of-evupre-rowing-clothes\/"},{"@type":"ListItem","position":2,"name":"Shop","item":"https:\/\/evupre.com\/fr\/__trashed\/"},{"@type":"ListItem","position":3,"name":"Sunset Water T-Shirt Navy Unisex"}]},{"@type":"WebSite","@id":"https:\/\/evupre.com\/fr\/#website","url":"https:\/\/evupre.com\/fr\/","name":"EVUPRE","description":"","publisher":{"@id":"https:\/\/evupre.com\/fr\/#organization"},"potentialAction":[{"@type":"SearchAction","target":{"@type":"EntryPoint","urlTemplate":"https:\/\/evupre.com\/fr\/?s={search_term_string}"},"query-input":{"@type":"PropertyValueSpecification","valueRequired":true,"valueName":"search_term_string"}}],"inLanguage":"fr-FR"},{"@type":"Organization","@id":"https:\/\/evupre.com\/fr\/#organization","name":"EVUPRE","url":"https:\/\/evupre.com\/fr\/","logo":{"@type":"ImageObject","inLanguage":"fr-FR","@id":"https:\/\/evupre.com\/fr\/#\/schema\/logo\/image\/","url":"https:\/\/evupre.com\/wp-content\/uploads\/2020\/04\/Evupre-1.png","contentUrl":"https:\/\/evupre.com\/wp-content\/uploads\/2020\/04\/Evupre-1.png","width":300,"height":39,"caption":"EVUPRE"},"image":{"@id":"https:\/\/evupre.com\/fr\/#\/schema\/logo\/image\/"},"sameAs":["https:\/\/www.facebook.com\/evupre\/","https:\/\/www.instagram.com\/evupre_performance_rowing\/"]}]},"og_availability":"instock","product_availability":"instock","product_condition":"new"},"_links":{"self":[{"href":"https:\/\/evupre.com\/fr\/wp-json\/wp\/v2\/product\/172152","targetHints":{"allow":["GET"]}}],"collection":[{"href":"https:\/\/evupre.com\/fr\/wp-json\/wp\/v2\/product"}],"about":[{"href":"https:\/\/evupre.com\/fr\/wp-json\/wp\/v2\/types\/product"}],"replies":[{"embeddable":true,"href":"https:\/\/evupre.com\/fr\/wp-json\/wp\/v2\/comments?post=172152"}],"wp:featuredmedia":[{"embeddable":true,"href":"https:\/\/evupre.com\/fr\/wp-json\/wp\/v2\/media\/172249"}],"wp:attachment":[{"href":"https:\/\/evupre.com\/fr\/wp-json\/wp\/v2\/media?parent=172152"}],"wp:term":[{"taxonomy":"product_brand","embeddable":true,"href":"https:\/\/evupre.com\/fr\/wp-json\/wp\/v2\/product_brand?post=172152"},{"taxonomy":"product_cat","embeddable":true,"href":"https:\/\/evupre.com\/fr\/wp-json\/wp\/v2\/product_cat?post=172152"},{"taxonomy":"product_tag","embeddable":true,"href":"https:\/\/evupre.com\/fr\/wp-json\/wp\/v2\/product_tag?post=172152"}],"curies":[{"name":"wp","href":"https:\/\/api.w.org\/{rel}","templated":true}]}}