{"id":171850,"date":"2025-12-09T14:36:21","date_gmt":"2025-12-09T13:36:21","guid":{"rendered":"https:\/\/evupre.com\/?post_type=product&#038;p=171850"},"modified":"2026-02-02T14:38:24","modified_gmt":"2026-02-02T13:38:24","slug":"performance-tights-indigo-stripe-damen","status":"publish","type":"product","link":"https:\/\/evupre.com\/fr\/produkt\/performance-tights-indigo-stripe-damen\/","title":{"rendered":"Performance Tights Indigo Stripe Damen"},"content":{"rendered":"<div class=\"wpb-content-wrapper\">[vc_row][vc_column][vc_column_text text_lead=&#8221;small&#8221; uncode_shortcode_id=&#8221;211635&#8243;]Ob im Boot, auf dem Ruderergometer oder beim Workout an Land: Die <strong>Performance Tights<\/strong> \u00fcberzeugen durch ihre k\u00f6rpernahe, komfortable Passform und ein angenehm weiches Tragegef\u00fchl. Gefertigt aus <strong>besonders weichem<\/strong> <strong>Lycra-Stoff<\/strong> halten sie die Beine warm, ohne die Bewegungsfreiheit einzuschr\u00e4nken. Das schnelltrocknende, flexible Material ist nicht rutschig und unterst\u00fctzt jede Bewegung. Der <strong>erh\u00f6hte Bund<\/strong> im\u00a0bedeckt den unteren R\u00fccken zuverl\u00e4ssig, selbst in der weitesten Auslage, und sorgt f\u00fcr sicheren Halt. Eine kleine, versteckte Innentasche bietet praktischen Stauraum f\u00fcr Schl\u00fcssel oder Kleinigkeiten.<\/p>\n<p>Die Performance Tights sitzen eng anliegend, engen jedoch durch das elastische Material nicht ein. Wer auf Kompression verzichten m\u00f6chte, w\u00e4hlt eine Nummer gr\u00f6\u00dfer.<\/p>\n<p>Die Performance Tights Indigo Stripe \u00fcberzeugt durch ihre elegante Farbkombination: Das<strong> tiefe Indigo-Blau<\/strong> wird von einem naturwei\u00dfen Seitenstreifen akzentuiert. Dieser tr\u00e4gt die franz\u00f6sischen Starterkommandos <strong>\u201e\u00cates-vous pr\u00eats?\u201d<\/strong> auf der einen und <strong>\u201ePartez!\u201d<\/strong> auf der anderen Seite \u2013 eine stilvolle <strong>Hommage an die internationale Ruderszene<\/strong>, die sportliche Funktionalit\u00e4t mit einem Hauch von Wettkampfatmosph\u00e4re verbindet.[\/vc_column_text][\/vc_column][\/vc_row]\n<\/div>","protected":false},"excerpt":{"rendered":"<ul>\n<li class=\"whitespace-normal break-words\">Besonders weiches Lycra-Material<\/li>\n<li class=\"whitespace-normal break-words\">High Waist Bund f\u00fcr optimale Abdeckung in der Auslage und wundersch\u00f6ne Optik<\/li>\n<li class=\"whitespace-normal break-words\">Schnelltrocknend und nicht rutschig<\/li>\n<li class=\"whitespace-normal break-words\">Versteckte Schl\u00fcsseltasche auf der Innenseite<\/li>\n<li class=\"whitespace-normal break-words\">Eng anliegend ohne Bewegungseinschr\u00e4nkung<\/li>\n<li class=\"whitespace-normal break-words\">Vielseitig kombinierbar mit allen Oberteilen<\/li>\n<\/ul>\n","protected":false},"featured_media":171956,"comment_status":"open","ping_status":"closed","template":"","meta":{"_acf_changed":false},"product_brand":[],"product_cat":[1342,1877],"product_tag":[1004],"class_list":{"0":"post-171850","1":"product","2":"type-product","3":"status-publish","4":"has-post-thumbnail","6":"product_cat-damen","7":"product_cat-hosen-und-shorts-damen","8":"product_tag-women","9":"pa_style-men","10":"pa_style-unisex","11":"pa_style-women","12":"tm-no-options","14":"first","15":"instock","16":"featured","17":"taxable","18":"shipping-taxable","19":"purchasable","20":"product-type-variable","21":"wpzoom-wc-spi-has-enabled"},"supplier_id":null,"supplier_sku":"","barcode":null,"atum_controlled":true,"out_stock_date":null,"out_stock_threshold":null,"inheritable":true,"inbound_stock":0,"stock_on_hold":0,"sold_today":0,"sales_last_days":0,"reserved_stock":0,"customer_returns":0,"warehouse_damage":0,"lost_in_post":0,"other_logs":0,"out_stock_days":0,"lost_sales":0,"has_location":false,"update_date":"2026-04-17T10:03:56","atum_locations":[],"atum_stock_status":"instock","restock_status":false,"low_stock_amount":"","sales_update_date":"2026-04-17T10:03:56","calc_backorders":null,"mi_inventories":[],"multi_inventory":"no","inventory_sorting_mode":"global","inventory_iteration":"global","expirable_inventories":"global","price_per_inventory":"global","show_write_off_inventories":"global","selectable_inventories":"global","selectable_inventories_mode":"global","acf":[],"yoast_head":"<!-- This site is optimized with the Yoast SEO Premium plugin v23.0 (Yoast SEO v26.6) - https:\/\/yoast.com\/wordpress\/plugins\/seo\/ -->\n<title>Performance Tights Indigo Stripe - EVUPRE<\/title>\n<meta name=\"description\" content=\"Leggings f\u00fcr Damen \u25ba Ausgezeichnete Passform und wundersch\u00f6ne Optik. High Waist Taille, angenehm weicher Stoff, sehr dehnbar. Kleines Schl\u00fcsselfach innen.\" \/>\n<meta name=\"robots\" content=\"index, follow, max-snippet:-1, max-image-preview:large, max-video-preview:-1\" \/>\n<link rel=\"canonical\" href=\"https:\/\/evupre.com\/fr\/produkt\/performance-tights-indigo-stripe-damen\/\" \/>\n<meta property=\"og:locale\" content=\"fr_FR\" \/>\n<meta property=\"og:type\" content=\"article\" \/>\n<meta property=\"og:title\" content=\"Performance Tights Indigo Stripe Damen\" \/>\n<meta property=\"og:description\" content=\"Leggings f\u00fcr Damen \u25ba Ausgezeichnete Passform und wundersch\u00f6ne Optik. High Waist Taille, angenehm weicher Stoff, sehr dehnbar. Kleines Schl\u00fcsselfach innen.\" \/>\n<meta property=\"og:url\" content=\"https:\/\/evupre.com\/fr\/produkt\/performance-tights-indigo-stripe-damen\/\" \/>\n<meta property=\"og:site_name\" content=\"EVUPRE\" \/>\n<meta property=\"article:publisher\" content=\"https:\/\/www.facebook.com\/evupre\/\" \/>\n<meta property=\"article:modified_time\" content=\"2026-02-02T13:38:24+00:00\" \/>\n<meta property=\"og:image\" content=\"https:\/\/evupre.com\/wp-content\/uploads\/2025\/12\/performance_tights_indigo_stripe-w-front-01.jpg\" \/>\n\t<meta property=\"og:image:width\" content=\"1080\" \/>\n\t<meta property=\"og:image:height\" content=\"1620\" \/>\n\t<meta property=\"og:image:type\" content=\"image\/jpeg\" \/>\n<meta name=\"twitter:card\" content=\"summary_large_image\" \/>\n<meta name=\"twitter:label1\" content=\"Disponibilit\u00e9\" \/>\n\t<meta name=\"twitter:data1\" content=\"En stock\" \/>\n<script type=\"application\/ld+json\" class=\"yoast-schema-graph\">{\"@context\":\"https:\/\/schema.org\",\"@graph\":[{\"@type\":\"WebPage\",\"@id\":\"https:\/\/evupre.com\/fr\/produkt\/performance-tights-indigo-stripe-damen\/\",\"url\":\"https:\/\/evupre.com\/fr\/produkt\/performance-tights-indigo-stripe-damen\/\",\"name\":\"Performance Tights Indigo Stripe - EVUPRE\",\"isPartOf\":{\"@id\":\"https:\/\/evupre.com\/fr\/#website\"},\"primaryImageOfPage\":{\"@id\":\"https:\/\/evupre.com\/fr\/produkt\/performance-tights-indigo-stripe-damen\/#primaryimage\"},\"image\":{\"@id\":\"https:\/\/evupre.com\/fr\/produkt\/performance-tights-indigo-stripe-damen\/#primaryimage\"},\"thumbnailUrl\":\"https:\/\/evupre.com\/wp-content\/uploads\/2025\/12\/performance_tights_indigo_stripe-w-front-01.jpg\",\"datePublished\":\"2025-12-09T13:36:21+00:00\",\"dateModified\":\"2026-02-02T13:38:24+00:00\",\"description\":\"Leggings f\u00fcr Damen \u25ba Ausgezeichnete Passform und wundersch\u00f6ne Optik. High Waist Taille, angenehm weicher Stoff, sehr dehnbar. Kleines Schl\u00fcsselfach innen.\",\"breadcrumb\":{\"@id\":\"https:\/\/evupre.com\/fr\/produkt\/performance-tights-indigo-stripe-damen\/#breadcrumb\"},\"inLanguage\":\"fr-FR\",\"potentialAction\":[{\"@type\":\"ReadAction\",\"target\":[\"https:\/\/evupre.com\/fr\/produkt\/performance-tights-indigo-stripe-damen\/\"]}]},{\"@type\":\"ImageObject\",\"inLanguage\":\"fr-FR\",\"@id\":\"https:\/\/evupre.com\/fr\/produkt\/performance-tights-indigo-stripe-damen\/#primaryimage\",\"url\":\"https:\/\/evupre.com\/wp-content\/uploads\/2025\/12\/performance_tights_indigo_stripe-w-front-01.jpg\",\"contentUrl\":\"https:\/\/evupre.com\/wp-content\/uploads\/2025\/12\/performance_tights_indigo_stripe-w-front-01.jpg\",\"width\":1080,\"height\":1620},{\"@type\":\"BreadcrumbList\",\"@id\":\"https:\/\/evupre.com\/fr\/produkt\/performance-tights-indigo-stripe-damen\/#breadcrumb\",\"itemListElement\":[{\"@type\":\"ListItem\",\"position\":1,\"name\":\"Home\",\"item\":\"https:\/\/evupre.com\/fr\/home-of-evupre-rowing-clothes\/\"},{\"@type\":\"ListItem\",\"position\":2,\"name\":\"Shop\",\"item\":\"https:\/\/evupre.com\/fr\/__trashed\/\"},{\"@type\":\"ListItem\",\"position\":3,\"name\":\"Performance Tights Indigo Stripe Damen\"}]},{\"@type\":\"WebSite\",\"@id\":\"https:\/\/evupre.com\/fr\/#website\",\"url\":\"https:\/\/evupre.com\/fr\/\",\"name\":\"EVUPRE\",\"description\":\"\",\"publisher\":{\"@id\":\"https:\/\/evupre.com\/fr\/#organization\"},\"potentialAction\":[{\"@type\":\"SearchAction\",\"target\":{\"@type\":\"EntryPoint\",\"urlTemplate\":\"https:\/\/evupre.com\/fr\/?s={search_term_string}\"},\"query-input\":{\"@type\":\"PropertyValueSpecification\",\"valueRequired\":true,\"valueName\":\"search_term_string\"}}],\"inLanguage\":\"fr-FR\"},{\"@type\":\"Organization\",\"@id\":\"https:\/\/evupre.com\/fr\/#organization\",\"name\":\"EVUPRE\",\"url\":\"https:\/\/evupre.com\/fr\/\",\"logo\":{\"@type\":\"ImageObject\",\"inLanguage\":\"fr-FR\",\"@id\":\"https:\/\/evupre.com\/fr\/#\/schema\/logo\/image\/\",\"url\":\"https:\/\/evupre.com\/wp-content\/uploads\/2020\/04\/Evupre-1.png\",\"contentUrl\":\"https:\/\/evupre.com\/wp-content\/uploads\/2020\/04\/Evupre-1.png\",\"width\":300,\"height\":39,\"caption\":\"EVUPRE\"},\"image\":{\"@id\":\"https:\/\/evupre.com\/fr\/#\/schema\/logo\/image\/\"},\"sameAs\":[\"https:\/\/www.facebook.com\/evupre\/\",\"https:\/\/www.instagram.com\/evupre_performance_rowing\/\"]}]}<\/script>\n<meta property=\"og:availability\" content=\"instock\" \/>\n<meta property=\"product:availability\" content=\"instock\" \/>\n<meta property=\"product:condition\" content=\"new\" \/>\n<!-- \/ Yoast SEO Premium plugin. -->","yoast_head_json":{"title":"Performance Tights Indigo Stripe - EVUPRE","description":"Leggings f\u00fcr Damen \u25ba Ausgezeichnete Passform und wundersch\u00f6ne Optik. High Waist Taille, angenehm weicher Stoff, sehr dehnbar. Kleines Schl\u00fcsselfach innen.","robots":{"index":"index","follow":"follow","max-snippet":"max-snippet:-1","max-image-preview":"max-image-preview:large","max-video-preview":"max-video-preview:-1"},"canonical":"https:\/\/evupre.com\/fr\/produkt\/performance-tights-indigo-stripe-damen\/","og_locale":"fr_FR","og_type":"article","og_title":"Performance Tights Indigo Stripe Damen","og_description":"Leggings f\u00fcr Damen \u25ba Ausgezeichnete Passform und wundersch\u00f6ne Optik. High Waist Taille, angenehm weicher Stoff, sehr dehnbar. Kleines Schl\u00fcsselfach innen.","og_url":"https:\/\/evupre.com\/fr\/produkt\/performance-tights-indigo-stripe-damen\/","og_site_name":"EVUPRE","article_publisher":"https:\/\/www.facebook.com\/evupre\/","article_modified_time":"2026-02-02T13:38:24+00:00","og_image":[{"width":1080,"height":1620,"url":"https:\/\/evupre.com\/wp-content\/uploads\/2025\/12\/performance_tights_indigo_stripe-w-front-01.jpg","type":"image\/jpeg"}],"twitter_card":"summary_large_image","twitter_misc":{"Disponibilit\u00e9":"En stock"},"schema":{"@context":"https:\/\/schema.org","@graph":[{"@type":"WebPage","@id":"https:\/\/evupre.com\/fr\/produkt\/performance-tights-indigo-stripe-damen\/","url":"https:\/\/evupre.com\/fr\/produkt\/performance-tights-indigo-stripe-damen\/","name":"Performance Tights Indigo Stripe - EVUPRE","isPartOf":{"@id":"https:\/\/evupre.com\/fr\/#website"},"primaryImageOfPage":{"@id":"https:\/\/evupre.com\/fr\/produkt\/performance-tights-indigo-stripe-damen\/#primaryimage"},"image":{"@id":"https:\/\/evupre.com\/fr\/produkt\/performance-tights-indigo-stripe-damen\/#primaryimage"},"thumbnailUrl":"https:\/\/evupre.com\/wp-content\/uploads\/2025\/12\/performance_tights_indigo_stripe-w-front-01.jpg","datePublished":"2025-12-09T13:36:21+00:00","dateModified":"2026-02-02T13:38:24+00:00","description":"Leggings f\u00fcr Damen \u25ba Ausgezeichnete Passform und wundersch\u00f6ne Optik. High Waist Taille, angenehm weicher Stoff, sehr dehnbar. Kleines Schl\u00fcsselfach innen.","breadcrumb":{"@id":"https:\/\/evupre.com\/fr\/produkt\/performance-tights-indigo-stripe-damen\/#breadcrumb"},"inLanguage":"fr-FR","potentialAction":[{"@type":"ReadAction","target":["https:\/\/evupre.com\/fr\/produkt\/performance-tights-indigo-stripe-damen\/"]}]},{"@type":"ImageObject","inLanguage":"fr-FR","@id":"https:\/\/evupre.com\/fr\/produkt\/performance-tights-indigo-stripe-damen\/#primaryimage","url":"https:\/\/evupre.com\/wp-content\/uploads\/2025\/12\/performance_tights_indigo_stripe-w-front-01.jpg","contentUrl":"https:\/\/evupre.com\/wp-content\/uploads\/2025\/12\/performance_tights_indigo_stripe-w-front-01.jpg","width":1080,"height":1620},{"@type":"BreadcrumbList","@id":"https:\/\/evupre.com\/fr\/produkt\/performance-tights-indigo-stripe-damen\/#breadcrumb","itemListElement":[{"@type":"ListItem","position":1,"name":"Home","item":"https:\/\/evupre.com\/fr\/home-of-evupre-rowing-clothes\/"},{"@type":"ListItem","position":2,"name":"Shop","item":"https:\/\/evupre.com\/fr\/__trashed\/"},{"@type":"ListItem","position":3,"name":"Performance Tights Indigo Stripe Damen"}]},{"@type":"WebSite","@id":"https:\/\/evupre.com\/fr\/#website","url":"https:\/\/evupre.com\/fr\/","name":"EVUPRE","description":"","publisher":{"@id":"https:\/\/evupre.com\/fr\/#organization"},"potentialAction":[{"@type":"SearchAction","target":{"@type":"EntryPoint","urlTemplate":"https:\/\/evupre.com\/fr\/?s={search_term_string}"},"query-input":{"@type":"PropertyValueSpecification","valueRequired":true,"valueName":"search_term_string"}}],"inLanguage":"fr-FR"},{"@type":"Organization","@id":"https:\/\/evupre.com\/fr\/#organization","name":"EVUPRE","url":"https:\/\/evupre.com\/fr\/","logo":{"@type":"ImageObject","inLanguage":"fr-FR","@id":"https:\/\/evupre.com\/fr\/#\/schema\/logo\/image\/","url":"https:\/\/evupre.com\/wp-content\/uploads\/2020\/04\/Evupre-1.png","contentUrl":"https:\/\/evupre.com\/wp-content\/uploads\/2020\/04\/Evupre-1.png","width":300,"height":39,"caption":"EVUPRE"},"image":{"@id":"https:\/\/evupre.com\/fr\/#\/schema\/logo\/image\/"},"sameAs":["https:\/\/www.facebook.com\/evupre\/","https:\/\/www.instagram.com\/evupre_performance_rowing\/"]}]},"og_availability":"instock","product_availability":"instock","product_condition":"new"},"_links":{"self":[{"href":"https:\/\/evupre.com\/fr\/wp-json\/wp\/v2\/product\/171850","targetHints":{"allow":["GET"]}}],"collection":[{"href":"https:\/\/evupre.com\/fr\/wp-json\/wp\/v2\/product"}],"about":[{"href":"https:\/\/evupre.com\/fr\/wp-json\/wp\/v2\/types\/product"}],"replies":[{"embeddable":true,"href":"https:\/\/evupre.com\/fr\/wp-json\/wp\/v2\/comments?post=171850"}],"wp:featuredmedia":[{"embeddable":true,"href":"https:\/\/evupre.com\/fr\/wp-json\/wp\/v2\/media\/171956"}],"wp:attachment":[{"href":"https:\/\/evupre.com\/fr\/wp-json\/wp\/v2\/media?parent=171850"}],"wp:term":[{"taxonomy":"product_brand","embeddable":true,"href":"https:\/\/evupre.com\/fr\/wp-json\/wp\/v2\/product_brand?post=171850"},{"taxonomy":"product_cat","embeddable":true,"href":"https:\/\/evupre.com\/fr\/wp-json\/wp\/v2\/product_cat?post=171850"},{"taxonomy":"product_tag","embeddable":true,"href":"https:\/\/evupre.com\/fr\/wp-json\/wp\/v2\/product_tag?post=171850"}],"curies":[{"name":"wp","href":"https:\/\/api.w.org\/{rel}","templated":true}]}}