{"id":171496,"date":"2025-12-09T14:33:21","date_gmt":"2025-12-09T13:33:21","guid":{"rendered":"https:\/\/evupre.com\/?post_type=product&#038;p=171496"},"modified":"2026-04-09T13:04:23","modified_gmt":"2026-04-09T11:04:23","slug":"erg-power-series-performance-top-ss-damen","status":"publish","type":"product","link":"https:\/\/evupre.com\/fr\/produkt\/erg-power-series-performance-top-ss-damen\/","title":{"rendered":"Erg Power Series Performance Top SS Damen"},"content":{"rendered":"<div class=\"wpb-content-wrapper\">[vc_row][vc_column][vc_column_text text_lead=&#8221;small&#8221; uncode_shortcode_id=&#8221;109223&#8243;]Mit dem <strong>Erg Power Series Performance Top Shortsleeve<\/strong> bist du perfekt ausgestattet f\u00fcr intensive Trainingseinheiten auf dem <strong>Ruderergometer<\/strong>. Entstanden in Zusammenarbeit mit der <a href=\"https:\/\/www.ergseries.com\/\" target=\"_blank\" rel=\"noopener\">Erg Series<\/a>, \u00fcberzeugt das Shirt mit schnelltrocknendem <strong>Tech-Stoff<\/strong>, angenehmem Tragegef\u00fchl und <strong>flachen N\u00e4hten<\/strong> f\u00fcr maximalen Komfort.<\/p>\n<p>Die leichte, <strong>bi-elastische Materialkombination<\/strong> sorgt f\u00fcr optimale Bewegungsfreiheit. Die Vorderseite besteht aus geschlossenem Stoff, w\u00e4hrend die R\u00fcckseite aus <strong>atmungsaktivem Mesh<\/strong> gefertigt ist, das die Temperatur effektiv reguliert. <strong>Raglan\u00e4rmel<\/strong> geben den Schultern in der Auslage und im Endzug volle Freiheit, w\u00e4hrend die flachen, weichen N\u00e4hte das Tragegef\u00fchl noch angenehmer machen \u2013 wie ein Hauch von Nichts auf der Haut.[\/vc_column_text][\/vc_column][\/vc_row]\n<\/div>","protected":false},"excerpt":{"rendered":"<ul>\n<li>Leichtes Performance Top<\/li>\n<li>Bi-elastisch, h\u00f6chster Tragekomfort<\/li>\n<li>Hohe Atmungsaktivit\u00e4t<\/li>\n<li>Raglan\u00e4rmel<\/li>\n<li>Sportlicher Regular Fit<\/li>\n<\/ul>\n","protected":false},"featured_media":167246,"comment_status":"open","ping_status":"closed","template":"","meta":{"_acf_changed":false},"product_brand":[],"product_cat":[1342,1880,1939],"product_tag":[2078,1004],"class_list":{"0":"post-171496","1":"product","2":"type-product","3":"status-publish","4":"has-post-thumbnail","6":"product_cat-damen","7":"product_cat-kollektionen-damen","8":"product_cat-oberteile-damen","9":"product_tag-erg-series","10":"product_tag-women","11":"pa_style-women","12":"tm-no-options","14":"first","15":"instock","16":"featured","17":"taxable","18":"shipping-taxable","19":"purchasable","20":"product-type-variable","21":"wpzoom-wc-spi-has-enabled"},"supplier_id":null,"supplier_sku":"","barcode":null,"atum_controlled":true,"out_stock_date":null,"out_stock_threshold":null,"inheritable":true,"inbound_stock":0,"stock_on_hold":0,"sold_today":0,"sales_last_days":0,"reserved_stock":0,"customer_returns":0,"warehouse_damage":0,"lost_in_post":0,"other_logs":0,"out_stock_days":0,"lost_sales":0,"has_location":false,"update_date":"2026-05-17T11:30:44","atum_locations":[],"atum_stock_status":"instock","restock_status":false,"low_stock_amount":"","sales_update_date":"2026-05-17T11:30:44","calc_backorders":null,"mi_inventories":[],"multi_inventory":"no","inventory_sorting_mode":"global","inventory_iteration":"global","expirable_inventories":"global","price_per_inventory":"global","show_write_off_inventories":"global","selectable_inventories":"global","selectable_inventories_mode":"global","acf":[],"yoast_head":"<!-- This site is optimized with the Yoast SEO Premium plugin v23.0 (Yoast SEO v26.6) - https:\/\/yoast.com\/wordpress\/plugins\/seo\/ -->\n<title>Erg Power Series Performance Top SS Damen - EVUPRE<\/title>\n<meta name=\"description\" content=\"Erg Power Series Performance Top Shortsleeve \u25ba leichtes, schnelltrocknendes Tech-Shirt. Eng anliegend, atmungsaktiv, komfortabel mit Raglan\u00e4rmel.\" \/>\n<meta name=\"robots\" content=\"index, follow, max-snippet:-1, max-image-preview:large, max-video-preview:-1\" \/>\n<link rel=\"canonical\" href=\"https:\/\/evupre.com\/fr\/produkt\/erg-power-series-performance-top-ss-damen\/\" \/>\n<meta property=\"og:locale\" content=\"fr_FR\" \/>\n<meta property=\"og:type\" content=\"article\" \/>\n<meta property=\"og:title\" content=\"Erg Power Series Performance Top SS Damen\" \/>\n<meta property=\"og:description\" content=\"Erg Power Series Performance Top Shortsleeve \u25ba leichtes, schnelltrocknendes Tech-Shirt. Eng anliegend, atmungsaktiv, komfortabel mit Raglan\u00e4rmel.\" \/>\n<meta property=\"og:url\" content=\"https:\/\/evupre.com\/fr\/produkt\/erg-power-series-performance-top-ss-damen\/\" \/>\n<meta property=\"og:site_name\" content=\"EVUPRE\" \/>\n<meta property=\"article:publisher\" content=\"https:\/\/www.facebook.com\/evupre\/\" \/>\n<meta property=\"article:modified_time\" content=\"2026-04-09T11:04:23+00:00\" \/>\n<meta property=\"og:image\" content=\"https:\/\/evupre.com\/wp-content\/uploads\/2025\/12\/ergpower_top-SS-women-2.jpg\" \/>\n\t<meta property=\"og:image:width\" content=\"1080\" \/>\n\t<meta property=\"og:image:height\" content=\"1620\" \/>\n\t<meta property=\"og:image:type\" content=\"image\/jpeg\" \/>\n<meta name=\"twitter:card\" content=\"summary_large_image\" \/>\n<meta name=\"twitter:label1\" content=\"Disponibilit\u00e9\" \/>\n\t<meta name=\"twitter:data1\" content=\"En stock\" \/>\n<script type=\"application\/ld+json\" class=\"yoast-schema-graph\">{\"@context\":\"https:\/\/schema.org\",\"@graph\":[{\"@type\":\"WebPage\",\"@id\":\"https:\/\/evupre.com\/fr\/produkt\/erg-power-series-performance-top-ss-damen\/\",\"url\":\"https:\/\/evupre.com\/fr\/produkt\/erg-power-series-performance-top-ss-damen\/\",\"name\":\"Erg Power Series Performance Top SS Damen - EVUPRE\",\"isPartOf\":{\"@id\":\"https:\/\/evupre.com\/fr\/#website\"},\"primaryImageOfPage\":{\"@id\":\"https:\/\/evupre.com\/fr\/produkt\/erg-power-series-performance-top-ss-damen\/#primaryimage\"},\"image\":{\"@id\":\"https:\/\/evupre.com\/fr\/produkt\/erg-power-series-performance-top-ss-damen\/#primaryimage\"},\"thumbnailUrl\":\"https:\/\/evupre.com\/wp-content\/uploads\/2025\/12\/ergpower_top-SS-women-2.jpg\",\"datePublished\":\"2025-12-09T13:33:21+00:00\",\"dateModified\":\"2026-04-09T11:04:23+00:00\",\"description\":\"Erg Power Series Performance Top Shortsleeve \u25ba leichtes, schnelltrocknendes Tech-Shirt. Eng anliegend, atmungsaktiv, komfortabel mit Raglan\u00e4rmel.\",\"breadcrumb\":{\"@id\":\"https:\/\/evupre.com\/fr\/produkt\/erg-power-series-performance-top-ss-damen\/#breadcrumb\"},\"inLanguage\":\"fr-FR\",\"potentialAction\":[{\"@type\":\"ReadAction\",\"target\":[\"https:\/\/evupre.com\/fr\/produkt\/erg-power-series-performance-top-ss-damen\/\"]}]},{\"@type\":\"ImageObject\",\"inLanguage\":\"fr-FR\",\"@id\":\"https:\/\/evupre.com\/fr\/produkt\/erg-power-series-performance-top-ss-damen\/#primaryimage\",\"url\":\"https:\/\/evupre.com\/wp-content\/uploads\/2025\/12\/ergpower_top-SS-women-2.jpg\",\"contentUrl\":\"https:\/\/evupre.com\/wp-content\/uploads\/2025\/12\/ergpower_top-SS-women-2.jpg\",\"width\":1080,\"height\":1620},{\"@type\":\"BreadcrumbList\",\"@id\":\"https:\/\/evupre.com\/fr\/produkt\/erg-power-series-performance-top-ss-damen\/#breadcrumb\",\"itemListElement\":[{\"@type\":\"ListItem\",\"position\":1,\"name\":\"Home\",\"item\":\"https:\/\/evupre.com\/fr\/home-of-evupre-rowing-clothes\/\"},{\"@type\":\"ListItem\",\"position\":2,\"name\":\"Shop\",\"item\":\"https:\/\/evupre.com\/fr\/__trashed\/\"},{\"@type\":\"ListItem\",\"position\":3,\"name\":\"Erg Power Series Performance Top SS Damen\"}]},{\"@type\":\"WebSite\",\"@id\":\"https:\/\/evupre.com\/fr\/#website\",\"url\":\"https:\/\/evupre.com\/fr\/\",\"name\":\"EVUPRE\",\"description\":\"\",\"publisher\":{\"@id\":\"https:\/\/evupre.com\/fr\/#organization\"},\"potentialAction\":[{\"@type\":\"SearchAction\",\"target\":{\"@type\":\"EntryPoint\",\"urlTemplate\":\"https:\/\/evupre.com\/fr\/?s={search_term_string}\"},\"query-input\":{\"@type\":\"PropertyValueSpecification\",\"valueRequired\":true,\"valueName\":\"search_term_string\"}}],\"inLanguage\":\"fr-FR\"},{\"@type\":\"Organization\",\"@id\":\"https:\/\/evupre.com\/fr\/#organization\",\"name\":\"EVUPRE\",\"url\":\"https:\/\/evupre.com\/fr\/\",\"logo\":{\"@type\":\"ImageObject\",\"inLanguage\":\"fr-FR\",\"@id\":\"https:\/\/evupre.com\/fr\/#\/schema\/logo\/image\/\",\"url\":\"https:\/\/evupre.com\/wp-content\/uploads\/2020\/04\/Evupre-1.png\",\"contentUrl\":\"https:\/\/evupre.com\/wp-content\/uploads\/2020\/04\/Evupre-1.png\",\"width\":300,\"height\":39,\"caption\":\"EVUPRE\"},\"image\":{\"@id\":\"https:\/\/evupre.com\/fr\/#\/schema\/logo\/image\/\"},\"sameAs\":[\"https:\/\/www.facebook.com\/evupre\/\",\"https:\/\/www.instagram.com\/evupre_performance_rowing\/\"]}]}<\/script>\n<meta property=\"og:availability\" content=\"instock\" \/>\n<meta property=\"product:availability\" content=\"instock\" \/>\n<meta property=\"product:condition\" content=\"new\" \/>\n<!-- \/ Yoast SEO Premium plugin. -->","yoast_head_json":{"title":"Erg Power Series Performance Top SS Damen - EVUPRE","description":"Erg Power Series Performance Top Shortsleeve \u25ba leichtes, schnelltrocknendes Tech-Shirt. Eng anliegend, atmungsaktiv, komfortabel mit Raglan\u00e4rmel.","robots":{"index":"index","follow":"follow","max-snippet":"max-snippet:-1","max-image-preview":"max-image-preview:large","max-video-preview":"max-video-preview:-1"},"canonical":"https:\/\/evupre.com\/fr\/produkt\/erg-power-series-performance-top-ss-damen\/","og_locale":"fr_FR","og_type":"article","og_title":"Erg Power Series Performance Top SS Damen","og_description":"Erg Power Series Performance Top Shortsleeve \u25ba leichtes, schnelltrocknendes Tech-Shirt. Eng anliegend, atmungsaktiv, komfortabel mit Raglan\u00e4rmel.","og_url":"https:\/\/evupre.com\/fr\/produkt\/erg-power-series-performance-top-ss-damen\/","og_site_name":"EVUPRE","article_publisher":"https:\/\/www.facebook.com\/evupre\/","article_modified_time":"2026-04-09T11:04:23+00:00","og_image":[{"width":1080,"height":1620,"url":"https:\/\/evupre.com\/wp-content\/uploads\/2025\/12\/ergpower_top-SS-women-2.jpg","type":"image\/jpeg"}],"twitter_card":"summary_large_image","twitter_misc":{"Disponibilit\u00e9":"En stock"},"schema":{"@context":"https:\/\/schema.org","@graph":[{"@type":"WebPage","@id":"https:\/\/evupre.com\/fr\/produkt\/erg-power-series-performance-top-ss-damen\/","url":"https:\/\/evupre.com\/fr\/produkt\/erg-power-series-performance-top-ss-damen\/","name":"Erg Power Series Performance Top SS Damen - EVUPRE","isPartOf":{"@id":"https:\/\/evupre.com\/fr\/#website"},"primaryImageOfPage":{"@id":"https:\/\/evupre.com\/fr\/produkt\/erg-power-series-performance-top-ss-damen\/#primaryimage"},"image":{"@id":"https:\/\/evupre.com\/fr\/produkt\/erg-power-series-performance-top-ss-damen\/#primaryimage"},"thumbnailUrl":"https:\/\/evupre.com\/wp-content\/uploads\/2025\/12\/ergpower_top-SS-women-2.jpg","datePublished":"2025-12-09T13:33:21+00:00","dateModified":"2026-04-09T11:04:23+00:00","description":"Erg Power Series Performance Top Shortsleeve \u25ba leichtes, schnelltrocknendes Tech-Shirt. Eng anliegend, atmungsaktiv, komfortabel mit Raglan\u00e4rmel.","breadcrumb":{"@id":"https:\/\/evupre.com\/fr\/produkt\/erg-power-series-performance-top-ss-damen\/#breadcrumb"},"inLanguage":"fr-FR","potentialAction":[{"@type":"ReadAction","target":["https:\/\/evupre.com\/fr\/produkt\/erg-power-series-performance-top-ss-damen\/"]}]},{"@type":"ImageObject","inLanguage":"fr-FR","@id":"https:\/\/evupre.com\/fr\/produkt\/erg-power-series-performance-top-ss-damen\/#primaryimage","url":"https:\/\/evupre.com\/wp-content\/uploads\/2025\/12\/ergpower_top-SS-women-2.jpg","contentUrl":"https:\/\/evupre.com\/wp-content\/uploads\/2025\/12\/ergpower_top-SS-women-2.jpg","width":1080,"height":1620},{"@type":"BreadcrumbList","@id":"https:\/\/evupre.com\/fr\/produkt\/erg-power-series-performance-top-ss-damen\/#breadcrumb","itemListElement":[{"@type":"ListItem","position":1,"name":"Home","item":"https:\/\/evupre.com\/fr\/home-of-evupre-rowing-clothes\/"},{"@type":"ListItem","position":2,"name":"Shop","item":"https:\/\/evupre.com\/fr\/__trashed\/"},{"@type":"ListItem","position":3,"name":"Erg Power Series Performance Top SS Damen"}]},{"@type":"WebSite","@id":"https:\/\/evupre.com\/fr\/#website","url":"https:\/\/evupre.com\/fr\/","name":"EVUPRE","description":"","publisher":{"@id":"https:\/\/evupre.com\/fr\/#organization"},"potentialAction":[{"@type":"SearchAction","target":{"@type":"EntryPoint","urlTemplate":"https:\/\/evupre.com\/fr\/?s={search_term_string}"},"query-input":{"@type":"PropertyValueSpecification","valueRequired":true,"valueName":"search_term_string"}}],"inLanguage":"fr-FR"},{"@type":"Organization","@id":"https:\/\/evupre.com\/fr\/#organization","name":"EVUPRE","url":"https:\/\/evupre.com\/fr\/","logo":{"@type":"ImageObject","inLanguage":"fr-FR","@id":"https:\/\/evupre.com\/fr\/#\/schema\/logo\/image\/","url":"https:\/\/evupre.com\/wp-content\/uploads\/2020\/04\/Evupre-1.png","contentUrl":"https:\/\/evupre.com\/wp-content\/uploads\/2020\/04\/Evupre-1.png","width":300,"height":39,"caption":"EVUPRE"},"image":{"@id":"https:\/\/evupre.com\/fr\/#\/schema\/logo\/image\/"},"sameAs":["https:\/\/www.facebook.com\/evupre\/","https:\/\/www.instagram.com\/evupre_performance_rowing\/"]}]},"og_availability":"instock","product_availability":"instock","product_condition":"new"},"_links":{"self":[{"href":"https:\/\/evupre.com\/fr\/wp-json\/wp\/v2\/product\/171496","targetHints":{"allow":["GET"]}}],"collection":[{"href":"https:\/\/evupre.com\/fr\/wp-json\/wp\/v2\/product"}],"about":[{"href":"https:\/\/evupre.com\/fr\/wp-json\/wp\/v2\/types\/product"}],"replies":[{"embeddable":true,"href":"https:\/\/evupre.com\/fr\/wp-json\/wp\/v2\/comments?post=171496"}],"wp:featuredmedia":[{"embeddable":true,"href":"https:\/\/evupre.com\/fr\/wp-json\/wp\/v2\/media\/167246"}],"wp:attachment":[{"href":"https:\/\/evupre.com\/fr\/wp-json\/wp\/v2\/media?parent=171496"}],"wp:term":[{"taxonomy":"product_brand","embeddable":true,"href":"https:\/\/evupre.com\/fr\/wp-json\/wp\/v2\/product_brand?post=171496"},{"taxonomy":"product_cat","embeddable":true,"href":"https:\/\/evupre.com\/fr\/wp-json\/wp\/v2\/product_cat?post=171496"},{"taxonomy":"product_tag","embeddable":true,"href":"https:\/\/evupre.com\/fr\/wp-json\/wp\/v2\/product_tag?post=171496"}],"curies":[{"name":"wp","href":"https:\/\/api.w.org\/{rel}","templated":true}]}}