{"id":171421,"date":"2025-12-09T14:32:02","date_gmt":"2025-12-09T13:32:02","guid":{"rendered":"https:\/\/evupre.com\/?post_type=product&#038;p=171421"},"modified":"2026-02-04T16:46:54","modified_gmt":"2026-02-04T15:46:54","slug":"lucerne-regatta-2025-t-shirt-schwarz","status":"publish","type":"product","link":"https:\/\/evupre.com\/fr\/produkt\/lucerne-regatta-2025-t-shirt-schwarz\/","title":{"rendered":"Lucerne Regatta 2025 T-Shirt schwarz"},"content":{"rendered":"<div class=\"wpb-content-wrapper\">[vc_row][vc_column][vc_column_text text_lead=&#8221;small&#8221; uncode_shortcode_id=&#8221;191981&#8243;]Mit dem <strong>Lucerne Regatta T-Shirt<\/strong> bringst du deine Leidenschaft f\u00fcr den Rudersport in den Alltag. Die traditionsreiche <strong>Lucerne Regatta am Rotsee in Luzern<\/strong> ist eines der gro\u00dfen Highlights der Rennsaison \u2013 ein Festival aus Sport, Emotionen und echter Rudergeschichte. Ob als Athletin oder Athlet vor Ort oder als Fan von zuhause: Mit diesem Shirt zeigst du allen, dass du Teil des Mythos Rotsee bist.<\/p>\n<p>Das T-Shirt besteht aus <strong>100 % Bio-Baumwolle<\/strong> und ist f\u00fcr den t\u00e4glichen Gebrauch gemacht. Ein klassischer Rundhalsausschnitt und Set-In \u00c4rmel sorgen f\u00fcr einen l\u00e4ssigen, zeitlosen Look \u2013 perfekt nach dem Training, im Ruderverein oder einfach in der Freizeit.<\/p>\n<p>Erh\u00e4ltlich in Schwarz und Wei\u00df, greifen die Print-Motive vorne und auf dem R\u00fccken in Rot bzw. Wei\u00df den legend\u00e4ren <strong>Lake of Gods<\/strong> auf. Der Rotsee gilt als eine der schnellsten Regattastrecken der Welt \u2013 eingebettet in eine der sch\u00f6nsten Landschaften des Rudersports. Hier werden Rennen gefahren, Erinnerungen geschaffen und Legenden gemacht.[\/vc_column_text][\/vc_column][\/vc_row]\n<\/div>","protected":false},"excerpt":{"rendered":"<ul>\n<li>T-Shirt in Schwarz<\/li>\n<li>100% Bio-Baumwolle<\/li>\n<li>Regular Fit<\/li>\n<li>Klassischer Rundhals Ausschnitt<\/li>\n<li>Set-in \u00c4rmel<\/li>\n<li>Vorne: Stick und Siebdruck, hinten: Siebdruck<\/li>\n<li>Unisex Passform, Frauen empfehlen wir eine Nummer kleiner zu nehmen<\/li>\n<\/ul>\n","protected":false},"featured_media":166982,"comment_status":"closed","ping_status":"closed","template":"","meta":{"_acf_changed":false},"product_brand":[],"product_cat":[288,1868,1872,1873,1342,1880,1881,1939],"product_tag":[1682,1005,1004],"class_list":{"0":"post-171421","1":"product","2":"type-product","3":"status-publish","4":"has-post-thumbnail","6":"product_cat-herren","7":"product_cat-oberteile-herren","8":"product_cat-kollektionen-herren","9":"product_cat-sale-herren","10":"product_cat-damen","11":"product_cat-kollektionen-damen","12":"product_cat-sale-damen","13":"product_cat-oberteile-damen","14":"product_tag-lucerne","15":"product_tag-men","16":"product_tag-women","17":"pa_style-men","18":"pa_style-unisex","19":"pa_style-women","20":"tm-no-options","22":"first","23":"instock","24":"featured","25":"taxable","26":"shipping-taxable","27":"purchasable","28":"product-type-variable","29":"wpzoom-wc-spi-has-enabled"},"supplier_id":null,"supplier_sku":"","barcode":null,"atum_controlled":true,"out_stock_date":null,"out_stock_threshold":null,"inheritable":true,"inbound_stock":0,"stock_on_hold":0,"sold_today":0,"sales_last_days":0,"reserved_stock":0,"customer_returns":0,"warehouse_damage":0,"lost_in_post":0,"other_logs":0,"out_stock_days":0,"lost_sales":0,"has_location":false,"update_date":"2026-04-27T09:55:49","atum_locations":[],"atum_stock_status":"instock","restock_status":false,"low_stock_amount":"","sales_update_date":"2026-04-27T09:55:49","calc_backorders":null,"mi_inventories":[],"multi_inventory":"no","inventory_sorting_mode":"global","inventory_iteration":"global","expirable_inventories":"global","price_per_inventory":"global","show_write_off_inventories":"global","selectable_inventories":"global","selectable_inventories_mode":"global","acf":[],"yoast_head":"<!-- This site is optimized with the Yoast SEO Premium plugin v23.0 (Yoast SEO v26.6) - https:\/\/yoast.com\/wordpress\/plugins\/seo\/ -->\n<title>Lucerne Regatta 2025 T-Shirt schwarz - EVUPRE<\/title>\n<meta name=\"robots\" content=\"index, follow, max-snippet:-1, max-image-preview:large, max-video-preview:-1\" \/>\n<link rel=\"canonical\" href=\"https:\/\/evupre.com\/fr\/produkt\/lucerne-regatta-2025-t-shirt-schwarz\/\" \/>\n<meta property=\"og:locale\" content=\"fr_FR\" \/>\n<meta property=\"og:type\" content=\"article\" \/>\n<meta property=\"og:title\" content=\"Lucerne Regatta 2025 T-Shirt schwarz\" \/>\n<meta property=\"og:description\" content=\"T-Shirt in Schwarz  100% Bio-Baumwolle  Regular Fit  Klassischer Rundhals Ausschnitt  Set-in \u00c4rmel  Vorne: Stick und Siebdruck, hinten: Siebdruck  Unisex Passform, Frauen empfehlen wir eine Nummer kleiner zu nehmen\" \/>\n<meta property=\"og:url\" content=\"https:\/\/evupre.com\/fr\/produkt\/lucerne-regatta-2025-t-shirt-schwarz\/\" \/>\n<meta property=\"og:site_name\" content=\"EVUPRE\" \/>\n<meta property=\"article:publisher\" content=\"https:\/\/www.facebook.com\/evupre\/\" \/>\n<meta property=\"article:modified_time\" content=\"2026-02-04T15:46:54+00:00\" \/>\n<meta property=\"og:image\" content=\"https:\/\/evupre.com\/wp-content\/uploads\/2025\/12\/T-Shirt-schwarz-front-2.jpg\" \/>\n\t<meta property=\"og:image:width\" content=\"2000\" \/>\n\t<meta property=\"og:image:height\" content=\"2000\" \/>\n\t<meta property=\"og:image:type\" content=\"image\/jpeg\" \/>\n<meta name=\"twitter:card\" content=\"summary_large_image\" \/>\n<meta name=\"twitter:label1\" content=\"Disponibilit\u00e9\" \/>\n\t<meta name=\"twitter:data1\" content=\"En stock\" \/>\n<script type=\"application\/ld+json\" class=\"yoast-schema-graph\">{\"@context\":\"https:\/\/schema.org\",\"@graph\":[{\"@type\":\"WebPage\",\"@id\":\"https:\/\/evupre.com\/fr\/produkt\/lucerne-regatta-2025-t-shirt-schwarz\/\",\"url\":\"https:\/\/evupre.com\/fr\/produkt\/lucerne-regatta-2025-t-shirt-schwarz\/\",\"name\":\"Lucerne Regatta 2025 T-Shirt schwarz - EVUPRE\",\"isPartOf\":{\"@id\":\"https:\/\/evupre.com\/fr\/#website\"},\"primaryImageOfPage\":{\"@id\":\"https:\/\/evupre.com\/fr\/produkt\/lucerne-regatta-2025-t-shirt-schwarz\/#primaryimage\"},\"image\":{\"@id\":\"https:\/\/evupre.com\/fr\/produkt\/lucerne-regatta-2025-t-shirt-schwarz\/#primaryimage\"},\"thumbnailUrl\":\"https:\/\/evupre.com\/wp-content\/uploads\/2025\/12\/T-Shirt-schwarz-front-2.jpg\",\"datePublished\":\"2025-12-09T13:32:02+00:00\",\"dateModified\":\"2026-02-04T15:46:54+00:00\",\"breadcrumb\":{\"@id\":\"https:\/\/evupre.com\/fr\/produkt\/lucerne-regatta-2025-t-shirt-schwarz\/#breadcrumb\"},\"inLanguage\":\"fr-FR\",\"potentialAction\":[{\"@type\":\"ReadAction\",\"target\":[\"https:\/\/evupre.com\/fr\/produkt\/lucerne-regatta-2025-t-shirt-schwarz\/\"]}]},{\"@type\":\"ImageObject\",\"inLanguage\":\"fr-FR\",\"@id\":\"https:\/\/evupre.com\/fr\/produkt\/lucerne-regatta-2025-t-shirt-schwarz\/#primaryimage\",\"url\":\"https:\/\/evupre.com\/wp-content\/uploads\/2025\/12\/T-Shirt-schwarz-front-2.jpg\",\"contentUrl\":\"https:\/\/evupre.com\/wp-content\/uploads\/2025\/12\/T-Shirt-schwarz-front-2.jpg\",\"width\":2000,\"height\":2000},{\"@type\":\"BreadcrumbList\",\"@id\":\"https:\/\/evupre.com\/fr\/produkt\/lucerne-regatta-2025-t-shirt-schwarz\/#breadcrumb\",\"itemListElement\":[{\"@type\":\"ListItem\",\"position\":1,\"name\":\"Home\",\"item\":\"https:\/\/evupre.com\/fr\/home-of-evupre-rowing-clothes\/\"},{\"@type\":\"ListItem\",\"position\":2,\"name\":\"Shop\",\"item\":\"https:\/\/evupre.com\/fr\/__trashed\/\"},{\"@type\":\"ListItem\",\"position\":3,\"name\":\"Lucerne Regatta 2025 T-Shirt schwarz\"}]},{\"@type\":\"WebSite\",\"@id\":\"https:\/\/evupre.com\/fr\/#website\",\"url\":\"https:\/\/evupre.com\/fr\/\",\"name\":\"EVUPRE\",\"description\":\"\",\"publisher\":{\"@id\":\"https:\/\/evupre.com\/fr\/#organization\"},\"potentialAction\":[{\"@type\":\"SearchAction\",\"target\":{\"@type\":\"EntryPoint\",\"urlTemplate\":\"https:\/\/evupre.com\/fr\/?s={search_term_string}\"},\"query-input\":{\"@type\":\"PropertyValueSpecification\",\"valueRequired\":true,\"valueName\":\"search_term_string\"}}],\"inLanguage\":\"fr-FR\"},{\"@type\":\"Organization\",\"@id\":\"https:\/\/evupre.com\/fr\/#organization\",\"name\":\"EVUPRE\",\"url\":\"https:\/\/evupre.com\/fr\/\",\"logo\":{\"@type\":\"ImageObject\",\"inLanguage\":\"fr-FR\",\"@id\":\"https:\/\/evupre.com\/fr\/#\/schema\/logo\/image\/\",\"url\":\"https:\/\/evupre.com\/wp-content\/uploads\/2020\/04\/Evupre-1.png\",\"contentUrl\":\"https:\/\/evupre.com\/wp-content\/uploads\/2020\/04\/Evupre-1.png\",\"width\":300,\"height\":39,\"caption\":\"EVUPRE\"},\"image\":{\"@id\":\"https:\/\/evupre.com\/fr\/#\/schema\/logo\/image\/\"},\"sameAs\":[\"https:\/\/www.facebook.com\/evupre\/\",\"https:\/\/www.instagram.com\/evupre_performance_rowing\/\"]}]}<\/script>\n<meta property=\"og:availability\" content=\"instock\" \/>\n<meta property=\"product:availability\" content=\"instock\" \/>\n<meta property=\"product:condition\" content=\"new\" \/>\n<!-- \/ Yoast SEO Premium plugin. -->","yoast_head_json":{"title":"Lucerne Regatta 2025 T-Shirt schwarz - EVUPRE","robots":{"index":"index","follow":"follow","max-snippet":"max-snippet:-1","max-image-preview":"max-image-preview:large","max-video-preview":"max-video-preview:-1"},"canonical":"https:\/\/evupre.com\/fr\/produkt\/lucerne-regatta-2025-t-shirt-schwarz\/","og_locale":"fr_FR","og_type":"article","og_title":"Lucerne Regatta 2025 T-Shirt schwarz","og_description":"T-Shirt in Schwarz  100% Bio-Baumwolle  Regular Fit  Klassischer Rundhals Ausschnitt  Set-in \u00c4rmel  Vorne: Stick und Siebdruck, hinten: Siebdruck  Unisex Passform, Frauen empfehlen wir eine Nummer kleiner zu nehmen","og_url":"https:\/\/evupre.com\/fr\/produkt\/lucerne-regatta-2025-t-shirt-schwarz\/","og_site_name":"EVUPRE","article_publisher":"https:\/\/www.facebook.com\/evupre\/","article_modified_time":"2026-02-04T15:46:54+00:00","og_image":[{"width":2000,"height":2000,"url":"https:\/\/evupre.com\/wp-content\/uploads\/2025\/12\/T-Shirt-schwarz-front-2.jpg","type":"image\/jpeg"}],"twitter_card":"summary_large_image","twitter_misc":{"Disponibilit\u00e9":"En stock"},"schema":{"@context":"https:\/\/schema.org","@graph":[{"@type":"WebPage","@id":"https:\/\/evupre.com\/fr\/produkt\/lucerne-regatta-2025-t-shirt-schwarz\/","url":"https:\/\/evupre.com\/fr\/produkt\/lucerne-regatta-2025-t-shirt-schwarz\/","name":"Lucerne Regatta 2025 T-Shirt schwarz - EVUPRE","isPartOf":{"@id":"https:\/\/evupre.com\/fr\/#website"},"primaryImageOfPage":{"@id":"https:\/\/evupre.com\/fr\/produkt\/lucerne-regatta-2025-t-shirt-schwarz\/#primaryimage"},"image":{"@id":"https:\/\/evupre.com\/fr\/produkt\/lucerne-regatta-2025-t-shirt-schwarz\/#primaryimage"},"thumbnailUrl":"https:\/\/evupre.com\/wp-content\/uploads\/2025\/12\/T-Shirt-schwarz-front-2.jpg","datePublished":"2025-12-09T13:32:02+00:00","dateModified":"2026-02-04T15:46:54+00:00","breadcrumb":{"@id":"https:\/\/evupre.com\/fr\/produkt\/lucerne-regatta-2025-t-shirt-schwarz\/#breadcrumb"},"inLanguage":"fr-FR","potentialAction":[{"@type":"ReadAction","target":["https:\/\/evupre.com\/fr\/produkt\/lucerne-regatta-2025-t-shirt-schwarz\/"]}]},{"@type":"ImageObject","inLanguage":"fr-FR","@id":"https:\/\/evupre.com\/fr\/produkt\/lucerne-regatta-2025-t-shirt-schwarz\/#primaryimage","url":"https:\/\/evupre.com\/wp-content\/uploads\/2025\/12\/T-Shirt-schwarz-front-2.jpg","contentUrl":"https:\/\/evupre.com\/wp-content\/uploads\/2025\/12\/T-Shirt-schwarz-front-2.jpg","width":2000,"height":2000},{"@type":"BreadcrumbList","@id":"https:\/\/evupre.com\/fr\/produkt\/lucerne-regatta-2025-t-shirt-schwarz\/#breadcrumb","itemListElement":[{"@type":"ListItem","position":1,"name":"Home","item":"https:\/\/evupre.com\/fr\/home-of-evupre-rowing-clothes\/"},{"@type":"ListItem","position":2,"name":"Shop","item":"https:\/\/evupre.com\/fr\/__trashed\/"},{"@type":"ListItem","position":3,"name":"Lucerne Regatta 2025 T-Shirt schwarz"}]},{"@type":"WebSite","@id":"https:\/\/evupre.com\/fr\/#website","url":"https:\/\/evupre.com\/fr\/","name":"EVUPRE","description":"","publisher":{"@id":"https:\/\/evupre.com\/fr\/#organization"},"potentialAction":[{"@type":"SearchAction","target":{"@type":"EntryPoint","urlTemplate":"https:\/\/evupre.com\/fr\/?s={search_term_string}"},"query-input":{"@type":"PropertyValueSpecification","valueRequired":true,"valueName":"search_term_string"}}],"inLanguage":"fr-FR"},{"@type":"Organization","@id":"https:\/\/evupre.com\/fr\/#organization","name":"EVUPRE","url":"https:\/\/evupre.com\/fr\/","logo":{"@type":"ImageObject","inLanguage":"fr-FR","@id":"https:\/\/evupre.com\/fr\/#\/schema\/logo\/image\/","url":"https:\/\/evupre.com\/wp-content\/uploads\/2020\/04\/Evupre-1.png","contentUrl":"https:\/\/evupre.com\/wp-content\/uploads\/2020\/04\/Evupre-1.png","width":300,"height":39,"caption":"EVUPRE"},"image":{"@id":"https:\/\/evupre.com\/fr\/#\/schema\/logo\/image\/"},"sameAs":["https:\/\/www.facebook.com\/evupre\/","https:\/\/www.instagram.com\/evupre_performance_rowing\/"]}]},"og_availability":"instock","product_availability":"instock","product_condition":"new"},"_links":{"self":[{"href":"https:\/\/evupre.com\/fr\/wp-json\/wp\/v2\/product\/171421","targetHints":{"allow":["GET"]}}],"collection":[{"href":"https:\/\/evupre.com\/fr\/wp-json\/wp\/v2\/product"}],"about":[{"href":"https:\/\/evupre.com\/fr\/wp-json\/wp\/v2\/types\/product"}],"replies":[{"embeddable":true,"href":"https:\/\/evupre.com\/fr\/wp-json\/wp\/v2\/comments?post=171421"}],"wp:featuredmedia":[{"embeddable":true,"href":"https:\/\/evupre.com\/fr\/wp-json\/wp\/v2\/media\/166982"}],"wp:attachment":[{"href":"https:\/\/evupre.com\/fr\/wp-json\/wp\/v2\/media?parent=171421"}],"wp:term":[{"taxonomy":"product_brand","embeddable":true,"href":"https:\/\/evupre.com\/fr\/wp-json\/wp\/v2\/product_brand?post=171421"},{"taxonomy":"product_cat","embeddable":true,"href":"https:\/\/evupre.com\/fr\/wp-json\/wp\/v2\/product_cat?post=171421"},{"taxonomy":"product_tag","embeddable":true,"href":"https:\/\/evupre.com\/fr\/wp-json\/wp\/v2\/product_tag?post=171421"}],"curies":[{"name":"wp","href":"https:\/\/api.w.org\/{rel}","templated":true}]}}