{"id":171223,"date":"2025-12-09T14:29:38","date_gmt":"2025-12-09T13:29:38","guid":{"rendered":"https:\/\/evupre.com\/?post_type=product&#038;p=171223"},"modified":"2026-02-03T11:41:39","modified_gmt":"2026-02-03T10:41:39","slug":"weekender","status":"publish","type":"product","link":"https:\/\/evupre.com\/fr\/produkt\/weekender\/","title":{"rendered":"Weekender"},"content":{"rendered":"<div class=\"wpb-content-wrapper\">[vc_row][vc_column][vc_column_text text_lead=&#8221;small&#8221; uncode_shortcode_id=&#8221;148531&#8243;]Unser Weekender ist nicht nur praktisch, sondern auch sehr fesch. Mit einer <strong>Zip-Au\u00dfentasche<\/strong> sowie mehreren <strong>Innen-F\u00e4chern<\/strong> und <strong>40 Liter Volumen<\/strong> bietet er Euch gen\u00fcgend Platz f\u00fcr Eure Trainingskleidung oder die W\u00e4sche f\u00fcr eine Wochenendausfahrt im Achter oder mit dem Cabrio. Das robuste PVC-Material und die Riemen aus Autogurt-Material machen den Weekender zu einem langlebigen Begleiter.[\/vc_column_text][\/vc_column][\/vc_row]\n<\/div>","protected":false},"excerpt":{"rendered":"<ul>\n<li>Robustes PVC-Material<\/li>\n<li>40 Liter Fassungsvolumen<\/li>\n<li>Zip-F\u00e4cher innen und au\u00dfen<\/li>\n<li>Robuste Riemen und Hauptzip<\/li>\n<\/ul>\n","protected":false},"featured_media":166090,"comment_status":"open","ping_status":"closed","template":"","meta":{"_acf_changed":false},"product_brand":[],"product_cat":[288,1871,1342,1879],"product_tag":[1005,1004],"class_list":{"0":"post-171223","1":"product","2":"type-product","3":"status-publish","4":"has-post-thumbnail","6":"product_cat-herren","7":"product_cat-accessoires-herren","8":"product_cat-damen","9":"product_cat-accessoires-damen","10":"product_tag-men","11":"product_tag-women","12":"product_shipping_class-clubversand-individualzahlung","13":"tm-no-options","15":"first","16":"instock","17":"taxable","18":"shipping-taxable","19":"purchasable","20":"product-type-simple","21":"wpzoom-wc-spi-has-enabled"},"supplier_id":null,"supplier_sku":"","barcode":null,"atum_controlled":true,"out_stock_date":null,"out_stock_threshold":null,"inheritable":false,"inbound_stock":0,"stock_on_hold":0,"sold_today":0,"sales_last_days":0,"reserved_stock":0,"customer_returns":0,"warehouse_damage":0,"lost_in_post":0,"other_logs":0,"out_stock_days":0,"lost_sales":0,"has_location":false,"update_date":"2026-05-13T09:30:11","atum_locations":[],"atum_stock_status":"instock","restock_status":false,"low_stock_amount":"","sales_update_date":"2026-05-13T09:30:11","calc_backorders":null,"mi_inventories":[21210],"multi_inventory":"global","inventory_sorting_mode":"global","inventory_iteration":"global","expirable_inventories":"global","price_per_inventory":"global","show_write_off_inventories":"global","selectable_inventories":"global","selectable_inventories_mode":"global","acf":[],"yoast_head":"<!-- This site is optimized with the Yoast SEO Premium plugin v23.0 (Yoast SEO v26.6) - https:\/\/yoast.com\/wordpress\/plugins\/seo\/ -->\n<title>Weekender - EVUPRE<\/title>\n<meta name=\"description\" content=\"Weekender Bag \u25ba Sporttasche mit 40 L Volumen, Zip-Au\u00dfentasche und Innenf\u00e4chern. Robustes PVC und Autogurt-Riemen. Perfekt f\u00fcr Training und Wochenendtrips.\" \/>\n<meta name=\"robots\" content=\"noindex, follow\" \/>\n<meta property=\"og:locale\" content=\"fr_FR\" \/>\n<meta property=\"og:type\" content=\"article\" \/>\n<meta property=\"og:title\" content=\"Weekender\" \/>\n<meta property=\"og:description\" content=\"Weekender Bag \u25ba Sporttasche mit 40 L Volumen, Zip-Au\u00dfentasche und Innenf\u00e4chern. Robustes PVC und Autogurt-Riemen. Perfekt f\u00fcr Training und Wochenendtrips.\" \/>\n<meta property=\"og:url\" content=\"https:\/\/evupre.com\/fr\/produkt\/weekender\/\" \/>\n<meta property=\"og:site_name\" content=\"EVUPRE\" \/>\n<meta property=\"article:publisher\" content=\"https:\/\/www.facebook.com\/evupre\/\" \/>\n<meta property=\"article:modified_time\" content=\"2026-02-03T10:41:39+00:00\" \/>\n<meta property=\"og:image\" content=\"https:\/\/evupre.com\/wp-content\/uploads\/2025\/12\/knitsweater-and-weekender_w_02.jpg\" \/>\n\t<meta property=\"og:image:width\" content=\"1154\" \/>\n\t<meta property=\"og:image:height\" content=\"1731\" \/>\n\t<meta property=\"og:image:type\" content=\"image\/jpeg\" \/>\n<meta name=\"twitter:card\" content=\"summary_large_image\" \/>\n<meta name=\"twitter:label1\" content=\"Prix\" \/>\n\t<meta name=\"twitter:data1\" content=\"&euro;90,00\" \/>\n\t<meta name=\"twitter:label2\" content=\"Disponibilit\u00e9\" \/>\n\t<meta name=\"twitter:data2\" content=\"En stock\" \/>\n<script type=\"application\/ld+json\" class=\"yoast-schema-graph\">{\"@context\":\"https:\/\/schema.org\",\"@graph\":[{\"@type\":\"WebPage\",\"@id\":\"https:\/\/evupre.com\/fr\/produkt\/weekender\/\",\"url\":\"https:\/\/evupre.com\/fr\/produkt\/weekender\/\",\"name\":\"Weekender - EVUPRE\",\"isPartOf\":{\"@id\":\"https:\/\/evupre.com\/fr\/#website\"},\"primaryImageOfPage\":{\"@id\":\"https:\/\/evupre.com\/fr\/produkt\/weekender\/#primaryimage\"},\"image\":{\"@id\":\"https:\/\/evupre.com\/fr\/produkt\/weekender\/#primaryimage\"},\"thumbnailUrl\":\"https:\/\/evupre.com\/wp-content\/uploads\/2025\/12\/knitsweater-and-weekender_w_02.jpg\",\"datePublished\":\"2025-12-09T13:29:38+00:00\",\"dateModified\":\"2026-02-03T10:41:39+00:00\",\"description\":\"Weekender Bag \u25ba Sporttasche mit 40 L Volumen, Zip-Au\u00dfentasche und Innenf\u00e4chern. Robustes PVC und Autogurt-Riemen. Perfekt f\u00fcr Training und Wochenendtrips.\",\"breadcrumb\":{\"@id\":\"https:\/\/evupre.com\/fr\/produkt\/weekender\/#breadcrumb\"},\"inLanguage\":\"fr-FR\",\"potentialAction\":[{\"@type\":\"ReadAction\",\"target\":[\"https:\/\/evupre.com\/fr\/produkt\/weekender\/\"]}]},{\"@type\":\"ImageObject\",\"inLanguage\":\"fr-FR\",\"@id\":\"https:\/\/evupre.com\/fr\/produkt\/weekender\/#primaryimage\",\"url\":\"https:\/\/evupre.com\/wp-content\/uploads\/2025\/12\/knitsweater-and-weekender_w_02.jpg\",\"contentUrl\":\"https:\/\/evupre.com\/wp-content\/uploads\/2025\/12\/knitsweater-and-weekender_w_02.jpg\",\"width\":1154,\"height\":1731},{\"@type\":\"BreadcrumbList\",\"@id\":\"https:\/\/evupre.com\/fr\/produkt\/weekender\/#breadcrumb\",\"itemListElement\":[{\"@type\":\"ListItem\",\"position\":1,\"name\":\"Home\",\"item\":\"https:\/\/evupre.com\/fr\/home-of-evupre-rowing-clothes\/\"},{\"@type\":\"ListItem\",\"position\":2,\"name\":\"Shop\",\"item\":\"https:\/\/evupre.com\/fr\/__trashed\/\"},{\"@type\":\"ListItem\",\"position\":3,\"name\":\"Weekender\"}]},{\"@type\":\"WebSite\",\"@id\":\"https:\/\/evupre.com\/fr\/#website\",\"url\":\"https:\/\/evupre.com\/fr\/\",\"name\":\"EVUPRE\",\"description\":\"\",\"publisher\":{\"@id\":\"https:\/\/evupre.com\/fr\/#organization\"},\"potentialAction\":[{\"@type\":\"SearchAction\",\"target\":{\"@type\":\"EntryPoint\",\"urlTemplate\":\"https:\/\/evupre.com\/fr\/?s={search_term_string}\"},\"query-input\":{\"@type\":\"PropertyValueSpecification\",\"valueRequired\":true,\"valueName\":\"search_term_string\"}}],\"inLanguage\":\"fr-FR\"},{\"@type\":\"Organization\",\"@id\":\"https:\/\/evupre.com\/fr\/#organization\",\"name\":\"EVUPRE\",\"url\":\"https:\/\/evupre.com\/fr\/\",\"logo\":{\"@type\":\"ImageObject\",\"inLanguage\":\"fr-FR\",\"@id\":\"https:\/\/evupre.com\/fr\/#\/schema\/logo\/image\/\",\"url\":\"https:\/\/evupre.com\/wp-content\/uploads\/2020\/04\/Evupre-1.png\",\"contentUrl\":\"https:\/\/evupre.com\/wp-content\/uploads\/2020\/04\/Evupre-1.png\",\"width\":300,\"height\":39,\"caption\":\"EVUPRE\"},\"image\":{\"@id\":\"https:\/\/evupre.com\/fr\/#\/schema\/logo\/image\/\"},\"sameAs\":[\"https:\/\/www.facebook.com\/evupre\/\",\"https:\/\/www.instagram.com\/evupre_performance_rowing\/\"]}]}<\/script>\n<meta property=\"product:price:amount\" content=\"90.00\" \/>\n<meta property=\"product:price:currency\" content=\"EUR\" \/>\n<meta property=\"og:availability\" content=\"instock\" \/>\n<meta property=\"product:availability\" content=\"instock\" \/>\n<meta property=\"product:condition\" content=\"new\" \/>\n<!-- \/ Yoast SEO Premium plugin. -->","yoast_head_json":{"title":"Weekender - EVUPRE","description":"Weekender Bag \u25ba Sporttasche mit 40 L Volumen, Zip-Au\u00dfentasche und Innenf\u00e4chern. Robustes PVC und Autogurt-Riemen. Perfekt f\u00fcr Training und Wochenendtrips.","robots":{"index":"noindex","follow":"follow"},"og_locale":"fr_FR","og_type":"article","og_title":"Weekender","og_description":"Weekender Bag \u25ba Sporttasche mit 40 L Volumen, Zip-Au\u00dfentasche und Innenf\u00e4chern. Robustes PVC und Autogurt-Riemen. Perfekt f\u00fcr Training und Wochenendtrips.","og_url":"https:\/\/evupre.com\/fr\/produkt\/weekender\/","og_site_name":"EVUPRE","article_publisher":"https:\/\/www.facebook.com\/evupre\/","article_modified_time":"2026-02-03T10:41:39+00:00","og_image":[{"width":1154,"height":1731,"url":"https:\/\/evupre.com\/wp-content\/uploads\/2025\/12\/knitsweater-and-weekender_w_02.jpg","type":"image\/jpeg"}],"twitter_card":"summary_large_image","twitter_misc":{"Prix":"&euro;90,00","Disponibilit\u00e9":"En stock"},"schema":{"@context":"https:\/\/schema.org","@graph":[{"@type":"WebPage","@id":"https:\/\/evupre.com\/fr\/produkt\/weekender\/","url":"https:\/\/evupre.com\/fr\/produkt\/weekender\/","name":"Weekender - EVUPRE","isPartOf":{"@id":"https:\/\/evupre.com\/fr\/#website"},"primaryImageOfPage":{"@id":"https:\/\/evupre.com\/fr\/produkt\/weekender\/#primaryimage"},"image":{"@id":"https:\/\/evupre.com\/fr\/produkt\/weekender\/#primaryimage"},"thumbnailUrl":"https:\/\/evupre.com\/wp-content\/uploads\/2025\/12\/knitsweater-and-weekender_w_02.jpg","datePublished":"2025-12-09T13:29:38+00:00","dateModified":"2026-02-03T10:41:39+00:00","description":"Weekender Bag \u25ba Sporttasche mit 40 L Volumen, Zip-Au\u00dfentasche und Innenf\u00e4chern. Robustes PVC und Autogurt-Riemen. Perfekt f\u00fcr Training und Wochenendtrips.","breadcrumb":{"@id":"https:\/\/evupre.com\/fr\/produkt\/weekender\/#breadcrumb"},"inLanguage":"fr-FR","potentialAction":[{"@type":"ReadAction","target":["https:\/\/evupre.com\/fr\/produkt\/weekender\/"]}]},{"@type":"ImageObject","inLanguage":"fr-FR","@id":"https:\/\/evupre.com\/fr\/produkt\/weekender\/#primaryimage","url":"https:\/\/evupre.com\/wp-content\/uploads\/2025\/12\/knitsweater-and-weekender_w_02.jpg","contentUrl":"https:\/\/evupre.com\/wp-content\/uploads\/2025\/12\/knitsweater-and-weekender_w_02.jpg","width":1154,"height":1731},{"@type":"BreadcrumbList","@id":"https:\/\/evupre.com\/fr\/produkt\/weekender\/#breadcrumb","itemListElement":[{"@type":"ListItem","position":1,"name":"Home","item":"https:\/\/evupre.com\/fr\/home-of-evupre-rowing-clothes\/"},{"@type":"ListItem","position":2,"name":"Shop","item":"https:\/\/evupre.com\/fr\/__trashed\/"},{"@type":"ListItem","position":3,"name":"Weekender"}]},{"@type":"WebSite","@id":"https:\/\/evupre.com\/fr\/#website","url":"https:\/\/evupre.com\/fr\/","name":"EVUPRE","description":"","publisher":{"@id":"https:\/\/evupre.com\/fr\/#organization"},"potentialAction":[{"@type":"SearchAction","target":{"@type":"EntryPoint","urlTemplate":"https:\/\/evupre.com\/fr\/?s={search_term_string}"},"query-input":{"@type":"PropertyValueSpecification","valueRequired":true,"valueName":"search_term_string"}}],"inLanguage":"fr-FR"},{"@type":"Organization","@id":"https:\/\/evupre.com\/fr\/#organization","name":"EVUPRE","url":"https:\/\/evupre.com\/fr\/","logo":{"@type":"ImageObject","inLanguage":"fr-FR","@id":"https:\/\/evupre.com\/fr\/#\/schema\/logo\/image\/","url":"https:\/\/evupre.com\/wp-content\/uploads\/2020\/04\/Evupre-1.png","contentUrl":"https:\/\/evupre.com\/wp-content\/uploads\/2020\/04\/Evupre-1.png","width":300,"height":39,"caption":"EVUPRE"},"image":{"@id":"https:\/\/evupre.com\/fr\/#\/schema\/logo\/image\/"},"sameAs":["https:\/\/www.facebook.com\/evupre\/","https:\/\/www.instagram.com\/evupre_performance_rowing\/"]}]},"product_price_amount":"90.00","product_price_currency":"EUR","og_availability":"instock","product_availability":"instock","product_condition":"new"},"_links":{"self":[{"href":"https:\/\/evupre.com\/fr\/wp-json\/wp\/v2\/product\/171223","targetHints":{"allow":["GET"]}}],"collection":[{"href":"https:\/\/evupre.com\/fr\/wp-json\/wp\/v2\/product"}],"about":[{"href":"https:\/\/evupre.com\/fr\/wp-json\/wp\/v2\/types\/product"}],"replies":[{"embeddable":true,"href":"https:\/\/evupre.com\/fr\/wp-json\/wp\/v2\/comments?post=171223"}],"wp:featuredmedia":[{"embeddable":true,"href":"https:\/\/evupre.com\/fr\/wp-json\/wp\/v2\/media\/166090"}],"wp:attachment":[{"href":"https:\/\/evupre.com\/fr\/wp-json\/wp\/v2\/media?parent=171223"}],"wp:term":[{"taxonomy":"product_brand","embeddable":true,"href":"https:\/\/evupre.com\/fr\/wp-json\/wp\/v2\/product_brand?post=171223"},{"taxonomy":"product_cat","embeddable":true,"href":"https:\/\/evupre.com\/fr\/wp-json\/wp\/v2\/product_cat?post=171223"},{"taxonomy":"product_tag","embeddable":true,"href":"https:\/\/evupre.com\/fr\/wp-json\/wp\/v2\/product_tag?post=171223"}],"curies":[{"name":"wp","href":"https:\/\/api.w.org\/{rel}","templated":true}]}}