{"id":170866,"date":"2025-12-09T14:24:25","date_gmt":"2025-12-09T13:24:25","guid":{"rendered":"https:\/\/evupre.com\/?post_type=product&#038;p=170866"},"modified":"2026-04-15T10:04:33","modified_gmt":"2026-04-15T08:04:33","slug":"protect-anorak-3-0","status":"publish","type":"product","link":"https:\/\/evupre.com\/fr\/produkt\/protect-anorak-3-0\/","title":{"rendered":"Protect Anorak 3.0"},"content":{"rendered":"<div class=\"wpb-content-wrapper\">[vc_row][vc_column][vc_column_text text_lead=&#8221;small&#8221; uncode_shortcode_id=&#8221;198712&#8243;]Mit dem <strong>Protect Anorak 3.0<\/strong> geht\u2019s auch bei Dauerregen aufs Wasser \u2013 egal ob f\u00fcr harte <strong>Trainingseinheiten<\/strong> oder <strong>gem\u00fctliche Ausfahrten<\/strong> in der \u00dcbergangszeit und im Winter. Diese <strong>wasserdichte Ruderjacke<\/strong> bewegt sich flexibel mit dir mit und f\u00fchlt sich auch bei hoher Schlagzahl wie eine sch\u00fctzende zweite Haut an.<\/p>\n<p>Die hochwertige Performance-Membran bietet starken Wetterschutz mit <strong>10.000 mm Wassers\u00e4ule<\/strong>, bleibt atmungsaktiv und ist durch ihre Dehnbarkeit perfekt f\u00fcr jede Ruderbewegung. Mit nur <strong>300 g<\/strong> ist die Jacke angenehm leicht \u2013 auch bei langen Einheiten und Ausfahrten.<\/p>\n<p>Durchdachte Features machen den <strong>Protect Anorak 3.0<\/strong> besonders funktional: Der <strong>seitliche Zwei-Wege-Rei\u00dfverschluss<\/strong> unterst\u00fctzt die Bel\u00fcftung und erm\u00f6glicht ein schnelles, unkompliziertes An- und Ausziehen im Boot. Das <strong>Mesh-Innenfutter<\/strong> verhindert, dass der Stoff auf nackter Haut klebt. Ein hoher Kragen mit Zugkordel sch\u00fctzt zus\u00e4tzlich vor Wind.<\/p>\n<p>Smartphone oder Schl\u00fcssel finden Platz in der Brusttasche, w\u00e4hrend der verl\u00e4ngerte R\u00fccken und lange \u00c4rmel zuverl\u00e4ssig in der Auslage sch\u00fctzen. Dank Stretch im Bauch- und H\u00fcftbereich passt sich diese <strong>Unisex-Jacke zum Rudern<\/strong> unterschiedlichen K\u00f6rperformen komfortabel an.[\/vc_column_text][\/vc_column][\/vc_row]\n<\/div>","protected":false},"excerpt":{"rendered":"<ul>\n<li>Minimales Packvolumen und Gewicht von nur 300g<\/li>\n<li style=\"font-size: 16px;\">Wasserdicht bis 10.000mm, abgeklebte N\u00e4hte<\/li>\n<li style=\"font-size: 16px;\">Windfest und dehnbar<\/li>\n<li style=\"font-size: 16px;\">Atmungsaktiv bis 10.000g\/m\u00b2\/24h<\/li>\n<li>Schlanke Taille, breite Schultern, unisex<\/li>\n<li>Flexibles Material und angepasste Naht im H\u00fcftbereich<\/li>\n<\/ul>\n","protected":false},"featured_media":164554,"comment_status":"open","ping_status":"closed","template":"","meta":{"_acf_changed":false},"product_brand":[],"product_cat":[288,1867,1342,1875],"product_tag":[],"class_list":{"0":"post-170866","1":"product","2":"type-product","3":"status-publish","4":"has-post-thumbnail","6":"product_cat-herren","7":"product_cat-jacken-und-westen-herren","8":"product_cat-damen","9":"product_cat-jacken-und-westen-damen","10":"tm-no-options","12":"first","13":"instock","14":"featured","15":"taxable","16":"shipping-taxable","17":"purchasable","18":"product-type-variable","19":"wpzoom-wc-spi-has-enabled"},"supplier_id":null,"supplier_sku":"","barcode":null,"atum_controlled":true,"out_stock_date":null,"out_stock_threshold":null,"inheritable":true,"inbound_stock":0,"stock_on_hold":0,"sold_today":0,"sales_last_days":0,"reserved_stock":0,"customer_returns":0,"warehouse_damage":0,"lost_in_post":0,"other_logs":0,"out_stock_days":0,"lost_sales":0,"has_location":false,"update_date":"2026-04-17T07:36:29","atum_locations":[],"atum_stock_status":"instock","restock_status":false,"low_stock_amount":"","sales_update_date":"2026-04-17T07:36:29","calc_backorders":null,"mi_inventories":[],"multi_inventory":"no","inventory_sorting_mode":"global","inventory_iteration":"global","expirable_inventories":"global","price_per_inventory":"global","show_write_off_inventories":"global","selectable_inventories":"global","selectable_inventories_mode":"global","acf":[],"yoast_head":"<!-- This site is optimized with the Yoast SEO Premium plugin v23.0 (Yoast SEO v26.6) - https:\/\/yoast.com\/wordpress\/plugins\/seo\/ -->\n<title>Ruderjacke Protect Anorak 3.0 - EVUPRE<\/title>\n<meta name=\"description\" content=\"Wasserdichte Ruderjacke mit optimaler Passform zum Rudern \u25ba Schutz vor Wind und Regen, in Brusttasche verstaubar, 1\/3 Zip und Unisex-Schnitt\" \/>\n<meta name=\"robots\" content=\"index, follow, max-snippet:-1, max-image-preview:large, max-video-preview:-1\" \/>\n<link rel=\"canonical\" href=\"https:\/\/evupre.com\/fr\/produkt\/protect-anorak-3-0\/\" \/>\n<meta property=\"og:locale\" content=\"fr_FR\" \/>\n<meta property=\"og:type\" content=\"article\" \/>\n<meta property=\"og:title\" content=\"Protect Anorak 3.0\" \/>\n<meta property=\"og:description\" content=\"Wasserdichte Ruderjacke mit optimaler Passform zum Rudern \u25ba Schutz vor Wind und Regen, in Brusttasche verstaubar, 1\/3 Zip und Unisex-Schnitt\" \/>\n<meta property=\"og:url\" content=\"https:\/\/evupre.com\/fr\/produkt\/protect-anorak-3-0\/\" \/>\n<meta property=\"og:site_name\" content=\"EVUPRE\" \/>\n<meta property=\"article:publisher\" content=\"https:\/\/www.facebook.com\/evupre\/\" \/>\n<meta property=\"article:modified_time\" content=\"2026-04-15T08:04:33+00:00\" \/>\n<meta property=\"og:image\" content=\"https:\/\/evupre.com\/wp-content\/uploads\/2025\/12\/IMG_7133-scaled-e1699353649723.jpg\" \/>\n\t<meta property=\"og:image:width\" content=\"1319\" \/>\n\t<meta property=\"og:image:height\" content=\"1319\" \/>\n\t<meta property=\"og:image:type\" content=\"image\/jpeg\" \/>\n<meta name=\"twitter:card\" content=\"summary_large_image\" \/>\n<meta name=\"twitter:label1\" content=\"Disponibilit\u00e9\" \/>\n\t<meta name=\"twitter:data1\" content=\"En stock\" \/>\n<script type=\"application\/ld+json\" class=\"yoast-schema-graph\">{\"@context\":\"https:\/\/schema.org\",\"@graph\":[{\"@type\":\"WebPage\",\"@id\":\"https:\/\/evupre.com\/fr\/produkt\/protect-anorak-3-0\/\",\"url\":\"https:\/\/evupre.com\/fr\/produkt\/protect-anorak-3-0\/\",\"name\":\"Ruderjacke Protect Anorak 3.0 - EVUPRE\",\"isPartOf\":{\"@id\":\"https:\/\/evupre.com\/fr\/#website\"},\"primaryImageOfPage\":{\"@id\":\"https:\/\/evupre.com\/fr\/produkt\/protect-anorak-3-0\/#primaryimage\"},\"image\":{\"@id\":\"https:\/\/evupre.com\/fr\/produkt\/protect-anorak-3-0\/#primaryimage\"},\"thumbnailUrl\":\"https:\/\/evupre.com\/wp-content\/uploads\/2025\/12\/IMG_7133-scaled-e1699353649723.jpg\",\"datePublished\":\"2025-12-09T13:24:25+00:00\",\"dateModified\":\"2026-04-15T08:04:33+00:00\",\"description\":\"Wasserdichte Ruderjacke mit optimaler Passform zum Rudern \u25ba Schutz vor Wind und Regen, in Brusttasche verstaubar, 1\/3 Zip und Unisex-Schnitt\",\"breadcrumb\":{\"@id\":\"https:\/\/evupre.com\/fr\/produkt\/protect-anorak-3-0\/#breadcrumb\"},\"inLanguage\":\"fr-FR\",\"potentialAction\":[{\"@type\":\"ReadAction\",\"target\":[\"https:\/\/evupre.com\/fr\/produkt\/protect-anorak-3-0\/\"]}]},{\"@type\":\"ImageObject\",\"inLanguage\":\"fr-FR\",\"@id\":\"https:\/\/evupre.com\/fr\/produkt\/protect-anorak-3-0\/#primaryimage\",\"url\":\"https:\/\/evupre.com\/wp-content\/uploads\/2025\/12\/IMG_7133-scaled-e1699353649723.jpg\",\"contentUrl\":\"https:\/\/evupre.com\/wp-content\/uploads\/2025\/12\/IMG_7133-scaled-e1699353649723.jpg\",\"width\":1319,\"height\":1319},{\"@type\":\"BreadcrumbList\",\"@id\":\"https:\/\/evupre.com\/fr\/produkt\/protect-anorak-3-0\/#breadcrumb\",\"itemListElement\":[{\"@type\":\"ListItem\",\"position\":1,\"name\":\"Home\",\"item\":\"https:\/\/evupre.com\/fr\/home-of-evupre-rowing-clothes\/\"},{\"@type\":\"ListItem\",\"position\":2,\"name\":\"Shop\",\"item\":\"https:\/\/evupre.com\/fr\/__trashed\/\"},{\"@type\":\"ListItem\",\"position\":3,\"name\":\"Protect Anorak 3.0\"}]},{\"@type\":\"WebSite\",\"@id\":\"https:\/\/evupre.com\/fr\/#website\",\"url\":\"https:\/\/evupre.com\/fr\/\",\"name\":\"EVUPRE\",\"description\":\"\",\"publisher\":{\"@id\":\"https:\/\/evupre.com\/fr\/#organization\"},\"potentialAction\":[{\"@type\":\"SearchAction\",\"target\":{\"@type\":\"EntryPoint\",\"urlTemplate\":\"https:\/\/evupre.com\/fr\/?s={search_term_string}\"},\"query-input\":{\"@type\":\"PropertyValueSpecification\",\"valueRequired\":true,\"valueName\":\"search_term_string\"}}],\"inLanguage\":\"fr-FR\"},{\"@type\":\"Organization\",\"@id\":\"https:\/\/evupre.com\/fr\/#organization\",\"name\":\"EVUPRE\",\"url\":\"https:\/\/evupre.com\/fr\/\",\"logo\":{\"@type\":\"ImageObject\",\"inLanguage\":\"fr-FR\",\"@id\":\"https:\/\/evupre.com\/fr\/#\/schema\/logo\/image\/\",\"url\":\"https:\/\/evupre.com\/wp-content\/uploads\/2020\/04\/Evupre-1.png\",\"contentUrl\":\"https:\/\/evupre.com\/wp-content\/uploads\/2020\/04\/Evupre-1.png\",\"width\":300,\"height\":39,\"caption\":\"EVUPRE\"},\"image\":{\"@id\":\"https:\/\/evupre.com\/fr\/#\/schema\/logo\/image\/\"},\"sameAs\":[\"https:\/\/www.facebook.com\/evupre\/\",\"https:\/\/www.instagram.com\/evupre_performance_rowing\/\"]}]}<\/script>\n<meta property=\"og:availability\" content=\"instock\" \/>\n<meta property=\"product:availability\" content=\"instock\" \/>\n<meta property=\"product:condition\" content=\"new\" \/>\n<!-- \/ Yoast SEO Premium plugin. -->","yoast_head_json":{"title":"Ruderjacke Protect Anorak 3.0 - EVUPRE","description":"Wasserdichte Ruderjacke mit optimaler Passform zum Rudern \u25ba Schutz vor Wind und Regen, in Brusttasche verstaubar, 1\/3 Zip und Unisex-Schnitt","robots":{"index":"index","follow":"follow","max-snippet":"max-snippet:-1","max-image-preview":"max-image-preview:large","max-video-preview":"max-video-preview:-1"},"canonical":"https:\/\/evupre.com\/fr\/produkt\/protect-anorak-3-0\/","og_locale":"fr_FR","og_type":"article","og_title":"Protect Anorak 3.0","og_description":"Wasserdichte Ruderjacke mit optimaler Passform zum Rudern \u25ba Schutz vor Wind und Regen, in Brusttasche verstaubar, 1\/3 Zip und Unisex-Schnitt","og_url":"https:\/\/evupre.com\/fr\/produkt\/protect-anorak-3-0\/","og_site_name":"EVUPRE","article_publisher":"https:\/\/www.facebook.com\/evupre\/","article_modified_time":"2026-04-15T08:04:33+00:00","og_image":[{"width":1319,"height":1319,"url":"https:\/\/evupre.com\/wp-content\/uploads\/2025\/12\/IMG_7133-scaled-e1699353649723.jpg","type":"image\/jpeg"}],"twitter_card":"summary_large_image","twitter_misc":{"Disponibilit\u00e9":"En stock"},"schema":{"@context":"https:\/\/schema.org","@graph":[{"@type":"WebPage","@id":"https:\/\/evupre.com\/fr\/produkt\/protect-anorak-3-0\/","url":"https:\/\/evupre.com\/fr\/produkt\/protect-anorak-3-0\/","name":"Ruderjacke Protect Anorak 3.0 - EVUPRE","isPartOf":{"@id":"https:\/\/evupre.com\/fr\/#website"},"primaryImageOfPage":{"@id":"https:\/\/evupre.com\/fr\/produkt\/protect-anorak-3-0\/#primaryimage"},"image":{"@id":"https:\/\/evupre.com\/fr\/produkt\/protect-anorak-3-0\/#primaryimage"},"thumbnailUrl":"https:\/\/evupre.com\/wp-content\/uploads\/2025\/12\/IMG_7133-scaled-e1699353649723.jpg","datePublished":"2025-12-09T13:24:25+00:00","dateModified":"2026-04-15T08:04:33+00:00","description":"Wasserdichte Ruderjacke mit optimaler Passform zum Rudern \u25ba Schutz vor Wind und Regen, in Brusttasche verstaubar, 1\/3 Zip und Unisex-Schnitt","breadcrumb":{"@id":"https:\/\/evupre.com\/fr\/produkt\/protect-anorak-3-0\/#breadcrumb"},"inLanguage":"fr-FR","potentialAction":[{"@type":"ReadAction","target":["https:\/\/evupre.com\/fr\/produkt\/protect-anorak-3-0\/"]}]},{"@type":"ImageObject","inLanguage":"fr-FR","@id":"https:\/\/evupre.com\/fr\/produkt\/protect-anorak-3-0\/#primaryimage","url":"https:\/\/evupre.com\/wp-content\/uploads\/2025\/12\/IMG_7133-scaled-e1699353649723.jpg","contentUrl":"https:\/\/evupre.com\/wp-content\/uploads\/2025\/12\/IMG_7133-scaled-e1699353649723.jpg","width":1319,"height":1319},{"@type":"BreadcrumbList","@id":"https:\/\/evupre.com\/fr\/produkt\/protect-anorak-3-0\/#breadcrumb","itemListElement":[{"@type":"ListItem","position":1,"name":"Home","item":"https:\/\/evupre.com\/fr\/home-of-evupre-rowing-clothes\/"},{"@type":"ListItem","position":2,"name":"Shop","item":"https:\/\/evupre.com\/fr\/__trashed\/"},{"@type":"ListItem","position":3,"name":"Protect Anorak 3.0"}]},{"@type":"WebSite","@id":"https:\/\/evupre.com\/fr\/#website","url":"https:\/\/evupre.com\/fr\/","name":"EVUPRE","description":"","publisher":{"@id":"https:\/\/evupre.com\/fr\/#organization"},"potentialAction":[{"@type":"SearchAction","target":{"@type":"EntryPoint","urlTemplate":"https:\/\/evupre.com\/fr\/?s={search_term_string}"},"query-input":{"@type":"PropertyValueSpecification","valueRequired":true,"valueName":"search_term_string"}}],"inLanguage":"fr-FR"},{"@type":"Organization","@id":"https:\/\/evupre.com\/fr\/#organization","name":"EVUPRE","url":"https:\/\/evupre.com\/fr\/","logo":{"@type":"ImageObject","inLanguage":"fr-FR","@id":"https:\/\/evupre.com\/fr\/#\/schema\/logo\/image\/","url":"https:\/\/evupre.com\/wp-content\/uploads\/2020\/04\/Evupre-1.png","contentUrl":"https:\/\/evupre.com\/wp-content\/uploads\/2020\/04\/Evupre-1.png","width":300,"height":39,"caption":"EVUPRE"},"image":{"@id":"https:\/\/evupre.com\/fr\/#\/schema\/logo\/image\/"},"sameAs":["https:\/\/www.facebook.com\/evupre\/","https:\/\/www.instagram.com\/evupre_performance_rowing\/"]}]},"og_availability":"instock","product_availability":"instock","product_condition":"new"},"_links":{"self":[{"href":"https:\/\/evupre.com\/fr\/wp-json\/wp\/v2\/product\/170866","targetHints":{"allow":["GET"]}}],"collection":[{"href":"https:\/\/evupre.com\/fr\/wp-json\/wp\/v2\/product"}],"about":[{"href":"https:\/\/evupre.com\/fr\/wp-json\/wp\/v2\/types\/product"}],"replies":[{"embeddable":true,"href":"https:\/\/evupre.com\/fr\/wp-json\/wp\/v2\/comments?post=170866"}],"wp:featuredmedia":[{"embeddable":true,"href":"https:\/\/evupre.com\/fr\/wp-json\/wp\/v2\/media\/164554"}],"wp:attachment":[{"href":"https:\/\/evupre.com\/fr\/wp-json\/wp\/v2\/media?parent=170866"}],"wp:term":[{"taxonomy":"product_brand","embeddable":true,"href":"https:\/\/evupre.com\/fr\/wp-json\/wp\/v2\/product_brand?post=170866"},{"taxonomy":"product_cat","embeddable":true,"href":"https:\/\/evupre.com\/fr\/wp-json\/wp\/v2\/product_cat?post=170866"},{"taxonomy":"product_tag","embeddable":true,"href":"https:\/\/evupre.com\/fr\/wp-json\/wp\/v2\/product_tag?post=170866"}],"curies":[{"name":"wp","href":"https:\/\/api.w.org\/{rel}","templated":true}]}}