{"id":168991,"date":"2025-12-09T13:46:42","date_gmt":"2025-12-09T12:46:42","guid":{"rendered":"https:\/\/evupre.com\/?post_type=product&#038;p=168991"},"modified":"2026-02-04T11:41:58","modified_gmt":"2026-02-04T10:41:58","slug":"pro-einteiler-vienna-damen","status":"publish","type":"product","link":"https:\/\/evupre.com\/fr\/produkt\/pro-einteiler-vienna-damen\/","title":{"rendered":"Pro Einteiler Vienna Damen"},"content":{"rendered":"<div class=\"wpb-content-wrapper\">[vc_row][vc_column][vc_column_text text_lead=&#8221;small&#8221; uncode_shortcode_id=&#8221;178917&#8243;]Vienna calling \u2013 Falco im Ohr. Wien, auf der Alten Donau, der Homebase of EVUPRE: Das <strong>Vienna Design<\/strong> ist unser Tribut an die Stadt, in der 1991 die Weltmeisterschaft stattfand. Hier sind wir zuhause, hier sind wir alle von EVUPRE viele Kilometer gerudert, haben trainiert wie verr\u00fcckt. Farblich gehen wir in Richtung Sky Blue \u2013 wie der sch\u00f6ne, wolkenlose Himmel \u00fcber Wien.<\/p>\n<p>Unsere\u00a0<strong>Pro Einteiler<\/strong> bestehen aus schnelltrocknenden, leichten und hochelastischen Stoffen aus Lycra und Polyester, die optimale Beweglichkeit bei jedem Tempo garantieren. Im Sitzbereich sorgt eine nahtfreie Verarbeitung mit doppelter Stofflage f\u00fcr angenehmen Tragekomfort. Der verst\u00e4rkte Stoff an R\u00fccken und Vorderseite des Unterteils ist eingef\u00e4rbt und besonders abriebfest \u2013 so bleibt der Einteiler lange formsch\u00f6n. Die Mesh-Seitenpaneele an beiden Seiten des Oberteils sorgen f\u00fcr effiziente Bel\u00fcftung und schnelle K\u00fchlung. Elastische Beinabschl\u00fcsse gew\u00e4hrleisten einen sicheren, rutschfesten Sitz.<\/p>\n<p>Das\u00a0<strong>Damenmodell<\/strong>\u00a0zeichnet sich durch eine V-f\u00f6rmige Naht zwischen Ober- und Unterteil aus, die eine sch\u00f6ne Taillenform betont. Der sportliche R\u00fcckenausschnitt l\u00e4sst die Schulterbl\u00e4tter frei. Im Brustbereich werden zwei Stoffschichten verarbeitet, um Blickdichtheit zu garantieren.[\/vc_column_text][\/vc_column][\/vc_row]\n<\/div>","protected":false},"excerpt":{"rendered":"<ul>\n<li class=\"whitespace-normal break-words\">Performance-Einteiler mit Mesh-Seitenpaneelen f\u00fcr optimale Bel\u00fcftung<\/li>\n<li class=\"whitespace-normal break-words\">Schnelltrocknende Lycra- und Polyester-Stoffe<\/li>\n<li class=\"whitespace-normal break-words\">Nahtfreier Sitzbereich mit doppelter Lycra-Schicht<\/li>\n<li>Insert im Brustbereich f\u00fcr Blickschutz und Komfort<\/li>\n<li class=\"whitespace-normal break-words\">Oberteil in Hellblau, Hose in Schwarz<\/li>\n<\/ul>\n","protected":false},"featured_media":161732,"comment_status":"open","ping_status":"closed","template":"","meta":{"_acf_changed":false},"product_brand":[],"product_cat":[1342,1881,1940],"product_tag":[1004],"class_list":{"0":"post-168991","1":"product","2":"type-product","3":"status-publish","4":"has-post-thumbnail","6":"product_cat-damen","7":"product_cat-sale-damen","8":"product_cat-einteiler-damen","9":"product_tag-women","10":"pa_style-women","11":"tm-no-options","13":"first","14":"instock","15":"sale","16":"featured","17":"taxable","18":"shipping-taxable","19":"purchasable","20":"product-type-variable","21":"wpzoom-wc-spi-has-enabled"},"supplier_id":null,"supplier_sku":"","barcode":null,"atum_controlled":true,"out_stock_date":null,"out_stock_threshold":null,"inheritable":true,"inbound_stock":0,"stock_on_hold":0,"sold_today":0,"sales_last_days":0,"reserved_stock":0,"customer_returns":0,"warehouse_damage":0,"lost_in_post":0,"other_logs":0,"out_stock_days":0,"lost_sales":0,"has_location":false,"update_date":"2026-04-17T07:36:30","atum_locations":[],"atum_stock_status":"instock","restock_status":false,"low_stock_amount":"","sales_update_date":"2026-04-17T07:36:30","calc_backorders":null,"mi_inventories":[],"multi_inventory":"no","inventory_sorting_mode":"global","inventory_iteration":"global","expirable_inventories":"global","price_per_inventory":"global","show_write_off_inventories":"global","selectable_inventories":"global","selectable_inventories_mode":"global","acf":[],"yoast_head":"<!-- This site is optimized with the Yoast SEO Premium plugin v23.0 (Yoast SEO v26.6) - https:\/\/yoast.com\/wordpress\/plugins\/seo\/ -->\n<title>Pro Einteiler Vienna Damen - EVUPRE Rudereinteiler<\/title>\n<meta name=\"description\" content=\"Performance Rudereinteiler Vienna \u25ba Schnell trocknend, atmungsaktiv und dehnbar, mit nahtfreiem Sitzbereich f\u00fcr hohen Tragekomfort.\" \/>\n<meta name=\"robots\" content=\"index, follow, max-snippet:-1, max-image-preview:large, max-video-preview:-1\" \/>\n<link rel=\"canonical\" href=\"https:\/\/evupre.com\/fr\/produkt\/pro-einteiler-vienna-damen\/\" \/>\n<meta property=\"og:locale\" content=\"fr_FR\" \/>\n<meta property=\"og:type\" content=\"article\" \/>\n<meta property=\"og:title\" content=\"Pro Einteiler Vienna Damen\" \/>\n<meta property=\"og:description\" content=\"Performance Rudereinteiler Vienna \u25ba Schnell trocknend, atmungsaktiv und dehnbar, mit nahtfreiem Sitzbereich f\u00fcr hohen Tragekomfort.\" \/>\n<meta property=\"og:url\" content=\"https:\/\/evupre.com\/fr\/produkt\/pro-einteiler-vienna-damen\/\" \/>\n<meta property=\"og:site_name\" content=\"EVUPRE\" \/>\n<meta property=\"article:publisher\" content=\"https:\/\/www.facebook.com\/evupre\/\" \/>\n<meta property=\"article:modified_time\" content=\"2026-02-04T10:41:58+00:00\" \/>\n<meta property=\"og:image\" content=\"https:\/\/evupre.com\/wp-content\/uploads\/2025\/12\/ProRacerViennaWfront-min-scaled-1.jpg\" \/>\n\t<meta property=\"og:image:width\" content=\"2560\" \/>\n\t<meta property=\"og:image:height\" content=\"2560\" \/>\n\t<meta property=\"og:image:type\" content=\"image\/jpeg\" \/>\n<meta name=\"twitter:card\" content=\"summary_large_image\" \/>\n<meta name=\"twitter:label1\" content=\"Disponibilit\u00e9\" \/>\n\t<meta name=\"twitter:data1\" content=\"En stock\" \/>\n<script type=\"application\/ld+json\" class=\"yoast-schema-graph\">{\"@context\":\"https:\/\/schema.org\",\"@graph\":[{\"@type\":\"WebPage\",\"@id\":\"https:\/\/evupre.com\/fr\/produkt\/pro-einteiler-vienna-damen\/\",\"url\":\"https:\/\/evupre.com\/fr\/produkt\/pro-einteiler-vienna-damen\/\",\"name\":\"Pro Einteiler Vienna Damen - EVUPRE Rudereinteiler\",\"isPartOf\":{\"@id\":\"https:\/\/evupre.com\/fr\/#website\"},\"primaryImageOfPage\":{\"@id\":\"https:\/\/evupre.com\/fr\/produkt\/pro-einteiler-vienna-damen\/#primaryimage\"},\"image\":{\"@id\":\"https:\/\/evupre.com\/fr\/produkt\/pro-einteiler-vienna-damen\/#primaryimage\"},\"thumbnailUrl\":\"https:\/\/evupre.com\/wp-content\/uploads\/2025\/12\/ProRacerViennaWfront-min-scaled-1.jpg\",\"datePublished\":\"2025-12-09T12:46:42+00:00\",\"dateModified\":\"2026-02-04T10:41:58+00:00\",\"description\":\"Performance Rudereinteiler Vienna \u25ba Schnell trocknend, atmungsaktiv und dehnbar, mit nahtfreiem Sitzbereich f\u00fcr hohen Tragekomfort.\",\"breadcrumb\":{\"@id\":\"https:\/\/evupre.com\/fr\/produkt\/pro-einteiler-vienna-damen\/#breadcrumb\"},\"inLanguage\":\"fr-FR\",\"potentialAction\":[{\"@type\":\"ReadAction\",\"target\":[\"https:\/\/evupre.com\/fr\/produkt\/pro-einteiler-vienna-damen\/\"]}]},{\"@type\":\"ImageObject\",\"inLanguage\":\"fr-FR\",\"@id\":\"https:\/\/evupre.com\/fr\/produkt\/pro-einteiler-vienna-damen\/#primaryimage\",\"url\":\"https:\/\/evupre.com\/wp-content\/uploads\/2025\/12\/ProRacerViennaWfront-min-scaled-1.jpg\",\"contentUrl\":\"https:\/\/evupre.com\/wp-content\/uploads\/2025\/12\/ProRacerViennaWfront-min-scaled-1.jpg\",\"width\":2560,\"height\":2560},{\"@type\":\"BreadcrumbList\",\"@id\":\"https:\/\/evupre.com\/fr\/produkt\/pro-einteiler-vienna-damen\/#breadcrumb\",\"itemListElement\":[{\"@type\":\"ListItem\",\"position\":1,\"name\":\"Home\",\"item\":\"https:\/\/evupre.com\/fr\/home-of-evupre-rowing-clothes\/\"},{\"@type\":\"ListItem\",\"position\":2,\"name\":\"Shop\",\"item\":\"https:\/\/evupre.com\/fr\/__trashed\/\"},{\"@type\":\"ListItem\",\"position\":3,\"name\":\"Pro Einteiler Vienna Damen\"}]},{\"@type\":\"WebSite\",\"@id\":\"https:\/\/evupre.com\/fr\/#website\",\"url\":\"https:\/\/evupre.com\/fr\/\",\"name\":\"EVUPRE\",\"description\":\"\",\"publisher\":{\"@id\":\"https:\/\/evupre.com\/fr\/#organization\"},\"potentialAction\":[{\"@type\":\"SearchAction\",\"target\":{\"@type\":\"EntryPoint\",\"urlTemplate\":\"https:\/\/evupre.com\/fr\/?s={search_term_string}\"},\"query-input\":{\"@type\":\"PropertyValueSpecification\",\"valueRequired\":true,\"valueName\":\"search_term_string\"}}],\"inLanguage\":\"fr-FR\"},{\"@type\":\"Organization\",\"@id\":\"https:\/\/evupre.com\/fr\/#organization\",\"name\":\"EVUPRE\",\"url\":\"https:\/\/evupre.com\/fr\/\",\"logo\":{\"@type\":\"ImageObject\",\"inLanguage\":\"fr-FR\",\"@id\":\"https:\/\/evupre.com\/fr\/#\/schema\/logo\/image\/\",\"url\":\"https:\/\/evupre.com\/wp-content\/uploads\/2020\/04\/Evupre-1.png\",\"contentUrl\":\"https:\/\/evupre.com\/wp-content\/uploads\/2020\/04\/Evupre-1.png\",\"width\":300,\"height\":39,\"caption\":\"EVUPRE\"},\"image\":{\"@id\":\"https:\/\/evupre.com\/fr\/#\/schema\/logo\/image\/\"},\"sameAs\":[\"https:\/\/www.facebook.com\/evupre\/\",\"https:\/\/www.instagram.com\/evupre_performance_rowing\/\"]}]}<\/script>\n<meta property=\"og:availability\" content=\"instock\" \/>\n<meta property=\"product:availability\" content=\"instock\" \/>\n<meta property=\"product:condition\" content=\"new\" \/>\n<!-- \/ Yoast SEO Premium plugin. -->","yoast_head_json":{"title":"Pro Einteiler Vienna Damen - EVUPRE Rudereinteiler","description":"Performance Rudereinteiler Vienna \u25ba Schnell trocknend, atmungsaktiv und dehnbar, mit nahtfreiem Sitzbereich f\u00fcr hohen Tragekomfort.","robots":{"index":"index","follow":"follow","max-snippet":"max-snippet:-1","max-image-preview":"max-image-preview:large","max-video-preview":"max-video-preview:-1"},"canonical":"https:\/\/evupre.com\/fr\/produkt\/pro-einteiler-vienna-damen\/","og_locale":"fr_FR","og_type":"article","og_title":"Pro Einteiler Vienna Damen","og_description":"Performance Rudereinteiler Vienna \u25ba Schnell trocknend, atmungsaktiv und dehnbar, mit nahtfreiem Sitzbereich f\u00fcr hohen Tragekomfort.","og_url":"https:\/\/evupre.com\/fr\/produkt\/pro-einteiler-vienna-damen\/","og_site_name":"EVUPRE","article_publisher":"https:\/\/www.facebook.com\/evupre\/","article_modified_time":"2026-02-04T10:41:58+00:00","og_image":[{"width":2560,"height":2560,"url":"https:\/\/evupre.com\/wp-content\/uploads\/2025\/12\/ProRacerViennaWfront-min-scaled-1.jpg","type":"image\/jpeg"}],"twitter_card":"summary_large_image","twitter_misc":{"Disponibilit\u00e9":"En stock"},"schema":{"@context":"https:\/\/schema.org","@graph":[{"@type":"WebPage","@id":"https:\/\/evupre.com\/fr\/produkt\/pro-einteiler-vienna-damen\/","url":"https:\/\/evupre.com\/fr\/produkt\/pro-einteiler-vienna-damen\/","name":"Pro Einteiler Vienna Damen - EVUPRE Rudereinteiler","isPartOf":{"@id":"https:\/\/evupre.com\/fr\/#website"},"primaryImageOfPage":{"@id":"https:\/\/evupre.com\/fr\/produkt\/pro-einteiler-vienna-damen\/#primaryimage"},"image":{"@id":"https:\/\/evupre.com\/fr\/produkt\/pro-einteiler-vienna-damen\/#primaryimage"},"thumbnailUrl":"https:\/\/evupre.com\/wp-content\/uploads\/2025\/12\/ProRacerViennaWfront-min-scaled-1.jpg","datePublished":"2025-12-09T12:46:42+00:00","dateModified":"2026-02-04T10:41:58+00:00","description":"Performance Rudereinteiler Vienna \u25ba Schnell trocknend, atmungsaktiv und dehnbar, mit nahtfreiem Sitzbereich f\u00fcr hohen Tragekomfort.","breadcrumb":{"@id":"https:\/\/evupre.com\/fr\/produkt\/pro-einteiler-vienna-damen\/#breadcrumb"},"inLanguage":"fr-FR","potentialAction":[{"@type":"ReadAction","target":["https:\/\/evupre.com\/fr\/produkt\/pro-einteiler-vienna-damen\/"]}]},{"@type":"ImageObject","inLanguage":"fr-FR","@id":"https:\/\/evupre.com\/fr\/produkt\/pro-einteiler-vienna-damen\/#primaryimage","url":"https:\/\/evupre.com\/wp-content\/uploads\/2025\/12\/ProRacerViennaWfront-min-scaled-1.jpg","contentUrl":"https:\/\/evupre.com\/wp-content\/uploads\/2025\/12\/ProRacerViennaWfront-min-scaled-1.jpg","width":2560,"height":2560},{"@type":"BreadcrumbList","@id":"https:\/\/evupre.com\/fr\/produkt\/pro-einteiler-vienna-damen\/#breadcrumb","itemListElement":[{"@type":"ListItem","position":1,"name":"Home","item":"https:\/\/evupre.com\/fr\/home-of-evupre-rowing-clothes\/"},{"@type":"ListItem","position":2,"name":"Shop","item":"https:\/\/evupre.com\/fr\/__trashed\/"},{"@type":"ListItem","position":3,"name":"Pro Einteiler Vienna Damen"}]},{"@type":"WebSite","@id":"https:\/\/evupre.com\/fr\/#website","url":"https:\/\/evupre.com\/fr\/","name":"EVUPRE","description":"","publisher":{"@id":"https:\/\/evupre.com\/fr\/#organization"},"potentialAction":[{"@type":"SearchAction","target":{"@type":"EntryPoint","urlTemplate":"https:\/\/evupre.com\/fr\/?s={search_term_string}"},"query-input":{"@type":"PropertyValueSpecification","valueRequired":true,"valueName":"search_term_string"}}],"inLanguage":"fr-FR"},{"@type":"Organization","@id":"https:\/\/evupre.com\/fr\/#organization","name":"EVUPRE","url":"https:\/\/evupre.com\/fr\/","logo":{"@type":"ImageObject","inLanguage":"fr-FR","@id":"https:\/\/evupre.com\/fr\/#\/schema\/logo\/image\/","url":"https:\/\/evupre.com\/wp-content\/uploads\/2020\/04\/Evupre-1.png","contentUrl":"https:\/\/evupre.com\/wp-content\/uploads\/2020\/04\/Evupre-1.png","width":300,"height":39,"caption":"EVUPRE"},"image":{"@id":"https:\/\/evupre.com\/fr\/#\/schema\/logo\/image\/"},"sameAs":["https:\/\/www.facebook.com\/evupre\/","https:\/\/www.instagram.com\/evupre_performance_rowing\/"]}]},"og_availability":"instock","product_availability":"instock","product_condition":"new"},"_links":{"self":[{"href":"https:\/\/evupre.com\/fr\/wp-json\/wp\/v2\/product\/168991","targetHints":{"allow":["GET"]}}],"collection":[{"href":"https:\/\/evupre.com\/fr\/wp-json\/wp\/v2\/product"}],"about":[{"href":"https:\/\/evupre.com\/fr\/wp-json\/wp\/v2\/types\/product"}],"replies":[{"embeddable":true,"href":"https:\/\/evupre.com\/fr\/wp-json\/wp\/v2\/comments?post=168991"}],"wp:featuredmedia":[{"embeddable":true,"href":"https:\/\/evupre.com\/fr\/wp-json\/wp\/v2\/media\/161732"}],"wp:attachment":[{"href":"https:\/\/evupre.com\/fr\/wp-json\/wp\/v2\/media?parent=168991"}],"wp:term":[{"taxonomy":"product_brand","embeddable":true,"href":"https:\/\/evupre.com\/fr\/wp-json\/wp\/v2\/product_brand?post=168991"},{"taxonomy":"product_cat","embeddable":true,"href":"https:\/\/evupre.com\/fr\/wp-json\/wp\/v2\/product_cat?post=168991"},{"taxonomy":"product_tag","embeddable":true,"href":"https:\/\/evupre.com\/fr\/wp-json\/wp\/v2\/product_tag?post=168991"}],"curies":[{"name":"wp","href":"https:\/\/api.w.org\/{rel}","templated":true}]}}