{"id":168988,"date":"2025-12-09T13:46:42","date_gmt":"2025-12-09T12:46:42","guid":{"rendered":"https:\/\/evupre.com\/?post_type=product&#038;p=168988"},"modified":"2026-01-29T12:07:13","modified_gmt":"2026-01-29T11:07:13","slug":"pro-longsleeve-vienna-women","status":"publish","type":"product","link":"https:\/\/evupre.com\/fr\/produkt\/pro-longsleeve-vienna-women\/","title":{"rendered":"Pro Longsleeve Vienna Women"},"content":{"rendered":"<div class=\"wpb-content-wrapper\">[vc_row][vc_column][vc_column_text text_lead=&#8221;small&#8221; uncode_shortcode_id=&#8221;976248&#8243;]Mit dem <strong>Pro Longsleeve Vienna Women<\/strong> tr\u00e4gst du ein ausgezeichnetes Trainingsshirt mit h\u00f6chstem Tragekomfort. Dieses Longsleeve ist der Klassiker f\u00fcr die \u00dcbergangszeit und eignet sich perfekt f\u00fcr intensive Einheiten am Wasser \u2013 oder als funktionale Schicht unter dem Racer.<\/p>\n<p>Gefertigt aus einer sehr leichten Tech-Faser (140 g\/m\u00b2) aus Recycling-Polyester ist das Shirt schnelltrocknend und ideal f\u00fcrs Layering im Zwiebelprinzip. Dank der <b>flachen N\u00e4hte <\/b>liegt es angenehm auf der Haut, fast wie ein Hauch von nichts. Raglan\u00e4rmel bieten dabei den Schultern gen\u00fcgend Freiraum f\u00fcr die Bewegung in Auslage und Endzug und sorgen f\u00fcr maximale Performance beim Rudern.<\/p>\n<p>Das <strong>Vienna Design<\/strong> ist eine Hommage an die Stadt Wien und die Alte Donau, die Homebase von EVUPRE. Inspiriert von der Weltmeisterschaft 1991 und vielen geruderten Kilometern in unserer Heimat, kommt das Top in einem frischen Sky Blue \u2013 wie der wolkenlose Himmel \u00fcber Wien.[\/vc_column_text][\/vc_column][\/vc_row]\n<\/div>","protected":false},"excerpt":{"rendered":"<ul>\n<li>Bi-elastisch, h\u00f6chster Tragekomfort<\/li>\n<li>Sehr leichte (140 g\/m2) Tech-Faser aus Recycling-Polyester<\/li>\n<li>Hohe Atmungsaktivit\u00e4t<\/li>\n<li>Raglan-\u00c4rmel<\/li>\n<li>Flache N\u00e4hte<\/li>\n<li>Regular Fit<\/li>\n<\/ul>\n","protected":false},"featured_media":161684,"comment_status":"open","ping_status":"closed","template":"","meta":{"_acf_changed":false},"product_brand":[],"product_cat":[1342,1881,1939],"product_tag":[1004],"class_list":{"0":"post-168988","1":"product","2":"type-product","3":"status-publish","4":"has-post-thumbnail","6":"product_cat-damen","7":"product_cat-sale-damen","8":"product_cat-oberteile-damen","9":"product_tag-women","10":"tm-no-options","12":"first","13":"instock","14":"sale","15":"featured","16":"taxable","17":"shipping-taxable","18":"purchasable","19":"product-type-variable","20":"wpzoom-wc-spi-has-enabled"},"supplier_id":null,"supplier_sku":"","barcode":null,"atum_controlled":true,"out_stock_date":null,"out_stock_threshold":null,"inheritable":true,"inbound_stock":0,"stock_on_hold":0,"sold_today":0,"sales_last_days":0,"reserved_stock":0,"customer_returns":0,"warehouse_damage":0,"lost_in_post":0,"other_logs":0,"out_stock_days":0,"lost_sales":0,"has_location":false,"update_date":"2026-02-28T09:11:05","atum_locations":[],"atum_stock_status":"instock","restock_status":false,"low_stock_amount":"","sales_update_date":"2026-02-28T09:11:05","calc_backorders":null,"mi_inventories":[],"multi_inventory":"no","inventory_sorting_mode":"global","inventory_iteration":"global","expirable_inventories":"global","price_per_inventory":"global","show_write_off_inventories":"global","selectable_inventories":"global","selectable_inventories_mode":"global","acf":[],"yoast_head":"<!-- This site is optimized with the Yoast SEO Premium plugin v23.0 (Yoast SEO v26.6) - https:\/\/yoast.com\/wordpress\/plugins\/seo\/ -->\n<title>Pro Longsleeve Vienna Women - EVUPRE<\/title>\n<meta name=\"description\" content=\"Performance Longsleeve Vienna f\u00fcr den Rudersport \u25ba atmungsaktiver Tech-Stoff aus Recycling-Polyester, Bewegungsfreiheit durch Raglan\u00e4rmel\" \/>\n<meta name=\"robots\" content=\"index, follow, max-snippet:-1, max-image-preview:large, max-video-preview:-1\" \/>\n<link rel=\"canonical\" href=\"https:\/\/evupre.com\/fr\/produkt\/pro-longsleeve-vienna-women\/\" \/>\n<meta property=\"og:locale\" content=\"fr_FR\" \/>\n<meta property=\"og:type\" content=\"article\" \/>\n<meta property=\"og:title\" content=\"Pro Longsleeve Vienna Women\" \/>\n<meta property=\"og:description\" content=\"Performance Longsleeve Vienna f\u00fcr den Rudersport \u25ba atmungsaktiver Tech-Stoff aus Recycling-Polyester, Bewegungsfreiheit durch Raglan\u00e4rmel\" \/>\n<meta property=\"og:url\" content=\"https:\/\/evupre.com\/fr\/produkt\/pro-longsleeve-vienna-women\/\" \/>\n<meta property=\"og:site_name\" content=\"EVUPRE\" \/>\n<meta property=\"article:publisher\" content=\"https:\/\/www.facebook.com\/evupre\/\" \/>\n<meta property=\"article:modified_time\" content=\"2026-01-29T11:07:13+00:00\" \/>\n<meta property=\"og:image\" content=\"https:\/\/evupre.com\/wp-content\/uploads\/2025\/12\/ProLongsleeveViennaWfront-min-scaled-1.jpg\" \/>\n\t<meta property=\"og:image:width\" content=\"2560\" \/>\n\t<meta property=\"og:image:height\" content=\"2560\" \/>\n\t<meta property=\"og:image:type\" content=\"image\/jpeg\" \/>\n<meta name=\"twitter:card\" content=\"summary_large_image\" \/>\n<meta name=\"twitter:label1\" content=\"Disponibilit\u00e9\" \/>\n\t<meta name=\"twitter:data1\" content=\"En stock\" \/>\n<script type=\"application\/ld+json\" class=\"yoast-schema-graph\">{\"@context\":\"https:\/\/schema.org\",\"@graph\":[{\"@type\":\"WebPage\",\"@id\":\"https:\/\/evupre.com\/fr\/produkt\/pro-longsleeve-vienna-women\/\",\"url\":\"https:\/\/evupre.com\/fr\/produkt\/pro-longsleeve-vienna-women\/\",\"name\":\"Pro Longsleeve Vienna Women - EVUPRE\",\"isPartOf\":{\"@id\":\"https:\/\/evupre.com\/fr\/#website\"},\"primaryImageOfPage\":{\"@id\":\"https:\/\/evupre.com\/fr\/produkt\/pro-longsleeve-vienna-women\/#primaryimage\"},\"image\":{\"@id\":\"https:\/\/evupre.com\/fr\/produkt\/pro-longsleeve-vienna-women\/#primaryimage\"},\"thumbnailUrl\":\"https:\/\/evupre.com\/wp-content\/uploads\/2025\/12\/ProLongsleeveViennaWfront-min-scaled-1.jpg\",\"datePublished\":\"2025-12-09T12:46:42+00:00\",\"dateModified\":\"2026-01-29T11:07:13+00:00\",\"description\":\"Performance Longsleeve Vienna f\u00fcr den Rudersport \u25ba atmungsaktiver Tech-Stoff aus Recycling-Polyester, Bewegungsfreiheit durch Raglan\u00e4rmel\",\"breadcrumb\":{\"@id\":\"https:\/\/evupre.com\/fr\/produkt\/pro-longsleeve-vienna-women\/#breadcrumb\"},\"inLanguage\":\"fr-FR\",\"potentialAction\":[{\"@type\":\"ReadAction\",\"target\":[\"https:\/\/evupre.com\/fr\/produkt\/pro-longsleeve-vienna-women\/\"]}]},{\"@type\":\"ImageObject\",\"inLanguage\":\"fr-FR\",\"@id\":\"https:\/\/evupre.com\/fr\/produkt\/pro-longsleeve-vienna-women\/#primaryimage\",\"url\":\"https:\/\/evupre.com\/wp-content\/uploads\/2025\/12\/ProLongsleeveViennaWfront-min-scaled-1.jpg\",\"contentUrl\":\"https:\/\/evupre.com\/wp-content\/uploads\/2025\/12\/ProLongsleeveViennaWfront-min-scaled-1.jpg\",\"width\":2560,\"height\":2560},{\"@type\":\"BreadcrumbList\",\"@id\":\"https:\/\/evupre.com\/fr\/produkt\/pro-longsleeve-vienna-women\/#breadcrumb\",\"itemListElement\":[{\"@type\":\"ListItem\",\"position\":1,\"name\":\"Home\",\"item\":\"https:\/\/evupre.com\/fr\/home-of-evupre-rowing-clothes\/\"},{\"@type\":\"ListItem\",\"position\":2,\"name\":\"Shop\",\"item\":\"https:\/\/evupre.com\/fr\/__trashed\/\"},{\"@type\":\"ListItem\",\"position\":3,\"name\":\"Pro Longsleeve Vienna Women\"}]},{\"@type\":\"WebSite\",\"@id\":\"https:\/\/evupre.com\/fr\/#website\",\"url\":\"https:\/\/evupre.com\/fr\/\",\"name\":\"EVUPRE\",\"description\":\"\",\"publisher\":{\"@id\":\"https:\/\/evupre.com\/fr\/#organization\"},\"potentialAction\":[{\"@type\":\"SearchAction\",\"target\":{\"@type\":\"EntryPoint\",\"urlTemplate\":\"https:\/\/evupre.com\/fr\/?s={search_term_string}\"},\"query-input\":{\"@type\":\"PropertyValueSpecification\",\"valueRequired\":true,\"valueName\":\"search_term_string\"}}],\"inLanguage\":\"fr-FR\"},{\"@type\":\"Organization\",\"@id\":\"https:\/\/evupre.com\/fr\/#organization\",\"name\":\"EVUPRE\",\"url\":\"https:\/\/evupre.com\/fr\/\",\"logo\":{\"@type\":\"ImageObject\",\"inLanguage\":\"fr-FR\",\"@id\":\"https:\/\/evupre.com\/fr\/#\/schema\/logo\/image\/\",\"url\":\"https:\/\/evupre.com\/wp-content\/uploads\/2020\/04\/Evupre-1.png\",\"contentUrl\":\"https:\/\/evupre.com\/wp-content\/uploads\/2020\/04\/Evupre-1.png\",\"width\":300,\"height\":39,\"caption\":\"EVUPRE\"},\"image\":{\"@id\":\"https:\/\/evupre.com\/fr\/#\/schema\/logo\/image\/\"},\"sameAs\":[\"https:\/\/www.facebook.com\/evupre\/\",\"https:\/\/www.instagram.com\/evupre_performance_rowing\/\"]}]}<\/script>\n<meta property=\"og:availability\" content=\"instock\" \/>\n<meta property=\"product:availability\" content=\"instock\" \/>\n<meta property=\"product:condition\" content=\"new\" \/>\n<!-- \/ Yoast SEO Premium plugin. -->","yoast_head_json":{"title":"Pro Longsleeve Vienna Women - EVUPRE","description":"Performance Longsleeve Vienna f\u00fcr den Rudersport \u25ba atmungsaktiver Tech-Stoff aus Recycling-Polyester, Bewegungsfreiheit durch Raglan\u00e4rmel","robots":{"index":"index","follow":"follow","max-snippet":"max-snippet:-1","max-image-preview":"max-image-preview:large","max-video-preview":"max-video-preview:-1"},"canonical":"https:\/\/evupre.com\/fr\/produkt\/pro-longsleeve-vienna-women\/","og_locale":"fr_FR","og_type":"article","og_title":"Pro Longsleeve Vienna Women","og_description":"Performance Longsleeve Vienna f\u00fcr den Rudersport \u25ba atmungsaktiver Tech-Stoff aus Recycling-Polyester, Bewegungsfreiheit durch Raglan\u00e4rmel","og_url":"https:\/\/evupre.com\/fr\/produkt\/pro-longsleeve-vienna-women\/","og_site_name":"EVUPRE","article_publisher":"https:\/\/www.facebook.com\/evupre\/","article_modified_time":"2026-01-29T11:07:13+00:00","og_image":[{"width":2560,"height":2560,"url":"https:\/\/evupre.com\/wp-content\/uploads\/2025\/12\/ProLongsleeveViennaWfront-min-scaled-1.jpg","type":"image\/jpeg"}],"twitter_card":"summary_large_image","twitter_misc":{"Disponibilit\u00e9":"En stock"},"schema":{"@context":"https:\/\/schema.org","@graph":[{"@type":"WebPage","@id":"https:\/\/evupre.com\/fr\/produkt\/pro-longsleeve-vienna-women\/","url":"https:\/\/evupre.com\/fr\/produkt\/pro-longsleeve-vienna-women\/","name":"Pro Longsleeve Vienna Women - EVUPRE","isPartOf":{"@id":"https:\/\/evupre.com\/fr\/#website"},"primaryImageOfPage":{"@id":"https:\/\/evupre.com\/fr\/produkt\/pro-longsleeve-vienna-women\/#primaryimage"},"image":{"@id":"https:\/\/evupre.com\/fr\/produkt\/pro-longsleeve-vienna-women\/#primaryimage"},"thumbnailUrl":"https:\/\/evupre.com\/wp-content\/uploads\/2025\/12\/ProLongsleeveViennaWfront-min-scaled-1.jpg","datePublished":"2025-12-09T12:46:42+00:00","dateModified":"2026-01-29T11:07:13+00:00","description":"Performance Longsleeve Vienna f\u00fcr den Rudersport \u25ba atmungsaktiver Tech-Stoff aus Recycling-Polyester, Bewegungsfreiheit durch Raglan\u00e4rmel","breadcrumb":{"@id":"https:\/\/evupre.com\/fr\/produkt\/pro-longsleeve-vienna-women\/#breadcrumb"},"inLanguage":"fr-FR","potentialAction":[{"@type":"ReadAction","target":["https:\/\/evupre.com\/fr\/produkt\/pro-longsleeve-vienna-women\/"]}]},{"@type":"ImageObject","inLanguage":"fr-FR","@id":"https:\/\/evupre.com\/fr\/produkt\/pro-longsleeve-vienna-women\/#primaryimage","url":"https:\/\/evupre.com\/wp-content\/uploads\/2025\/12\/ProLongsleeveViennaWfront-min-scaled-1.jpg","contentUrl":"https:\/\/evupre.com\/wp-content\/uploads\/2025\/12\/ProLongsleeveViennaWfront-min-scaled-1.jpg","width":2560,"height":2560},{"@type":"BreadcrumbList","@id":"https:\/\/evupre.com\/fr\/produkt\/pro-longsleeve-vienna-women\/#breadcrumb","itemListElement":[{"@type":"ListItem","position":1,"name":"Home","item":"https:\/\/evupre.com\/fr\/home-of-evupre-rowing-clothes\/"},{"@type":"ListItem","position":2,"name":"Shop","item":"https:\/\/evupre.com\/fr\/__trashed\/"},{"@type":"ListItem","position":3,"name":"Pro Longsleeve Vienna Women"}]},{"@type":"WebSite","@id":"https:\/\/evupre.com\/fr\/#website","url":"https:\/\/evupre.com\/fr\/","name":"EVUPRE","description":"","publisher":{"@id":"https:\/\/evupre.com\/fr\/#organization"},"potentialAction":[{"@type":"SearchAction","target":{"@type":"EntryPoint","urlTemplate":"https:\/\/evupre.com\/fr\/?s={search_term_string}"},"query-input":{"@type":"PropertyValueSpecification","valueRequired":true,"valueName":"search_term_string"}}],"inLanguage":"fr-FR"},{"@type":"Organization","@id":"https:\/\/evupre.com\/fr\/#organization","name":"EVUPRE","url":"https:\/\/evupre.com\/fr\/","logo":{"@type":"ImageObject","inLanguage":"fr-FR","@id":"https:\/\/evupre.com\/fr\/#\/schema\/logo\/image\/","url":"https:\/\/evupre.com\/wp-content\/uploads\/2020\/04\/Evupre-1.png","contentUrl":"https:\/\/evupre.com\/wp-content\/uploads\/2020\/04\/Evupre-1.png","width":300,"height":39,"caption":"EVUPRE"},"image":{"@id":"https:\/\/evupre.com\/fr\/#\/schema\/logo\/image\/"},"sameAs":["https:\/\/www.facebook.com\/evupre\/","https:\/\/www.instagram.com\/evupre_performance_rowing\/"]}]},"og_availability":"instock","product_availability":"instock","product_condition":"new"},"_links":{"self":[{"href":"https:\/\/evupre.com\/fr\/wp-json\/wp\/v2\/product\/168988","targetHints":{"allow":["GET"]}}],"collection":[{"href":"https:\/\/evupre.com\/fr\/wp-json\/wp\/v2\/product"}],"about":[{"href":"https:\/\/evupre.com\/fr\/wp-json\/wp\/v2\/types\/product"}],"replies":[{"embeddable":true,"href":"https:\/\/evupre.com\/fr\/wp-json\/wp\/v2\/comments?post=168988"}],"wp:featuredmedia":[{"embeddable":true,"href":"https:\/\/evupre.com\/fr\/wp-json\/wp\/v2\/media\/161684"}],"wp:attachment":[{"href":"https:\/\/evupre.com\/fr\/wp-json\/wp\/v2\/media?parent=168988"}],"wp:term":[{"taxonomy":"product_brand","embeddable":true,"href":"https:\/\/evupre.com\/fr\/wp-json\/wp\/v2\/product_brand?post=168988"},{"taxonomy":"product_cat","embeddable":true,"href":"https:\/\/evupre.com\/fr\/wp-json\/wp\/v2\/product_cat?post=168988"},{"taxonomy":"product_tag","embeddable":true,"href":"https:\/\/evupre.com\/fr\/wp-json\/wp\/v2\/product_tag?post=168988"}],"curies":[{"name":"wp","href":"https:\/\/api.w.org\/{rel}","templated":true}]}}