{"id":168410,"date":"2025-12-09T12:23:22","date_gmt":"2025-12-09T11:23:22","guid":{"rendered":"https:\/\/evupre.com\/?post_type=product&#038;p=168410"},"modified":"2026-02-03T14:09:14","modified_gmt":"2026-02-03T13:09:14","slug":"gutschein","status":"publish","type":"product","link":"https:\/\/evupre.com\/fr\/produkt\/gutschein\/","title":{"rendered":"Gutschein"},"content":{"rendered":"<p>Du suchst nach einem Geschenk f\u00fcr deine liebste Ruderkollegin oder deinen liebsten Ruderkollegen? Mit dem EVUPRE Geschenkgutschein, einl\u00f6sbar auf das gesamte Sortiment, sorgst du f\u00fcr eine Riesenfreude und beste Stimmung im Boot.<\/p>\n","protected":false},"excerpt":{"rendered":"<ul>\n<li>Wert: 50 \u20ac<\/li>\n<li>Einl\u00f6sbar auf alle Artikel des EVUPRE Sortiments<\/li>\n<\/ul>\n","protected":false},"featured_media":161164,"comment_status":"closed","ping_status":"closed","template":"","meta":{"_acf_changed":false},"product_brand":[],"product_cat":[288,1871,1342,1879],"product_tag":[],"class_list":{"0":"post-168410","1":"product","2":"type-product","3":"status-publish","4":"has-post-thumbnail","6":"product_cat-herren","7":"product_cat-accessoires-herren","8":"product_cat-damen","9":"product_cat-accessoires-damen","10":"tm-no-options","12":"first","13":"instock","14":"virtual","15":"taxable","16":"purchasable","17":"product-type-simple"},"supplier_id":null,"supplier_sku":"","barcode":null,"atum_controlled":true,"out_stock_date":null,"out_stock_threshold":null,"inheritable":false,"inbound_stock":0,"stock_on_hold":0,"sold_today":0,"sales_last_days":0,"reserved_stock":0,"customer_returns":0,"warehouse_damage":0,"lost_in_post":0,"other_logs":0,"out_stock_days":0,"lost_sales":0,"has_location":false,"update_date":"2026-04-17T07:36:30","atum_locations":[],"atum_stock_status":"instock","restock_status":false,"low_stock_amount":"","sales_update_date":"2026-04-17T07:36:30","calc_backorders":null,"mi_inventories":[18401,24323],"multi_inventory":"global","inventory_sorting_mode":"global","inventory_iteration":"global","expirable_inventories":"global","price_per_inventory":"global","show_write_off_inventories":"global","selectable_inventories":"global","selectable_inventories_mode":"global","acf":[],"yoast_head":"<!-- This site is optimized with the Yoast SEO Premium plugin v23.0 (Yoast SEO v26.6) - https:\/\/yoast.com\/wordpress\/plugins\/seo\/ -->\n<title>Gutschein - EVUPRE<\/title>\n<meta name=\"description\" content=\"Gutschein f\u00fcr Ruderbegeisterte im Wert von 50\u20ac \u25ba Einl\u00f6sbar auf das gesamte Sortiment, ein perfektes Geschenk f\u00fcr alle Ruder:innen.\" \/>\n<meta name=\"robots\" content=\"index, follow, max-snippet:-1, max-image-preview:large, max-video-preview:-1\" \/>\n<link rel=\"canonical\" href=\"https:\/\/evupre.com\/fr\/produkt\/gutschein\/\" \/>\n<meta property=\"og:locale\" content=\"fr_FR\" \/>\n<meta property=\"og:type\" content=\"article\" \/>\n<meta property=\"og:title\" content=\"Gutschein\" \/>\n<meta property=\"og:description\" content=\"Gutschein f\u00fcr Ruderbegeisterte im Wert von 50\u20ac \u25ba Einl\u00f6sbar auf das gesamte Sortiment, ein perfektes Geschenk f\u00fcr alle Ruder:innen.\" \/>\n<meta property=\"og:url\" content=\"https:\/\/evupre.com\/fr\/produkt\/gutschein\/\" \/>\n<meta property=\"og:site_name\" content=\"EVUPRE\" \/>\n<meta property=\"article:publisher\" content=\"https:\/\/www.facebook.com\/evupre\/\" \/>\n<meta property=\"article:modified_time\" content=\"2026-02-03T13:09:14+00:00\" \/>\n<meta property=\"og:image\" content=\"https:\/\/evupre.com\/wp-content\/uploads\/2025\/12\/Bildschirmfoto-2023-11-13-um-11.32.18.png\" \/>\n\t<meta property=\"og:image:width\" content=\"450\" \/>\n\t<meta property=\"og:image:height\" content=\"450\" \/>\n\t<meta property=\"og:image:type\" content=\"image\/png\" \/>\n<meta name=\"twitter:card\" content=\"summary_large_image\" \/>\n<meta name=\"twitter:label1\" content=\"Prix\" \/>\n\t<meta name=\"twitter:data1\" content=\"&euro;50,00\" \/>\n\t<meta name=\"twitter:label2\" content=\"Disponibilit\u00e9\" \/>\n\t<meta name=\"twitter:data2\" content=\"En stock\" \/>\n<script type=\"application\/ld+json\" class=\"yoast-schema-graph\">{\"@context\":\"https:\/\/schema.org\",\"@graph\":[{\"@type\":\"WebPage\",\"@id\":\"https:\/\/evupre.com\/fr\/produkt\/gutschein\/\",\"url\":\"https:\/\/evupre.com\/fr\/produkt\/gutschein\/\",\"name\":\"Gutschein - EVUPRE\",\"isPartOf\":{\"@id\":\"https:\/\/evupre.com\/fr\/#website\"},\"primaryImageOfPage\":{\"@id\":\"https:\/\/evupre.com\/fr\/produkt\/gutschein\/#primaryimage\"},\"image\":{\"@id\":\"https:\/\/evupre.com\/fr\/produkt\/gutschein\/#primaryimage\"},\"thumbnailUrl\":\"https:\/\/evupre.com\/wp-content\/uploads\/2025\/12\/Bildschirmfoto-2023-11-13-um-11.32.18.png\",\"datePublished\":\"2025-12-09T11:23:22+00:00\",\"dateModified\":\"2026-02-03T13:09:14+00:00\",\"description\":\"Gutschein f\u00fcr Ruderbegeisterte im Wert von 50\u20ac \u25ba Einl\u00f6sbar auf das gesamte Sortiment, ein perfektes Geschenk f\u00fcr alle Ruder:innen.\",\"breadcrumb\":{\"@id\":\"https:\/\/evupre.com\/fr\/produkt\/gutschein\/#breadcrumb\"},\"inLanguage\":\"fr-FR\",\"potentialAction\":[{\"@type\":\"ReadAction\",\"target\":[\"https:\/\/evupre.com\/fr\/produkt\/gutschein\/\"]}]},{\"@type\":\"ImageObject\",\"inLanguage\":\"fr-FR\",\"@id\":\"https:\/\/evupre.com\/fr\/produkt\/gutschein\/#primaryimage\",\"url\":\"https:\/\/evupre.com\/wp-content\/uploads\/2025\/12\/Bildschirmfoto-2023-11-13-um-11.32.18.png\",\"contentUrl\":\"https:\/\/evupre.com\/wp-content\/uploads\/2025\/12\/Bildschirmfoto-2023-11-13-um-11.32.18.png\",\"width\":450,\"height\":450},{\"@type\":\"BreadcrumbList\",\"@id\":\"https:\/\/evupre.com\/fr\/produkt\/gutschein\/#breadcrumb\",\"itemListElement\":[{\"@type\":\"ListItem\",\"position\":1,\"name\":\"Home\",\"item\":\"https:\/\/evupre.com\/fr\/home-of-evupre-rowing-clothes\/\"},{\"@type\":\"ListItem\",\"position\":2,\"name\":\"Shop\",\"item\":\"https:\/\/evupre.com\/fr\/__trashed\/\"},{\"@type\":\"ListItem\",\"position\":3,\"name\":\"Gutschein\"}]},{\"@type\":\"WebSite\",\"@id\":\"https:\/\/evupre.com\/fr\/#website\",\"url\":\"https:\/\/evupre.com\/fr\/\",\"name\":\"EVUPRE\",\"description\":\"\",\"publisher\":{\"@id\":\"https:\/\/evupre.com\/fr\/#organization\"},\"potentialAction\":[{\"@type\":\"SearchAction\",\"target\":{\"@type\":\"EntryPoint\",\"urlTemplate\":\"https:\/\/evupre.com\/fr\/?s={search_term_string}\"},\"query-input\":{\"@type\":\"PropertyValueSpecification\",\"valueRequired\":true,\"valueName\":\"search_term_string\"}}],\"inLanguage\":\"fr-FR\"},{\"@type\":\"Organization\",\"@id\":\"https:\/\/evupre.com\/fr\/#organization\",\"name\":\"EVUPRE\",\"url\":\"https:\/\/evupre.com\/fr\/\",\"logo\":{\"@type\":\"ImageObject\",\"inLanguage\":\"fr-FR\",\"@id\":\"https:\/\/evupre.com\/fr\/#\/schema\/logo\/image\/\",\"url\":\"https:\/\/evupre.com\/wp-content\/uploads\/2020\/04\/Evupre-1.png\",\"contentUrl\":\"https:\/\/evupre.com\/wp-content\/uploads\/2020\/04\/Evupre-1.png\",\"width\":300,\"height\":39,\"caption\":\"EVUPRE\"},\"image\":{\"@id\":\"https:\/\/evupre.com\/fr\/#\/schema\/logo\/image\/\"},\"sameAs\":[\"https:\/\/www.facebook.com\/evupre\/\",\"https:\/\/www.instagram.com\/evupre_performance_rowing\/\"]}]}<\/script>\n<meta property=\"product:price:amount\" content=\"50.00\" \/>\n<meta property=\"product:price:currency\" content=\"EUR\" \/>\n<meta property=\"og:availability\" content=\"instock\" \/>\n<meta property=\"product:availability\" content=\"instock\" \/>\n<meta property=\"product:condition\" content=\"new\" \/>\n<!-- \/ Yoast SEO Premium plugin. -->","yoast_head_json":{"title":"Gutschein - EVUPRE","description":"Gutschein f\u00fcr Ruderbegeisterte im Wert von 50\u20ac \u25ba Einl\u00f6sbar auf das gesamte Sortiment, ein perfektes Geschenk f\u00fcr alle Ruder:innen.","robots":{"index":"index","follow":"follow","max-snippet":"max-snippet:-1","max-image-preview":"max-image-preview:large","max-video-preview":"max-video-preview:-1"},"canonical":"https:\/\/evupre.com\/fr\/produkt\/gutschein\/","og_locale":"fr_FR","og_type":"article","og_title":"Gutschein","og_description":"Gutschein f\u00fcr Ruderbegeisterte im Wert von 50\u20ac \u25ba Einl\u00f6sbar auf das gesamte Sortiment, ein perfektes Geschenk f\u00fcr alle Ruder:innen.","og_url":"https:\/\/evupre.com\/fr\/produkt\/gutschein\/","og_site_name":"EVUPRE","article_publisher":"https:\/\/www.facebook.com\/evupre\/","article_modified_time":"2026-02-03T13:09:14+00:00","og_image":[{"width":450,"height":450,"url":"https:\/\/evupre.com\/wp-content\/uploads\/2025\/12\/Bildschirmfoto-2023-11-13-um-11.32.18.png","type":"image\/png"}],"twitter_card":"summary_large_image","twitter_misc":{"Prix":"&euro;50,00","Disponibilit\u00e9":"En stock"},"schema":{"@context":"https:\/\/schema.org","@graph":[{"@type":"WebPage","@id":"https:\/\/evupre.com\/fr\/produkt\/gutschein\/","url":"https:\/\/evupre.com\/fr\/produkt\/gutschein\/","name":"Gutschein - EVUPRE","isPartOf":{"@id":"https:\/\/evupre.com\/fr\/#website"},"primaryImageOfPage":{"@id":"https:\/\/evupre.com\/fr\/produkt\/gutschein\/#primaryimage"},"image":{"@id":"https:\/\/evupre.com\/fr\/produkt\/gutschein\/#primaryimage"},"thumbnailUrl":"https:\/\/evupre.com\/wp-content\/uploads\/2025\/12\/Bildschirmfoto-2023-11-13-um-11.32.18.png","datePublished":"2025-12-09T11:23:22+00:00","dateModified":"2026-02-03T13:09:14+00:00","description":"Gutschein f\u00fcr Ruderbegeisterte im Wert von 50\u20ac \u25ba Einl\u00f6sbar auf das gesamte Sortiment, ein perfektes Geschenk f\u00fcr alle Ruder:innen.","breadcrumb":{"@id":"https:\/\/evupre.com\/fr\/produkt\/gutschein\/#breadcrumb"},"inLanguage":"fr-FR","potentialAction":[{"@type":"ReadAction","target":["https:\/\/evupre.com\/fr\/produkt\/gutschein\/"]}]},{"@type":"ImageObject","inLanguage":"fr-FR","@id":"https:\/\/evupre.com\/fr\/produkt\/gutschein\/#primaryimage","url":"https:\/\/evupre.com\/wp-content\/uploads\/2025\/12\/Bildschirmfoto-2023-11-13-um-11.32.18.png","contentUrl":"https:\/\/evupre.com\/wp-content\/uploads\/2025\/12\/Bildschirmfoto-2023-11-13-um-11.32.18.png","width":450,"height":450},{"@type":"BreadcrumbList","@id":"https:\/\/evupre.com\/fr\/produkt\/gutschein\/#breadcrumb","itemListElement":[{"@type":"ListItem","position":1,"name":"Home","item":"https:\/\/evupre.com\/fr\/home-of-evupre-rowing-clothes\/"},{"@type":"ListItem","position":2,"name":"Shop","item":"https:\/\/evupre.com\/fr\/__trashed\/"},{"@type":"ListItem","position":3,"name":"Gutschein"}]},{"@type":"WebSite","@id":"https:\/\/evupre.com\/fr\/#website","url":"https:\/\/evupre.com\/fr\/","name":"EVUPRE","description":"","publisher":{"@id":"https:\/\/evupre.com\/fr\/#organization"},"potentialAction":[{"@type":"SearchAction","target":{"@type":"EntryPoint","urlTemplate":"https:\/\/evupre.com\/fr\/?s={search_term_string}"},"query-input":{"@type":"PropertyValueSpecification","valueRequired":true,"valueName":"search_term_string"}}],"inLanguage":"fr-FR"},{"@type":"Organization","@id":"https:\/\/evupre.com\/fr\/#organization","name":"EVUPRE","url":"https:\/\/evupre.com\/fr\/","logo":{"@type":"ImageObject","inLanguage":"fr-FR","@id":"https:\/\/evupre.com\/fr\/#\/schema\/logo\/image\/","url":"https:\/\/evupre.com\/wp-content\/uploads\/2020\/04\/Evupre-1.png","contentUrl":"https:\/\/evupre.com\/wp-content\/uploads\/2020\/04\/Evupre-1.png","width":300,"height":39,"caption":"EVUPRE"},"image":{"@id":"https:\/\/evupre.com\/fr\/#\/schema\/logo\/image\/"},"sameAs":["https:\/\/www.facebook.com\/evupre\/","https:\/\/www.instagram.com\/evupre_performance_rowing\/"]}]},"product_price_amount":"50.00","product_price_currency":"EUR","og_availability":"instock","product_availability":"instock","product_condition":"new"},"_links":{"self":[{"href":"https:\/\/evupre.com\/fr\/wp-json\/wp\/v2\/product\/168410","targetHints":{"allow":["GET"]}}],"collection":[{"href":"https:\/\/evupre.com\/fr\/wp-json\/wp\/v2\/product"}],"about":[{"href":"https:\/\/evupre.com\/fr\/wp-json\/wp\/v2\/types\/product"}],"replies":[{"embeddable":true,"href":"https:\/\/evupre.com\/fr\/wp-json\/wp\/v2\/comments?post=168410"}],"wp:featuredmedia":[{"embeddable":true,"href":"https:\/\/evupre.com\/fr\/wp-json\/wp\/v2\/media\/161164"}],"wp:attachment":[{"href":"https:\/\/evupre.com\/fr\/wp-json\/wp\/v2\/media?parent=168410"}],"wp:term":[{"taxonomy":"product_brand","embeddable":true,"href":"https:\/\/evupre.com\/fr\/wp-json\/wp\/v2\/product_brand?post=168410"},{"taxonomy":"product_cat","embeddable":true,"href":"https:\/\/evupre.com\/fr\/wp-json\/wp\/v2\/product_cat?post=168410"},{"taxonomy":"product_tag","embeddable":true,"href":"https:\/\/evupre.com\/fr\/wp-json\/wp\/v2\/product_tag?post=168410"}],"curies":[{"name":"wp","href":"https:\/\/api.w.org\/{rel}","templated":true}]}}