{"id":167719,"date":"2025-12-09T12:09:04","date_gmt":"2025-12-09T11:09:04","guid":{"rendered":"https:\/\/evupre.com\/?post_type=product&#038;p=167719"},"modified":"2026-04-28T22:52:18","modified_gmt":"2026-04-28T20:52:18","slug":"protect-glove-lp-plus","status":"publish","type":"product","link":"https:\/\/evupre.com\/fr\/produkt\/protect-glove-lp-plus\/","title":{"rendered":"Protect Glove LP+"},"content":{"rendered":"<div class=\"wpb-content-wrapper\">[vc_row][vc_column][vc_column_text text_lead=&#8221;small&#8221; uncode_shortcode_id=&#8221;107916&#8243;]\n<h1>Protect Glove LP+<\/h1>\n<p>Get the Catch: Wir bieten die idealen Ruderhandschuhe f\u00fcr den Rennsport, Breitensport, Coastal Rowing, Wanderfahrten und Trainingslager. Rudern ist k\u00f6rperlich anspruchsvoll. Das zeigt sich vor allem durch unser unverkennbares Markenzeichen als Ruder:innen: den Schrunden und offenen Blasen auf der Handinnenseite. Was manchmal mit Stolz pr\u00e4sentiert wird, kann im Trainingslager oder auf Wanderfahrt zur schmerzvollen Plage werden. F\u00fcr diese Phasen entwickeln wir seit mehr als zehn Jahren unter dem Namen ROWTEX ergonomisch geformte und strapazierf\u00e4hige Ruderhandschuhe.<\/p>\n<h2>Eigenschaften und Details<\/h2>\n<p>LP+ steht f\u00fcr Light Protection plus K\u00e4lteschutz \u2013 ein idealer, flauschiger Handschuh f\u00fcr Ruder:innen, der vor Wind und K\u00e4lte maximal sch\u00fctzt. Der Handschuh ist vorgekr\u00fcmmt und passt sich daher perfekt an die runde Form des Griffs an. Im Material an der Handfl\u00e4che entstehen keine Falten, die Blasen verursachen k\u00f6nnten. Ein strapazierf\u00e4higes Clarino-Textil an der Handfl\u00e4che bietet den idealen Schutz mit nur einer Schicht. Diese d\u00fcnne, aber starke Schicht erlaubt das maximale Gef\u00fchl f\u00fcr den Griff und daher die volle Kontrolle \u00fcber den Riemen und das Boot. Das Clarino-Textil ist trotz seiner nahezu unverw\u00fcstlichen Eigenschaften sehr weich und angenehm zu tragen.<\/p>\n<p>Durch die Neoprenstulpe mit Klettverschluss am Handgelenk gelingt m\u00fchelos eine stufenlose, individuelle Einstellung. Kleine Luftl\u00f6cher an der Handfl\u00e4che garantieren eine gute Luftzirkulation und sorgen daf\u00fcr, dass durch die Zufuhr von frischer, k\u00fchler Luft der Schwei\u00df verdunstet.<\/p>\n<h2>Design<\/h2>\n<p>Der LP+ kommt in Eisblau daher, ganz schlicht, ganz neutral, f\u00fcr jedes Outfit. Ein ordentliches Arbeitsger\u00e4t f\u00fcrs Rudern! Als Designmerkmal darf auch bei den LP Handschuhen das Rot und Gr\u00fcn f\u00fcr Back- und Steuerbord nicht fehlen.<\/p>\n<h2>Passform<\/h2>\n<p>F\u00fcr unterschiedliche Anforderungen haben wir verschiedene Modelle der ROWTEX Ruderhandschuhe entwickelt. Allesamt aber sitzen sie hauteng, es gibt keine Falten, keine Druckstellen. Die vorgekr\u00fcmmte Fingerhaltung optimiert die perfekte Handhaltung f\u00fcr den effektvollen Blatteinsatz.[\/vc_column_text][\/vc_column][\/vc_row]\n<\/div>","protected":false},"excerpt":{"rendered":"<p>Seit mehr als 12 Jahren entwickeln wir ergonomisch geformte und strapazierf\u00e4hige Ruderhandschuhe.<\/p>\n<ul>\n<li>Geschmeidiges Clarino Material f\u00fcr optimales Rudergef\u00fchl an der Handfl\u00e4che<\/li>\n<li>Flauschig-warmer Stoff am Handr\u00fccken<\/li>\n<li>Ergonomisches Design f\u00fcr eine bessere Passform<\/li>\n<li>Weiche Neoprenstulpe am Handgelenk<\/li>\n<li>Ausgezeichneter Grip<\/li>\n<\/ul>\n","protected":false},"featured_media":160288,"comment_status":"open","ping_status":"closed","template":"","meta":{"_acf_changed":false},"product_brand":[],"product_cat":[288,1870,1342,1878],"product_tag":[1290],"class_list":{"0":"post-167719","1":"product","2":"type-product","3":"status-publish","4":"has-post-thumbnail","6":"product_cat-herren","7":"product_cat-ruderhandschuhe-herren","8":"product_cat-damen","9":"product_cat-ruderhandschuhe-damen","10":"product_tag-gloves","11":"tm-no-options","13":"first","14":"instock","15":"featured","16":"taxable","17":"shipping-taxable","18":"purchasable","19":"product-type-variable","20":"wpzoom-wc-spi-has-enabled"},"supplier_id":null,"supplier_sku":"","barcode":null,"atum_controlled":true,"out_stock_date":null,"out_stock_threshold":null,"inheritable":true,"inbound_stock":0,"stock_on_hold":0,"sold_today":0,"sales_last_days":2,"reserved_stock":0,"customer_returns":0,"warehouse_damage":0,"lost_in_post":0,"other_logs":0,"out_stock_days":0,"lost_sales":0,"has_location":false,"update_date":"2026-04-30T07:08:15","atum_locations":[],"atum_stock_status":"instock","restock_status":false,"low_stock_amount":"","sales_update_date":"2026-04-17T07:36:31","calc_backorders":null,"mi_inventories":[],"multi_inventory":"no","inventory_sorting_mode":"global","inventory_iteration":"global","expirable_inventories":"global","price_per_inventory":"global","show_write_off_inventories":"global","selectable_inventories":"global","selectable_inventories_mode":"global","acf":[],"yoast_head":"<!-- This site is optimized with the Yoast SEO Premium plugin v23.0 (Yoast SEO v26.6) - https:\/\/yoast.com\/wordpress\/plugins\/seo\/ -->\n<title>Ruderhandschuhe Protect Glove LP+ - EVUPRE<\/title>\n<meta name=\"description\" content=\"Protect Glove LP+ \u25ba Ruderhandschuhe f\u00fcr den Winter. Ideale Passform, optimaler Grip und zuverl\u00e4ssiger Schutz gegen Blasen\" \/>\n<meta name=\"robots\" content=\"index, follow, max-snippet:-1, max-image-preview:large, max-video-preview:-1\" \/>\n<link rel=\"canonical\" href=\"https:\/\/evupre.com\/fr\/produkt\/protect-glove-lp-plus\/\" \/>\n<meta property=\"og:locale\" content=\"fr_FR\" \/>\n<meta property=\"og:type\" content=\"article\" \/>\n<meta property=\"og:title\" content=\"Protect Glove LP+\" \/>\n<meta property=\"og:description\" content=\"Protect Glove LP+ \u25ba Ruderhandschuhe f\u00fcr den Winter. Ideale Passform, optimaler Grip und zuverl\u00e4ssiger Schutz gegen Blasen\" \/>\n<meta property=\"og:url\" content=\"https:\/\/evupre.com\/fr\/produkt\/protect-glove-lp-plus\/\" \/>\n<meta property=\"og:site_name\" content=\"EVUPRE\" \/>\n<meta property=\"article:publisher\" content=\"https:\/\/www.facebook.com\/evupre\/\" \/>\n<meta property=\"article:modified_time\" content=\"2026-04-28T20:52:18+00:00\" \/>\n<meta property=\"og:image\" content=\"https:\/\/evupre.com\/wp-content\/uploads\/2025\/12\/2212_glove_LP-1.jpg\" \/>\n\t<meta property=\"og:image:width\" content=\"1000\" \/>\n\t<meta property=\"og:image:height\" content=\"1000\" \/>\n\t<meta property=\"og:image:type\" content=\"image\/jpeg\" \/>\n<meta name=\"twitter:card\" content=\"summary_large_image\" \/>\n<meta name=\"twitter:label1\" content=\"Disponibilit\u00e9\" \/>\n\t<meta name=\"twitter:data1\" content=\"En stock\" \/>\n<script type=\"application\/ld+json\" class=\"yoast-schema-graph\">{\"@context\":\"https:\/\/schema.org\",\"@graph\":[{\"@type\":\"WebPage\",\"@id\":\"https:\/\/evupre.com\/fr\/produkt\/protect-glove-lp-plus\/\",\"url\":\"https:\/\/evupre.com\/fr\/produkt\/protect-glove-lp-plus\/\",\"name\":\"Ruderhandschuhe Protect Glove LP+ - EVUPRE\",\"isPartOf\":{\"@id\":\"https:\/\/evupre.com\/fr\/#website\"},\"primaryImageOfPage\":{\"@id\":\"https:\/\/evupre.com\/fr\/produkt\/protect-glove-lp-plus\/#primaryimage\"},\"image\":{\"@id\":\"https:\/\/evupre.com\/fr\/produkt\/protect-glove-lp-plus\/#primaryimage\"},\"thumbnailUrl\":\"https:\/\/evupre.com\/wp-content\/uploads\/2025\/12\/2212_glove_LP-1.jpg\",\"datePublished\":\"2025-12-09T11:09:04+00:00\",\"dateModified\":\"2026-04-28T20:52:18+00:00\",\"description\":\"Protect Glove LP+ \u25ba Ruderhandschuhe f\u00fcr den Winter. Ideale Passform, optimaler Grip und zuverl\u00e4ssiger Schutz gegen Blasen\",\"breadcrumb\":{\"@id\":\"https:\/\/evupre.com\/fr\/produkt\/protect-glove-lp-plus\/#breadcrumb\"},\"inLanguage\":\"fr-FR\",\"potentialAction\":[{\"@type\":\"ReadAction\",\"target\":[\"https:\/\/evupre.com\/fr\/produkt\/protect-glove-lp-plus\/\"]}]},{\"@type\":\"ImageObject\",\"inLanguage\":\"fr-FR\",\"@id\":\"https:\/\/evupre.com\/fr\/produkt\/protect-glove-lp-plus\/#primaryimage\",\"url\":\"https:\/\/evupre.com\/wp-content\/uploads\/2025\/12\/2212_glove_LP-1.jpg\",\"contentUrl\":\"https:\/\/evupre.com\/wp-content\/uploads\/2025\/12\/2212_glove_LP-1.jpg\",\"width\":1000,\"height\":1000},{\"@type\":\"BreadcrumbList\",\"@id\":\"https:\/\/evupre.com\/fr\/produkt\/protect-glove-lp-plus\/#breadcrumb\",\"itemListElement\":[{\"@type\":\"ListItem\",\"position\":1,\"name\":\"Home\",\"item\":\"https:\/\/evupre.com\/fr\/home-of-evupre-rowing-clothes\/\"},{\"@type\":\"ListItem\",\"position\":2,\"name\":\"Shop\",\"item\":\"https:\/\/evupre.com\/fr\/__trashed\/\"},{\"@type\":\"ListItem\",\"position\":3,\"name\":\"Protect Glove LP+\"}]},{\"@type\":\"WebSite\",\"@id\":\"https:\/\/evupre.com\/fr\/#website\",\"url\":\"https:\/\/evupre.com\/fr\/\",\"name\":\"EVUPRE\",\"description\":\"\",\"publisher\":{\"@id\":\"https:\/\/evupre.com\/fr\/#organization\"},\"potentialAction\":[{\"@type\":\"SearchAction\",\"target\":{\"@type\":\"EntryPoint\",\"urlTemplate\":\"https:\/\/evupre.com\/fr\/?s={search_term_string}\"},\"query-input\":{\"@type\":\"PropertyValueSpecification\",\"valueRequired\":true,\"valueName\":\"search_term_string\"}}],\"inLanguage\":\"fr-FR\"},{\"@type\":\"Organization\",\"@id\":\"https:\/\/evupre.com\/fr\/#organization\",\"name\":\"EVUPRE\",\"url\":\"https:\/\/evupre.com\/fr\/\",\"logo\":{\"@type\":\"ImageObject\",\"inLanguage\":\"fr-FR\",\"@id\":\"https:\/\/evupre.com\/fr\/#\/schema\/logo\/image\/\",\"url\":\"https:\/\/evupre.com\/wp-content\/uploads\/2020\/04\/Evupre-1.png\",\"contentUrl\":\"https:\/\/evupre.com\/wp-content\/uploads\/2020\/04\/Evupre-1.png\",\"width\":300,\"height\":39,\"caption\":\"EVUPRE\"},\"image\":{\"@id\":\"https:\/\/evupre.com\/fr\/#\/schema\/logo\/image\/\"},\"sameAs\":[\"https:\/\/www.facebook.com\/evupre\/\",\"https:\/\/www.instagram.com\/evupre_performance_rowing\/\"]}]}<\/script>\n<meta property=\"og:availability\" content=\"instock\" \/>\n<meta property=\"product:availability\" content=\"instock\" \/>\n<meta property=\"product:condition\" content=\"new\" \/>\n<!-- \/ Yoast SEO Premium plugin. -->","yoast_head_json":{"title":"Ruderhandschuhe Protect Glove LP+ - EVUPRE","description":"Protect Glove LP+ \u25ba Ruderhandschuhe f\u00fcr den Winter. Ideale Passform, optimaler Grip und zuverl\u00e4ssiger Schutz gegen Blasen","robots":{"index":"index","follow":"follow","max-snippet":"max-snippet:-1","max-image-preview":"max-image-preview:large","max-video-preview":"max-video-preview:-1"},"canonical":"https:\/\/evupre.com\/fr\/produkt\/protect-glove-lp-plus\/","og_locale":"fr_FR","og_type":"article","og_title":"Protect Glove LP+","og_description":"Protect Glove LP+ \u25ba Ruderhandschuhe f\u00fcr den Winter. Ideale Passform, optimaler Grip und zuverl\u00e4ssiger Schutz gegen Blasen","og_url":"https:\/\/evupre.com\/fr\/produkt\/protect-glove-lp-plus\/","og_site_name":"EVUPRE","article_publisher":"https:\/\/www.facebook.com\/evupre\/","article_modified_time":"2026-04-28T20:52:18+00:00","og_image":[{"width":1000,"height":1000,"url":"https:\/\/evupre.com\/wp-content\/uploads\/2025\/12\/2212_glove_LP-1.jpg","type":"image\/jpeg"}],"twitter_card":"summary_large_image","twitter_misc":{"Disponibilit\u00e9":"En stock"},"schema":{"@context":"https:\/\/schema.org","@graph":[{"@type":"WebPage","@id":"https:\/\/evupre.com\/fr\/produkt\/protect-glove-lp-plus\/","url":"https:\/\/evupre.com\/fr\/produkt\/protect-glove-lp-plus\/","name":"Ruderhandschuhe Protect Glove LP+ - EVUPRE","isPartOf":{"@id":"https:\/\/evupre.com\/fr\/#website"},"primaryImageOfPage":{"@id":"https:\/\/evupre.com\/fr\/produkt\/protect-glove-lp-plus\/#primaryimage"},"image":{"@id":"https:\/\/evupre.com\/fr\/produkt\/protect-glove-lp-plus\/#primaryimage"},"thumbnailUrl":"https:\/\/evupre.com\/wp-content\/uploads\/2025\/12\/2212_glove_LP-1.jpg","datePublished":"2025-12-09T11:09:04+00:00","dateModified":"2026-04-28T20:52:18+00:00","description":"Protect Glove LP+ \u25ba Ruderhandschuhe f\u00fcr den Winter. Ideale Passform, optimaler Grip und zuverl\u00e4ssiger Schutz gegen Blasen","breadcrumb":{"@id":"https:\/\/evupre.com\/fr\/produkt\/protect-glove-lp-plus\/#breadcrumb"},"inLanguage":"fr-FR","potentialAction":[{"@type":"ReadAction","target":["https:\/\/evupre.com\/fr\/produkt\/protect-glove-lp-plus\/"]}]},{"@type":"ImageObject","inLanguage":"fr-FR","@id":"https:\/\/evupre.com\/fr\/produkt\/protect-glove-lp-plus\/#primaryimage","url":"https:\/\/evupre.com\/wp-content\/uploads\/2025\/12\/2212_glove_LP-1.jpg","contentUrl":"https:\/\/evupre.com\/wp-content\/uploads\/2025\/12\/2212_glove_LP-1.jpg","width":1000,"height":1000},{"@type":"BreadcrumbList","@id":"https:\/\/evupre.com\/fr\/produkt\/protect-glove-lp-plus\/#breadcrumb","itemListElement":[{"@type":"ListItem","position":1,"name":"Home","item":"https:\/\/evupre.com\/fr\/home-of-evupre-rowing-clothes\/"},{"@type":"ListItem","position":2,"name":"Shop","item":"https:\/\/evupre.com\/fr\/__trashed\/"},{"@type":"ListItem","position":3,"name":"Protect Glove LP+"}]},{"@type":"WebSite","@id":"https:\/\/evupre.com\/fr\/#website","url":"https:\/\/evupre.com\/fr\/","name":"EVUPRE","description":"","publisher":{"@id":"https:\/\/evupre.com\/fr\/#organization"},"potentialAction":[{"@type":"SearchAction","target":{"@type":"EntryPoint","urlTemplate":"https:\/\/evupre.com\/fr\/?s={search_term_string}"},"query-input":{"@type":"PropertyValueSpecification","valueRequired":true,"valueName":"search_term_string"}}],"inLanguage":"fr-FR"},{"@type":"Organization","@id":"https:\/\/evupre.com\/fr\/#organization","name":"EVUPRE","url":"https:\/\/evupre.com\/fr\/","logo":{"@type":"ImageObject","inLanguage":"fr-FR","@id":"https:\/\/evupre.com\/fr\/#\/schema\/logo\/image\/","url":"https:\/\/evupre.com\/wp-content\/uploads\/2020\/04\/Evupre-1.png","contentUrl":"https:\/\/evupre.com\/wp-content\/uploads\/2020\/04\/Evupre-1.png","width":300,"height":39,"caption":"EVUPRE"},"image":{"@id":"https:\/\/evupre.com\/fr\/#\/schema\/logo\/image\/"},"sameAs":["https:\/\/www.facebook.com\/evupre\/","https:\/\/www.instagram.com\/evupre_performance_rowing\/"]}]},"og_availability":"instock","product_availability":"instock","product_condition":"new"},"_links":{"self":[{"href":"https:\/\/evupre.com\/fr\/wp-json\/wp\/v2\/product\/167719","targetHints":{"allow":["GET"]}}],"collection":[{"href":"https:\/\/evupre.com\/fr\/wp-json\/wp\/v2\/product"}],"about":[{"href":"https:\/\/evupre.com\/fr\/wp-json\/wp\/v2\/types\/product"}],"replies":[{"embeddable":true,"href":"https:\/\/evupre.com\/fr\/wp-json\/wp\/v2\/comments?post=167719"}],"wp:featuredmedia":[{"embeddable":true,"href":"https:\/\/evupre.com\/fr\/wp-json\/wp\/v2\/media\/160288"}],"wp:attachment":[{"href":"https:\/\/evupre.com\/fr\/wp-json\/wp\/v2\/media?parent=167719"}],"wp:term":[{"taxonomy":"product_brand","embeddable":true,"href":"https:\/\/evupre.com\/fr\/wp-json\/wp\/v2\/product_brand?post=167719"},{"taxonomy":"product_cat","embeddable":true,"href":"https:\/\/evupre.com\/fr\/wp-json\/wp\/v2\/product_cat?post=167719"},{"taxonomy":"product_tag","embeddable":true,"href":"https:\/\/evupre.com\/fr\/wp-json\/wp\/v2\/product_tag?post=167719"}],"curies":[{"name":"wp","href":"https:\/\/api.w.org\/{rel}","templated":true}]}}