{"id":167554,"date":"2025-12-09T12:05:35","date_gmt":"2025-12-09T11:05:35","guid":{"rendered":"https:\/\/evupre.com\/?post_type=product&#038;p=167554"},"modified":"2026-02-28T21:11:26","modified_gmt":"2026-02-28T20:11:26","slug":"essentials-shorts-women","status":"publish","type":"product","link":"https:\/\/evupre.com\/fr\/produkt\/essentials-shorts-women\/","title":{"rendered":"Essentials Shorts Women"},"content":{"rendered":"<div class=\"wpb-content-wrapper\">[vc_row][vc_column][vc_column_text text_lead=&#8221;small&#8221; uncode_shortcode_id=&#8221;120563&#8243;]Die <strong>Essentials Shorts <\/strong>sind die moderne Alternative zum Rudereinteiler und perfekt f\u00fcr Ausfahrten,\u00a0 Training am Ruderergometer und andere sportliche Aktivit\u00e4ten an Land. Mit ihrem hohen Lycra-Anteil bieten sie eine k\u00f6rpernahe Passform, maximale Bewegungsfreiheit und ein angenehm weiches Tragegef\u00fchl.<\/p>\n<p>Der innovative Materialmix kombiniert die Funktionalit\u00e4t von Tights mit dem Look einer Trainingshose: Eine robuste, <strong>wasserabweisende Au\u00dfenhaut<\/strong> sorgt f\u00fcr Strapazierf\u00e4higkeit, w\u00e4hrend der elastische Stoff jede Bewegung von der Auslage bis zum Endzug unterst\u00fctzt. Praktische Details wie eine <strong>Rei\u00dfverschlusstasche<\/strong> rechts f\u00fcr Smartphone oder Tools sowie ein verstecktes <strong>Schl\u00fcsselfach<\/strong> auf der Innenseite machen die Shorts besonders alltagstauglich.<\/p>\n<p>Das Design ist sportlich und clean: Der flache, stretchy Beinabschluss schmiegt sich bequem an den Oberschenkel, ein dezentes reflektierendes Logo setzt einen modernen Akzent. Farblich ist die Shorts in zeitlosem Schwarz-Anthrazit gehalten.[\/vc_column_text][\/vc_column][\/vc_row]\n<\/div>","protected":false},"excerpt":{"rendered":"<ul>\n<li>Funktionale und robuste Shorts<\/li>\n<li>Entspannter Look nicht nur im Ruderboot<\/li>\n<li>Hoher H\u00fcftbund f\u00fcr eleganten Look und zum Schutz des unteren R\u00fcckens<\/li>\n<li>Teflon beschichtete Au\u00dfenhaut sorgt f\u00fcr Wasserfestigkeit<\/li>\n<li>Tasche mit Rei\u00dfverschluss auf der rechten Seite<\/li>\n<li>Verstecktes Schl\u00fcsselt\u00e4schchen auf der linken Seite<\/li>\n<li>Mesh-Paneel in den Kniekehlen f\u00fcr Atmungsaktivit\u00e4t<\/li>\n<li>Reflektierende Logos<\/li>\n<li>Farbe: Schwarz-anthrazit<\/li>\n<\/ul>\n","protected":false},"featured_media":159895,"comment_status":"open","ping_status":"closed","template":"","meta":{"_acf_changed":false},"product_brand":[],"product_cat":[1342,1877,1881],"product_tag":[],"class_list":{"0":"post-167554","1":"product","2":"type-product","3":"status-publish","4":"has-post-thumbnail","6":"product_cat-damen","7":"product_cat-hosen-und-shorts-damen","8":"product_cat-sale-damen","9":"pa_style-men","10":"pa_style-unisex","11":"pa_style-women","12":"tm-no-options","14":"first","15":"instock","16":"sale","17":"featured","18":"taxable","19":"shipping-taxable","20":"purchasable","21":"product-type-variable","22":"wpzoom-wc-spi-has-enabled"},"supplier_id":null,"supplier_sku":"","barcode":null,"atum_controlled":true,"out_stock_date":null,"out_stock_threshold":null,"inheritable":true,"inbound_stock":0,"stock_on_hold":0,"sold_today":0,"sales_last_days":1,"reserved_stock":0,"customer_returns":0,"warehouse_damage":0,"lost_in_post":0,"other_logs":0,"out_stock_days":0,"lost_sales":0,"has_location":false,"update_date":"2026-04-09T10:13:07","atum_locations":[],"atum_stock_status":"outofstock","restock_status":false,"low_stock_amount":"","sales_update_date":"2026-04-09T10:13:07","calc_backorders":null,"mi_inventories":[],"multi_inventory":"no","inventory_sorting_mode":"global","inventory_iteration":"global","expirable_inventories":"global","price_per_inventory":"global","show_write_off_inventories":"global","selectable_inventories":"global","selectable_inventories_mode":"global","acf":[],"yoast_head":"<!-- This site is optimized with the Yoast SEO Premium plugin v23.0 (Yoast SEO v26.6) - https:\/\/yoast.com\/wordpress\/plugins\/seo\/ -->\n<title>Essentials Shorts Women - EVUPRE<\/title>\n<meta name=\"description\" content=\"Essentials Shorts Women \u25ba moderne Rudershorts mit hohem Lycra-Anteil, wasserabweisendem Material und Rei\u00dfverschlusstasche.\" \/>\n<meta name=\"robots\" content=\"index, follow, max-snippet:-1, max-image-preview:large, max-video-preview:-1\" \/>\n<link rel=\"canonical\" href=\"https:\/\/evupre.com\/fr\/produkt\/essentials-shorts-women\/\" \/>\n<meta property=\"og:locale\" content=\"fr_FR\" \/>\n<meta property=\"og:type\" content=\"article\" \/>\n<meta property=\"og:title\" content=\"Essentials Shorts Women\" \/>\n<meta property=\"og:description\" content=\"Essentials Shorts Women \u25ba moderne Rudershorts mit hohem Lycra-Anteil, wasserabweisendem Material und Rei\u00dfverschlusstasche.\" \/>\n<meta property=\"og:url\" content=\"https:\/\/evupre.com\/fr\/produkt\/essentials-shorts-women\/\" \/>\n<meta property=\"og:site_name\" content=\"EVUPRE\" \/>\n<meta property=\"article:publisher\" content=\"https:\/\/www.facebook.com\/evupre\/\" \/>\n<meta property=\"article:modified_time\" content=\"2026-02-28T20:11:26+00:00\" \/>\n<meta property=\"og:image\" content=\"https:\/\/evupre.com\/wp-content\/uploads\/2025\/12\/EssentialsShortsWfront-min-scaled-1.jpg\" \/>\n\t<meta property=\"og:image:width\" content=\"2560\" \/>\n\t<meta property=\"og:image:height\" content=\"2560\" \/>\n\t<meta property=\"og:image:type\" content=\"image\/jpeg\" \/>\n<meta name=\"twitter:card\" content=\"summary_large_image\" \/>\n<meta name=\"twitter:label1\" content=\"Disponibilit\u00e9\" \/>\n\t<meta name=\"twitter:data1\" content=\"En stock\" \/>\n<script type=\"application\/ld+json\" class=\"yoast-schema-graph\">{\"@context\":\"https:\/\/schema.org\",\"@graph\":[{\"@type\":\"WebPage\",\"@id\":\"https:\/\/evupre.com\/fr\/produkt\/essentials-shorts-women\/\",\"url\":\"https:\/\/evupre.com\/fr\/produkt\/essentials-shorts-women\/\",\"name\":\"Essentials Shorts Women - EVUPRE\",\"isPartOf\":{\"@id\":\"https:\/\/evupre.com\/fr\/#website\"},\"primaryImageOfPage\":{\"@id\":\"https:\/\/evupre.com\/fr\/produkt\/essentials-shorts-women\/#primaryimage\"},\"image\":{\"@id\":\"https:\/\/evupre.com\/fr\/produkt\/essentials-shorts-women\/#primaryimage\"},\"thumbnailUrl\":\"https:\/\/evupre.com\/wp-content\/uploads\/2025\/12\/EssentialsShortsWfront-min-scaled-1.jpg\",\"datePublished\":\"2025-12-09T11:05:35+00:00\",\"dateModified\":\"2026-02-28T20:11:26+00:00\",\"description\":\"Essentials Shorts Women \u25ba moderne Rudershorts mit hohem Lycra-Anteil, wasserabweisendem Material und Rei\u00dfverschlusstasche.\",\"breadcrumb\":{\"@id\":\"https:\/\/evupre.com\/fr\/produkt\/essentials-shorts-women\/#breadcrumb\"},\"inLanguage\":\"fr-FR\",\"potentialAction\":[{\"@type\":\"ReadAction\",\"target\":[\"https:\/\/evupre.com\/fr\/produkt\/essentials-shorts-women\/\"]}]},{\"@type\":\"ImageObject\",\"inLanguage\":\"fr-FR\",\"@id\":\"https:\/\/evupre.com\/fr\/produkt\/essentials-shorts-women\/#primaryimage\",\"url\":\"https:\/\/evupre.com\/wp-content\/uploads\/2025\/12\/EssentialsShortsWfront-min-scaled-1.jpg\",\"contentUrl\":\"https:\/\/evupre.com\/wp-content\/uploads\/2025\/12\/EssentialsShortsWfront-min-scaled-1.jpg\",\"width\":2560,\"height\":2560},{\"@type\":\"BreadcrumbList\",\"@id\":\"https:\/\/evupre.com\/fr\/produkt\/essentials-shorts-women\/#breadcrumb\",\"itemListElement\":[{\"@type\":\"ListItem\",\"position\":1,\"name\":\"Home\",\"item\":\"https:\/\/evupre.com\/fr\/home-of-evupre-rowing-clothes\/\"},{\"@type\":\"ListItem\",\"position\":2,\"name\":\"Shop\",\"item\":\"https:\/\/evupre.com\/fr\/__trashed\/\"},{\"@type\":\"ListItem\",\"position\":3,\"name\":\"Essentials Shorts Women\"}]},{\"@type\":\"WebSite\",\"@id\":\"https:\/\/evupre.com\/fr\/#website\",\"url\":\"https:\/\/evupre.com\/fr\/\",\"name\":\"EVUPRE\",\"description\":\"\",\"publisher\":{\"@id\":\"https:\/\/evupre.com\/fr\/#organization\"},\"potentialAction\":[{\"@type\":\"SearchAction\",\"target\":{\"@type\":\"EntryPoint\",\"urlTemplate\":\"https:\/\/evupre.com\/fr\/?s={search_term_string}\"},\"query-input\":{\"@type\":\"PropertyValueSpecification\",\"valueRequired\":true,\"valueName\":\"search_term_string\"}}],\"inLanguage\":\"fr-FR\"},{\"@type\":\"Organization\",\"@id\":\"https:\/\/evupre.com\/fr\/#organization\",\"name\":\"EVUPRE\",\"url\":\"https:\/\/evupre.com\/fr\/\",\"logo\":{\"@type\":\"ImageObject\",\"inLanguage\":\"fr-FR\",\"@id\":\"https:\/\/evupre.com\/fr\/#\/schema\/logo\/image\/\",\"url\":\"https:\/\/evupre.com\/wp-content\/uploads\/2020\/04\/Evupre-1.png\",\"contentUrl\":\"https:\/\/evupre.com\/wp-content\/uploads\/2020\/04\/Evupre-1.png\",\"width\":300,\"height\":39,\"caption\":\"EVUPRE\"},\"image\":{\"@id\":\"https:\/\/evupre.com\/fr\/#\/schema\/logo\/image\/\"},\"sameAs\":[\"https:\/\/www.facebook.com\/evupre\/\",\"https:\/\/www.instagram.com\/evupre_performance_rowing\/\"]}]}<\/script>\n<meta property=\"og:availability\" content=\"instock\" \/>\n<meta property=\"product:availability\" content=\"instock\" \/>\n<meta property=\"product:condition\" content=\"new\" \/>\n<!-- \/ Yoast SEO Premium plugin. -->","yoast_head_json":{"title":"Essentials Shorts Women - EVUPRE","description":"Essentials Shorts Women \u25ba moderne Rudershorts mit hohem Lycra-Anteil, wasserabweisendem Material und Rei\u00dfverschlusstasche.","robots":{"index":"index","follow":"follow","max-snippet":"max-snippet:-1","max-image-preview":"max-image-preview:large","max-video-preview":"max-video-preview:-1"},"canonical":"https:\/\/evupre.com\/fr\/produkt\/essentials-shorts-women\/","og_locale":"fr_FR","og_type":"article","og_title":"Essentials Shorts Women","og_description":"Essentials Shorts Women \u25ba moderne Rudershorts mit hohem Lycra-Anteil, wasserabweisendem Material und Rei\u00dfverschlusstasche.","og_url":"https:\/\/evupre.com\/fr\/produkt\/essentials-shorts-women\/","og_site_name":"EVUPRE","article_publisher":"https:\/\/www.facebook.com\/evupre\/","article_modified_time":"2026-02-28T20:11:26+00:00","og_image":[{"width":2560,"height":2560,"url":"https:\/\/evupre.com\/wp-content\/uploads\/2025\/12\/EssentialsShortsWfront-min-scaled-1.jpg","type":"image\/jpeg"}],"twitter_card":"summary_large_image","twitter_misc":{"Disponibilit\u00e9":"En stock"},"schema":{"@context":"https:\/\/schema.org","@graph":[{"@type":"WebPage","@id":"https:\/\/evupre.com\/fr\/produkt\/essentials-shorts-women\/","url":"https:\/\/evupre.com\/fr\/produkt\/essentials-shorts-women\/","name":"Essentials Shorts Women - EVUPRE","isPartOf":{"@id":"https:\/\/evupre.com\/fr\/#website"},"primaryImageOfPage":{"@id":"https:\/\/evupre.com\/fr\/produkt\/essentials-shorts-women\/#primaryimage"},"image":{"@id":"https:\/\/evupre.com\/fr\/produkt\/essentials-shorts-women\/#primaryimage"},"thumbnailUrl":"https:\/\/evupre.com\/wp-content\/uploads\/2025\/12\/EssentialsShortsWfront-min-scaled-1.jpg","datePublished":"2025-12-09T11:05:35+00:00","dateModified":"2026-02-28T20:11:26+00:00","description":"Essentials Shorts Women \u25ba moderne Rudershorts mit hohem Lycra-Anteil, wasserabweisendem Material und Rei\u00dfverschlusstasche.","breadcrumb":{"@id":"https:\/\/evupre.com\/fr\/produkt\/essentials-shorts-women\/#breadcrumb"},"inLanguage":"fr-FR","potentialAction":[{"@type":"ReadAction","target":["https:\/\/evupre.com\/fr\/produkt\/essentials-shorts-women\/"]}]},{"@type":"ImageObject","inLanguage":"fr-FR","@id":"https:\/\/evupre.com\/fr\/produkt\/essentials-shorts-women\/#primaryimage","url":"https:\/\/evupre.com\/wp-content\/uploads\/2025\/12\/EssentialsShortsWfront-min-scaled-1.jpg","contentUrl":"https:\/\/evupre.com\/wp-content\/uploads\/2025\/12\/EssentialsShortsWfront-min-scaled-1.jpg","width":2560,"height":2560},{"@type":"BreadcrumbList","@id":"https:\/\/evupre.com\/fr\/produkt\/essentials-shorts-women\/#breadcrumb","itemListElement":[{"@type":"ListItem","position":1,"name":"Home","item":"https:\/\/evupre.com\/fr\/home-of-evupre-rowing-clothes\/"},{"@type":"ListItem","position":2,"name":"Shop","item":"https:\/\/evupre.com\/fr\/__trashed\/"},{"@type":"ListItem","position":3,"name":"Essentials Shorts Women"}]},{"@type":"WebSite","@id":"https:\/\/evupre.com\/fr\/#website","url":"https:\/\/evupre.com\/fr\/","name":"EVUPRE","description":"","publisher":{"@id":"https:\/\/evupre.com\/fr\/#organization"},"potentialAction":[{"@type":"SearchAction","target":{"@type":"EntryPoint","urlTemplate":"https:\/\/evupre.com\/fr\/?s={search_term_string}"},"query-input":{"@type":"PropertyValueSpecification","valueRequired":true,"valueName":"search_term_string"}}],"inLanguage":"fr-FR"},{"@type":"Organization","@id":"https:\/\/evupre.com\/fr\/#organization","name":"EVUPRE","url":"https:\/\/evupre.com\/fr\/","logo":{"@type":"ImageObject","inLanguage":"fr-FR","@id":"https:\/\/evupre.com\/fr\/#\/schema\/logo\/image\/","url":"https:\/\/evupre.com\/wp-content\/uploads\/2020\/04\/Evupre-1.png","contentUrl":"https:\/\/evupre.com\/wp-content\/uploads\/2020\/04\/Evupre-1.png","width":300,"height":39,"caption":"EVUPRE"},"image":{"@id":"https:\/\/evupre.com\/fr\/#\/schema\/logo\/image\/"},"sameAs":["https:\/\/www.facebook.com\/evupre\/","https:\/\/www.instagram.com\/evupre_performance_rowing\/"]}]},"og_availability":"instock","product_availability":"instock","product_condition":"new"},"_links":{"self":[{"href":"https:\/\/evupre.com\/fr\/wp-json\/wp\/v2\/product\/167554","targetHints":{"allow":["GET"]}}],"collection":[{"href":"https:\/\/evupre.com\/fr\/wp-json\/wp\/v2\/product"}],"about":[{"href":"https:\/\/evupre.com\/fr\/wp-json\/wp\/v2\/types\/product"}],"replies":[{"embeddable":true,"href":"https:\/\/evupre.com\/fr\/wp-json\/wp\/v2\/comments?post=167554"}],"wp:featuredmedia":[{"embeddable":true,"href":"https:\/\/evupre.com\/fr\/wp-json\/wp\/v2\/media\/159895"}],"wp:attachment":[{"href":"https:\/\/evupre.com\/fr\/wp-json\/wp\/v2\/media?parent=167554"}],"wp:term":[{"taxonomy":"product_brand","embeddable":true,"href":"https:\/\/evupre.com\/fr\/wp-json\/wp\/v2\/product_brand?post=167554"},{"taxonomy":"product_cat","embeddable":true,"href":"https:\/\/evupre.com\/fr\/wp-json\/wp\/v2\/product_cat?post=167554"},{"taxonomy":"product_tag","embeddable":true,"href":"https:\/\/evupre.com\/fr\/wp-json\/wp\/v2\/product_tag?post=167554"}],"curies":[{"name":"wp","href":"https:\/\/api.w.org\/{rel}","templated":true}]}}